{"id":12,"date":"2016-07-21T13:01:14","date_gmt":"2016-07-21T11:01:14","guid":{"rendered":"http:\/\/localhost\/projects\/var\/www\/clients\/client1\/web1\/web\/?page_id=11"},"modified":"2019-01-24T08:17:46","modified_gmt":"2019-01-24T07:17:46","slug":"multimenova-karta-pro-tebe","status":"publish","type":"page","link":"https:\/\/www.igoriacard.com\/cz\/multimenova-karta-pro-tebe\/","title":{"rendered":"Karta pro tebe"},"content":{"rendered":"<div class=\"ic-boxes uk-text-center\">\r\n<div>\r\n<div class=\"uk-container uk-container-center uk-grid uk-grid-width-small-1-2\">\r\n<div class=\"uk-vertical-align uk-push-1-2\"><img loading=\"lazy\" decoding=\"async\" class=\"alignnone size-full wp-image-335\" src=\"\/wp-content\/uploads\/2017\/02\/02-najczesciej-kupowana.jpg\" alt=\"praca\" width=\"315\" height=\"222\" srcset=\"https:\/\/www.igoriacard.com\/cz\/wp-content\/uploads\/sites\/5\/2017\/02\/02-najczesciej-kupowana.jpg 315w, https:\/\/www.igoriacard.com\/cz\/wp-content\/uploads\/sites\/5\/2017\/02\/02-najczesciej-kupowana-300x211.jpg 300w\" sizes=\"auto, (max-width: 315px) 100vw, 315px\" \/><\/div>\r\n<ul class=\"uk-pull-1-2 uk-list\">\r\n     <li style=\"list-style-type: none\">\r\n     <li><h2>Nej\u010dast\u011bji nakupovan\u00e9<\/h2><\/li>\r\n     <li>17 m\u011bn na jedn\u00e9 kart\u011b<\/li>\r\n     <li>atraktivn\u00ed kurzy m\u011bn bez provize<\/li>\r\n     <li>bez m\u011bnov\u00e9ho \u00fav\u011bru v bance<\/li>\r\n     <li>p\u0159\u00edstup k finan\u010dn\u00edm prost\u0159edk\u016fm a historii online transakc\u00ed 24\/7<\/li>\r\n<\/ul>\r\n<\/div>\r\n<\/div>\r\n<div class=\"ic-primary-background-dark\">\r\n<div class=\"uk-container uk-container-center uk-grid uk-contrast uk-grid-width-small-1-2\">\r\n<div><a class=\"uk-button uk-button-large\" href=\"https:\/\/igoriacard.com\/registration\/create\/en-GB\">Objednat z\u00e1kaznickou kartu<\/a><\/div>\r\n<div>\r\n<h2>Vyd\u00e1n\u00ed prvn\u00ed karty ZDARMA<\/h2>\r\n<\/div>\r\n<\/div>\r\n<\/div>\r\n<div>\r\n<div class=\"uk-container uk-container-center uk-grid uk-grid-width-small-1-2\">\r\n<div class=\"uk-vertical-align\"><img loading=\"lazy\" decoding=\"async\" class=\"alignnone size-full wp-image-336\" src=\"\/wp-content\/uploads\/2017\/02\/03-dla-podrozujacych.jpg\" alt=\"Karta wielowalutowa dla podr\u00f3\u017cuj\u0105cych\" width=\"315\" height=\"222\" srcset=\"https:\/\/www.igoriacard.com\/cz\/wp-content\/uploads\/sites\/5\/2017\/02\/03-dla-podrozujacych.jpg 315w, https:\/\/www.igoriacard.com\/cz\/wp-content\/uploads\/sites\/5\/2017\/02\/03-dla-podrozujacych-300x211.jpg 300w\" sizes=\"auto, (max-width: 315px) 100vw, 315px\" \/><\/div>\r\n<ul class=\"uk-list uk-margin-small-bottom\">\r\n \t<li><a href=\"predplacena-karta-pro-cestovatele\"><h2>P\u0159edplacen\u00e1 platebn\u00ed karta pro cestovatele<\/h2><\/a><\/li>\r\n \t<li>ni\u017e\u0161\u00ed n\u00e1klady na cestu do 7%<\/li>\r\n \t<li>snadn\u00fd p\u0159\u00edstup k finan\u010dn\u00edm prost\u0159edk\u016fm<\/li>\r\n \t<li>nulov\u00e9 kurzov\u00e9 riziko<\/li>\r\n \t<li><a class=\"uk-button uk-button-large uk-margin-small-bottom\" href=\"https:\/\/igoriacard.com\/registration\/create\/en-GB\">Objednat z\u00e1kaznickou kartu<\/a><\/li>\r\n<\/ul>\r\n<\/div>\r\n<\/div>\r\n<div>\r\n<div class=\"uk-container uk-container-center uk-grid uk-grid-width-small-1-2\">\r\n<div class=\"uk-vertical-align uk-push-1-2\"><img loading=\"lazy\" decoding=\"async\" class=\"alignnone size-full wp-image-341\" src=\"\/wp-content\/uploads\/2017\/02\/08-na-wakacje.jpg\" alt=\"Karta wielowalutowa na wakacje\" width=\"315\" height=\"222\" srcset=\"https:\/\/www.igoriacard.com\/cz\/wp-content\/uploads\/sites\/5\/2017\/02\/08-na-wakacje.jpg 315w, https:\/\/www.igoriacard.com\/cz\/wp-content\/uploads\/sites\/5\/2017\/02\/08-na-wakacje-300x211.jpg 300w\" sizes=\"auto, (max-width: 315px) 100vw, 315px\" \/><\/div>\r\n<ul class=\"uk-pull-1-2 uk-list uk-margin-small-bottom\">\r\n \t<li><a href=\"predplacena-karta-na-prazdniny\"><h2>P\u0159edplacen\u00e1 pr\u00e1zdninov\u00e1 karta<\/h2><\/a><\/li>\r\n \t<li>u\u0161et\u0159\u00edte a\u017e 7%<\/li>\r\n \t<li>p\u0159izp\u016fsoben\u00ed ku zahrani\u010dn\u00ed m\u011bn\u011b<\/li>\r\n \t<li>rychl\u00e9 a pohodln\u00e9 platby<\/li>\r\n \t<li><a class=\"uk-button uk-button-large uk-margin-small-bottom\" href=\"https:\/\/igoriacard.com\/registration\/create\/en-GB\">Objednat z\u00e1kaznickou kartu<\/a><\/li>\r\n<\/ul>\r\n<\/div>\r\n<\/div>\r\n<div>\r\n<div class=\"uk-container uk-container-center uk-grid uk-grid-width-small-1-2\">\r\n<div class=\"uk-vertical-align\"><img loading=\"lazy\" decoding=\"async\" class=\"alignnone size-full wp-image-337\" src=\"\/wp-content\/uploads\/2017\/02\/04-dla-studentow.jpg\" alt=\"Karty prepaid dla student\u00f3w\" width=\"315\" height=\"222\" srcset=\"https:\/\/www.igoriacard.com\/cz\/wp-content\/uploads\/sites\/5\/2017\/02\/04-dla-studentow.jpg 315w, https:\/\/www.igoriacard.com\/cz\/wp-content\/uploads\/sites\/5\/2017\/02\/04-dla-studentow-300x211.jpg 300w\" sizes=\"auto, (max-width: 315px) 100vw, 315px\" \/><\/div>\r\n<ul class=\"uk-list uk-margin-small-bottom\">\r\n \t<li><a href=\"anonimni-karta-pro-studenty\/\"><h2>P\u0159edplacen\u00e1 karta pro studenty<\/h2><\/a><\/li>\r\n \t<li>17 m\u011bn na jedn\u00e9 kart\u011b<\/li>\r\n \t<li>rychl\u00e9 a pohodln\u00e9 platby<\/li>\r\n \t<li>mo\u017enost nastaven\u00ed limit\u016f<\/li>\r\n \t<li><a class=\"uk-button uk-button-large uk-margin-small-bottom\" href=\"https:\/\/igoriacard.com\/registration\/create\/en-GB\">Objednat z\u00e1kaznickou kartu<\/a><\/li>\r\n<\/ul>\r\n<\/div>\r\n<\/div>\r\n<div>\r\n<div class=\"uk-container uk-container-center uk-grid uk-grid-width-small-1-2\">\r\n<div class=\"uk-vertical-align uk-push-1-2\"><img loading=\"lazy\" decoding=\"async\" class=\"alignnone size-full wp-image-339\" src=\"\/wp-content\/uploads\/2017\/02\/06-codzienne-platnosci.jpg\" alt=\"Karta wielowalutowa do codziennych p\u0142atno\u015bci\" width=\"315\" height=\"222\" srcset=\"https:\/\/www.igoriacard.com\/cz\/wp-content\/uploads\/sites\/5\/2017\/02\/06-codzienne-platnosci.jpg 315w, https:\/\/www.igoriacard.com\/cz\/wp-content\/uploads\/sites\/5\/2017\/02\/06-codzienne-platnosci-300x211.jpg 300w\" sizes=\"auto, (max-width: 315px) 100vw, 315px\" \/><\/div>\r\n<ul class=\"uk-pull-1-2 uk-list uk-margin-small-bottom\">\r\n \t<li><a href=\"platba-prepaid\"><h2>Ka\u017edodenn\u00ed platby prepaid<\/h2><\/a><\/li>\r\n \t<li>bezpe\u010dn\u00e9 platby na internetu<\/li>\r\n \t<li>platby u obchodn\u00edk\u016f<\/li>\r\n \t<li>rychl\u00fd p\u0159\u00edstup k historii transakc\u00ed<\/li>\r\n \t<li><a class=\"uk-button uk-button-large uk-margin-small-bottom\" href=\"https:\/\/igoriacard.com\/registration\/create\/en-GB\">Objednat z\u00e1kaznickou kartu<\/a><\/li>\r\n<\/ul>\r\n<\/div>\r\n<\/div>\r\n\r\n<\/div>","protected":false},"excerpt":{"rendered":"<p>Nej\u010dast\u011bji nakupovan\u00e9 17 m\u011bn na jedn\u00e9 kart\u011b atraktivn\u00ed kurzy m\u011bn bez provize bez m\u011bnov\u00e9ho \u00fav\u011bru v bance p\u0159\u00edstup k finan\u010dn\u00edm prost\u0159edk\u016fm a historii online transakc\u00ed 24\/7 Objednat z\u00e1kaznickou kartu Vyd\u00e1n\u00ed prvn\u00ed karty ZDARMA P\u0159edplacen\u00e1 platebn\u00ed karta pro cestovatele ni\u017e\u0161\u00ed n\u00e1klady na cestu do 7% snadn\u00fd p\u0159\u00edstup k finan\u010dn\u00edm prost\u0159edk\u016fm nulov\u00e9 kurzov\u00e9 riziko Objednat z\u00e1kaznickou kartu [&hellip;]<\/p>\n","protected":false},"author":1,"featured_media":334,"parent":0,"menu_order":0,"comment_status":"closed","ping_status":"closed","template":"page-common.php","meta":{"footnotes":""},"class_list":["post-12","page","type-page","status-publish","has-post-thumbnail","hentry"],"yoast_head":"<!-- This site is optimized with the Yoast SEO plugin v26.8 - https:\/\/yoast.com\/product\/yoast-seo-wordpress\/ -->\n<title>Multim\u011bnov\u00e1 karta<\/title>\n<meta name=\"description\" content=\"Multim\u011bnov\u00e1 platebn\u00ed karta pro osoby cestuj\u00edc\u00ed do zahrani\u010d\u00ed.\" \/>\n<meta name=\"robots\" content=\"noindex, follow, max-snippet:-1, max-image-preview:large, max-video-preview:-1\" \/>\n<meta property=\"og:locale\" content=\"cs_CZ\" \/>\n<meta property=\"og:type\" content=\"article\" \/>\n<meta property=\"og:title\" content=\"Multim\u011bnov\u00e1 karta\" \/>\n<meta property=\"og:description\" content=\"Multim\u011bnov\u00e1 platebn\u00ed karta pro osoby cestuj\u00edc\u00ed do zahrani\u010d\u00ed.\" \/>\n<meta property=\"og:url\" content=\"https:\/\/www.igoriacard.com\/cz\/multimenova-karta-pro-tebe\/\" \/>\n<meta property=\"og:site_name\" content=\"IgoriaCard | CZ\" \/>\n<meta property=\"article:modified_time\" content=\"2019-01-24T07:17:46+00:00\" \/>\n<meta property=\"og:image\" content=\"https:\/\/www.igoriacard.com\/cz\/wp-content\/uploads\/sites\/5\/2018\/05\/karta-welowalutowa-samolot-platnosci.jpg\" \/>\n\t<meta property=\"og:image:width\" content=\"1902\" \/>\n\t<meta property=\"og:image:height\" content=\"909\" \/>\n\t<meta property=\"og:image:type\" content=\"image\/jpeg\" \/>\n<meta name=\"twitter:card\" content=\"summary_large_image\" \/>\n<meta name=\"twitter:label1\" content=\"Odhadovan\u00e1 doba \u010dten\u00ed\" \/>\n\t<meta name=\"twitter:data1\" content=\"1 minuta\" \/>\n<script type=\"application\/ld+json\" class=\"yoast-schema-graph\">{\"@context\":\"https:\/\/schema.org\",\"@graph\":[{\"@type\":\"WebPage\",\"@id\":\"https:\/\/www.igoriacard.com\/cz\/multimenova-karta-pro-tebe\/\",\"url\":\"https:\/\/www.igoriacard.com\/cz\/multimenova-karta-pro-tebe\/\",\"name\":\"Multim\u011bnov\u00e1 karta\",\"isPartOf\":{\"@id\":\"https:\/\/www.igoriacard.com\/cz\/#website\"},\"primaryImageOfPage\":{\"@id\":\"https:\/\/www.igoriacard.com\/cz\/multimenova-karta-pro-tebe\/#primaryimage\"},\"image\":{\"@id\":\"https:\/\/www.igoriacard.com\/cz\/multimenova-karta-pro-tebe\/#primaryimage\"},\"thumbnailUrl\":\"https:\/\/www.igoriacard.com\/cz\/wp-content\/uploads\/sites\/5\/2017\/02\/01-dla-ciebie.jpg\",\"datePublished\":\"2016-07-21T11:01:14+00:00\",\"dateModified\":\"2019-01-24T07:17:46+00:00\",\"description\":\"Multim\u011bnov\u00e1 platebn\u00ed karta pro osoby cestuj\u00edc\u00ed do zahrani\u010d\u00ed.\",\"breadcrumb\":{\"@id\":\"https:\/\/www.igoriacard.com\/cz\/multimenova-karta-pro-tebe\/#breadcrumb\"},\"inLanguage\":\"cs\",\"potentialAction\":[{\"@type\":\"ReadAction\",\"target\":[\"https:\/\/www.igoriacard.com\/cz\/multimenova-karta-pro-tebe\/\"]}]},{\"@type\":\"ImageObject\",\"inLanguage\":\"cs\",\"@id\":\"https:\/\/www.igoriacard.com\/cz\/multimenova-karta-pro-tebe\/#primaryimage\",\"url\":\"https:\/\/www.igoriacard.com\/cz\/wp-content\/uploads\/sites\/5\/2017\/02\/01-dla-ciebie.jpg\",\"contentUrl\":\"https:\/\/www.igoriacard.com\/cz\/wp-content\/uploads\/sites\/5\/2017\/02\/01-dla-ciebie.jpg\",\"width\":1722,\"height\":784},{\"@type\":\"BreadcrumbList\",\"@id\":\"https:\/\/www.igoriacard.com\/cz\/multimenova-karta-pro-tebe\/#breadcrumb\",\"itemListElement\":[{\"@type\":\"ListItem\",\"position\":1,\"name\":\"Home\",\"item\":\"https:\/\/www.igoriacard.com\/cz\/\"},{\"@type\":\"ListItem\",\"position\":2,\"name\":\"Karta pro tebe\"}]},{\"@type\":\"WebSite\",\"@id\":\"https:\/\/www.igoriacard.com\/cz\/#website\",\"url\":\"https:\/\/www.igoriacard.com\/cz\/\",\"name\":\"IgoriaCard | CZ\",\"description\":\"\",\"potentialAction\":[{\"@type\":\"SearchAction\",\"target\":{\"@type\":\"EntryPoint\",\"urlTemplate\":\"https:\/\/www.igoriacard.com\/cz\/?s={search_term_string}\"},\"query-input\":{\"@type\":\"PropertyValueSpecification\",\"valueRequired\":true,\"valueName\":\"search_term_string\"}}],\"inLanguage\":\"cs\"}]}<\/script>\n<!-- \/ Yoast SEO plugin. -->","yoast_head_json":{"title":"Multim\u011bnov\u00e1 karta","description":"Multim\u011bnov\u00e1 platebn\u00ed karta pro osoby cestuj\u00edc\u00ed do zahrani\u010d\u00ed.","robots":{"index":"noindex","follow":"follow","max-snippet":"max-snippet:-1","max-image-preview":"max-image-preview:large","max-video-preview":"max-video-preview:-1"},"og_locale":"cs_CZ","og_type":"article","og_title":"Multim\u011bnov\u00e1 karta","og_description":"Multim\u011bnov\u00e1 platebn\u00ed karta pro osoby cestuj\u00edc\u00ed do zahrani\u010d\u00ed.","og_url":"https:\/\/www.igoriacard.com\/cz\/multimenova-karta-pro-tebe\/","og_site_name":"IgoriaCard | CZ","article_modified_time":"2019-01-24T07:17:46+00:00","og_image":[{"width":1902,"height":909,"url":"https:\/\/www.igoriacard.com\/cz\/wp-content\/uploads\/sites\/5\/2018\/05\/karta-welowalutowa-samolot-platnosci.jpg","type":"image\/jpeg"}],"twitter_card":"summary_large_image","twitter_misc":{"Odhadovan\u00e1 doba \u010dten\u00ed":"1 minuta"},"schema":{"@context":"https:\/\/schema.org","@graph":[{"@type":"WebPage","@id":"https:\/\/www.igoriacard.com\/cz\/multimenova-karta-pro-tebe\/","url":"https:\/\/www.igoriacard.com\/cz\/multimenova-karta-pro-tebe\/","name":"Multim\u011bnov\u00e1 karta","isPartOf":{"@id":"https:\/\/www.igoriacard.com\/cz\/#website"},"primaryImageOfPage":{"@id":"https:\/\/www.igoriacard.com\/cz\/multimenova-karta-pro-tebe\/#primaryimage"},"image":{"@id":"https:\/\/www.igoriacard.com\/cz\/multimenova-karta-pro-tebe\/#primaryimage"},"thumbnailUrl":"https:\/\/www.igoriacard.com\/cz\/wp-content\/uploads\/sites\/5\/2017\/02\/01-dla-ciebie.jpg","datePublished":"2016-07-21T11:01:14+00:00","dateModified":"2019-01-24T07:17:46+00:00","description":"Multim\u011bnov\u00e1 platebn\u00ed karta pro osoby cestuj\u00edc\u00ed do zahrani\u010d\u00ed.","breadcrumb":{"@id":"https:\/\/www.igoriacard.com\/cz\/multimenova-karta-pro-tebe\/#breadcrumb"},"inLanguage":"cs","potentialAction":[{"@type":"ReadAction","target":["https:\/\/www.igoriacard.com\/cz\/multimenova-karta-pro-tebe\/"]}]},{"@type":"ImageObject","inLanguage":"cs","@id":"https:\/\/www.igoriacard.com\/cz\/multimenova-karta-pro-tebe\/#primaryimage","url":"https:\/\/www.igoriacard.com\/cz\/wp-content\/uploads\/sites\/5\/2017\/02\/01-dla-ciebie.jpg","contentUrl":"https:\/\/www.igoriacard.com\/cz\/wp-content\/uploads\/sites\/5\/2017\/02\/01-dla-ciebie.jpg","width":1722,"height":784},{"@type":"BreadcrumbList","@id":"https:\/\/www.igoriacard.com\/cz\/multimenova-karta-pro-tebe\/#breadcrumb","itemListElement":[{"@type":"ListItem","position":1,"name":"Home","item":"https:\/\/www.igoriacard.com\/cz\/"},{"@type":"ListItem","position":2,"name":"Karta pro tebe"}]},{"@type":"WebSite","@id":"https:\/\/www.igoriacard.com\/cz\/#website","url":"https:\/\/www.igoriacard.com\/cz\/","name":"IgoriaCard | CZ","description":"","potentialAction":[{"@type":"SearchAction","target":{"@type":"EntryPoint","urlTemplate":"https:\/\/www.igoriacard.com\/cz\/?s={search_term_string}"},"query-input":{"@type":"PropertyValueSpecification","valueRequired":true,"valueName":"search_term_string"}}],"inLanguage":"cs"}]}},"_links":{"self":[{"href":"https:\/\/www.igoriacard.com\/cz\/wp-json\/wp\/v2\/pages\/12","targetHints":{"allow":["GET"]}}],"collection":[{"href":"https:\/\/www.igoriacard.com\/cz\/wp-json\/wp\/v2\/pages"}],"about":[{"href":"https:\/\/www.igoriacard.com\/cz\/wp-json\/wp\/v2\/types\/page"}],"author":[{"embeddable":true,"href":"https:\/\/www.igoriacard.com\/cz\/wp-json\/wp\/v2\/users\/1"}],"replies":[{"embeddable":true,"href":"https:\/\/www.igoriacard.com\/cz\/wp-json\/wp\/v2\/comments?post=12"}],"version-history":[{"count":16,"href":"https:\/\/www.igoriacard.com\/cz\/wp-json\/wp\/v2\/pages\/12\/revisions"}],"predecessor-version":[{"id":2893,"href":"https:\/\/www.igoriacard.com\/cz\/wp-json\/wp\/v2\/pages\/12\/revisions\/2893"}],"wp:featuredmedia":[{"embeddable":true,"href":"https:\/\/www.igoriacard.com\/cz\/wp-json\/wp\/v2\/media\/334"}],"wp:attachment":[{"href":"https:\/\/www.igoriacard.com\/cz\/wp-json\/wp\/v2\/media?parent=12"}],"curies":[{"name":"wp","href":"https:\/\/api.w.org\/{rel}","templated":true}]}}