{"id":1232,"date":"2017-03-28T15:44:41","date_gmt":"2017-03-28T13:44:41","guid":{"rendered":"http:\/\/beta.igoriacard.com\/?page_id=1232"},"modified":"2019-01-09T14:04:19","modified_gmt":"2019-01-09T13:04:19","slug":"smenarna-online","status":"publish","type":"page","link":"https:\/\/www.igoriacard.com\/cz\/smenarna-online\/","title":{"rendered":"Kantor online"},"content":{"rendered":"<div class=\"uk-container uk-container-center uk-margin-large-top uk-text-large\">\r\n\r\n<h1 class=\"ic-lato ic-text-normal uk-margin-large-bottom\">Zp\u016fsob vypo\u0159\u00e1d\u00e1n\u00ed transakci<\/h1>\r\n\r\n<p>Va\u0161e dostupn\u00e9 finan\u010dn\u00ed prost\u0159edky na kart\u011b IgoriaCard:<\/p>\r\n<ul>\r\n<li>13,18&nbsp;EUR<\/li>\r\n<li>337,94&nbsp;CZK<\/li>\r\n<li>20,00&nbsp;USD<\/li>\r\n<li>17,00&nbsp;GBP<\/li>\r\n<\/ul>\r\n\r\n<p>Za n\u00e1kupy v obchod\u011b mus\u00edte zaplatit 5,57 EUR.<\/p>\r\n\r\n<ol class=\"uk-text-justify\">\r\n<li>\r\nZ \u00fa\u010dtu EUR se ode\u010dte \u010d\u00e1stka 5,57 EUR.\r\n<\/li>\r\n<\/ol>\r\n\r\n<p>Shrnut\u00ed:<\/p>\r\n<p class=\"uk-text-justify\">D\u00edky finan\u010dn\u00edm prost\u0159edk\u016fm dostupn\u00fdm v EUR syst\u00e9m IgoriaCard nemus\u00ed prov\u00e1d\u011bt automatickou konverze m\u011bny z jin\u00fdch m\u011bn. Z va\u0161\u00ed karty bude str\u017eeno pouze 5,57&nbsp;EUR.<\/p>\r\n\r\n<p>Stav va\u0161ich prost\u0159edk\u016f:<\/p>\r\n<table class=\"ic-padding-table-large-left\">\r\n<thead>\r\n<tr>\r\n<th style=\"min-width: 7.6em\" class=\"ic-padding-bottom\">P\u0159ed transakc\u00ed<\/th>\r\n<th class=\"ic-padding-bottom uk-text-left\" colspan=\"2\">Po transakc\u00ed<\/th>\r\n<\/tr>\r\n<\/thead>\r\n<tbody>\r\n<tr>\r\n  <td class=\"uk-text-right\">13,18&nbsp;EUR<\/td>\r\n  <td class=\"uk-text-right\">7,61<\/td>\r\n  <td>EUR (syst\u00e9m strhl 5,57&nbsp;EUR)<\/td>\r\n<\/tr>\r\n<tr>\r\n  <td class=\"uk-text-right\">337,94 CZK<\/td><td class=\"uk-text-right\">337,94<\/td>\r\n  <td>CZK (m\u011bli jste dost pen\u011bz v EUR, tak\u017ee syst\u00e9m nemusel vym\u011b\u0148ovat prost\u0159edky v CZK)<\/td>\r\n<\/tr>\r\n<tr>\r\n  <td class=\"uk-text-right\">20,00&nbsp;USD<\/td>\r\n  <td class=\"uk-text-right\">20,00<\/td>\r\n  <td>USD (m\u011bli jste dost pen\u011bz v EUR, tak\u017ee syst\u00e9m nemusel vym\u011b\u0148ovat prost\u0159edky v USD)<\/td>\r\n<\/tr>\r\n<tr>\r\n  <td class=\"uk-text-right\">17,00&nbsp;GBP<\/td>\r\n  <td class=\"uk-text-right\">17,00<\/td>\r\n  <td>GBP (m\u00e1te dostate\u010dn\u00e9 finan\u010dn\u00ed prost\u0159edky v EUR, tak\u017ee syst\u00e9m nemusel vym\u011b\u0148ovat prost\u0159edky v GBP)<\/td>\r\n<\/tr>\r\n<\/tbody>\r\n<\/table>\r\n<\/div>\r\n<div class=\"uk-block-primary uk-contrast uk-text-large uk-text-center uk-margin-large\"><p class=\"uk-h3 ic-padding-bottom uk-container uk-container-center uk-margin\">Syst\u00e9m IgorCard vypo\u0159\u00e1dal transakci p\u0159\u00edmo z \u00fa\u010dtu v EUR, bez automatick\u00e9 v\u00fdm\u011bny, proto\u017ee m\u00e1te dostate\u010dn\u00e9 finan\u010dn\u00ed prost\u0159edky v EUR.<\/p><\/div>\r\n\r\n<div class=\"uk-container uk-container-center uk-text-justify uk-text-large\"><p>Pla\u0165te multim\u011bnovou kartou a p\u0159ev\u00e1d\u011bjte m\u011bny v Internetov\u00e9 sm\u011bnarn\u011b IgoriaCard. Pokud plat\u00edte za n\u00e1kupy v obchod\u011b, na \u010derpac\u00ed stanici nebo v jin\u00fdch servisn\u00edch a obchodn\u00edch mist\u00e9ch v zahrani\u010d\u00ed, platebn\u00ed karta s mo\u017enost\u00ed automatick\u00e9 konverze m\u011bn je pro v\u00e1s ide\u00e1ln\u00ed. Syst\u00e9m IgoriaCard umo\u017e\u0148uje bezhotovostn\u00ed platby po cel\u00e9m sv\u011bt\u011b bez ohledu na to, kde jste.<\/p>\r\n<p>Kartou m\u016f\u017eete platit a\u017e v 17 m\u011bn\u00e1ch, tj. AUD, BGN, CAD, CHF, CZK, DKK, EUR, GBP, HUF, NOK, ILS, PLN, RON, RUB, SEK, TRY a USD. Konverze m\u011bn m\u016f\u017eete prov\u00e9st v bezpe\u010dn\u00e9 online sm\u011bnarn\u011b IgoriaCard. Virtu\u00e1ln\u00ed sm\u011bn\u00e1rna umo\u017e\u0148uje rychlou v\u00fdm\u011bnu finan\u010dn\u00edch prost\u0159edk\u016f na libovolnou m\u011bnu za nejlep\u0161\u00ed kurz, kter\u00fd je k dispozici v online sm\u011bnarn\u011b. V p\u0159\u00edpad\u011b, nedostaku prost\u0159edk\u016f ve vybran\u00e9 m\u011bn\u011b,  syst\u00e9m p\u0159ev\u00e9de \u010d\u00e1stku za v\u00e1s &#8211; automaticky se p\u0159izp\u016fsob\u00ed m\u011bn\u011b zem\u011b, ve kter\u00e9 chcete plat\u00edt. Zkuste, jak funguje online v\u00fdm\u011bna!<\/p>\r\n\r\n<div class=\"uk-container uk-container-center uk-text-center uk-margin-large\"><a href=\"https:\/\/igoriacard.com\/registration\/create\/en-GB\" class=\"uk-button-large ic-button-blue uk-button uk-container-center uk-h2\">P\u0159ihlaste se<\/a>\r\n<\/div>\r\n<\/div>\r\n","protected":false},"excerpt":{"rendered":"<p>Zp\u016fsob vypo\u0159\u00e1d\u00e1n\u00ed transakci Va\u0161e dostupn\u00e9 finan\u010dn\u00ed prost\u0159edky na kart\u011b IgoriaCard: 13,18&nbsp;EUR 337,94&nbsp;CZK 20,00&nbsp;USD 17,00&nbsp;GBP Za n\u00e1kupy v obchod\u011b mus\u00edte zaplatit 5,57 EUR. Z \u00fa\u010dtu EUR se ode\u010dte \u010d\u00e1stka 5,57 EUR. Shrnut\u00ed: D\u00edky finan\u010dn\u00edm prost\u0159edk\u016fm dostupn\u00fdm v EUR syst\u00e9m IgoriaCard nemus\u00ed prov\u00e1d\u011bt automatickou konverze m\u011bny z jin\u00fdch m\u011bn. Z va\u0161\u00ed karty bude str\u017eeno pouze 5,57&nbsp;EUR. Stav [&hellip;]<\/p>\n","protected":false},"author":1,"featured_media":0,"parent":0,"menu_order":0,"comment_status":"closed","ping_status":"closed","template":"page-no-header.php","meta":{"footnotes":""},"class_list":["post-1232","page","type-page","status-publish","hentry"],"yoast_head":"<!-- This site is optimized with the Yoast SEO plugin v26.8 - https:\/\/yoast.com\/product\/yoast-seo-wordpress\/ -->\n<title>Kantor online - IgoriaCard | CZ<\/title>\n<meta name=\"robots\" content=\"noindex, follow, max-snippet:-1, max-image-preview:large, max-video-preview:-1\" \/>\n<meta property=\"og:locale\" content=\"cs_CZ\" \/>\n<meta property=\"og:type\" content=\"article\" \/>\n<meta property=\"og:title\" content=\"Kantor online - IgoriaCard | CZ\" \/>\n<meta property=\"og:description\" content=\"Zp\u016fsob vypo\u0159\u00e1d\u00e1n\u00ed transakci Va\u0161e dostupn\u00e9 finan\u010dn\u00ed prost\u0159edky na kart\u011b IgoriaCard: 13,18&nbsp;EUR 337,94&nbsp;CZK 20,00&nbsp;USD 17,00&nbsp;GBP Za n\u00e1kupy v obchod\u011b mus\u00edte zaplatit 5,57 EUR. Z \u00fa\u010dtu EUR se ode\u010dte \u010d\u00e1stka 5,57 EUR. Shrnut\u00ed: D\u00edky finan\u010dn\u00edm prost\u0159edk\u016fm dostupn\u00fdm v EUR syst\u00e9m IgoriaCard nemus\u00ed prov\u00e1d\u011bt automatickou konverze m\u011bny z jin\u00fdch m\u011bn. Z va\u0161\u00ed karty bude str\u017eeno pouze 5,57&nbsp;EUR. Stav [&hellip;]\" \/>\n<meta property=\"og:url\" content=\"https:\/\/www.igoriacard.com\/cz\/smenarna-online\/\" \/>\n<meta property=\"og:site_name\" content=\"IgoriaCard | CZ\" \/>\n<meta property=\"article:modified_time\" content=\"2019-01-09T13:04:19+00:00\" \/>\n<meta name=\"twitter:card\" content=\"summary_large_image\" \/>\n<meta name=\"twitter:label1\" content=\"Odhadovan\u00e1 doba \u010dten\u00ed\" \/>\n\t<meta name=\"twitter:data1\" content=\"2 minuty\" \/>\n<script type=\"application\/ld+json\" class=\"yoast-schema-graph\">{\"@context\":\"https:\/\/schema.org\",\"@graph\":[{\"@type\":\"WebPage\",\"@id\":\"https:\/\/www.igoriacard.com\/cz\/smenarna-online\/\",\"url\":\"https:\/\/www.igoriacard.com\/cz\/smenarna-online\/\",\"name\":\"Kantor online - IgoriaCard | CZ\",\"isPartOf\":{\"@id\":\"https:\/\/www.igoriacard.com\/cz\/#website\"},\"datePublished\":\"2017-03-28T13:44:41+00:00\",\"dateModified\":\"2019-01-09T13:04:19+00:00\",\"breadcrumb\":{\"@id\":\"https:\/\/www.igoriacard.com\/cz\/smenarna-online\/#breadcrumb\"},\"inLanguage\":\"cs\",\"potentialAction\":[{\"@type\":\"ReadAction\",\"target\":[\"https:\/\/www.igoriacard.com\/cz\/smenarna-online\/\"]}]},{\"@type\":\"BreadcrumbList\",\"@id\":\"https:\/\/www.igoriacard.com\/cz\/smenarna-online\/#breadcrumb\",\"itemListElement\":[{\"@type\":\"ListItem\",\"position\":1,\"name\":\"Home\",\"item\":\"https:\/\/www.igoriacard.com\/cz\/\"},{\"@type\":\"ListItem\",\"position\":2,\"name\":\"Kantor online\"}]},{\"@type\":\"WebSite\",\"@id\":\"https:\/\/www.igoriacard.com\/cz\/#website\",\"url\":\"https:\/\/www.igoriacard.com\/cz\/\",\"name\":\"IgoriaCard | CZ\",\"description\":\"\",\"potentialAction\":[{\"@type\":\"SearchAction\",\"target\":{\"@type\":\"EntryPoint\",\"urlTemplate\":\"https:\/\/www.igoriacard.com\/cz\/?s={search_term_string}\"},\"query-input\":{\"@type\":\"PropertyValueSpecification\",\"valueRequired\":true,\"valueName\":\"search_term_string\"}}],\"inLanguage\":\"cs\"}]}<\/script>\n<!-- \/ Yoast SEO plugin. -->","yoast_head_json":{"title":"Kantor online - IgoriaCard | CZ","robots":{"index":"noindex","follow":"follow","max-snippet":"max-snippet:-1","max-image-preview":"max-image-preview:large","max-video-preview":"max-video-preview:-1"},"og_locale":"cs_CZ","og_type":"article","og_title":"Kantor online - IgoriaCard | CZ","og_description":"Zp\u016fsob vypo\u0159\u00e1d\u00e1n\u00ed transakci Va\u0161e dostupn\u00e9 finan\u010dn\u00ed prost\u0159edky na kart\u011b IgoriaCard: 13,18&nbsp;EUR 337,94&nbsp;CZK 20,00&nbsp;USD 17,00&nbsp;GBP Za n\u00e1kupy v obchod\u011b mus\u00edte zaplatit 5,57 EUR. Z \u00fa\u010dtu EUR se ode\u010dte \u010d\u00e1stka 5,57 EUR. Shrnut\u00ed: D\u00edky finan\u010dn\u00edm prost\u0159edk\u016fm dostupn\u00fdm v EUR syst\u00e9m IgoriaCard nemus\u00ed prov\u00e1d\u011bt automatickou konverze m\u011bny z jin\u00fdch m\u011bn. Z va\u0161\u00ed karty bude str\u017eeno pouze 5,57&nbsp;EUR. Stav [&hellip;]","og_url":"https:\/\/www.igoriacard.com\/cz\/smenarna-online\/","og_site_name":"IgoriaCard | CZ","article_modified_time":"2019-01-09T13:04:19+00:00","twitter_card":"summary_large_image","twitter_misc":{"Odhadovan\u00e1 doba \u010dten\u00ed":"2 minuty"},"schema":{"@context":"https:\/\/schema.org","@graph":[{"@type":"WebPage","@id":"https:\/\/www.igoriacard.com\/cz\/smenarna-online\/","url":"https:\/\/www.igoriacard.com\/cz\/smenarna-online\/","name":"Kantor online - IgoriaCard | CZ","isPartOf":{"@id":"https:\/\/www.igoriacard.com\/cz\/#website"},"datePublished":"2017-03-28T13:44:41+00:00","dateModified":"2019-01-09T13:04:19+00:00","breadcrumb":{"@id":"https:\/\/www.igoriacard.com\/cz\/smenarna-online\/#breadcrumb"},"inLanguage":"cs","potentialAction":[{"@type":"ReadAction","target":["https:\/\/www.igoriacard.com\/cz\/smenarna-online\/"]}]},{"@type":"BreadcrumbList","@id":"https:\/\/www.igoriacard.com\/cz\/smenarna-online\/#breadcrumb","itemListElement":[{"@type":"ListItem","position":1,"name":"Home","item":"https:\/\/www.igoriacard.com\/cz\/"},{"@type":"ListItem","position":2,"name":"Kantor online"}]},{"@type":"WebSite","@id":"https:\/\/www.igoriacard.com\/cz\/#website","url":"https:\/\/www.igoriacard.com\/cz\/","name":"IgoriaCard | CZ","description":"","potentialAction":[{"@type":"SearchAction","target":{"@type":"EntryPoint","urlTemplate":"https:\/\/www.igoriacard.com\/cz\/?s={search_term_string}"},"query-input":{"@type":"PropertyValueSpecification","valueRequired":true,"valueName":"search_term_string"}}],"inLanguage":"cs"}]}},"_links":{"self":[{"href":"https:\/\/www.igoriacard.com\/cz\/wp-json\/wp\/v2\/pages\/1232","targetHints":{"allow":["GET"]}}],"collection":[{"href":"https:\/\/www.igoriacard.com\/cz\/wp-json\/wp\/v2\/pages"}],"about":[{"href":"https:\/\/www.igoriacard.com\/cz\/wp-json\/wp\/v2\/types\/page"}],"author":[{"embeddable":true,"href":"https:\/\/www.igoriacard.com\/cz\/wp-json\/wp\/v2\/users\/1"}],"replies":[{"embeddable":true,"href":"https:\/\/www.igoriacard.com\/cz\/wp-json\/wp\/v2\/comments?post=1232"}],"version-history":[{"count":4,"href":"https:\/\/www.igoriacard.com\/cz\/wp-json\/wp\/v2\/pages\/1232\/revisions"}],"predecessor-version":[{"id":2915,"href":"https:\/\/www.igoriacard.com\/cz\/wp-json\/wp\/v2\/pages\/1232\/revisions\/2915"}],"wp:attachment":[{"href":"https:\/\/www.igoriacard.com\/cz\/wp-json\/wp\/v2\/media?parent=1232"}],"curies":[{"name":"wp","href":"https:\/\/api.w.org\/{rel}","templated":true}]}}