{"id":1247,"date":"2017-04-25T12:35:44","date_gmt":"2017-04-25T10:35:44","guid":{"rendered":"http:\/\/beta.igoriacard.com\/?page_id=1247"},"modified":"2019-01-21T16:18:31","modified_gmt":"2019-01-21T15:18:31","slug":"smenarnaplatby-online","status":"publish","type":"page","link":"https:\/\/www.igoriacard.com\/cz\/smenarnaplatby-online\/","title":{"rendered":"Platby online"},"content":{"rendered":"<div class=\"uk-container uk-container-center uk-margin-large-top uk-text-large\">\r\n\r\n<h1 class=\"ic-lato ic-text-normal uk-margin-large-bottom\">Jak IgoriaCard vypo\u0159\u00e1d\u00e1 transakce?<\/h1>\r\n\r\n<p>Va\u0161e dostupn\u00e9 finan\u010dn\u00ed prost\u0159edky na kart\u011b IgoriaCard:<\/p>\r\n<ul style=\"width: 150px;text-align: right\">\r\n<li>0,00&nbsp;USD<\/li>\r\n<li>2700,00&nbsp;CZK<\/li>\r\n<li>250,00&nbsp;EUR<\/li>\r\n<\/ul>\r\n\r\n<p>Mus\u00edte zaplatit hotelov\u00fd u\u010det 170,00 USD.<\/p>\r\n\r\n\r\n<ol class=\"uk-text-justify\">\r\n<li>Z \u00fa\u010dtu USD nebude str\u017eena \u017e\u00e1dn\u00e1 \u010d\u00e1stka, proto\u017ee v t\u00e9to m\u011bn\u011b nem\u00e1te \u017e\u00e1dn\u00e9 finan\u010dn\u00ed prost\u0159edky. Kv\u016fli tomu 170,00 USD IgoriaCard automaticky vym\u011bn\u00ed z prost\u0159edk\u016f v jin\u00fdch m\u011bn\u00e1ch, nap\u0159. CZK a EUR.<\/li>\r\n<li>IgoriaCard automaticky vym\u011bn\u00ed \u010d\u00e1stku  2&nbsp;700,00 CZK na 119,61 USD. Transakce bude vypo\u0159\u00e1d\u00e1na nejlep\u0161\u00edm sm\u011bnn\u00fdm kurzem, kter\u00fd je k dispozici v m\u011bnov\u00e9 kancel\u00e1\u0159i IgoriaCard (p\u0159\u00edkladn\u00e1 sazba \u010dinila 0,0443 ).<\/li>\r\n<li>Pot\u0159ebujete je\u0161t\u011b 50,39 USD, abyste dokon\u010dili transakce. Tentokr\u00e1t IgoriaCard provede dal\u0161\u00ed automatickou v\u00fdm\u011bnu z&nbsp;\u00fa\u010dtu v&nbsp;EUR a&nbsp;vym\u011bn\u00ed 47,62&nbsp;EUR za&nbsp;50,39&nbsp;USD. Transakce bude vypo\u0159\u00e1d\u00e1na nejlep\u0161\u00edm sm\u011bnn\u00fdm kurzem, kter\u00fd je k dispozici ve sm\u011bnarn\u011b Igoriacard (p\u0159\u00edkladn\u00e1 sazba byla 1,0580).<\/li>\r\n<\/ol>\r\n\r\n<p>Shrnut\u00ed:<\/p>\r\n<p class=\"uk-text-justify\">D\u00edky dostupn\u00fdm finan\u010dn\u00edm prost\u0159edk\u016fm v jin\u00fdch m\u011bn\u00e1ch syst\u00e9m prov\u00e1d\u011bl automatickou konverze m\u011bny. Celkem bylo na kart\u011b \u00fa\u010dtov\u00e1no 170,00&nbsp;USD.<\/p>\r\n\r\n<p>Stav va\u0161ich prost\u0159edk\u016f:<\/p>\r\n<table class=\"ic-padding-table-large-left\">\r\n<thead>\r\n<tr>\r\n  <th style=\"min-width: 7.6em\" class=\"ic-padding-bottom\">P\u0159ed transakc\u00ed<\/th>\r\n  <th class=\"ic-padding-bottom uk-text-left\" colspan=\"2\">Po transakc\u00ed<\/th>\r\n<\/tr>\r\n<\/thead>\r\n<tbody>\r\n<tr>\r\n  <td class=\"uk-text-right\">0,00&nbsp;USD<\/td>\r\n  <td class=\"uk-text-right\">0,00<\/td>\r\n  <td>USD (syst\u00e9m nevybral \u017e\u00e1dnou \u010d\u00e1stku, proto\u017ee nem\u00e1te k&nbsp;dispozici finan\u010dn\u00ed prost\u0159edky v&nbsp;USD)<\/td>\r\n<tr>\r\n  <td class=\"uk-text-right\">2&nbsp;700&nbsp;CZK<\/td>\r\n  <td class=\"uk-text-right\">0,00<\/td>\r\n  <td>CZK (syst\u00e9m vym\u011bnil celkovou \u010d\u00e1stku 2&nbsp;700,00 CZK za 119,61&nbsp;USD)<\/td>\r\n<\/tr>\r\n<tr>\r\n  <td class=\"uk-text-right\">250,00&nbsp;EUR<\/td>\r\n  <td class=\"uk-text-right\">202,38<\/td>\r\n  <td>EUR (syst\u00e9m vym\u011bnil 47,62&nbsp;EUR za&nbsp;50,39&nbsp;USD)<\/td>\r\n<\/tr>\r\n<\/tbody>\r\n<\/table>\r\n\r\n<\/div>\r\n<div class=\"uk-block-primary uk-contrast uk-text-large uk-text-center uk-margin-large\"><p class=\"uk-h3 ic-padding-bottom uk-container uk-container-center uk-margin\">Syst\u00e9m IgoriaCard provedl automatickou v\u00fdm\u011bnu z&nbsp;CZK \u00fa\u010dt\u016f a&nbsp;zb\u00fdvaj\u00edc\u00ed \u010d\u00e1stku strhl za&nbsp;nejlep\u0161\u00ed kurz&nbsp;EUR sm\u011bn\u00e1rny IgoriaCard.<\/p><\/div>\r\n\r\n<div class=\"uk-container uk-container-center uk-text-justify uk-text-large\"><p>Na kart\u011b IgoriaCard m\u016f\u017eete otev\u0159\u00edt bezplatn\u00fd m\u011bnov\u00fd \u00fa\u010det, kter\u00fd v\u00e1m poskytne p\u0159\u00edle\u017eitost  rychl\u00fdch a bezpe\u010dn\u00fdch online plateb. Multim\u011bnova platforma pro online a bezkontaktn\u00ed  platby p\u0159\u00ed pomoc\u00ed virtu\u00e1ln\u00ed nebo plastov\u00e9 karty IgoriaCard je vhodn\u00fdm \u0159e\u0161en\u00edm z\u00e1rove\u0148 pro soukrom\u00e9 nebo slu\u017eebn\u00ed cestov\u00e1n\u00ed a prov\u00e1d\u011bn\u00ed v\u0161ech online p\u0159evod\u016f . Okam\u017eit\u00e9 platby jsou zpracov\u00e1v\u00e1ny online&nbsp;24\/7<\/p>\r\n<p>Syst\u00e9m  IgoriaCard v\u00e1m umo\u017en\u00ed p\u0159ev\u00e1d\u011bt prost\u0159edky v 17 m\u011bn\u00e1ch, tzn. AUD, BGN, CAD, CHF, CZK, DKK, EUR, GBP, HUF, NOK, ILS, PLN, RON, RUB, SEK, TRY a USD na vlastn\u00ed \u00fa\u010dty a pro osoby, kter\u00e9 v syst\u00e9mu nemaj\u00ed multim\u011bnov\u00e9ho \u00fa\u010dtu. Okam\u017eit\u00e9 online platby jsou jednou z hlavn\u00edch funkc\u00ed syst\u00e9mu IgoriaCard. Chcete se dozv\u011bd\u011bt, jak prov\u00e9st on-line p\u0159evod na&nbsp;na\u0161\u00ed platform\u011b?<\/p>\r\n\r\n<div class=\"uk-container uk-container-center uk-text-center uk-margin-large\"><a href=\"https:\/\/igoriacard.com\/registration\/create\/en-GB\" class=\"uk-button-large ic-button-blue uk-button uk-container-center uk-h2\">Zaregistrujte se<\/a><\/div>\r\n<\/div>\r\n","protected":false},"excerpt":{"rendered":"<p>Jak IgoriaCard vypo\u0159\u00e1d\u00e1 transakce? Va\u0161e dostupn\u00e9 finan\u010dn\u00ed prost\u0159edky na kart\u011b IgoriaCard: 0,00&nbsp;USD 2700,00&nbsp;CZK 250,00&nbsp;EUR Mus\u00edte zaplatit hotelov\u00fd u\u010det 170,00 USD. Z \u00fa\u010dtu USD nebude str\u017eena \u017e\u00e1dn\u00e1 \u010d\u00e1stka, proto\u017ee v t\u00e9to m\u011bn\u011b nem\u00e1te \u017e\u00e1dn\u00e9 finan\u010dn\u00ed prost\u0159edky. Kv\u016fli tomu 170,00 USD IgoriaCard automaticky vym\u011bn\u00ed z prost\u0159edk\u016f v jin\u00fdch m\u011bn\u00e1ch, nap\u0159. CZK a EUR. IgoriaCard automaticky vym\u011bn\u00ed \u010d\u00e1stku [&hellip;]<\/p>\n","protected":false},"author":1,"featured_media":0,"parent":0,"menu_order":0,"comment_status":"closed","ping_status":"closed","template":"page-no-header.php","meta":{"footnotes":""},"class_list":["post-1247","page","type-page","status-publish","hentry"],"yoast_head":"<!-- This site is optimized with the Yoast SEO plugin v26.8 - https:\/\/yoast.com\/product\/yoast-seo-wordpress\/ -->\n<title>Platby online - IgoriaCard | CZ<\/title>\n<meta name=\"robots\" content=\"noindex, follow, max-snippet:-1, max-image-preview:large, max-video-preview:-1\" \/>\n<meta property=\"og:locale\" content=\"cs_CZ\" \/>\n<meta property=\"og:type\" content=\"article\" \/>\n<meta property=\"og:title\" content=\"Platby online - IgoriaCard | CZ\" \/>\n<meta property=\"og:description\" content=\"Jak IgoriaCard vypo\u0159\u00e1d\u00e1 transakce? Va\u0161e dostupn\u00e9 finan\u010dn\u00ed prost\u0159edky na kart\u011b IgoriaCard: 0,00&nbsp;USD 2700,00&nbsp;CZK 250,00&nbsp;EUR Mus\u00edte zaplatit hotelov\u00fd u\u010det 170,00 USD. Z \u00fa\u010dtu USD nebude str\u017eena \u017e\u00e1dn\u00e1 \u010d\u00e1stka, proto\u017ee v t\u00e9to m\u011bn\u011b nem\u00e1te \u017e\u00e1dn\u00e9 finan\u010dn\u00ed prost\u0159edky. Kv\u016fli tomu 170,00 USD IgoriaCard automaticky vym\u011bn\u00ed z prost\u0159edk\u016f v jin\u00fdch m\u011bn\u00e1ch, nap\u0159. CZK a EUR. IgoriaCard automaticky vym\u011bn\u00ed \u010d\u00e1stku [&hellip;]\" \/>\n<meta property=\"og:url\" content=\"https:\/\/www.igoriacard.com\/cz\/smenarnaplatby-online\/\" \/>\n<meta property=\"og:site_name\" content=\"IgoriaCard | CZ\" \/>\n<meta property=\"article:modified_time\" content=\"2019-01-21T15:18:31+00:00\" \/>\n<meta name=\"twitter:card\" content=\"summary_large_image\" \/>\n<meta name=\"twitter:label1\" content=\"Odhadovan\u00e1 doba \u010dten\u00ed\" \/>\n\t<meta name=\"twitter:data1\" content=\"2 minuty\" \/>\n<script type=\"application\/ld+json\" class=\"yoast-schema-graph\">{\"@context\":\"https:\/\/schema.org\",\"@graph\":[{\"@type\":\"WebPage\",\"@id\":\"https:\/\/www.igoriacard.com\/cz\/smenarnaplatby-online\/\",\"url\":\"https:\/\/www.igoriacard.com\/cz\/smenarnaplatby-online\/\",\"name\":\"Platby online - IgoriaCard | CZ\",\"isPartOf\":{\"@id\":\"https:\/\/www.igoriacard.com\/cz\/#website\"},\"datePublished\":\"2017-04-25T10:35:44+00:00\",\"dateModified\":\"2019-01-21T15:18:31+00:00\",\"breadcrumb\":{\"@id\":\"https:\/\/www.igoriacard.com\/cz\/smenarnaplatby-online\/#breadcrumb\"},\"inLanguage\":\"cs\",\"potentialAction\":[{\"@type\":\"ReadAction\",\"target\":[\"https:\/\/www.igoriacard.com\/cz\/smenarnaplatby-online\/\"]}]},{\"@type\":\"BreadcrumbList\",\"@id\":\"https:\/\/www.igoriacard.com\/cz\/smenarnaplatby-online\/#breadcrumb\",\"itemListElement\":[{\"@type\":\"ListItem\",\"position\":1,\"name\":\"Home\",\"item\":\"https:\/\/www.igoriacard.com\/cz\/\"},{\"@type\":\"ListItem\",\"position\":2,\"name\":\"Platby online\"}]},{\"@type\":\"WebSite\",\"@id\":\"https:\/\/www.igoriacard.com\/cz\/#website\",\"url\":\"https:\/\/www.igoriacard.com\/cz\/\",\"name\":\"IgoriaCard | CZ\",\"description\":\"\",\"potentialAction\":[{\"@type\":\"SearchAction\",\"target\":{\"@type\":\"EntryPoint\",\"urlTemplate\":\"https:\/\/www.igoriacard.com\/cz\/?s={search_term_string}\"},\"query-input\":{\"@type\":\"PropertyValueSpecification\",\"valueRequired\":true,\"valueName\":\"search_term_string\"}}],\"inLanguage\":\"cs\"}]}<\/script>\n<!-- \/ Yoast SEO plugin. -->","yoast_head_json":{"title":"Platby online - IgoriaCard | CZ","robots":{"index":"noindex","follow":"follow","max-snippet":"max-snippet:-1","max-image-preview":"max-image-preview:large","max-video-preview":"max-video-preview:-1"},"og_locale":"cs_CZ","og_type":"article","og_title":"Platby online - IgoriaCard | CZ","og_description":"Jak IgoriaCard vypo\u0159\u00e1d\u00e1 transakce? Va\u0161e dostupn\u00e9 finan\u010dn\u00ed prost\u0159edky na kart\u011b IgoriaCard: 0,00&nbsp;USD 2700,00&nbsp;CZK 250,00&nbsp;EUR Mus\u00edte zaplatit hotelov\u00fd u\u010det 170,00 USD. Z \u00fa\u010dtu USD nebude str\u017eena \u017e\u00e1dn\u00e1 \u010d\u00e1stka, proto\u017ee v t\u00e9to m\u011bn\u011b nem\u00e1te \u017e\u00e1dn\u00e9 finan\u010dn\u00ed prost\u0159edky. Kv\u016fli tomu 170,00 USD IgoriaCard automaticky vym\u011bn\u00ed z prost\u0159edk\u016f v jin\u00fdch m\u011bn\u00e1ch, nap\u0159. CZK a EUR. IgoriaCard automaticky vym\u011bn\u00ed \u010d\u00e1stku [&hellip;]","og_url":"https:\/\/www.igoriacard.com\/cz\/smenarnaplatby-online\/","og_site_name":"IgoriaCard | CZ","article_modified_time":"2019-01-21T15:18:31+00:00","twitter_card":"summary_large_image","twitter_misc":{"Odhadovan\u00e1 doba \u010dten\u00ed":"2 minuty"},"schema":{"@context":"https:\/\/schema.org","@graph":[{"@type":"WebPage","@id":"https:\/\/www.igoriacard.com\/cz\/smenarnaplatby-online\/","url":"https:\/\/www.igoriacard.com\/cz\/smenarnaplatby-online\/","name":"Platby online - IgoriaCard | CZ","isPartOf":{"@id":"https:\/\/www.igoriacard.com\/cz\/#website"},"datePublished":"2017-04-25T10:35:44+00:00","dateModified":"2019-01-21T15:18:31+00:00","breadcrumb":{"@id":"https:\/\/www.igoriacard.com\/cz\/smenarnaplatby-online\/#breadcrumb"},"inLanguage":"cs","potentialAction":[{"@type":"ReadAction","target":["https:\/\/www.igoriacard.com\/cz\/smenarnaplatby-online\/"]}]},{"@type":"BreadcrumbList","@id":"https:\/\/www.igoriacard.com\/cz\/smenarnaplatby-online\/#breadcrumb","itemListElement":[{"@type":"ListItem","position":1,"name":"Home","item":"https:\/\/www.igoriacard.com\/cz\/"},{"@type":"ListItem","position":2,"name":"Platby online"}]},{"@type":"WebSite","@id":"https:\/\/www.igoriacard.com\/cz\/#website","url":"https:\/\/www.igoriacard.com\/cz\/","name":"IgoriaCard | CZ","description":"","potentialAction":[{"@type":"SearchAction","target":{"@type":"EntryPoint","urlTemplate":"https:\/\/www.igoriacard.com\/cz\/?s={search_term_string}"},"query-input":{"@type":"PropertyValueSpecification","valueRequired":true,"valueName":"search_term_string"}}],"inLanguage":"cs"}]}},"_links":{"self":[{"href":"https:\/\/www.igoriacard.com\/cz\/wp-json\/wp\/v2\/pages\/1247","targetHints":{"allow":["GET"]}}],"collection":[{"href":"https:\/\/www.igoriacard.com\/cz\/wp-json\/wp\/v2\/pages"}],"about":[{"href":"https:\/\/www.igoriacard.com\/cz\/wp-json\/wp\/v2\/types\/page"}],"author":[{"embeddable":true,"href":"https:\/\/www.igoriacard.com\/cz\/wp-json\/wp\/v2\/users\/1"}],"replies":[{"embeddable":true,"href":"https:\/\/www.igoriacard.com\/cz\/wp-json\/wp\/v2\/comments?post=1247"}],"version-history":[{"count":13,"href":"https:\/\/www.igoriacard.com\/cz\/wp-json\/wp\/v2\/pages\/1247\/revisions"}],"predecessor-version":[{"id":2963,"href":"https:\/\/www.igoriacard.com\/cz\/wp-json\/wp\/v2\/pages\/1247\/revisions\/2963"}],"wp:attachment":[{"href":"https:\/\/www.igoriacard.com\/cz\/wp-json\/wp\/v2\/media?parent=1247"}],"curies":[{"name":"wp","href":"https:\/\/api.w.org\/{rel}","templated":true}]}}