{"id":13,"date":"2016-07-21T13:02:17","date_gmt":"2016-07-21T11:02:17","guid":{"rendered":"http:\/\/localhost\/projects\/var\/www\/clients\/client1\/web1\/web\/?page_id=13"},"modified":"2019-01-08T13:22:32","modified_gmt":"2019-01-08T12:22:32","slug":"byznys","status":"publish","type":"page","link":"https:\/\/www.igoriacard.com\/cz\/byznys\/","title":{"rendered":"Byznys"},"content":{"rendered":"<div class=\"ic-boxes uk-text-center\">\r\n<div>\r\n<div class=\"uk-container uk-container-center uk-grid uk-grid-width-small-1-2\">\r\n<div class=\"uk-push-1-2 uk-vertical-align\"><img loading=\"lazy\" decoding=\"async\" src=\"\/wp-content\/uploads\/2017\/02\/02-najczesciej-kupowana-1.jpg\" alt=\"Presti\u017cowe karty wielowalutowe\" width=\"315\" height=\"222\" class=\"alignnone size-full wp-image-363\" srcset=\"https:\/\/www.igoriacard.com\/cz\/wp-content\/uploads\/sites\/5\/2017\/02\/02-najczesciej-kupowana-1.jpg 315w, https:\/\/www.igoriacard.com\/cz\/wp-content\/uploads\/sites\/5\/2017\/02\/02-najczesciej-kupowana-1-300x211.jpg 300w\" sizes=\"auto, (max-width: 315px) 100vw, 315px\" \/><\/div>\r\n<ul class=\"uk-list uk-margin-small-bottom uk-pull-1-2\">\r\n<li><h2>Nej\u010dast\u011bji nakupovan\u00e9<\/h2><\/li>\r\n<li>17 m\u011bn na jedn\u00e9 kart\u011b<\/li>\r\n<li>atraktivn\u00ed kurzy m\u011bn bez provize<\/li>\r\n<li>bez m\u011bnov\u00e9ho \u00fav\u011bru v bance<\/li>\r\n<li>p\u0159\u00edstup k finan\u010dn\u00edm prost\u0159edk\u016fm a historii online transakc\u00ed 24\/7<\/li>\r\n<\/ul>\r\n<\/div>\r\n<\/div>\r\n\r\n<div class=\"ic-primary-background-dark\">\r\n<div class=\"uk-container uk-container-center uk-grid uk-contrast uk-grid-width-small-1-2\">\r\n<div><a class=\"uk-button uk-button-large\" href=\"https:\/\/igoriacard.com\/registration\/create\/en-GB\">Objednat z\u00e1kaznickou kartu<\/a><\/div>\r\n<div><h2>Vyd\u00e1n\u00ed prvn\u00ed karty ZDARMA <\/h2><\/div>\r\n<\/div>\r\n<\/div>\r\n\r\n<div>\r\n<div class=\"uk-container uk-container-center uk-grid uk-grid-width-small-1-2\">\r\n<div class=\"uk-vertical-align\"><img loading=\"lazy\" decoding=\"async\" src=\"\/wp-content\/uploads\/2017\/02\/03-rozliczenia-delegacji.jpg\" alt=\"Rozliczaj si\u0119 z delegacji w \u0142atwy spos\u00f3b\" width=\"315\" height=\"222\" class=\"alignnone size-full wp-image-364\" srcset=\"https:\/\/www.igoriacard.com\/cz\/wp-content\/uploads\/sites\/5\/2017\/02\/03-rozliczenia-delegacji.jpg 315w, https:\/\/www.igoriacard.com\/cz\/wp-content\/uploads\/sites\/5\/2017\/02\/03-rozliczenia-delegacji-300x211.jpg 300w\" sizes=\"auto, (max-width: 315px) 100vw, 315px\" \/><\/div>\r\n<ul class=\"uk-list uk-margin-small-bottom\">\r\n<li><a href=\"vyuctovani-pracovni-cesty\"><h2>Vy\u00fa\u010dtov\u00e1n\u00ed pracovn\u00ed cesty<\/h2><\/a><\/li>\r\n<li>ukl\u00e1d\u00e1n\u00ed faktury a potvrzen\u00ed transakc\u00ed na kart\u011b<\/li>\r\n<li>automatick\u00e1 kalkulace n\u00e1klad\u016f p\u0159i pracovn\u00ed cest\u011b<\/li>\r\n<li>kontrola v\u00fddaj\u016f a pod\u00e1v\u00e1n\u00ed zpr\u00e1v \u00fa\u010detn\u00edmu odd\u011blen\u00ed<\/li>\r\n<li><a class=\"uk-button uk-button-large uk-margin-small-bottom\" href=\"https:\/\/igoriacard.com\/registration\/create\/en-GB\">Objednat z\u00e1kaznickou kartu<\/a><\/li>\r\n<\/ul>\r\n<\/div>\r\n<\/div>\r\n\r\n<div>\r\n<div class=\"uk-container uk-container-center uk-grid uk-grid-width-small-1-2\">\r\n<div class=\"uk-push-1-2 uk-vertical-align\"><img loading=\"lazy\" decoding=\"async\" src=\"\/wp-content\/uploads\/2017\/02\/04-paliwowe.jpg\" alt=\"Karty wielowalutowe umo\u017cliwiaj\u0105 \u0142atwe rozliczenia za paliwo\" width=\"315\" height=\"222\" class=\"alignnone size-full wp-image-365\" srcset=\"https:\/\/www.igoriacard.com\/cz\/wp-content\/uploads\/sites\/5\/2017\/02\/04-paliwowe.jpg 315w, https:\/\/www.igoriacard.com\/cz\/wp-content\/uploads\/sites\/5\/2017\/02\/04-paliwowe-300x211.jpg 300w\" sizes=\"auto, (max-width: 315px) 100vw, 315px\" \/><\/div>\r\n<ul class=\"uk-list uk-margin-small-bottom uk-pull-1-2\">\r\n<li><a href=\"palivove-karty-pro-firmy\"><h2>Palivov\u00e9 karty<\/h2><\/a><\/li>\r\n<li>sn\u00ed\u017een\u00ed provozn\u00edch n\u00e1klad\u016f<\/li>\r\n<li>flexibiln\u00ed limity a d\u00e1lkov\u00e9 nab\u00edjen\u00ed karet<\/li>\r\n<li>v\u00fdb\u011bry hotovosti z bankomat\u016f po cel\u00e9m sv\u011bt\u011b<\/li>\r\n<li><a class=\"uk-button uk-button-large uk-margin-small-bottom\" href=\"https:\/\/igoriacard.com\/registration\/create\/en-GB\">Objednat z\u00e1kaznickou kartu<\/a><\/li>\r\n<\/ul>\r\n<\/div>\r\n<\/div>\r\n\r\n<div>\r\n<div class=\"uk-container uk-container-center uk-grid uk-grid-width-small-1-2\">\r\n<div class=\"uk-vertical-align\"><img loading=\"lazy\" decoding=\"async\" src=\"\/wp-content\/uploads\/2017\/02\/05-\u017cywieniowe.jpg\" alt=\"\u0141atwe rozliczenia za \u017cywienie pracownik\u00f3w\" width=\"315\" height=\"222\" class=\"alignnone size-full wp-image-366\" srcset=\"https:\/\/www.igoriacard.com\/cz\/wp-content\/uploads\/sites\/5\/2017\/02\/05-\u017cywieniowe.jpg 315w, https:\/\/www.igoriacard.com\/cz\/wp-content\/uploads\/sites\/5\/2017\/02\/05-\u017cywieniowe-300x211.jpg 300w\" sizes=\"auto, (max-width: 315px) 100vw, 315px\" \/><\/div>\r\n<ul class=\"uk-list uk-margin-small-bottom\">\r\n<li><a href=\"stravenkova-karta\"><h2>Stravenkov\u00e1 karta<\/h2><\/a><\/li>\r\n<li>\u010dasov\u00e1 \u00faspora pro \u00fa\u010detn\u00ed odd\u011blen\u00ed<\/li>\r\n<li>snadn\u00e1 forma \u00fa\u010dtov\u00e1n\u00ed  v\u00fddaj\u016f <\/li>\r\n<li>skute\u010dn\u00e9 da\u0148ov\u00e9 \u00faspory<\/li>\r\n<li><a class=\"uk-button uk-button-large uk-margin-small-bottom\" href=\"https:\/\/igoriacard.com\/registration\/create\/en-GB\">Objednat z\u00e1kaznickou kartu<\/a><\/li>\r\n<\/ul>\r\n<\/div>\r\n<\/div>\r\n\r\n<div>\r\n<div class=\"uk-container uk-container-center uk-grid uk-grid-width-small-1-2\">\r\n<div class=\"uk-push-1-2 uk-vertical-align\"><img loading=\"lazy\" decoding=\"async\" src=\"\/wp-content\/uploads\/2017\/02\/06-bonusy-dla-pracownikow.jpg\" alt=\"Karty wielowalutowe jako bonusy dla pracownik\u00f3w\" width=\"315\" height=\"222\" class=\"alignnone size-full wp-image-367\" srcset=\"https:\/\/www.igoriacard.com\/cz\/wp-content\/uploads\/sites\/5\/2017\/02\/06-bonusy-dla-pracownikow.jpg 315w, https:\/\/www.igoriacard.com\/cz\/wp-content\/uploads\/sites\/5\/2017\/02\/06-bonusy-dla-pracownikow-300x211.jpg 300w\" sizes=\"auto, (max-width: 315px) 100vw, 315px\" \/><\/div>\r\n<ul class=\"uk-list uk-margin-small-bottom uk-pull-1-2\">\r\n<li><a href=\"poukazky-pro-zamestance\"><h2>Pouk\u00e1zky pro zam\u011bstnance<\/h2><\/a><\/li>\r\n<li>osv\u011bd\u010den\u00fd d\u00e1rek pro r\u016fzn\u00e9 p\u0159\u00edle\u017eitosti<\/li>\r\n<li>efektivn\u00ed forma motivace zam\u011bstnanc\u016f<\/li>\r\n<li>pohodln\u00fd zp\u016fsob rozd\u011blov\u00e1n\u00ed zam\u011bstnaneck\u00fdch v\u00fdhod<\/li>\r\n<li><a class=\"uk-button uk-button-large uk-margin-small-bottom\" href=\"https:\/\/igoriacard.com\/registration\/create\/en-GB\">Objednat Z\u00e1kaznickou kartu<\/a><\/li>\r\n<\/ul>\r\n<\/div>\r\n<\/div>\r\n\r\n<div>\r\n<div class=\"uk-container uk-container-center uk-grid uk-grid-width-small-1-2\">\r\n<div class=\"uk-vertical-align\"><img loading=\"lazy\" decoding=\"async\" src=\"\/wp-content\/uploads\/2017\/02\/07-obsluga-platnosci.jpg\" alt=\"Obs\u0142uguj p\u0142atno\u015bci w bardzo szybki spos\u00f3b z kartami prepaid IgoriaCard\" width=\"315\" height=\"222\" class=\"alignnone size-full wp-image-368\" srcset=\"https:\/\/www.igoriacard.com\/cz\/wp-content\/uploads\/sites\/5\/2017\/02\/07-obsluga-platnosci.jpg 315w, https:\/\/www.igoriacard.com\/cz\/wp-content\/uploads\/sites\/5\/2017\/02\/07-obsluga-platnosci-300x211.jpg 300w\" sizes=\"auto, (max-width: 315px) 100vw, 315px\" \/><\/div>\r\n<ul class=\"uk-list uk-margin-small-bottom\">\r\n<li><a href=\"platebni-sluzby-pro-firmy\"><h2>Platebn\u00ed slu\u017eby<\/h2><\/a><\/li>\r\n<li>\u010dasov\u00e1 \u00faspora pro \u00fa\u010detn\u00ed odd\u011blen\u00ed<\/li>\r\n<li>rychl\u00e9 vypo\u0159\u00e1d\u00e1n\u00ed firemn\u00edch plateb<\/li>\r\n<li>n\u00edzk\u00e9 n\u00e1klady na konverzi <\/li>\r\n<li><a class=\"uk-button uk-button-large uk-margin-small-bottom\" href=\"https:\/\/igoriacard.com\/registration\/create\/en-GB\">Objednat z\u00e1kaznickou kartu<\/a><\/li>\r\n<\/ul>\r\n<\/div>\r\n<\/div>\r\n\r\n<div>\r\n<div class=\"uk-container uk-container-center uk-grid uk-grid-width-small-1-2\">\r\n<div class=\"uk-push-1-2 uk-vertical-align\"><img loading=\"lazy\" decoding=\"async\" src=\"\/wp-content\/uploads\/2017\/02\/08-nagrody-dla-pracownik\u00f3w.jpg\" alt=\"Nagradzaj pracownik\u00f3w kartami prepaid\" width=\"315\" height=\"222\" class=\"alignnone size-full wp-image-369\" srcset=\"https:\/\/www.igoriacard.com\/cz\/wp-content\/uploads\/sites\/5\/2017\/02\/08-nagrody-dla-pracownik\u00f3w.jpg 315w, https:\/\/www.igoriacard.com\/cz\/wp-content\/uploads\/sites\/5\/2017\/02\/08-nagrody-dla-pracownik\u00f3w-300x211.jpg 300w\" sizes=\"auto, (max-width: 315px) 100vw, 315px\" \/><\/div>\r\n<ul class=\"uk-list uk-margin-small-bottom uk-pull-1-2\">\r\n<li><a href=\"ocenovani-zamenstnancu\"><h2>Oce\u0148ov\u00e1n\u00ed zam\u011bstnanc\u016f<\/h2><\/a><\/li>\r\n<li>snadn\u00fd zp\u016fsob, jak vypl\u00e1cet bonusy a zam\u011bstnaneck\u00e9 v\u00fdhody<\/li>\r\n<li>spojen\u00ed s jednotliv\u00fdm kartov\u00fdm \u00fa\u010dtem zam\u011bstnance<\/li>\r\n<li>osvobozen\u00ed od dan\u011b z p\u0159\u00edjmu fyzick\u00fdch osob<\/li>\r\n<li><a class=\"uk-button uk-button-large uk-margin-small-bottom\" href=\"https:\/\/igoriacard.com\/registration\/create\/en-GB\">Objednat z\u00e1kaznickou kartu<\/a><\/li>\r\n<\/ul>\r\n<\/div>\r\n<\/div>\r\n\r\n<div>\r\n<div class=\"uk-container uk-container-center uk-grid uk-grid-width-small-1-2\">\r\n<div class=\"uk-vertical-align\"><img loading=\"lazy\" decoding=\"async\" src=\"\/wp-content\/uploads\/2017\/02\/09-programy-lojalnosciowe.jpg\" alt=\"Karty wielowalutowe - programy lojalno\u015bciowe\" width=\"315\" height=\"222\" class=\"alignnone size-full wp-image-370\" srcset=\"https:\/\/www.igoriacard.com\/cz\/wp-content\/uploads\/sites\/5\/2017\/02\/09-programy-lojalnosciowe.jpg 315w, https:\/\/www.igoriacard.com\/cz\/wp-content\/uploads\/sites\/5\/2017\/02\/09-programy-lojalnosciowe-300x211.jpg 300w\" sizes=\"auto, (max-width: 315px) 100vw, 315px\" \/><\/div>\r\n<ul class=\"uk-list uk-margin-small-bottom\">\r\n<li><a href=\"rabatove-vernostni-programy-z-kartou-prepaid\"><h2>Rabatov\u00e9 v\u011brnostn\u00ed programy<\/h2><\/a><\/li>\r\n<li>automatick\u00fd servis v\u011brnostn\u00edch program\u016f<\/li>\r\n<li>atraktivn\u00ed slevy<\/li>\r\n<li>motiva\u010dn\u00ed programy<\/li>\r\n<li><a class=\"uk-button uk-button-large uk-margin-small-bottom\" href=\"https:\/\/igoriacard.com\/registration\/create\/en-GB\">Objednat z\u00e1kaznickou kartu<\/a><\/li>\r\n<\/ul>\r\n<\/div>\r\n<\/div>\r\n<\/div>","protected":false},"excerpt":{"rendered":"<p>Nej\u010dast\u011bji nakupovan\u00e9 17 m\u011bn na jedn\u00e9 kart\u011b atraktivn\u00ed kurzy m\u011bn bez provize bez m\u011bnov\u00e9ho \u00fav\u011bru v bance p\u0159\u00edstup k finan\u010dn\u00edm prost\u0159edk\u016fm a historii online transakc\u00ed 24\/7 Objednat z\u00e1kaznickou kartu Vyd\u00e1n\u00ed prvn\u00ed karty ZDARMA Vy\u00fa\u010dtov\u00e1n\u00ed pracovn\u00ed cesty ukl\u00e1d\u00e1n\u00ed faktury a potvrzen\u00ed transakc\u00ed na kart\u011b automatick\u00e1 kalkulace n\u00e1klad\u016f p\u0159i pracovn\u00ed cest\u011b kontrola v\u00fddaj\u016f a pod\u00e1v\u00e1n\u00ed zpr\u00e1v \u00fa\u010detn\u00edmu [&hellip;]<\/p>\n","protected":false},"author":1,"featured_media":362,"parent":0,"menu_order":0,"comment_status":"closed","ping_status":"closed","template":"page-common.php","meta":{"footnotes":""},"class_list":["post-13","page","type-page","status-publish","has-post-thumbnail","hentry"],"yoast_head":"<!-- This site is optimized with the Yoast SEO plugin v26.8 - https:\/\/yoast.com\/product\/yoast-seo-wordpress\/ -->\n<title>Platebn\u00ed karta pro podnikatele a firmy<\/title>\n<meta name=\"description\" content=\"Multim\u011bnov\u00e1 platebn\u00ed karta pro mal\u00e9 a st\u0159edn\u00ed podniky je vynikaj\u00edc\u00ed platebn\u00ed syst\u00e9m b\u011bhem pracovn\u00ed cest\" \/>\n<meta name=\"robots\" content=\"noindex, follow, max-snippet:-1, max-image-preview:large, max-video-preview:-1\" \/>\n<meta property=\"og:locale\" content=\"cs_CZ\" \/>\n<meta property=\"og:type\" content=\"article\" \/>\n<meta property=\"og:title\" content=\"Platebn\u00ed karta pro podnikatele a firmy\" \/>\n<meta property=\"og:description\" content=\"Multim\u011bnov\u00e1 platebn\u00ed karta pro mal\u00e9 a st\u0159edn\u00ed podniky je vynikaj\u00edc\u00ed platebn\u00ed syst\u00e9m b\u011bhem pracovn\u00ed cest\" \/>\n<meta property=\"og:url\" content=\"https:\/\/www.igoriacard.com\/cz\/byznys\/\" \/>\n<meta property=\"og:site_name\" content=\"IgoriaCard | CZ\" \/>\n<meta property=\"article:modified_time\" content=\"2019-01-08T12:22:32+00:00\" \/>\n<meta property=\"og:image\" content=\"https:\/\/www.igoriacard.com\/cz\/wp-content\/uploads\/sites\/5\/2017\/02\/01-firmy.jpg\" \/>\n\t<meta property=\"og:image:width\" content=\"1722\" \/>\n\t<meta property=\"og:image:height\" content=\"784\" \/>\n\t<meta property=\"og:image:type\" content=\"image\/jpeg\" \/>\n<meta name=\"twitter:card\" content=\"summary_large_image\" \/>\n<meta name=\"twitter:label1\" content=\"Odhadovan\u00e1 doba \u010dten\u00ed\" \/>\n\t<meta name=\"twitter:data1\" content=\"1 minuta\" \/>\n<script type=\"application\/ld+json\" class=\"yoast-schema-graph\">{\"@context\":\"https:\/\/schema.org\",\"@graph\":[{\"@type\":\"WebPage\",\"@id\":\"https:\/\/www.igoriacard.com\/cz\/byznys\/\",\"url\":\"https:\/\/www.igoriacard.com\/cz\/byznys\/\",\"name\":\"Platebn\u00ed karta pro podnikatele a firmy\",\"isPartOf\":{\"@id\":\"https:\/\/www.igoriacard.com\/cz\/#website\"},\"primaryImageOfPage\":{\"@id\":\"https:\/\/www.igoriacard.com\/cz\/byznys\/#primaryimage\"},\"image\":{\"@id\":\"https:\/\/www.igoriacard.com\/cz\/byznys\/#primaryimage\"},\"thumbnailUrl\":\"https:\/\/www.igoriacard.com\/cz\/wp-content\/uploads\/sites\/5\/2017\/02\/01-firmy.jpg\",\"datePublished\":\"2016-07-21T11:02:17+00:00\",\"dateModified\":\"2019-01-08T12:22:32+00:00\",\"description\":\"Multim\u011bnov\u00e1 platebn\u00ed karta pro mal\u00e9 a st\u0159edn\u00ed podniky je vynikaj\u00edc\u00ed platebn\u00ed syst\u00e9m b\u011bhem pracovn\u00ed cest\",\"breadcrumb\":{\"@id\":\"https:\/\/www.igoriacard.com\/cz\/byznys\/#breadcrumb\"},\"inLanguage\":\"cs\",\"potentialAction\":[{\"@type\":\"ReadAction\",\"target\":[\"https:\/\/www.igoriacard.com\/cz\/byznys\/\"]}]},{\"@type\":\"ImageObject\",\"inLanguage\":\"cs\",\"@id\":\"https:\/\/www.igoriacard.com\/cz\/byznys\/#primaryimage\",\"url\":\"https:\/\/www.igoriacard.com\/cz\/wp-content\/uploads\/sites\/5\/2017\/02\/01-firmy.jpg\",\"contentUrl\":\"https:\/\/www.igoriacard.com\/cz\/wp-content\/uploads\/sites\/5\/2017\/02\/01-firmy.jpg\",\"width\":1722,\"height\":784,\"caption\":\"Karty wielowalutowe dla firm\"},{\"@type\":\"BreadcrumbList\",\"@id\":\"https:\/\/www.igoriacard.com\/cz\/byznys\/#breadcrumb\",\"itemListElement\":[{\"@type\":\"ListItem\",\"position\":1,\"name\":\"Home\",\"item\":\"https:\/\/www.igoriacard.com\/cz\/\"},{\"@type\":\"ListItem\",\"position\":2,\"name\":\"Byznys\"}]},{\"@type\":\"WebSite\",\"@id\":\"https:\/\/www.igoriacard.com\/cz\/#website\",\"url\":\"https:\/\/www.igoriacard.com\/cz\/\",\"name\":\"IgoriaCard | CZ\",\"description\":\"\",\"potentialAction\":[{\"@type\":\"SearchAction\",\"target\":{\"@type\":\"EntryPoint\",\"urlTemplate\":\"https:\/\/www.igoriacard.com\/cz\/?s={search_term_string}\"},\"query-input\":{\"@type\":\"PropertyValueSpecification\",\"valueRequired\":true,\"valueName\":\"search_term_string\"}}],\"inLanguage\":\"cs\"}]}<\/script>\n<!-- \/ Yoast SEO plugin. -->","yoast_head_json":{"title":"Platebn\u00ed karta pro podnikatele a firmy","description":"Multim\u011bnov\u00e1 platebn\u00ed karta pro mal\u00e9 a st\u0159edn\u00ed podniky je vynikaj\u00edc\u00ed platebn\u00ed syst\u00e9m b\u011bhem pracovn\u00ed cest","robots":{"index":"noindex","follow":"follow","max-snippet":"max-snippet:-1","max-image-preview":"max-image-preview:large","max-video-preview":"max-video-preview:-1"},"og_locale":"cs_CZ","og_type":"article","og_title":"Platebn\u00ed karta pro podnikatele a firmy","og_description":"Multim\u011bnov\u00e1 platebn\u00ed karta pro mal\u00e9 a st\u0159edn\u00ed podniky je vynikaj\u00edc\u00ed platebn\u00ed syst\u00e9m b\u011bhem pracovn\u00ed cest","og_url":"https:\/\/www.igoriacard.com\/cz\/byznys\/","og_site_name":"IgoriaCard | CZ","article_modified_time":"2019-01-08T12:22:32+00:00","og_image":[{"width":1722,"height":784,"url":"https:\/\/www.igoriacard.com\/cz\/wp-content\/uploads\/sites\/5\/2017\/02\/01-firmy.jpg","type":"image\/jpeg"}],"twitter_card":"summary_large_image","twitter_misc":{"Odhadovan\u00e1 doba \u010dten\u00ed":"1 minuta"},"schema":{"@context":"https:\/\/schema.org","@graph":[{"@type":"WebPage","@id":"https:\/\/www.igoriacard.com\/cz\/byznys\/","url":"https:\/\/www.igoriacard.com\/cz\/byznys\/","name":"Platebn\u00ed karta pro podnikatele a firmy","isPartOf":{"@id":"https:\/\/www.igoriacard.com\/cz\/#website"},"primaryImageOfPage":{"@id":"https:\/\/www.igoriacard.com\/cz\/byznys\/#primaryimage"},"image":{"@id":"https:\/\/www.igoriacard.com\/cz\/byznys\/#primaryimage"},"thumbnailUrl":"https:\/\/www.igoriacard.com\/cz\/wp-content\/uploads\/sites\/5\/2017\/02\/01-firmy.jpg","datePublished":"2016-07-21T11:02:17+00:00","dateModified":"2019-01-08T12:22:32+00:00","description":"Multim\u011bnov\u00e1 platebn\u00ed karta pro mal\u00e9 a st\u0159edn\u00ed podniky je vynikaj\u00edc\u00ed platebn\u00ed syst\u00e9m b\u011bhem pracovn\u00ed cest","breadcrumb":{"@id":"https:\/\/www.igoriacard.com\/cz\/byznys\/#breadcrumb"},"inLanguage":"cs","potentialAction":[{"@type":"ReadAction","target":["https:\/\/www.igoriacard.com\/cz\/byznys\/"]}]},{"@type":"ImageObject","inLanguage":"cs","@id":"https:\/\/www.igoriacard.com\/cz\/byznys\/#primaryimage","url":"https:\/\/www.igoriacard.com\/cz\/wp-content\/uploads\/sites\/5\/2017\/02\/01-firmy.jpg","contentUrl":"https:\/\/www.igoriacard.com\/cz\/wp-content\/uploads\/sites\/5\/2017\/02\/01-firmy.jpg","width":1722,"height":784,"caption":"Karty wielowalutowe dla firm"},{"@type":"BreadcrumbList","@id":"https:\/\/www.igoriacard.com\/cz\/byznys\/#breadcrumb","itemListElement":[{"@type":"ListItem","position":1,"name":"Home","item":"https:\/\/www.igoriacard.com\/cz\/"},{"@type":"ListItem","position":2,"name":"Byznys"}]},{"@type":"WebSite","@id":"https:\/\/www.igoriacard.com\/cz\/#website","url":"https:\/\/www.igoriacard.com\/cz\/","name":"IgoriaCard | CZ","description":"","potentialAction":[{"@type":"SearchAction","target":{"@type":"EntryPoint","urlTemplate":"https:\/\/www.igoriacard.com\/cz\/?s={search_term_string}"},"query-input":{"@type":"PropertyValueSpecification","valueRequired":true,"valueName":"search_term_string"}}],"inLanguage":"cs"}]}},"_links":{"self":[{"href":"https:\/\/www.igoriacard.com\/cz\/wp-json\/wp\/v2\/pages\/13","targetHints":{"allow":["GET"]}}],"collection":[{"href":"https:\/\/www.igoriacard.com\/cz\/wp-json\/wp\/v2\/pages"}],"about":[{"href":"https:\/\/www.igoriacard.com\/cz\/wp-json\/wp\/v2\/types\/page"}],"author":[{"embeddable":true,"href":"https:\/\/www.igoriacard.com\/cz\/wp-json\/wp\/v2\/users\/1"}],"replies":[{"embeddable":true,"href":"https:\/\/www.igoriacard.com\/cz\/wp-json\/wp\/v2\/comments?post=13"}],"version-history":[{"count":12,"href":"https:\/\/www.igoriacard.com\/cz\/wp-json\/wp\/v2\/pages\/13\/revisions"}],"predecessor-version":[{"id":2863,"href":"https:\/\/www.igoriacard.com\/cz\/wp-json\/wp\/v2\/pages\/13\/revisions\/2863"}],"wp:featuredmedia":[{"embeddable":true,"href":"https:\/\/www.igoriacard.com\/cz\/wp-json\/wp\/v2\/media\/362"}],"wp:attachment":[{"href":"https:\/\/www.igoriacard.com\/cz\/wp-json\/wp\/v2\/media?parent=13"}],"curies":[{"name":"wp","href":"https:\/\/api.w.org\/{rel}","templated":true}]}}