{"id":15,"date":"2016-07-21T13:03:11","date_gmt":"2016-07-21T11:03:11","guid":{"rendered":"http:\/\/localhost\/projects\/var\/www\/clients\/client1\/web1\/web\/?page_id=15"},"modified":"2019-01-22T14:15:08","modified_gmt":"2019-01-22T13:15:08","slug":"korporace","status":"publish","type":"page","link":"https:\/\/www.igoriacard.com\/cz\/korporace\/","title":{"rendered":"Korporace"},"content":{"rendered":"<div class=\"ic-boxes uk-text-center\">\r\n<div>\r\n<div class=\"uk-container uk-container-center uk-grid uk-grid-width-small-1-2\">\r\n<div class=\"uk-vertical-align uk-push-1-2\"><img loading=\"lazy\" decoding=\"async\" src=\"\/wp-content\/uploads\/2016\/07\/02-najczesciej-kupowana.jpg\" alt=\"Karta wielowalutowa IgoriaCard\" width=\"315\" height=\"240\" class=\"alignnone size-full wp-image-397\" srcset=\"https:\/\/www.igoriacard.com\/cz\/wp-content\/uploads\/sites\/5\/2016\/07\/02-najczesciej-kupowana.jpg 315w, https:\/\/www.igoriacard.com\/cz\/wp-content\/uploads\/sites\/5\/2016\/07\/02-najczesciej-kupowana-300x229.jpg 300w\" sizes=\"auto, (max-width: 315px) 100vw, 315px\" \/><\/div>\r\n<ul class=\"uk-list uk-margin-bottom-remove uk-pull-1-2\">\r\n<li><h2>Nej\u010dast\u011bji nakupovan\u00e9<\/h2><\/li>\r\n<li>17 m\u011bn na jedn\u00e9 kart\u011b<\/li>\r\n<li>atraktivn\u00ed kurzy m\u011bn bez&nbsp;provize<\/li>\r\n<li>bez m\u011bnov\u00e9ho \u00fav\u011bru v&nbsp;bance<\/li>\r\n<li>p\u0159\u00edstup k finan\u010dn\u00edm prost\u0159edk\u016fm a&nbsp;historii online transakc\u00ed 24\/7<\/li>\r\n<\/ul>\r\n\r\n<\/div>\r\n<\/div>\r\n<div class=\"ic-primary-background-dark\">\r\n<div class=\"uk-container uk-container-center uk-grid uk-contrast uk-grid-width-small-1-2\">\r\n<div><a class=\"uk-button uk-button-large\" href=\"https:\/\/igoriacard.com\/registration\/create\/en-GB\">Objednat z\u00e1kaznickou kartu<\/a><\/div>\r\n<div><h2>vyd\u00e1n\u00ed prvn\u00ed karty ZDARMA<\/h2><\/div>\r\n<\/div>\r\n<\/div>\r\n\r\n<div>\r\n<div class=\"uk-container uk-container-center uk-grid uk-grid-width-small-1-2\">\r\n<div class=\"uk-vertical-align\"><img loading=\"lazy\" decoding=\"async\" src=\"\/wp-content\/uploads\/2016\/07\/03-rozliczenia-zagraniczne.jpg\" alt=\"Karty prepaid u\u0142atwiaj\u0105 rozliczenia zagraniczne pracownik\u00f3w\" width=\"315\" height=\"240\" class=\"alignnone size-full wp-image-398\" srcset=\"https:\/\/www.igoriacard.com\/cz\/wp-content\/uploads\/sites\/5\/2016\/07\/03-rozliczenia-zagraniczne.jpg 315w, https:\/\/www.igoriacard.com\/cz\/wp-content\/uploads\/sites\/5\/2016\/07\/03-rozliczenia-zagraniczne-300x229.jpg 300w\" sizes=\"auto, (max-width: 315px) 100vw, 315px\" \/><\/div>\r\n<ul class=\"uk-list uk-margin-bottom-remove\">\r\n<li><a href=\"multimenova-karta-zahranicni-cesty\"><h2 style=\"line-height: 27px\" class=\"uk-margin-small-bottom\">Vy\u00fa\u010dtov\u00e1n\u00ed pracovn\u00ed cesty<br \/>v zahrani\u010d\u00ed<\/h2><\/a><\/li>\r\n<li>ukl\u00e1d\u00e1n\u00ed faktury a potvrzen\u00ed transakc\u00ed na kart\u011b<\/li>\r\n<li>automatick\u00e1 kalkulace n\u00e1klad\u016f p\u0159i pracovn\u00ed cest\u011b<\/li>\r\n<li>kontrola v\u00fddaj\u016f a pod\u00e1v\u00e1n\u00ed zpr\u00e1v \u00fa\u010detn\u00edmu odd\u011blen\u00ed<\/li>\r\n<li><a class=\"uk-button uk-button-large uk-margin-small-bottom\" href=\"https:\/\/igoriacard.com\/registration\/create\/en-GB\">Objednat z\u00e1kaznickou kartu<\/a><\/li>\r\n<\/ul>\r\n<\/div>\r\n<\/div>\r\n\r\n<div>\r\n<div class=\"uk-container uk-container-center uk-grid uk-grid-width-small-1-2\">\r\n<div class=\"uk-vertical-align uk-push-1-2\"><img loading=\"lazy\" decoding=\"async\" src=\"\/wp-content\/uploads\/2017\/02\/korpo.jpg\" alt=\"\u0141atwe rozliczenia zagraniczne w korporacjach\" width=\"315\" height=\"240\" class=\"alignnone size-full wp-image-660\" \/><\/div>\r\n<ul class=\"uk-list uk-margin-bottom-remove uk-pull-1-2\">\r\n<li><a href=\"jak-vyuctovat-multimenove-transakce-provedene-predplacenou-kartou\"><h2>Vy\u00fa\u010dtov\u00e1n\u00ed zahrani\u010dn\u00edch v\u00fddaj\u016f<\/h2><\/a><\/li>\r\n<li>automatick\u00e1 v\u00fdm\u011bna za atraktivn\u00ed cenu<\/li>\r\n<li>vypo\u0159\u00e1d\u00e1n\u00ed plateb se smluvn\u00edmi partnery<\/li>\r\n<li>p\u0159\u00edstup k prost\u0159edk\u016fm 24\/7<\/li>\r\n<li><a class=\"uk-button uk-button-large uk-margin-small-bottom\" href=\"https:\/\/igoriacard.com\/registration\/create\/en-GB\">Objednat z\u00e1kaznickou kartu<\/a><\/li>\r\n<\/ul>\r\n<\/div>\r\n<\/div>\r\n\r\n<div>\r\n<div class=\"uk-container uk-container-center uk-grid uk-grid-width-small-1-2\">\r\n<div class=\"uk-vertical-align\"><img loading=\"lazy\" decoding=\"async\" src=\"\/wp-content\/uploads\/2016\/07\/04finanse-pracownikow.jpg\" alt=\"Kartami walutowymi IgoriaCard mo\u017cne w \u0142atwy spos\u00f3b uporz\u0105dkowa\u0107 finanse pracownik\u00f3w korporacji\" width=\"315\" height=\"240\" class=\"alignnone size-full wp-image-399\" srcset=\"https:\/\/www.igoriacard.com\/cz\/wp-content\/uploads\/sites\/5\/2016\/07\/04finanse-pracownikow.jpg 315w, https:\/\/www.igoriacard.com\/cz\/wp-content\/uploads\/sites\/5\/2016\/07\/04finanse-pracownikow-300x229.jpg 300w\" sizes=\"auto, (max-width: 315px) 100vw, 315px\" \/><\/div>\r\n<ul class=\"uk-list uk-margin-bottom-remove\">\r\n<li><a href=\"online-predplacena-karta\"><h2 style=\"line-height: 27px\" class=\"uk-margin-small-bottom\">Finan\u010dn\u00ed \u0159\u00edzen\u00ed skupiny pracovn\u00edk\u016f<\/h2><\/a><\/li>\r\n<li>efektivn\u00ed \u0159\u00edzen\u00ed likvidity<\/li>\r\n<li>snadn\u00e9 vy\u00fa\u010dtov\u00e1n\u00ed  multim\u011bnov\u00fdch transakc\u00ed<\/li>\r\n<li>d\u00e1lkov\u00e9 dob\u00edjen\u00ed multim\u011bnov\u00fdch karet<\/li>\r\n<li><a class=\"uk-button uk-button-large uk-margin-small-bottom\" href=\"https:\/\/igoriacard.com\/registration\/create\/en-GB\">Objednat z\u00e1kaznickou kartu<\/a><\/li>\r\n<\/ul>\r\n<\/div>\r\n<\/div>\r\n\r\n<div>\r\n<div class=\"uk-container uk-container-center uk-grid uk-grid-width-small-1-2\">\r\n<div class=\"uk-vertical-align uk-push-1-2\"><img loading=\"lazy\" decoding=\"async\" src=\"\/wp-content\/uploads\/2016\/07\/05platnosci-wielowalutowe.jpg\" alt=\"P\u0142atno\u015bci w wielu walutach jedn\u0105 kart\u0105 walutow\u0105\" width=\"315\" height=\"240\" class=\"alignnone size-full wp-image-400\" srcset=\"https:\/\/www.igoriacard.com\/cz\/wp-content\/uploads\/sites\/5\/2016\/07\/05platnosci-wielowalutowe.jpg 315w, https:\/\/www.igoriacard.com\/cz\/wp-content\/uploads\/sites\/5\/2016\/07\/05platnosci-wielowalutowe-300x229.jpg 300w\" sizes=\"auto, (max-width: 315px) 100vw, 315px\" \/><\/div>\r\n<ul class=\"uk-list uk-margin-bottom-remove uk-pull-1-2\">\r\n<li><a href=\"https:\/\/www.igoriacard.com\/cz\/korporace\/platobna-karta-pre-viacucelove-platby\/\"><h2 style=\"line-height: 27px\" class=\"uk-margin-small-bottom\">Platebn\u00ed slu\u017eba multicurrency<\/h2><\/a><\/li>\r\n<li>vypo\u0159\u00e1d\u00e1n\u00ed tuzemsk\u00fdch a zahrani\u010dn\u00edch plateb<\/li>\r\n<li>prov\u00e1d\u011bn\u00ed plateb p\u0159es internet<\/li>\r\n<li>bezpe\u010dn\u00e9 vyb\u00edr\u00e1n\u00ed hotovosti z bankomat\u016f po cel\u00e9m sv\u011bt\u011b<\/li>\r\n<li><a class=\"uk-button uk-button-large uk-margin-small-bottom\" href=\"https:\/\/igoriacard.com\/registration\/create\/en-GB\">Objednat z\u00e1kaznickou kartu<\/a><\/li>\r\n<\/ul>\r\n<\/div>\r\n<\/div>\r\n\r\n<div>\r\n<div class=\"uk-container uk-container-center uk-grid uk-grid-width-small-1-2\">\r\n<div class=\"uk-vertical-align\"><img loading=\"lazy\" decoding=\"async\" src=\"\/wp-content\/uploads\/2016\/07\/06-programy-lojalnosciowe.jpg\" alt=\"Programy lojalno\u015bciowe mog\u0105 by\u0107 realizowane przy pomocy kart wielowalutowych IgoriaCard\" width=\"340\" height=\"240\" class=\"alignnone size-full wp-image-401\" srcset=\"https:\/\/www.igoriacard.com\/cz\/wp-content\/uploads\/sites\/5\/2016\/07\/06-programy-lojalnosciowe.jpg 340w, https:\/\/www.igoriacard.com\/cz\/wp-content\/uploads\/sites\/5\/2016\/07\/06-programy-lojalnosciowe-300x212.jpg 300w\" sizes=\"auto, (max-width: 340px) 100vw, 340px\" \/><\/div>\r\n<ul class=\"uk-list uk-margin-bottom-remove\">\r\n<li><a href=\"karta-prepaid-vernostni-program\"><h2>Rabatov\u00e9 v\u011brnostn\u00ed programy<\/h2><\/a><\/li>\r\n<li>automatick\u00fd servis v\u011brnostn\u00edch program\u016f<\/li>\r\n<li>atraktivn\u00ed slevy<\/li>\r\n<li>motiva\u010dn\u00ed programy<\/li>\r\n<li><a class=\"uk-button uk-button-large uk-margin-small-bottom\" href=\"https:\/\/igoriacard.com\/registration\/create\/en-GB\">Objednat z\u00e1kaznickou kartu<\/a><\/li>\r\n<\/ul>\r\n<\/div>\r\n<\/div>\r\n\r\n<div>\r\n<div class=\"uk-container uk-container-center uk-grid uk-grid-width-small-1-2\">\r\n<div class=\"uk-vertical-align uk-push-1-2\"><img loading=\"lazy\" decoding=\"async\" src=\"\/wp-content\/uploads\/2016\/07\/07-nagrody-dla-prcownikow.jpg\" alt=\"Nagrody dla pracownik\u00f3w realizowa\u0107 mo\u017cna przy pomocy kart wielowalutowych IgoriaCard\" width=\"315\" height=\"240\" class=\"alignnone size-full wp-image-402\" srcset=\"https:\/\/www.igoriacard.com\/cz\/wp-content\/uploads\/sites\/5\/2016\/07\/07-nagrody-dla-prcownikow.jpg 315w, https:\/\/www.igoriacard.com\/cz\/wp-content\/uploads\/sites\/5\/2016\/07\/07-nagrody-dla-prcownikow-300x229.jpg 300w\" sizes=\"auto, (max-width: 315px) 100vw, 315px\" \/><\/div>\r\n<ul class=\"uk-list uk-margin-bottom-remove uk-pull-1-2\">\r\n<li><a href=\"darkova-karta-pro-zamestnance\"><h2>Oce\u0148ov\u00e1n\u00ed zam\u011bstnanc\u016f<\/h2><\/a><\/li>\r\n<li>snadn\u00fd zp\u016fsob, jak vypl\u00e1cet bonusy a zam\u011bstnaneck\u00e9 v\u00fdhody<\/li>\r\n<li>spojen\u00ed s jednotliv\u00fdm kartov\u00fdm \u00fa\u010dtem zam\u011bstnance<\/li>\r\n<li>osvobozen\u00ed od dan\u011b z p\u0159\u00edjmu fyzick\u00fdch osob<\/li>\r\n<li><a class=\"uk-button uk-button-large uk-margin-small-bottom\" href=\"https:\/\/igoriacard.com\/registration\/create\/en-GB\">Objednat z\u00e1kaznickou kartu<\/a><\/li>\r\n<\/ul>\r\n<\/div>\r\n<\/div>\r\n\r\n<\/div>","protected":false},"excerpt":{"rendered":"<p>Nej\u010dast\u011bji nakupovan\u00e9 17 m\u011bn na jedn\u00e9 kart\u011b atraktivn\u00ed kurzy m\u011bn bez&nbsp;provize bez m\u011bnov\u00e9ho \u00fav\u011bru v&nbsp;bance p\u0159\u00edstup k finan\u010dn\u00edm prost\u0159edk\u016fm a&nbsp;historii online transakc\u00ed 24\/7 Objednat z\u00e1kaznickou kartu vyd\u00e1n\u00ed prvn\u00ed karty ZDARMA Vy\u00fa\u010dtov\u00e1n\u00ed pracovn\u00ed cestyv zahrani\u010d\u00ed ukl\u00e1d\u00e1n\u00ed faktury a potvrzen\u00ed transakc\u00ed na kart\u011b automatick\u00e1 kalkulace n\u00e1klad\u016f p\u0159i pracovn\u00ed cest\u011b kontrola v\u00fddaj\u016f a pod\u00e1v\u00e1n\u00ed zpr\u00e1v \u00fa\u010detn\u00edmu odd\u011blen\u00ed Objednat [&hellip;]<\/p>\n","protected":false},"author":1,"featured_media":373,"parent":0,"menu_order":0,"comment_status":"closed","ping_status":"closed","template":"page-common.php","meta":{"footnotes":""},"class_list":["post-15","page","type-page","status-publish","has-post-thumbnail","hentry"],"yoast_head":"<!-- This site is optimized with the Yoast SEO plugin v26.8 - https:\/\/yoast.com\/product\/yoast-seo-wordpress\/ -->\n<title>Multim\u011bnov\u00e1 karta pro korporace a podnikatele<\/title>\n<meta name=\"description\" content=\"Platebn\u00ed karta na slu\u017eebn\u00ed cesty a usnadn\u011bn\u00ed finan\u010dn\u00edho \u0159\u00edzen\u00ed.\" \/>\n<meta name=\"robots\" content=\"noindex, follow, max-snippet:-1, max-image-preview:large, max-video-preview:-1\" \/>\n<meta property=\"og:locale\" content=\"cs_CZ\" \/>\n<meta property=\"og:type\" content=\"article\" \/>\n<meta property=\"og:title\" content=\"Multim\u011bnov\u00e1 karta pro korporace a podnikatele\" \/>\n<meta property=\"og:description\" content=\"Platebn\u00ed karta na slu\u017eebn\u00ed cesty a usnadn\u011bn\u00ed finan\u010dn\u00edho \u0159\u00edzen\u00ed.\" \/>\n<meta property=\"og:url\" content=\"https:\/\/www.igoriacard.com\/cz\/korporace\/\" \/>\n<meta property=\"og:site_name\" content=\"IgoriaCard | CZ\" \/>\n<meta property=\"article:modified_time\" content=\"2019-01-22T13:15:08+00:00\" \/>\n<meta property=\"og:image\" content=\"https:\/\/www.igoriacard.com\/cz\/wp-content\/uploads\/sites\/5\/2017\/02\/01-korpo.jpg\" \/>\n\t<meta property=\"og:image:width\" content=\"1722\" \/>\n\t<meta property=\"og:image:height\" content=\"784\" \/>\n\t<meta property=\"og:image:type\" content=\"image\/jpeg\" \/>\n<meta name=\"twitter:card\" content=\"summary_large_image\" \/>\n<meta name=\"twitter:label1\" content=\"Odhadovan\u00e1 doba \u010dten\u00ed\" \/>\n\t<meta name=\"twitter:data1\" content=\"1 minuta\" \/>\n<script type=\"application\/ld+json\" class=\"yoast-schema-graph\">{\"@context\":\"https:\/\/schema.org\",\"@graph\":[{\"@type\":\"WebPage\",\"@id\":\"https:\/\/www.igoriacard.com\/cz\/korporace\/\",\"url\":\"https:\/\/www.igoriacard.com\/cz\/korporace\/\",\"name\":\"Multim\u011bnov\u00e1 karta pro korporace a podnikatele\",\"isPartOf\":{\"@id\":\"https:\/\/www.igoriacard.com\/cz\/#website\"},\"primaryImageOfPage\":{\"@id\":\"https:\/\/www.igoriacard.com\/cz\/korporace\/#primaryimage\"},\"image\":{\"@id\":\"https:\/\/www.igoriacard.com\/cz\/korporace\/#primaryimage\"},\"thumbnailUrl\":\"https:\/\/www.igoriacard.com\/cz\/wp-content\/uploads\/sites\/5\/2017\/02\/01-korpo.jpg\",\"datePublished\":\"2016-07-21T11:03:11+00:00\",\"dateModified\":\"2019-01-22T13:15:08+00:00\",\"description\":\"Platebn\u00ed karta na slu\u017eebn\u00ed cesty a usnadn\u011bn\u00ed finan\u010dn\u00edho \u0159\u00edzen\u00ed.\",\"breadcrumb\":{\"@id\":\"https:\/\/www.igoriacard.com\/cz\/korporace\/#breadcrumb\"},\"inLanguage\":\"cs\",\"potentialAction\":[{\"@type\":\"ReadAction\",\"target\":[\"https:\/\/www.igoriacard.com\/cz\/korporace\/\"]}]},{\"@type\":\"ImageObject\",\"inLanguage\":\"cs\",\"@id\":\"https:\/\/www.igoriacard.com\/cz\/korporace\/#primaryimage\",\"url\":\"https:\/\/www.igoriacard.com\/cz\/wp-content\/uploads\/sites\/5\/2017\/02\/01-korpo.jpg\",\"contentUrl\":\"https:\/\/www.igoriacard.com\/cz\/wp-content\/uploads\/sites\/5\/2017\/02\/01-korpo.jpg\",\"width\":1722,\"height\":784,\"caption\":\"Systemy rozwi\u0105za\u0144 kart prepaid dla korporacji\"},{\"@type\":\"BreadcrumbList\",\"@id\":\"https:\/\/www.igoriacard.com\/cz\/korporace\/#breadcrumb\",\"itemListElement\":[{\"@type\":\"ListItem\",\"position\":1,\"name\":\"Home\",\"item\":\"https:\/\/www.igoriacard.com\/cz\/\"},{\"@type\":\"ListItem\",\"position\":2,\"name\":\"Korporace\"}]},{\"@type\":\"WebSite\",\"@id\":\"https:\/\/www.igoriacard.com\/cz\/#website\",\"url\":\"https:\/\/www.igoriacard.com\/cz\/\",\"name\":\"IgoriaCard | CZ\",\"description\":\"\",\"potentialAction\":[{\"@type\":\"SearchAction\",\"target\":{\"@type\":\"EntryPoint\",\"urlTemplate\":\"https:\/\/www.igoriacard.com\/cz\/?s={search_term_string}\"},\"query-input\":{\"@type\":\"PropertyValueSpecification\",\"valueRequired\":true,\"valueName\":\"search_term_string\"}}],\"inLanguage\":\"cs\"}]}<\/script>\n<!-- \/ Yoast SEO plugin. -->","yoast_head_json":{"title":"Multim\u011bnov\u00e1 karta pro korporace a podnikatele","description":"Platebn\u00ed karta na slu\u017eebn\u00ed cesty a usnadn\u011bn\u00ed finan\u010dn\u00edho \u0159\u00edzen\u00ed.","robots":{"index":"noindex","follow":"follow","max-snippet":"max-snippet:-1","max-image-preview":"max-image-preview:large","max-video-preview":"max-video-preview:-1"},"og_locale":"cs_CZ","og_type":"article","og_title":"Multim\u011bnov\u00e1 karta pro korporace a podnikatele","og_description":"Platebn\u00ed karta na slu\u017eebn\u00ed cesty a usnadn\u011bn\u00ed finan\u010dn\u00edho \u0159\u00edzen\u00ed.","og_url":"https:\/\/www.igoriacard.com\/cz\/korporace\/","og_site_name":"IgoriaCard | CZ","article_modified_time":"2019-01-22T13:15:08+00:00","og_image":[{"width":1722,"height":784,"url":"https:\/\/www.igoriacard.com\/cz\/wp-content\/uploads\/sites\/5\/2017\/02\/01-korpo.jpg","type":"image\/jpeg"}],"twitter_card":"summary_large_image","twitter_misc":{"Odhadovan\u00e1 doba \u010dten\u00ed":"1 minuta"},"schema":{"@context":"https:\/\/schema.org","@graph":[{"@type":"WebPage","@id":"https:\/\/www.igoriacard.com\/cz\/korporace\/","url":"https:\/\/www.igoriacard.com\/cz\/korporace\/","name":"Multim\u011bnov\u00e1 karta pro korporace a podnikatele","isPartOf":{"@id":"https:\/\/www.igoriacard.com\/cz\/#website"},"primaryImageOfPage":{"@id":"https:\/\/www.igoriacard.com\/cz\/korporace\/#primaryimage"},"image":{"@id":"https:\/\/www.igoriacard.com\/cz\/korporace\/#primaryimage"},"thumbnailUrl":"https:\/\/www.igoriacard.com\/cz\/wp-content\/uploads\/sites\/5\/2017\/02\/01-korpo.jpg","datePublished":"2016-07-21T11:03:11+00:00","dateModified":"2019-01-22T13:15:08+00:00","description":"Platebn\u00ed karta na slu\u017eebn\u00ed cesty a usnadn\u011bn\u00ed finan\u010dn\u00edho \u0159\u00edzen\u00ed.","breadcrumb":{"@id":"https:\/\/www.igoriacard.com\/cz\/korporace\/#breadcrumb"},"inLanguage":"cs","potentialAction":[{"@type":"ReadAction","target":["https:\/\/www.igoriacard.com\/cz\/korporace\/"]}]},{"@type":"ImageObject","inLanguage":"cs","@id":"https:\/\/www.igoriacard.com\/cz\/korporace\/#primaryimage","url":"https:\/\/www.igoriacard.com\/cz\/wp-content\/uploads\/sites\/5\/2017\/02\/01-korpo.jpg","contentUrl":"https:\/\/www.igoriacard.com\/cz\/wp-content\/uploads\/sites\/5\/2017\/02\/01-korpo.jpg","width":1722,"height":784,"caption":"Systemy rozwi\u0105za\u0144 kart prepaid dla korporacji"},{"@type":"BreadcrumbList","@id":"https:\/\/www.igoriacard.com\/cz\/korporace\/#breadcrumb","itemListElement":[{"@type":"ListItem","position":1,"name":"Home","item":"https:\/\/www.igoriacard.com\/cz\/"},{"@type":"ListItem","position":2,"name":"Korporace"}]},{"@type":"WebSite","@id":"https:\/\/www.igoriacard.com\/cz\/#website","url":"https:\/\/www.igoriacard.com\/cz\/","name":"IgoriaCard | CZ","description":"","potentialAction":[{"@type":"SearchAction","target":{"@type":"EntryPoint","urlTemplate":"https:\/\/www.igoriacard.com\/cz\/?s={search_term_string}"},"query-input":{"@type":"PropertyValueSpecification","valueRequired":true,"valueName":"search_term_string"}}],"inLanguage":"cs"}]}},"_links":{"self":[{"href":"https:\/\/www.igoriacard.com\/cz\/wp-json\/wp\/v2\/pages\/15","targetHints":{"allow":["GET"]}}],"collection":[{"href":"https:\/\/www.igoriacard.com\/cz\/wp-json\/wp\/v2\/pages"}],"about":[{"href":"https:\/\/www.igoriacard.com\/cz\/wp-json\/wp\/v2\/types\/page"}],"author":[{"embeddable":true,"href":"https:\/\/www.igoriacard.com\/cz\/wp-json\/wp\/v2\/users\/1"}],"replies":[{"embeddable":true,"href":"https:\/\/www.igoriacard.com\/cz\/wp-json\/wp\/v2\/comments?post=15"}],"version-history":[{"count":17,"href":"https:\/\/www.igoriacard.com\/cz\/wp-json\/wp\/v2\/pages\/15\/revisions"}],"predecessor-version":[{"id":2983,"href":"https:\/\/www.igoriacard.com\/cz\/wp-json\/wp\/v2\/pages\/15\/revisions\/2983"}],"wp:featuredmedia":[{"embeddable":true,"href":"https:\/\/www.igoriacard.com\/cz\/wp-json\/wp\/v2\/media\/373"}],"wp:attachment":[{"href":"https:\/\/www.igoriacard.com\/cz\/wp-json\/wp\/v2\/media?parent=15"}],"curies":[{"name":"wp","href":"https:\/\/api.w.org\/{rel}","templated":true}]}}