{"id":1749,"date":"2018-04-13T13:03:13","date_gmt":"2018-04-13T11:03:13","guid":{"rendered":"https:\/\/www.igoriacard.com\/?page_id=1749"},"modified":"2020-11-23T08:31:44","modified_gmt":"2020-11-23T07:31:44","slug":"strona-glowna-2","status":"publish","type":"page","link":"https:\/\/www.igoriacard.com\/cz\/","title":{"rendered":"Strona g\u0142\u00f3wna"},"content":{"rendered":"<div class=\"uk-block-muted ic-padding-top ic-padding-large-bottom\">\r\n<p class=\"uk-text-large uk-container uk-container-center uk-text-center uk-padding uk-text-muted uk-margin-top\">Pohodln\u00e9 bezhotovostn\u00ed platby po cel\u00e9m sv\u011bt\u011b. P\u0159\u00edstup k prost\u0159edk\u016fm online 24\/7.Transfer p\u0159evodem z v\u00edce ne\u017e 40 bank na sv\u011bt\u011b. Flexibiln\u00ed limity transakc\u00ed.<\/p>\r\n\r\n<\/div>\r\n<div id=\"cards\" class=\"uk-container uk-container-center\">\r\n<h1 class=\"ic-lato uk-text-center uk-text-muted uk-margin-bottom uk-margin-top uk-h2 uk-text-bold\">Multiplatformov\u00e1 plastov\u00e1 karta<\/h1>\r\n<div class=\"uk-flex uk-flex-center uk-flex-top uk-flex-wrap ic-padding-top\">\r\n<div class=\"uk-margin-large-bottom uk-text-center\">\r\n<div class=\"uk-position-relative\">\r\n\r\n<img loading=\"lazy\" decoding=\"async\" class=\"aligncenter size-medium wp-image-1507\" src=\"https:\/\/www.igoriacard.com\/wp-content\/uploads\/2018\/03\/karta-plastik-300x189.png\" alt=\"\" width=\"300\" height=\"189\" srcset=\"https:\/\/www.igoriacard.com\/cz\/wp-content\/uploads\/sites\/5\/2018\/03\/karta-plastik-300x189.png 300w, https:\/\/www.igoriacard.com\/cz\/wp-content\/uploads\/sites\/5\/2018\/03\/karta-plastik.png 366w\" sizes=\"auto, (max-width: 300px) 100vw, 300px\" \/>\r\n\r\n<!-- Discount bubble -->\r\n<div class=\"uk-badge-warning uk-contrast uk-border-circle uk-text-bold uk-position-absolute card-1\" style=\"\r\n    width: 135px;\r\n    height: 135px;\r\n    top: 9px;\r\n    bottom: 0;\r\n    margin: auto;\r\n    left: -65px;\r\n    \">\r\n<p style=\"margin-top: 20px;margin-bottom: 0\">Vyd\u00e1n\u00ed<br\/>prvn\u00ed karty<\/p>\r\n<span class=\"uk-h2\">ZDARMA<\/span>\r\n\r\n<\/div>\r\n<!-- End of discount bubble -->\r\n\r\n<\/div>\r\n<a class=\"uk-button uk-button-large ic-button-blue uk-margin-large-top\" href=\"https:\/\/igoriacard.com\/registration\/create\/en-GB\">Objednat z\u00e1kaznickou kartu<\/a>\r\n\r\n<\/div>\r\n<div class=\"uk-width-medium-1-2\">\r\n<ul class=\"uk-text-muted uk-margin-top uk-margin-left\">\r\n \t<li>Mastercard fyzick\u00e1 karta pro soukrom\u00e9ho u\u017eivatele<\/li>\r\n \t<li>Embosovan\u00e1 karta, modern\u00ed M \/ Chip Advance, bezkontaktn\u00ed platby NFC a tradi\u010dn\u00ed magnetick\u00fd prou\u017eek &#8211; pln\u00e1 v\u0161estrannost a pohodln\u00e9 cestov\u00e1n\u00ed<\/li>\r\n \t<li>Mo\u017enost objedn\u00e1n\u00ed n\u00e1hradn\u00ed karty na stejn\u00fd \u00fa\u010det<\/li>\r\n \t<li>V bal\u00edku s kartou ZDARMA je multi-m\u011bnov\u00fd \u00fa\u010det pro 17 m\u011bn<\/li>\r\n \t<li>Registrace, objedn\u00e1v\u00e1n\u00ed a zpracov\u00e1n\u00ed on-line karty<\/li>\r\n \t<li>Dod\u00e1vka karty na jak\u00e9koliv m\u00edsto na sv\u011bt\u011b<\/li>\r\n \t<li>Schopnost vytv\u00e1\u0159eni hierarchii vedlej\u0161\u00edch \u00fa\u010dt\u016f<\/li>\r\n \t<li>\u00da\u010dty proxy a vytv\u00e1\u0159en\u00ed skupin karet v r\u00e1mci va\u0161\u00ed pen\u011b\u017eenky<\/li>\r\n \t<li>\u0158\u00edzen\u00ed p\u0159\u00edstupu, limit\u016f u platebn\u00edch karet a p\u0159\u00edstupu k prost\u0159edk\u016fm spr\u00e1vcem webu<\/li>\r\n \t<li>V\u00fdm\u011bna m\u011bn na platform\u011b s p\u0159\u00edstupem k 136 m\u011bnov\u00fdch p\u00e1r\u016f<\/li>\r\n \t<li>Vklad s bezplatn\u00fdm bankovn\u00edm p\u0159evodem od v\u011bt\u0161iny bank<\/li>\r\n<\/ul>\r\n<\/div>\r\n<\/div>\r\n<p id=\"virtual-card\" class=\"uk-text-large uk-text-center uk-text-muted ic-padding-large-top ic-padding-large-bottom\">IgoriaCard v\u00e1m umo\u017e\u0148uje platit ve v\u00edce ne\u017e 150 m\u011bn\u00e1ch kdekoliv na sv\u011bt\u011b &#8211; automaticky se p\u0159izp\u016fsob\u00ed m\u011bn\u011b zem\u011b, ve kter\u00e9 se pr\u00e1v\u011b nach\u00e1z\u00edte.<\/p>\r\n<\/div>\r\n\r\n<div class=\"uk-block-muted ic-padding-large-top ic-padding-large-bottom\">\r\n<h2 class=\"ic-lato uk-text-center uk-text-muted\">Multim\u011bnov\u00e1 virtu\u00e1ln\u00ed karta<\/h2>\r\n<div class=\"uk-grid uk-grid-collapse uk-container uk-container-center ic-padding-top\">\r\n\r\n<div class=\"uk-width-medium-1-2\">\r\n<ul class=\"uk-text-muted uk-margin-top\">\r\n \t<li>virtu\u00e1ln\u00ed karta Mastercard pro individu\u00e1ln\u00edho u\u017eivatele<\/li>\r\n \t<li>IIde\u00e1ln\u00ed jako dodate\u010dn\u00e1 karta ur\u010den\u00e1 pro on-line platby v ciz\u00edch m\u011bn\u00e1ch<\/li>\r\n \t<li>Dal\u0161\u00ed zabezpe\u010den\u00ed d\u00edky schopnosti zablokov\u00e1n\u00ed nebo odblokov\u00e1n\u00ed karty kdykoliv<\/li>\r\n        <li>Karta je vyd\u00e1v\u00e1na okam\u017eit\u011b registrovan\u00fdm u\u017eivatel\u016fm platformy IgoriaCard a p\u0159ipravena k aktivaci b\u011bhem n\u011bkolika minut po objedn\u00e1ni<\/li>\r\n        <li>Mo\u017enost objedn\u00e1n\u00ed karty na stejn\u00fd \u00fa\u010det jako fyzick\u00e1 karta nebo na vedlej\u0161\u00ed \u00fa\u010det<\/li>\r\n \t<li>V bal\u00edku s kartou ZDARMA je multi-m\u011bnov\u00fd \u00fa\u010det pro 17 m\u011bn<\/li>\r\n \t<li>\u0158\u00edzen\u00ed p\u0159\u00edstupu, limit\u016f u platebn\u00edch karet a p\u0159\u00edstupu k prost\u0159edk\u016fm spr\u00e1vcem webu<\/li>\r\n \t<li>V\u00fdm\u011bna m\u011bn na platform\u011b s p\u0159\u00edstupem k 136 m\u011bnov\u00fdch p\u00e1r\u016f<\/li>\r\n<\/ul>\r\n<\/div>\r\n\r\n<div class=\"uk-width-medium-1-2 uk-text-center ic-flex-reverse-small\">\r\n<div class=\"uk-position-relative uk-display-inline-block uk-margin-large-bottom uk-text-center\">\r\n\r\n<img loading=\"lazy\" decoding=\"async\" class=\"aligncenter size-medium wp-image-1508\" src=\"https:\/\/www.igoriacard.com\/wp-content\/uploads\/2018\/03\/karta-wirtualna-300x190.png\" alt=\"\" width=\"300\" height=\"190\" srcset=\"https:\/\/www.igoriacard.com\/cz\/wp-content\/uploads\/sites\/5\/2018\/03\/karta-wirtualna-300x190.png 300w, https:\/\/www.igoriacard.com\/cz\/wp-content\/uploads\/sites\/5\/2018\/03\/karta-wirtualna.png 366w\" sizes=\"auto, (max-width: 300px) 100vw, 300px\" \/>\r\n\r\n<!-- Discount bubble -->\r\n<div class=\"uk-badge-warning uk-contrast uk-border-circle uk-text-bold uk-position-absolute card-1\" style=\"\r\n    width: 135px;\r\n    height: 135px;\r\n    top: 9px;\r\n    bottom: 0;\r\n    margin: auto;\r\n    left: -65px;\r\n    \">\r\n<p style=\"margin-top: 20px;margin-bottom: 0\">Vyd\u00e1n\u00ed<br\/>prvn\u00ed karty<\/p>\r\n<span class=\"uk-h2\">GRATIS<\/span>\r\n\r\n<\/div>\r\n<!-- End of discount bubble -->\r\n\r\n<\/div>\r\n<div><a class=\"uk-button uk-button-large ic-button-blue uk-margin-top\" href=\"https:\/\/igoriacard.com\/registration\/create\/en-GB\">Objednat Z\u00e1kaznickou kartu<\/a><\/div>\r\n<\/div>\r\n\r\n<\/div>\r\n<\/div>\r\n<p class=\"uk-text-large uk-text-center uk-text-muted uk-container-uk-container-center ic-padding-large-top ic-padding-large-bottom\">Vym\u011b\u0148te si u n\u00e1s online dle nejlep\u0161\u00edho kurzu.<\/p>\r\n\r\n<hr \/>\r\n\r\n<div class=\"ic-aktualnosci uk-grid uk-grid-small uk-grid-width-medium-1-3 uk-container uk-container-center uk-margin-large-top uk-margin-bottom\"><\/div>\r\n<div class=\"uk-block-primary uk-contrast\">\r\n<p class=\"uk-container uk-container-center uk-text-center uk-text-large ic-padding-bottom\">IgoriaCard pokr\u00fdv\u00e1 transakce z 17 m\u011bnov\u00fdch \u00fa\u010dt\u016f nebo automatick\u00fd m\u011bni \u010desk\u00e9 koruny za ciz\u00ed m\u011bnu podle nejv\u00fdhodn\u011bj\u0161\u00edho kurzu ve sm\u011bn\u00e1rn\u011b.<\/p>\r\n<\/div>\r\n\r\n<div class=\"uk-container uk-container-center uk-margin-large-bottom\">\r\n<div class=\"uk-slidenav-position\">\r\n<div class=\"uk-slider-container\">\r\n<ul class=\"uk-slider uk-grid-width-1-1 uk-text-center\">\r\n\t<li><img decoding=\"async\" class=\"uk-border-circle uk-margin-large-top\" src=\"\/wp-content\/uploads\/2017\/02\/opinie-facet.png\" \/>\r\n\t\t<p class=\"ic-text-normal uk-margin-bottom-remove\">Adam<\/p>\r\n\t\t<p class=\"uk-text-small uk-text-muted uk-margin-top-remove\">CEO&amp;Founder<\/p>\r\n\t\t<p class=\"uk-text-justify uk-width-medium-2-3 uk-container-center\">IgoriaCard uleh\u010dila na\u0161i firmu uspo\u0159\u00e1d\u00e1n\u00ed firemn\u00edch plateb, zejm\u00e9na pomohla vypo\u0159\u00e1dat platby uskute\u010dn\u011bn\u00e9 b\u011bhem slu\u017eebn\u00edch cest. Automatick\u00fd syst\u00e9m umo\u017e\u0148uje \u0159\u00eddit v\u00fddaje spole\u010dnosti a optimalizovat n\u00e1klady.<\/p>\r\n\t<\/li>\r\n \t<li><img decoding=\"async\" class=\"uk-border-circle uk-margin-large-top\" src=\"\/wp-content\/uploads\/2017\/02\/opinie-bebka.png\" \/>\r\n\t\t<p class=\"ic-text-normal uk-margin-bottom-remove\">Izabela<\/p>\r\n\t\t<p class=\"uk-text-small uk-text-muted uk-margin-top-remove\">CEO<\/p>\r\n\t\t<p class=\"uk-text-justify uk-width-medium-2-3 uk-container-center\">Kdy\u017e sem se dozv\u011bd\u011bl o tom, \u017ee na jedn\u00e9 kart\u011b je a\u017e 17 m\u011bn, rozhodl sem se ji okam\u017eit\u011b koupit. Kdy\u017e mam pen\u011b\u017eenku s n\u011bkolika m\u011bnami, mohu rychle platit kartou nejen na internetu, ale i v zahrani\u010d\u00ed. M\u00e1m jednu kartu pro v\u0161echny druhy plateb &#8211; je to obrovsk\u00e1 v\u00fdhoda! Kartu doporu\u010duju v\u0161em osob\u00e1m, ker\u00e9 obchoduj\u00ed s m\u011bnami ka\u017edej den.<\/p>\r\n\t<\/li>\r\n \t<li><img decoding=\"async\" class=\"uk-border-circle uk-margin-large-top\" src=\"\/wp-content\/uploads\/2017\/02\/opinie-bebka.png\" \/>\r\n\t\t<p class=\"ic-text-normal uk-margin-bottom-remove\">Monika<\/p>\r\n\t\t<p class=\"uk-text-small uk-text-muted uk-margin-top-remove\">Office Manager<\/p>\r\n\t\t<p class=\"uk-text-justify uk-width-medium-2-3 uk-container-center\">Vypo\u0159\u00e1d\u00e1me \u00fa\u010dty s dodavateli v r\u016fzn\u00fdch m\u011bn\u00e1ch. Dlouho jsme hledali \u0159e\u0161en\u00ed, kter\u00e9 n\u00e1m pom\u016f\u017ee sn\u00ed\u017eit transak\u010dn\u00ed n\u00e1klady, v\u010detn\u011b kurzu m\u011bn. D\u00edky spole\u010dnosti IgoriaCard m\u016f\u017eeme vypo\u0159\u00e1d\u00e1vat \u00fa\u010dty s dodavateli po cel\u00e9m sv\u011bt\u011b, sm\u011b\u0148ovat m\u011bny p\u0159i p\u0159\u00edzniv\u00e9m v\u00fdvoji kurzu a  diky  virtu\u00e1ln\u00edm multim\u011bnov\u00fdm  kartam, vypo\u0159\u00e1dat ka\u017edodenn\u00ed dalkov\u00e9 platby.<\/p>\r\n\t<\/li>\r\n<\/ul>\r\n<\/div>\r\n    <a href=\"\" class=\"uk-slidenav uk-slidenav-previous\"><\/a>\r\n    <a href=\"\" class=\"uk-slidenav uk-slidenav-next\"><\/a>\r\n<\/div>\r\n\r\n<\/div>","protected":false},"excerpt":{"rendered":"<p>Pohodln\u00e9 bezhotovostn\u00ed platby po cel\u00e9m sv\u011bt\u011b. P\u0159\u00edstup k prost\u0159edk\u016fm online 24\/7.Transfer p\u0159evodem z v\u00edce ne\u017e 40 bank na sv\u011bt\u011b. Flexibiln\u00ed limity transakc\u00ed. Multiplatformov\u00e1 plastov\u00e1 karta Vyd\u00e1n\u00edprvn\u00ed karty ZDARMA Objednat z\u00e1kaznickou kartu Mastercard fyzick\u00e1 karta pro soukrom\u00e9ho u\u017eivatele Embosovan\u00e1 karta, modern\u00ed M \/ Chip Advance, bezkontaktn\u00ed platby NFC a tradi\u010dn\u00ed magnetick\u00fd prou\u017eek &#8211; pln\u00e1 v\u0161estrannost a [&hellip;]<\/p>\n","protected":false},"author":1,"featured_media":0,"parent":0,"menu_order":0,"comment_status":"closed","ping_status":"closed","template":"front-page.php","meta":{"footnotes":""},"class_list":["post-1749","page","type-page","status-publish","hentry"],"yoast_head":"<!-- This site is optimized with the Yoast SEO plugin v26.8 - https:\/\/yoast.com\/product\/yoast-seo-wordpress\/ -->\n<title>Chytr\u00e1 multim\u011bnov\u00e1 karta (Prepaid Card) - IgoriaCard<\/title>\n<meta name=\"description\" content=\"Multim\u011bnov\u00e1 platebn\u00ed karta je vynikaj\u00edc\u00ed platebn\u00ed n\u00e1stroj, kter\u00fd budete m\u00edt v pen\u011b\u017eence b\u011bhem v\u00fdlet\u016f a cest. P\u0159edplacen\u00e1 karta (Prepaid) m\u016f\u017ee b\u00fdt pou\u017eita po cel\u00e9m sv\u011bt\u011b\" \/>\n<meta name=\"robots\" content=\"noindex, follow, max-snippet:-1, max-image-preview:large, max-video-preview:-1\" \/>\n<meta property=\"og:locale\" content=\"cs_CZ\" \/>\n<meta property=\"og:type\" content=\"article\" \/>\n<meta property=\"og:title\" content=\"Chytr\u00e1 multim\u011bnov\u00e1 karta (Prepaid Card) - IgoriaCard\" \/>\n<meta property=\"og:description\" content=\"Multim\u011bnov\u00e1 platebn\u00ed karta je vynikaj\u00edc\u00ed platebn\u00ed n\u00e1stroj, kter\u00fd budete m\u00edt v pen\u011b\u017eence b\u011bhem v\u00fdlet\u016f a cest. P\u0159edplacen\u00e1 karta (Prepaid) m\u016f\u017ee b\u00fdt pou\u017eita po cel\u00e9m sv\u011bt\u011b\" \/>\n<meta property=\"og:url\" content=\"https:\/\/www.igoriacard.com\/cz\/\" \/>\n<meta property=\"og:site_name\" content=\"IgoriaCard | CZ\" \/>\n<meta property=\"article:modified_time\" content=\"2020-11-23T07:31:44+00:00\" \/>\n<meta property=\"og:image\" content=\"https:\/\/www.igoriacard.com\/cz\/wp-content\/uploads\/sites\/5\/2018\/06\/ic-karta-og-1-1.jpg\" \/>\n\t<meta property=\"og:image:width\" content=\"940\" \/>\n\t<meta property=\"og:image:height\" content=\"515\" \/>\n\t<meta property=\"og:image:type\" content=\"image\/jpeg\" \/>\n<meta name=\"twitter:card\" content=\"summary_large_image\" \/>\n<meta name=\"twitter:label1\" content=\"Odhadovan\u00e1 doba \u010dten\u00ed\" \/>\n\t<meta name=\"twitter:data1\" content=\"3 minuty\" \/>\n<script type=\"application\/ld+json\" class=\"yoast-schema-graph\">{\"@context\":\"https:\/\/schema.org\",\"@graph\":[{\"@type\":\"WebPage\",\"@id\":\"https:\/\/www.igoriacard.com\/cz\/\",\"url\":\"https:\/\/www.igoriacard.com\/cz\/\",\"name\":\"Chytr\u00e1 multim\u011bnov\u00e1 karta (Prepaid Card) - IgoriaCard\",\"isPartOf\":{\"@id\":\"https:\/\/www.igoriacard.com\/cz\/#website\"},\"primaryImageOfPage\":{\"@id\":\"https:\/\/www.igoriacard.com\/cz\/#primaryimage\"},\"image\":{\"@id\":\"https:\/\/www.igoriacard.com\/cz\/#primaryimage\"},\"thumbnailUrl\":\"https:\/\/www.igoriacard.com\/wp-content\/uploads\/2018\/03\/karta-plastik-300x189.png\",\"datePublished\":\"2018-04-13T11:03:13+00:00\",\"dateModified\":\"2020-11-23T07:31:44+00:00\",\"description\":\"Multim\u011bnov\u00e1 platebn\u00ed karta je vynikaj\u00edc\u00ed platebn\u00ed n\u00e1stroj, kter\u00fd budete m\u00edt v pen\u011b\u017eence b\u011bhem v\u00fdlet\u016f a cest. P\u0159edplacen\u00e1 karta (Prepaid) m\u016f\u017ee b\u00fdt pou\u017eita po cel\u00e9m sv\u011bt\u011b\",\"breadcrumb\":{\"@id\":\"https:\/\/www.igoriacard.com\/cz\/#breadcrumb\"},\"inLanguage\":\"cs\",\"potentialAction\":[{\"@type\":\"ReadAction\",\"target\":[\"https:\/\/www.igoriacard.com\/cz\/\"]}]},{\"@type\":\"ImageObject\",\"inLanguage\":\"cs\",\"@id\":\"https:\/\/www.igoriacard.com\/cz\/#primaryimage\",\"url\":\"https:\/\/www.igoriacard.com\/wp-content\/uploads\/2018\/03\/karta-plastik-300x189.png\",\"contentUrl\":\"https:\/\/www.igoriacard.com\/wp-content\/uploads\/2018\/03\/karta-plastik-300x189.png\"},{\"@type\":\"BreadcrumbList\",\"@id\":\"https:\/\/www.igoriacard.com\/cz\/#breadcrumb\",\"itemListElement\":[{\"@type\":\"ListItem\",\"position\":1,\"name\":\"Home\",\"item\":\"https:\/\/www.igoriacard.com\/cz\/\"},{\"@type\":\"ListItem\",\"position\":2,\"name\":\"Strona g\u0142\u00f3wna\"}]},{\"@type\":\"WebSite\",\"@id\":\"https:\/\/www.igoriacard.com\/cz\/#website\",\"url\":\"https:\/\/www.igoriacard.com\/cz\/\",\"name\":\"IgoriaCard | CZ\",\"description\":\"\",\"potentialAction\":[{\"@type\":\"SearchAction\",\"target\":{\"@type\":\"EntryPoint\",\"urlTemplate\":\"https:\/\/www.igoriacard.com\/cz\/?s={search_term_string}\"},\"query-input\":{\"@type\":\"PropertyValueSpecification\",\"valueRequired\":true,\"valueName\":\"search_term_string\"}}],\"inLanguage\":\"cs\"}]}<\/script>\n<!-- \/ Yoast SEO plugin. -->","yoast_head_json":{"title":"Chytr\u00e1 multim\u011bnov\u00e1 karta (Prepaid Card) - IgoriaCard","description":"Multim\u011bnov\u00e1 platebn\u00ed karta je vynikaj\u00edc\u00ed platebn\u00ed n\u00e1stroj, kter\u00fd budete m\u00edt v pen\u011b\u017eence b\u011bhem v\u00fdlet\u016f a cest. P\u0159edplacen\u00e1 karta (Prepaid) m\u016f\u017ee b\u00fdt pou\u017eita po cel\u00e9m sv\u011bt\u011b","robots":{"index":"noindex","follow":"follow","max-snippet":"max-snippet:-1","max-image-preview":"max-image-preview:large","max-video-preview":"max-video-preview:-1"},"og_locale":"cs_CZ","og_type":"article","og_title":"Chytr\u00e1 multim\u011bnov\u00e1 karta (Prepaid Card) - IgoriaCard","og_description":"Multim\u011bnov\u00e1 platebn\u00ed karta je vynikaj\u00edc\u00ed platebn\u00ed n\u00e1stroj, kter\u00fd budete m\u00edt v pen\u011b\u017eence b\u011bhem v\u00fdlet\u016f a cest. P\u0159edplacen\u00e1 karta (Prepaid) m\u016f\u017ee b\u00fdt pou\u017eita po cel\u00e9m sv\u011bt\u011b","og_url":"https:\/\/www.igoriacard.com\/cz\/","og_site_name":"IgoriaCard | CZ","article_modified_time":"2020-11-23T07:31:44+00:00","og_image":[{"width":940,"height":515,"url":"https:\/\/www.igoriacard.com\/cz\/wp-content\/uploads\/sites\/5\/2018\/06\/ic-karta-og-1-1.jpg","type":"image\/jpeg"}],"twitter_card":"summary_large_image","twitter_misc":{"Odhadovan\u00e1 doba \u010dten\u00ed":"3 minuty"},"schema":{"@context":"https:\/\/schema.org","@graph":[{"@type":"WebPage","@id":"https:\/\/www.igoriacard.com\/cz\/","url":"https:\/\/www.igoriacard.com\/cz\/","name":"Chytr\u00e1 multim\u011bnov\u00e1 karta (Prepaid Card) - IgoriaCard","isPartOf":{"@id":"https:\/\/www.igoriacard.com\/cz\/#website"},"primaryImageOfPage":{"@id":"https:\/\/www.igoriacard.com\/cz\/#primaryimage"},"image":{"@id":"https:\/\/www.igoriacard.com\/cz\/#primaryimage"},"thumbnailUrl":"https:\/\/www.igoriacard.com\/wp-content\/uploads\/2018\/03\/karta-plastik-300x189.png","datePublished":"2018-04-13T11:03:13+00:00","dateModified":"2020-11-23T07:31:44+00:00","description":"Multim\u011bnov\u00e1 platebn\u00ed karta je vynikaj\u00edc\u00ed platebn\u00ed n\u00e1stroj, kter\u00fd budete m\u00edt v pen\u011b\u017eence b\u011bhem v\u00fdlet\u016f a cest. P\u0159edplacen\u00e1 karta (Prepaid) m\u016f\u017ee b\u00fdt pou\u017eita po cel\u00e9m sv\u011bt\u011b","breadcrumb":{"@id":"https:\/\/www.igoriacard.com\/cz\/#breadcrumb"},"inLanguage":"cs","potentialAction":[{"@type":"ReadAction","target":["https:\/\/www.igoriacard.com\/cz\/"]}]},{"@type":"ImageObject","inLanguage":"cs","@id":"https:\/\/www.igoriacard.com\/cz\/#primaryimage","url":"https:\/\/www.igoriacard.com\/wp-content\/uploads\/2018\/03\/karta-plastik-300x189.png","contentUrl":"https:\/\/www.igoriacard.com\/wp-content\/uploads\/2018\/03\/karta-plastik-300x189.png"},{"@type":"BreadcrumbList","@id":"https:\/\/www.igoriacard.com\/cz\/#breadcrumb","itemListElement":[{"@type":"ListItem","position":1,"name":"Home","item":"https:\/\/www.igoriacard.com\/cz\/"},{"@type":"ListItem","position":2,"name":"Strona g\u0142\u00f3wna"}]},{"@type":"WebSite","@id":"https:\/\/www.igoriacard.com\/cz\/#website","url":"https:\/\/www.igoriacard.com\/cz\/","name":"IgoriaCard | CZ","description":"","potentialAction":[{"@type":"SearchAction","target":{"@type":"EntryPoint","urlTemplate":"https:\/\/www.igoriacard.com\/cz\/?s={search_term_string}"},"query-input":{"@type":"PropertyValueSpecification","valueRequired":true,"valueName":"search_term_string"}}],"inLanguage":"cs"}]}},"_links":{"self":[{"href":"https:\/\/www.igoriacard.com\/cz\/wp-json\/wp\/v2\/pages\/1749","targetHints":{"allow":["GET"]}}],"collection":[{"href":"https:\/\/www.igoriacard.com\/cz\/wp-json\/wp\/v2\/pages"}],"about":[{"href":"https:\/\/www.igoriacard.com\/cz\/wp-json\/wp\/v2\/types\/page"}],"author":[{"embeddable":true,"href":"https:\/\/www.igoriacard.com\/cz\/wp-json\/wp\/v2\/users\/1"}],"replies":[{"embeddable":true,"href":"https:\/\/www.igoriacard.com\/cz\/wp-json\/wp\/v2\/comments?post=1749"}],"version-history":[{"count":25,"href":"https:\/\/www.igoriacard.com\/cz\/wp-json\/wp\/v2\/pages\/1749\/revisions"}],"predecessor-version":[{"id":3057,"href":"https:\/\/www.igoriacard.com\/cz\/wp-json\/wp\/v2\/pages\/1749\/revisions\/3057"}],"wp:attachment":[{"href":"https:\/\/www.igoriacard.com\/cz\/wp-json\/wp\/v2\/media?parent=1749"}],"curies":[{"name":"wp","href":"https:\/\/api.w.org\/{rel}","templated":true}]}}