{"id":183,"date":"2017-01-20T10:34:45","date_gmt":"2017-01-20T09:34:45","guid":{"rendered":"http:\/\/localhost\/var\/www\/clients\/client1\/web1\/web\/?page_id=183"},"modified":"2019-01-18T15:45:50","modified_gmt":"2019-01-18T14:45:50","slug":"o-nas","status":"publish","type":"page","link":"https:\/\/www.igoriacard.com\/cz\/o-nas\/","title":{"rendered":"O n\u00e1s"},"content":{"rendered":"<div class='uk-text-center uk-contrast uk-margin-large-top'>\r\n\r\n<p class='uk-container uk-container-center uk-h3'>IgoriaCard je&nbsp;nejv\u00edce pr\u016flomov\u00fdm produktem ve&nbsp;sv\u011bt\u011b financ\u00ed.<\/p>\r\n\r\n\r\n<ul class='uk-container uk-container-center uk-text-left uk-margin-large-bottom'>\r\n<li class='uk-margin-small-bottom'>17 devizov\u00fdch \u00fa\u010dt\u016f (PLN, EUR, USD, GBP, CHF, NOK, SEK, DKK, CZK, RON, BGN, ILS, AUD, CAD, RUB, TRY, HUF) p\u0159\u00edmo napojen\u00fdch na Sm\u011bnarnu a spojen\u00fdch s multim\u011bnovou kartou\r\n<li class='uk-margin-small-bottom'>Virtualn\u00ed karta za 15 minut, plastov\u00e1 karta za 48h s aktivac\u00ed za 15 minut<\/li>\r\n<li class='uk-margin-small-bottom'>dob\u00edj\u011bn\u00ed karty bankovn\u00edm p\u0159evodem z v\u00edce ne\u017e 40 bank na sv\u011bt\u011b nebo  jinou platebn\u00ed kartou<\/li>\r\n<li class='uk-margin-small-bottom'>sm\u011bn\u00e1rna &#8211; konverze jsou prov\u00e1d\u011bny automaticky p\u0159i platb\u011b, nebo jednotliv\u011b podle objedn\u00e1vky klienta v re\u017eimu 24\/7<\/li>\r\n<li class='uk-margin-small-bottom'>automatick\u00e9 p\u0159izp\u016fsoben\u00ed karty k m\u011bn\u011b zem\u011b, ve kter\u00e9 se pr\u00e1v\u011b nach\u00e1z\u00edte<\/li>\r\n<li class='uk-margin-small-bottom'>multim\u011bnov\u00e9 u\u010dty s mo\u017enost\u00ed propojen\u00ed karty zam\u011bstnanc\u016f s automatickou nebo manu\u00e1ln\u00ed dob\u00edjen\u00edm prost\u0159edk\u016f z hlavn\u00edho \u00fa\u010dtu spole\u010dnosti<\/li>\r\n<li class='uk-margin-small-bottom'>intuitivn\u00ed a snadno pou\u017eiteln\u00e1 platforma pro spr\u00e1vu karet a  finan\u010dn\u00edch prost\u0159edk\u016f v mnoha m\u011bn\u00e1ch s bezplatn\u00fdm p\u0159\u00edstupem online 24\/7<\/li>\r\n<li class='uk-margin-small-bottom'>Individualn\u00ed transak\u010dn\u00ed limity na jednotliv\u00e9 karty<\/li>\r\n<li class='uk-margin-small-bottom'>Z\u00e1kaznick\u00e1 podpora  k dispozici 24\/7<\/li>\r\n<li class='uk-margin-small-bottom'>Zabezpe\u010den\u00ed platformy \u0161ifrov\u00e1n\u00edm SSL<\/li>\r\n<\/ul>\r\n<a class=\"uk-text-bold uk-h3 uk-contrast\" href=\"\/cz\/bezpecnost-igoriacard\/\">Bezpe\u010dnost IgoriaCard<i class=\"uk-icon-angle-right uk-margin-left\"><\/i><\/a>\r\n\r\n<\/div>","protected":false},"excerpt":{"rendered":"<p>IgoriaCard je&nbsp;nejv\u00edce pr\u016flomov\u00fdm produktem ve&nbsp;sv\u011bt\u011b financ\u00ed. 17 devizov\u00fdch \u00fa\u010dt\u016f (PLN, EUR, USD, GBP, CHF, NOK, SEK, DKK, CZK, RON, BGN, ILS, AUD, CAD, RUB, TRY, HUF) p\u0159\u00edmo napojen\u00fdch na Sm\u011bnarnu a spojen\u00fdch s multim\u011bnovou kartou Virtualn\u00ed karta za 15 minut, plastov\u00e1 karta za 48h s aktivac\u00ed za 15 minut dob\u00edj\u011bn\u00ed karty bankovn\u00edm p\u0159evodem z v\u00edce [&hellip;]<\/p>\n","protected":false},"author":1,"featured_media":491,"parent":0,"menu_order":0,"comment_status":"closed","ping_status":"closed","template":"page-full-image.php","meta":{"footnotes":""},"class_list":["post-183","page","type-page","status-publish","has-post-thumbnail","hentry"],"yoast_head":"<!-- This site is optimized with the Yoast SEO plugin v26.8 - https:\/\/yoast.com\/product\/yoast-seo-wordpress\/ -->\n<title>O n\u00e1s - IgoriaCard | CZ<\/title>\n<meta name=\"description\" content=\"IgoriaCard je nejinovativn\u011bj\u0161\u00ed platebn\u00ed platforma, kter\u00e1 podporuje transakce v 17 m\u011bn\u00e1ch p\u0159i pomoc\u00ed jedn\u00e9 platebn\u00ed karty.\" \/>\n<meta name=\"robots\" content=\"noindex, follow, max-snippet:-1, max-image-preview:large, max-video-preview:-1\" \/>\n<meta property=\"og:locale\" content=\"cs_CZ\" \/>\n<meta property=\"og:type\" content=\"article\" \/>\n<meta property=\"og:title\" content=\"O n\u00e1s - IgoriaCard | CZ\" \/>\n<meta property=\"og:description\" content=\"IgoriaCard je nejinovativn\u011bj\u0161\u00ed platebn\u00ed platforma, kter\u00e1 podporuje transakce v 17 m\u011bn\u00e1ch p\u0159i pomoc\u00ed jedn\u00e9 platebn\u00ed karty.\" \/>\n<meta property=\"og:url\" content=\"https:\/\/www.igoriacard.com\/cz\/o-nas\/\" \/>\n<meta property=\"og:site_name\" content=\"IgoriaCard | CZ\" \/>\n<meta property=\"article:modified_time\" content=\"2019-01-18T14:45:50+00:00\" \/>\n<meta property=\"og:image\" content=\"https:\/\/www.igoriacard.com\/cz\/wp-content\/uploads\/sites\/5\/2017\/02\/O-NAS.jpg\" \/>\n\t<meta property=\"og:image:width\" content=\"1719\" \/>\n\t<meta property=\"og:image:height\" content=\"841\" \/>\n\t<meta property=\"og:image:type\" content=\"image\/jpeg\" \/>\n<meta name=\"twitter:card\" content=\"summary_large_image\" \/>\n<meta name=\"twitter:label1\" content=\"Odhadovan\u00e1 doba \u010dten\u00ed\" \/>\n\t<meta name=\"twitter:data1\" content=\"1 minuta\" \/>\n<script type=\"application\/ld+json\" class=\"yoast-schema-graph\">{\"@context\":\"https:\/\/schema.org\",\"@graph\":[{\"@type\":\"WebPage\",\"@id\":\"https:\/\/www.igoriacard.com\/cz\/o-nas\/\",\"url\":\"https:\/\/www.igoriacard.com\/cz\/o-nas\/\",\"name\":\"O n\u00e1s - IgoriaCard | CZ\",\"isPartOf\":{\"@id\":\"https:\/\/www.igoriacard.com\/cz\/#website\"},\"primaryImageOfPage\":{\"@id\":\"https:\/\/www.igoriacard.com\/cz\/o-nas\/#primaryimage\"},\"image\":{\"@id\":\"https:\/\/www.igoriacard.com\/cz\/o-nas\/#primaryimage\"},\"thumbnailUrl\":\"https:\/\/www.igoriacard.com\/cz\/wp-content\/uploads\/sites\/5\/2017\/02\/O-NAS.jpg\",\"datePublished\":\"2017-01-20T09:34:45+00:00\",\"dateModified\":\"2019-01-18T14:45:50+00:00\",\"description\":\"IgoriaCard je nejinovativn\u011bj\u0161\u00ed platebn\u00ed platforma, kter\u00e1 podporuje transakce v 17 m\u011bn\u00e1ch p\u0159i pomoc\u00ed jedn\u00e9 platebn\u00ed karty.\",\"breadcrumb\":{\"@id\":\"https:\/\/www.igoriacard.com\/cz\/o-nas\/#breadcrumb\"},\"inLanguage\":\"cs\",\"potentialAction\":[{\"@type\":\"ReadAction\",\"target\":[\"https:\/\/www.igoriacard.com\/cz\/o-nas\/\"]}]},{\"@type\":\"ImageObject\",\"inLanguage\":\"cs\",\"@id\":\"https:\/\/www.igoriacard.com\/cz\/o-nas\/#primaryimage\",\"url\":\"https:\/\/www.igoriacard.com\/cz\/wp-content\/uploads\/sites\/5\/2017\/02\/O-NAS.jpg\",\"contentUrl\":\"https:\/\/www.igoriacard.com\/cz\/wp-content\/uploads\/sites\/5\/2017\/02\/O-NAS.jpg\",\"width\":1719,\"height\":841,\"caption\":\"IgoriaCard\"},{\"@type\":\"BreadcrumbList\",\"@id\":\"https:\/\/www.igoriacard.com\/cz\/o-nas\/#breadcrumb\",\"itemListElement\":[{\"@type\":\"ListItem\",\"position\":1,\"name\":\"Home\",\"item\":\"https:\/\/www.igoriacard.com\/cz\/\"},{\"@type\":\"ListItem\",\"position\":2,\"name\":\"O n\u00e1s\"}]},{\"@type\":\"WebSite\",\"@id\":\"https:\/\/www.igoriacard.com\/cz\/#website\",\"url\":\"https:\/\/www.igoriacard.com\/cz\/\",\"name\":\"IgoriaCard | CZ\",\"description\":\"\",\"potentialAction\":[{\"@type\":\"SearchAction\",\"target\":{\"@type\":\"EntryPoint\",\"urlTemplate\":\"https:\/\/www.igoriacard.com\/cz\/?s={search_term_string}\"},\"query-input\":{\"@type\":\"PropertyValueSpecification\",\"valueRequired\":true,\"valueName\":\"search_term_string\"}}],\"inLanguage\":\"cs\"}]}<\/script>\n<!-- \/ Yoast SEO plugin. -->","yoast_head_json":{"title":"O n\u00e1s - IgoriaCard | CZ","description":"IgoriaCard je nejinovativn\u011bj\u0161\u00ed platebn\u00ed platforma, kter\u00e1 podporuje transakce v 17 m\u011bn\u00e1ch p\u0159i pomoc\u00ed jedn\u00e9 platebn\u00ed karty.","robots":{"index":"noindex","follow":"follow","max-snippet":"max-snippet:-1","max-image-preview":"max-image-preview:large","max-video-preview":"max-video-preview:-1"},"og_locale":"cs_CZ","og_type":"article","og_title":"O n\u00e1s - IgoriaCard | CZ","og_description":"IgoriaCard je nejinovativn\u011bj\u0161\u00ed platebn\u00ed platforma, kter\u00e1 podporuje transakce v 17 m\u011bn\u00e1ch p\u0159i pomoc\u00ed jedn\u00e9 platebn\u00ed karty.","og_url":"https:\/\/www.igoriacard.com\/cz\/o-nas\/","og_site_name":"IgoriaCard | CZ","article_modified_time":"2019-01-18T14:45:50+00:00","og_image":[{"width":1719,"height":841,"url":"https:\/\/www.igoriacard.com\/cz\/wp-content\/uploads\/sites\/5\/2017\/02\/O-NAS.jpg","type":"image\/jpeg"}],"twitter_card":"summary_large_image","twitter_misc":{"Odhadovan\u00e1 doba \u010dten\u00ed":"1 minuta"},"schema":{"@context":"https:\/\/schema.org","@graph":[{"@type":"WebPage","@id":"https:\/\/www.igoriacard.com\/cz\/o-nas\/","url":"https:\/\/www.igoriacard.com\/cz\/o-nas\/","name":"O n\u00e1s - IgoriaCard | CZ","isPartOf":{"@id":"https:\/\/www.igoriacard.com\/cz\/#website"},"primaryImageOfPage":{"@id":"https:\/\/www.igoriacard.com\/cz\/o-nas\/#primaryimage"},"image":{"@id":"https:\/\/www.igoriacard.com\/cz\/o-nas\/#primaryimage"},"thumbnailUrl":"https:\/\/www.igoriacard.com\/cz\/wp-content\/uploads\/sites\/5\/2017\/02\/O-NAS.jpg","datePublished":"2017-01-20T09:34:45+00:00","dateModified":"2019-01-18T14:45:50+00:00","description":"IgoriaCard je nejinovativn\u011bj\u0161\u00ed platebn\u00ed platforma, kter\u00e1 podporuje transakce v 17 m\u011bn\u00e1ch p\u0159i pomoc\u00ed jedn\u00e9 platebn\u00ed karty.","breadcrumb":{"@id":"https:\/\/www.igoriacard.com\/cz\/o-nas\/#breadcrumb"},"inLanguage":"cs","potentialAction":[{"@type":"ReadAction","target":["https:\/\/www.igoriacard.com\/cz\/o-nas\/"]}]},{"@type":"ImageObject","inLanguage":"cs","@id":"https:\/\/www.igoriacard.com\/cz\/o-nas\/#primaryimage","url":"https:\/\/www.igoriacard.com\/cz\/wp-content\/uploads\/sites\/5\/2017\/02\/O-NAS.jpg","contentUrl":"https:\/\/www.igoriacard.com\/cz\/wp-content\/uploads\/sites\/5\/2017\/02\/O-NAS.jpg","width":1719,"height":841,"caption":"IgoriaCard"},{"@type":"BreadcrumbList","@id":"https:\/\/www.igoriacard.com\/cz\/o-nas\/#breadcrumb","itemListElement":[{"@type":"ListItem","position":1,"name":"Home","item":"https:\/\/www.igoriacard.com\/cz\/"},{"@type":"ListItem","position":2,"name":"O n\u00e1s"}]},{"@type":"WebSite","@id":"https:\/\/www.igoriacard.com\/cz\/#website","url":"https:\/\/www.igoriacard.com\/cz\/","name":"IgoriaCard | CZ","description":"","potentialAction":[{"@type":"SearchAction","target":{"@type":"EntryPoint","urlTemplate":"https:\/\/www.igoriacard.com\/cz\/?s={search_term_string}"},"query-input":{"@type":"PropertyValueSpecification","valueRequired":true,"valueName":"search_term_string"}}],"inLanguage":"cs"}]}},"_links":{"self":[{"href":"https:\/\/www.igoriacard.com\/cz\/wp-json\/wp\/v2\/pages\/183","targetHints":{"allow":["GET"]}}],"collection":[{"href":"https:\/\/www.igoriacard.com\/cz\/wp-json\/wp\/v2\/pages"}],"about":[{"href":"https:\/\/www.igoriacard.com\/cz\/wp-json\/wp\/v2\/types\/page"}],"author":[{"embeddable":true,"href":"https:\/\/www.igoriacard.com\/cz\/wp-json\/wp\/v2\/users\/1"}],"replies":[{"embeddable":true,"href":"https:\/\/www.igoriacard.com\/cz\/wp-json\/wp\/v2\/comments?post=183"}],"version-history":[{"count":8,"href":"https:\/\/www.igoriacard.com\/cz\/wp-json\/wp\/v2\/pages\/183\/revisions"}],"predecessor-version":[{"id":2942,"href":"https:\/\/www.igoriacard.com\/cz\/wp-json\/wp\/v2\/pages\/183\/revisions\/2942"}],"wp:featuredmedia":[{"embeddable":true,"href":"https:\/\/www.igoriacard.com\/cz\/wp-json\/wp\/v2\/media\/491"}],"wp:attachment":[{"href":"https:\/\/www.igoriacard.com\/cz\/wp-json\/wp\/v2\/media?parent=183"}],"curies":[{"name":"wp","href":"https:\/\/api.w.org\/{rel}","templated":true}]}}