{"id":191,"date":"2017-01-20T10:47:55","date_gmt":"2017-01-20T09:47:55","guid":{"rendered":"http:\/\/localhost\/var\/www\/clients\/client1\/web1\/web\/?page_id=191"},"modified":"2019-01-22T14:38:12","modified_gmt":"2019-01-22T13:38:12","slug":"partneri","status":"publish","type":"page","link":"https:\/\/www.igoriacard.com\/cz\/partneri\/","title":{"rendered":"Partne\u0159i"},"content":{"rendered":"<div class=\"uk-container uk-container-center uk-margin-top\">\r\n<h3 class=\"ic-lato\">Na\u0161i partne\u0159i<\/h3>\r\n\r\n<div class=\"uk-grid uk-grid-width-small-1-2 uk-grid-width-medium-1-4 uk-margin-top\">\r\n\r\n<div class=\"uk-vertical-align uk-text-center\">\r\n<div class=\"uk-panel uk-panel-box uk-vertical-align-middle\">\r\n    <div class=\"uk-panel-teaser\">\r\n        <img loading=\"lazy\" decoding=\"async\" src=\"https:\/\/www.igoriacard.com\/en\/wp-content\/uploads\/sites\/2\/2017\/01\/sia-300x230.jpg\" alt=\"\" width=\"300\" height=\"230\" class=\"aligncenter size-medium wp-image-1485\" \/>\r\n    <\/div>\r\n<\/div>\r\n<\/div>\r\n\r\n<div class=\"uk-vertical-align uk-text-center\">\r\n<div class=\"uk-panel uk-panel-box uk-vertical-align-middle\">\r\n    <div class=\"uk-panel-teaser\">\r\n<img loading=\"lazy\" decoding=\"async\" src=\"https:\/\/www.igoriacard.com\/en\/wp-content\/uploads\/sites\/2\/2017\/01\/mastercard-300x230.jpg\" alt=\"\" width=\"300\" height=\"230\" class=\"aligncenter size-medium wp-image-1484\" \/>\r\n    <\/div>\r\n<\/div>\r\n<\/div>\r\n\r\n<div class=\"uk-vertical-align uk-text-center\">\r\n<div class=\"uk-panel uk-panel-box uk-vertical-align-middle\">\r\n    <div class=\"uk-panel-teaser\">\r\n        <img loading=\"lazy\" decoding=\"async\" src=\"https:\/\/www.igoriacard.com\/wp-content\/uploads\/2017\/01\/discover-idemia-300x230.jpg\" alt=\"\" width=\"300\" height=\"230\" class=\"aligncenter size-medium wp-image-1483\" \/>\r\n    <\/div>\r\n<\/div>\r\n<\/div>\r\n<\/div>\r\n<\/div>","protected":false},"excerpt":{"rendered":"<p>Na\u0161i partne\u0159i<\/p>\n","protected":false},"author":1,"featured_media":0,"parent":0,"menu_order":0,"comment_status":"closed","ping_status":"closed","template":"page-no-header.php","meta":{"footnotes":""},"class_list":["post-191","page","type-page","status-publish","hentry"],"yoast_head":"<!-- This site is optimized with the Yoast SEO plugin v26.8 - https:\/\/yoast.com\/product\/yoast-seo-wordpress\/ -->\n<title>Partne\u0159i - IgoriaCard | CZ<\/title>\n<meta name=\"description\" content=\"Jako jedin\u00e1 platforma na trhu, kter\u00e1 podporuje multim\u011bnov\u00e9 platebn\u00ed karty, spolupracujeme s \u0159adou \u0161pi\u010dkov\u00fdch spole\u010dnost\u00ed.\" \/>\n<meta name=\"robots\" content=\"noindex, follow, max-snippet:-1, max-image-preview:large, max-video-preview:-1\" \/>\n<meta property=\"og:locale\" content=\"cs_CZ\" \/>\n<meta property=\"og:type\" content=\"article\" \/>\n<meta property=\"og:title\" content=\"Partne\u0159i - IgoriaCard | CZ\" \/>\n<meta property=\"og:description\" content=\"Jako jedin\u00e1 platforma na trhu, kter\u00e1 podporuje multim\u011bnov\u00e9 platebn\u00ed karty, spolupracujeme s \u0159adou \u0161pi\u010dkov\u00fdch spole\u010dnost\u00ed.\" \/>\n<meta property=\"og:url\" content=\"https:\/\/www.igoriacard.com\/cz\/partneri\/\" \/>\n<meta property=\"og:site_name\" content=\"IgoriaCard | CZ\" \/>\n<meta property=\"article:modified_time\" content=\"2019-01-22T13:38:12+00:00\" \/>\n<meta name=\"twitter:card\" content=\"summary_large_image\" \/>\n<script type=\"application\/ld+json\" class=\"yoast-schema-graph\">{\"@context\":\"https:\/\/schema.org\",\"@graph\":[{\"@type\":\"WebPage\",\"@id\":\"https:\/\/www.igoriacard.com\/cz\/partneri\/\",\"url\":\"https:\/\/www.igoriacard.com\/cz\/partneri\/\",\"name\":\"Partne\u0159i - IgoriaCard | CZ\",\"isPartOf\":{\"@id\":\"https:\/\/www.igoriacard.com\/cz\/#website\"},\"primaryImageOfPage\":{\"@id\":\"https:\/\/www.igoriacard.com\/cz\/partneri\/#primaryimage\"},\"image\":{\"@id\":\"https:\/\/www.igoriacard.com\/cz\/partneri\/#primaryimage\"},\"thumbnailUrl\":\"https:\/\/www.igoriacard.com\/en\/wp-content\/uploads\/sites\/2\/2017\/01\/sia-300x230.jpg\",\"datePublished\":\"2017-01-20T09:47:55+00:00\",\"dateModified\":\"2019-01-22T13:38:12+00:00\",\"description\":\"Jako jedin\u00e1 platforma na trhu, kter\u00e1 podporuje multim\u011bnov\u00e9 platebn\u00ed karty, spolupracujeme s \u0159adou \u0161pi\u010dkov\u00fdch spole\u010dnost\u00ed.\",\"breadcrumb\":{\"@id\":\"https:\/\/www.igoriacard.com\/cz\/partneri\/#breadcrumb\"},\"inLanguage\":\"cs\",\"potentialAction\":[{\"@type\":\"ReadAction\",\"target\":[\"https:\/\/www.igoriacard.com\/cz\/partneri\/\"]}]},{\"@type\":\"ImageObject\",\"inLanguage\":\"cs\",\"@id\":\"https:\/\/www.igoriacard.com\/cz\/partneri\/#primaryimage\",\"url\":\"https:\/\/www.igoriacard.com\/en\/wp-content\/uploads\/sites\/2\/2017\/01\/sia-300x230.jpg\",\"contentUrl\":\"https:\/\/www.igoriacard.com\/en\/wp-content\/uploads\/sites\/2\/2017\/01\/sia-300x230.jpg\"},{\"@type\":\"BreadcrumbList\",\"@id\":\"https:\/\/www.igoriacard.com\/cz\/partneri\/#breadcrumb\",\"itemListElement\":[{\"@type\":\"ListItem\",\"position\":1,\"name\":\"Home\",\"item\":\"https:\/\/www.igoriacard.com\/cz\/\"},{\"@type\":\"ListItem\",\"position\":2,\"name\":\"Partne\u0159i\"}]},{\"@type\":\"WebSite\",\"@id\":\"https:\/\/www.igoriacard.com\/cz\/#website\",\"url\":\"https:\/\/www.igoriacard.com\/cz\/\",\"name\":\"IgoriaCard | CZ\",\"description\":\"\",\"potentialAction\":[{\"@type\":\"SearchAction\",\"target\":{\"@type\":\"EntryPoint\",\"urlTemplate\":\"https:\/\/www.igoriacard.com\/cz\/?s={search_term_string}\"},\"query-input\":{\"@type\":\"PropertyValueSpecification\",\"valueRequired\":true,\"valueName\":\"search_term_string\"}}],\"inLanguage\":\"cs\"}]}<\/script>\n<!-- \/ Yoast SEO plugin. -->","yoast_head_json":{"title":"Partne\u0159i - IgoriaCard | CZ","description":"Jako jedin\u00e1 platforma na trhu, kter\u00e1 podporuje multim\u011bnov\u00e9 platebn\u00ed karty, spolupracujeme s \u0159adou \u0161pi\u010dkov\u00fdch spole\u010dnost\u00ed.","robots":{"index":"noindex","follow":"follow","max-snippet":"max-snippet:-1","max-image-preview":"max-image-preview:large","max-video-preview":"max-video-preview:-1"},"og_locale":"cs_CZ","og_type":"article","og_title":"Partne\u0159i - IgoriaCard | CZ","og_description":"Jako jedin\u00e1 platforma na trhu, kter\u00e1 podporuje multim\u011bnov\u00e9 platebn\u00ed karty, spolupracujeme s \u0159adou \u0161pi\u010dkov\u00fdch spole\u010dnost\u00ed.","og_url":"https:\/\/www.igoriacard.com\/cz\/partneri\/","og_site_name":"IgoriaCard | CZ","article_modified_time":"2019-01-22T13:38:12+00:00","twitter_card":"summary_large_image","schema":{"@context":"https:\/\/schema.org","@graph":[{"@type":"WebPage","@id":"https:\/\/www.igoriacard.com\/cz\/partneri\/","url":"https:\/\/www.igoriacard.com\/cz\/partneri\/","name":"Partne\u0159i - IgoriaCard | CZ","isPartOf":{"@id":"https:\/\/www.igoriacard.com\/cz\/#website"},"primaryImageOfPage":{"@id":"https:\/\/www.igoriacard.com\/cz\/partneri\/#primaryimage"},"image":{"@id":"https:\/\/www.igoriacard.com\/cz\/partneri\/#primaryimage"},"thumbnailUrl":"https:\/\/www.igoriacard.com\/en\/wp-content\/uploads\/sites\/2\/2017\/01\/sia-300x230.jpg","datePublished":"2017-01-20T09:47:55+00:00","dateModified":"2019-01-22T13:38:12+00:00","description":"Jako jedin\u00e1 platforma na trhu, kter\u00e1 podporuje multim\u011bnov\u00e9 platebn\u00ed karty, spolupracujeme s \u0159adou \u0161pi\u010dkov\u00fdch spole\u010dnost\u00ed.","breadcrumb":{"@id":"https:\/\/www.igoriacard.com\/cz\/partneri\/#breadcrumb"},"inLanguage":"cs","potentialAction":[{"@type":"ReadAction","target":["https:\/\/www.igoriacard.com\/cz\/partneri\/"]}]},{"@type":"ImageObject","inLanguage":"cs","@id":"https:\/\/www.igoriacard.com\/cz\/partneri\/#primaryimage","url":"https:\/\/www.igoriacard.com\/en\/wp-content\/uploads\/sites\/2\/2017\/01\/sia-300x230.jpg","contentUrl":"https:\/\/www.igoriacard.com\/en\/wp-content\/uploads\/sites\/2\/2017\/01\/sia-300x230.jpg"},{"@type":"BreadcrumbList","@id":"https:\/\/www.igoriacard.com\/cz\/partneri\/#breadcrumb","itemListElement":[{"@type":"ListItem","position":1,"name":"Home","item":"https:\/\/www.igoriacard.com\/cz\/"},{"@type":"ListItem","position":2,"name":"Partne\u0159i"}]},{"@type":"WebSite","@id":"https:\/\/www.igoriacard.com\/cz\/#website","url":"https:\/\/www.igoriacard.com\/cz\/","name":"IgoriaCard | CZ","description":"","potentialAction":[{"@type":"SearchAction","target":{"@type":"EntryPoint","urlTemplate":"https:\/\/www.igoriacard.com\/cz\/?s={search_term_string}"},"query-input":{"@type":"PropertyValueSpecification","valueRequired":true,"valueName":"search_term_string"}}],"inLanguage":"cs"}]}},"_links":{"self":[{"href":"https:\/\/www.igoriacard.com\/cz\/wp-json\/wp\/v2\/pages\/191","targetHints":{"allow":["GET"]}}],"collection":[{"href":"https:\/\/www.igoriacard.com\/cz\/wp-json\/wp\/v2\/pages"}],"about":[{"href":"https:\/\/www.igoriacard.com\/cz\/wp-json\/wp\/v2\/types\/page"}],"author":[{"embeddable":true,"href":"https:\/\/www.igoriacard.com\/cz\/wp-json\/wp\/v2\/users\/1"}],"replies":[{"embeddable":true,"href":"https:\/\/www.igoriacard.com\/cz\/wp-json\/wp\/v2\/comments?post=191"}],"version-history":[{"count":2,"href":"https:\/\/www.igoriacard.com\/cz\/wp-json\/wp\/v2\/pages\/191\/revisions"}],"predecessor-version":[{"id":2980,"href":"https:\/\/www.igoriacard.com\/cz\/wp-json\/wp\/v2\/pages\/191\/revisions\/2980"}],"wp:attachment":[{"href":"https:\/\/www.igoriacard.com\/cz\/wp-json\/wp\/v2\/media?parent=191"}],"curies":[{"name":"wp","href":"https:\/\/api.w.org\/{rel}","templated":true}]}}