{"id":193,"date":"2017-01-20T10:48:10","date_gmt":"2017-01-20T09:48:10","guid":{"rendered":"http:\/\/localhost\/var\/www\/clients\/client1\/web1\/web\/?page_id=193"},"modified":"2021-10-06T11:50:02","modified_gmt":"2021-10-06T09:50:02","slug":"bezpecnost-igoriacard","status":"publish","type":"page","link":"https:\/\/www.igoriacard.com\/cz\/bezpecnost-igoriacard\/","title":{"rendered":"Bezpe\u010dnost IgoriaCard"},"content":{"rendered":"<div class=\"uk-container uk-container-center uk-text-justify uk-margin-bottom uk-contrast\"><p>Maj\u00edtelem IgoriaCard je Igoria Trade SA, platebn\u00ed org\u00e1n pod dohledem polsk\u00e9 Komise pro finan\u010dn\u00ed dozor a ve\u0159ejnopr\u00e1vn\u00ed spole\u010dnost k\u00f3tovan\u00e1 na Var\u0161avsk\u00e9 burze cenn\u00fdch pap\u00edr\u016f (NewConnect).<\/p>\r\n<p><a href=\"\/cz\/o-nas\/\">Igoria Trade S.A.<\/a> Jako jedin\u00e1 nebankovn\u00ed finan\u010dn\u00ed instituce m\u00e1 licenci <strong>Mastercard Principal Member<\/strong>kter\u00e1 povoluje vyd\u00e1vat platebn\u00ed n\u00e1stroje s logem Mastercard.<\/p>\r\n<p><a href=\"\/cz\/o-nas\/\">Igoria Trade S.A.<\/a> je Platebn\u00ed org\u00e1n a dr\u017e\u00ed povolen\u00ed poskytov\u00e1n\u00ed platebn\u00edch slu\u017eeb ve 31 evropsk\u00fdch zem\u00ed, tj. Rakousko, Belgie, Bulharsko, Chorvatsko, Kypr, \u010cesk\u00e1 republika, D\u00e1nsko, Estonsko, Finsko, Francie, \u0158ecko, \u0160pan\u011blsko, Nizozemsko, Irsko, Island, Lichten\u0161tejnsko, Litva , Lucembursko, Loty\u0161sko, Malta, N\u011bmecko, Norsko, Polsko, Portugalsko, Rumunsko, Slovensko, Slovinsko, \u0160v\u00e9dsko, Ma\u010farsko a It\u00e1lie.<\/p>\r\n<\/div>\r\n\r\n<div class=\"uk-block-primary uk-margin-bottom\">\r\n<h3 class=\"uk-container uk-container-center uk-contrast ic-lato ic-padding-bottom\"><strong>Rozsah poskytovan\u00fdch platebn\u00edch slu\u017eeb, spo\u010d\u00edvaj\u00edc\u00ed v:<\/strong><\/h3>\r\n<\/div>\r\n\r\n<ul class=\"uk-container uk-container-center uk-text-left uk-contrast\">\r\n<li class=\"uk-margin-small-bottom\">p\u0159ij\u00edm\u00e1n\u00ed hotovostn\u00edch plateb a v\u00fdb\u011br\u016f hotovosti z platebn\u00edho \u00fa\u010dtu, jako\u017e i ve\u0161ker\u00e9 \u010dinnosti nezbytn\u00e9 k veden\u00ed \u00fa\u010dtu (\u010dl. 3.1 odst. 1 z\u00e1kona o platebn\u00edch slu\u017eb\u00e1ch),<\/li>\r\n<li class=\"uk-margin-small-bottom\">prov\u00e1d\u011bn\u00ed platebn\u00edch transakc\u00ed, v\u010detn\u011b p\u0159evodu pen\u011b\u017en\u00edch prost\u0159edk\u016f na platebn\u00edm \u00fa\u010dtu s u\u017eivateli a poskytovateli nebo u jin\u00e9ho poskytovatele p\u0159i vytv\u00e1\u0159en\u00ed platebn\u00edch p\u0159\u00edkazu, v\u010detn\u011b jednor\u00e1zov\u00e9ho p\u0159\u00edm\u00e9ho inkasa (\u010dl. 3.1, bod 2 z\u00e1kona o platebn\u00edch slu\u017eb\u00e1ch)<\/li>\r\n<li class=\"uk-margin-small-bottom\">prov\u00e1d\u011bn\u00ed platebn\u00edch transakc\u00ed v\u010detn\u011b p\u0159evodu pen\u011b\u017en\u00edch prost\u0159edk\u016f na platebn\u00ed \u00fa\u010det u poskytovatele u\u017eivatele nebo jin\u00e9ho poskytovatele, kter\u00fd pou\u017e\u00edv\u00e1 platebn\u00ed kartu nebo podobn\u00fd platebn\u00ed n\u00e1stroj (\u010dl. 3.1 odst. 2 p\u00edsm. b) z\u00e1kona o platebn\u00edch slu\u017eb\u00e1ch),<\/li>\r\n<li class=\"uk-margin-small-bottom\">prov\u00e1d\u011bn\u00ed platebn\u00edch transakc\u00ed v\u010detn\u011b p\u0159evodu pen\u011b\u017en\u00edch prost\u0159edk\u016f na platebn\u00ed \u00fa\u010det u poskytovatele u\u017eivatele nebo jin\u00e9ho poskytovatele prost\u0159ednictv\u00edm dod\u00e1v\u00e1n\u00ed slu\u017eeb  p\u0159evodu pen\u011bz v\u010detn\u011b trval\u00fdch p\u0159\u00edkaz\u016f (\u010dl. 3.1 odst. 2 p\u00edsm. c) z\u00e1kona o platebn\u00edch slu\u017eb\u00e1ch),<\/li>\r\n<li class=\"uk-margin-small-bottom\">Umo\u017e\u0148ov\u00e1n\u00ed prov\u00e1d\u011bn\u00ed platebn\u00edch transakc\u00ed z podn\u011btu obchodn\u00edka nebo jeho prost\u0159ednictv\u00edm, platebn\u00edm n\u00e1strojem, zejm\u00e9na spo\u010d\u00edvaj\u00edc\u00ed v podpo\u0159e autorizace povolen\u00ed pou\u017eit\u00ed, pos\u00edl\u00e1n\u00ed vydavatel\u016f platebn\u00ed karty nebo platebn\u00edho syst\u00e9mu, platebn\u00edch p\u0159\u00edkaz\u016f pl\u00e1tce nebo akceptanta, c\u00edlem poskytov\u00e1n\u00ed akceptantovi jeho prost\u0159edk\u016f s v\u00fdjimkou spo\u010d\u00edvaj\u00edc\u00ed v jej\u00edch vypo\u0159\u00e1d\u00e1n\u00ed v r\u00e1mci platebn\u00edho syst\u00e9mu podle sm\u011brnice o neodvolatelnosti z\u00fa\u010dtov\u00e1n\u00ed, (acquiring) (\u010dl. 3.1 odst. 5 z\u00e1kona o platebn\u00edch slu\u017eb\u00e1ch),<\/li>\r\n<li class=\"uk-margin-small-bottom\">poskytov\u00e1n\u00ed slu\u017eby p\u0159evodu pen\u011bz (\u010dl. 3.1 odst. 6 z\u00e1kona o platebn\u00edch slu\u017eb\u00e1ch).<\/li>\r\n<\/ul>\r\n\r\n\r\n<div class=\"uk-block-primary uk-contrast\">\r\n<h3 class=\"uk-container uk-container-center ic-lato ic-padding-bottom\"><strong>Bezpe\u010dnost finan\u010dn\u00edch a m\u011bnov\u00fdch transakc\u00ed:<\/strong><\/h3>\r\n<\/div>\r\n\r\n<p class=\"uk-container uk-container-center uk-contrast uk-margin-bottom uk-text-justify\">Finan\u010dn\u00ed prost\u0159edky na\u0161ich klient\u016f jsou vedeny na samostatn\u00fdch bankovn\u00edch \u00fa\u010dtech a nikdy nejsou spojeny s vlastn\u00edmi zdroji spole\u010dnosti <a href=\"\/cz\/o-nas\/\">Igoria Trade S.A.<\/a> (\u00a7 78 odst. 1 odst. 1 z\u00e1kona o platebn\u00edch slu\u017eb\u00e1ch).<\/p>\r\n<p class=\"uk-container uk-container-center uk-contrast uk-text-justify\">Dokonce i v p\u0159ipad\u011b ozn\u00e1men\u00ed o vyd\u00e1n\u00ed rozhodnut\u00ed o \u00fapadku platebn\u00ed instituce, kterou je <a href=\"\/cz\/o-nas\/\">Igoria Trade S.A.<\/a> Finan\u010dn\u00ed prost\u0159edky z\u00e1kazn\u00edk\u016f na platebn\u00edch \u00fa\u010dtech jsou vylou\u010deny z konkurzn\u00ed podstaty (\u00a7 80 odst. 2 z\u00e1kona o platebn\u00edch slu\u017eb\u00e1ch).<\/p>","protected":false},"excerpt":{"rendered":"<p>Maj\u00edtelem IgoriaCard je Igoria Trade SA, platebn\u00ed org\u00e1n pod dohledem polsk\u00e9 Komise pro finan\u010dn\u00ed dozor a ve\u0159ejnopr\u00e1vn\u00ed spole\u010dnost k\u00f3tovan\u00e1 na Var\u0161avsk\u00e9 burze cenn\u00fdch pap\u00edr\u016f (NewConnect). Igoria Trade S.A. Jako jedin\u00e1 nebankovn\u00ed finan\u010dn\u00ed instituce m\u00e1 licenci Mastercard Principal Memberkter\u00e1 povoluje vyd\u00e1vat platebn\u00ed n\u00e1stroje s logem Mastercard. Igoria Trade S.A. je Platebn\u00ed org\u00e1n a dr\u017e\u00ed povolen\u00ed poskytov\u00e1n\u00ed [&hellip;]<\/p>\n","protected":false},"author":1,"featured_media":880,"parent":0,"menu_order":0,"comment_status":"closed","ping_status":"closed","template":"page-full-image.php","meta":{"footnotes":""},"class_list":["post-193","page","type-page","status-publish","has-post-thumbnail","hentry"],"yoast_head":"<!-- This site is optimized with the Yoast SEO plugin v26.8 - https:\/\/yoast.com\/product\/yoast-seo-wordpress\/ -->\n<title>Bezpe\u010dnost - IgoriaCard<\/title>\n<meta name=\"description\" content=\"Igoria Trade S.A. Jako jedin\u00e1 nebankovn\u00ed finan\u010dn\u00ed instituce m\u00e1 licenci MasterCard Principal Member, kter\u00e1 povoluje vyd\u00e1vat platebn\u00ed n\u00e1stroje s logem Mastercard...\" \/>\n<meta name=\"robots\" content=\"noindex, follow, max-snippet:-1, max-image-preview:large, max-video-preview:-1\" \/>\n<meta property=\"og:locale\" content=\"cs_CZ\" \/>\n<meta property=\"og:type\" content=\"article\" \/>\n<meta property=\"og:title\" content=\"Bezpe\u010dnost - IgoriaCard\" \/>\n<meta property=\"og:description\" content=\"Igoria Trade S.A. Jako jedin\u00e1 nebankovn\u00ed finan\u010dn\u00ed instituce m\u00e1 licenci MasterCard Principal Member, kter\u00e1 povoluje vyd\u00e1vat platebn\u00ed n\u00e1stroje s logem Mastercard...\" \/>\n<meta property=\"og:url\" content=\"https:\/\/www.igoriacard.com\/cz\/bezpecnost-igoriacard\/\" \/>\n<meta property=\"og:site_name\" content=\"IgoriaCard | CZ\" \/>\n<meta property=\"article:modified_time\" content=\"2021-10-06T09:50:02+00:00\" \/>\n<meta property=\"og:image\" content=\"https:\/\/www.igoriacard.com\/cz\/wp-content\/uploads\/sites\/5\/2017\/01\/bezpieczenstwo.jpg\" \/>\n\t<meta property=\"og:image:width\" content=\"1722\" \/>\n\t<meta property=\"og:image:height\" content=\"784\" \/>\n\t<meta property=\"og:image:type\" content=\"image\/jpeg\" \/>\n<meta name=\"twitter:card\" content=\"summary_large_image\" \/>\n<meta name=\"twitter:label1\" content=\"Odhadovan\u00e1 doba \u010dten\u00ed\" \/>\n\t<meta name=\"twitter:data1\" content=\"3 minuty\" \/>\n<script type=\"application\/ld+json\" class=\"yoast-schema-graph\">{\"@context\":\"https:\/\/schema.org\",\"@graph\":[{\"@type\":\"WebPage\",\"@id\":\"https:\/\/www.igoriacard.com\/cz\/bezpecnost-igoriacard\/\",\"url\":\"https:\/\/www.igoriacard.com\/cz\/bezpecnost-igoriacard\/\",\"name\":\"Bezpe\u010dnost - IgoriaCard\",\"isPartOf\":{\"@id\":\"https:\/\/www.igoriacard.com\/cz\/#website\"},\"primaryImageOfPage\":{\"@id\":\"https:\/\/www.igoriacard.com\/cz\/bezpecnost-igoriacard\/#primaryimage\"},\"image\":{\"@id\":\"https:\/\/www.igoriacard.com\/cz\/bezpecnost-igoriacard\/#primaryimage\"},\"thumbnailUrl\":\"https:\/\/www.igoriacard.com\/cz\/wp-content\/uploads\/sites\/5\/2017\/01\/bezpieczenstwo.jpg\",\"datePublished\":\"2017-01-20T09:48:10+00:00\",\"dateModified\":\"2021-10-06T09:50:02+00:00\",\"description\":\"Igoria Trade S.A. Jako jedin\u00e1 nebankovn\u00ed finan\u010dn\u00ed instituce m\u00e1 licenci MasterCard Principal Member, kter\u00e1 povoluje vyd\u00e1vat platebn\u00ed n\u00e1stroje s logem Mastercard...\",\"breadcrumb\":{\"@id\":\"https:\/\/www.igoriacard.com\/cz\/bezpecnost-igoriacard\/#breadcrumb\"},\"inLanguage\":\"cs\",\"potentialAction\":[{\"@type\":\"ReadAction\",\"target\":[\"https:\/\/www.igoriacard.com\/cz\/bezpecnost-igoriacard\/\"]}]},{\"@type\":\"ImageObject\",\"inLanguage\":\"cs\",\"@id\":\"https:\/\/www.igoriacard.com\/cz\/bezpecnost-igoriacard\/#primaryimage\",\"url\":\"https:\/\/www.igoriacard.com\/cz\/wp-content\/uploads\/sites\/5\/2017\/01\/bezpieczenstwo.jpg\",\"contentUrl\":\"https:\/\/www.igoriacard.com\/cz\/wp-content\/uploads\/sites\/5\/2017\/01\/bezpieczenstwo.jpg\",\"width\":1722,\"height\":784,\"caption\":\"IgoriaCard to bezpieczne p\u0142atno\u015bci\"},{\"@type\":\"BreadcrumbList\",\"@id\":\"https:\/\/www.igoriacard.com\/cz\/bezpecnost-igoriacard\/#breadcrumb\",\"itemListElement\":[{\"@type\":\"ListItem\",\"position\":1,\"name\":\"Home\",\"item\":\"https:\/\/www.igoriacard.com\/cz\/\"},{\"@type\":\"ListItem\",\"position\":2,\"name\":\"Bezpe\u010dnost IgoriaCard\"}]},{\"@type\":\"WebSite\",\"@id\":\"https:\/\/www.igoriacard.com\/cz\/#website\",\"url\":\"https:\/\/www.igoriacard.com\/cz\/\",\"name\":\"IgoriaCard | CZ\",\"description\":\"\",\"potentialAction\":[{\"@type\":\"SearchAction\",\"target\":{\"@type\":\"EntryPoint\",\"urlTemplate\":\"https:\/\/www.igoriacard.com\/cz\/?s={search_term_string}\"},\"query-input\":{\"@type\":\"PropertyValueSpecification\",\"valueRequired\":true,\"valueName\":\"search_term_string\"}}],\"inLanguage\":\"cs\"}]}<\/script>\n<!-- \/ Yoast SEO plugin. -->","yoast_head_json":{"title":"Bezpe\u010dnost - IgoriaCard","description":"Igoria Trade S.A. Jako jedin\u00e1 nebankovn\u00ed finan\u010dn\u00ed instituce m\u00e1 licenci MasterCard Principal Member, kter\u00e1 povoluje vyd\u00e1vat platebn\u00ed n\u00e1stroje s logem Mastercard...","robots":{"index":"noindex","follow":"follow","max-snippet":"max-snippet:-1","max-image-preview":"max-image-preview:large","max-video-preview":"max-video-preview:-1"},"og_locale":"cs_CZ","og_type":"article","og_title":"Bezpe\u010dnost - IgoriaCard","og_description":"Igoria Trade S.A. Jako jedin\u00e1 nebankovn\u00ed finan\u010dn\u00ed instituce m\u00e1 licenci MasterCard Principal Member, kter\u00e1 povoluje vyd\u00e1vat platebn\u00ed n\u00e1stroje s logem Mastercard...","og_url":"https:\/\/www.igoriacard.com\/cz\/bezpecnost-igoriacard\/","og_site_name":"IgoriaCard | CZ","article_modified_time":"2021-10-06T09:50:02+00:00","og_image":[{"width":1722,"height":784,"url":"https:\/\/www.igoriacard.com\/cz\/wp-content\/uploads\/sites\/5\/2017\/01\/bezpieczenstwo.jpg","type":"image\/jpeg"}],"twitter_card":"summary_large_image","twitter_misc":{"Odhadovan\u00e1 doba \u010dten\u00ed":"3 minuty"},"schema":{"@context":"https:\/\/schema.org","@graph":[{"@type":"WebPage","@id":"https:\/\/www.igoriacard.com\/cz\/bezpecnost-igoriacard\/","url":"https:\/\/www.igoriacard.com\/cz\/bezpecnost-igoriacard\/","name":"Bezpe\u010dnost - IgoriaCard","isPartOf":{"@id":"https:\/\/www.igoriacard.com\/cz\/#website"},"primaryImageOfPage":{"@id":"https:\/\/www.igoriacard.com\/cz\/bezpecnost-igoriacard\/#primaryimage"},"image":{"@id":"https:\/\/www.igoriacard.com\/cz\/bezpecnost-igoriacard\/#primaryimage"},"thumbnailUrl":"https:\/\/www.igoriacard.com\/cz\/wp-content\/uploads\/sites\/5\/2017\/01\/bezpieczenstwo.jpg","datePublished":"2017-01-20T09:48:10+00:00","dateModified":"2021-10-06T09:50:02+00:00","description":"Igoria Trade S.A. Jako jedin\u00e1 nebankovn\u00ed finan\u010dn\u00ed instituce m\u00e1 licenci MasterCard Principal Member, kter\u00e1 povoluje vyd\u00e1vat platebn\u00ed n\u00e1stroje s logem Mastercard...","breadcrumb":{"@id":"https:\/\/www.igoriacard.com\/cz\/bezpecnost-igoriacard\/#breadcrumb"},"inLanguage":"cs","potentialAction":[{"@type":"ReadAction","target":["https:\/\/www.igoriacard.com\/cz\/bezpecnost-igoriacard\/"]}]},{"@type":"ImageObject","inLanguage":"cs","@id":"https:\/\/www.igoriacard.com\/cz\/bezpecnost-igoriacard\/#primaryimage","url":"https:\/\/www.igoriacard.com\/cz\/wp-content\/uploads\/sites\/5\/2017\/01\/bezpieczenstwo.jpg","contentUrl":"https:\/\/www.igoriacard.com\/cz\/wp-content\/uploads\/sites\/5\/2017\/01\/bezpieczenstwo.jpg","width":1722,"height":784,"caption":"IgoriaCard to bezpieczne p\u0142atno\u015bci"},{"@type":"BreadcrumbList","@id":"https:\/\/www.igoriacard.com\/cz\/bezpecnost-igoriacard\/#breadcrumb","itemListElement":[{"@type":"ListItem","position":1,"name":"Home","item":"https:\/\/www.igoriacard.com\/cz\/"},{"@type":"ListItem","position":2,"name":"Bezpe\u010dnost IgoriaCard"}]},{"@type":"WebSite","@id":"https:\/\/www.igoriacard.com\/cz\/#website","url":"https:\/\/www.igoriacard.com\/cz\/","name":"IgoriaCard | CZ","description":"","potentialAction":[{"@type":"SearchAction","target":{"@type":"EntryPoint","urlTemplate":"https:\/\/www.igoriacard.com\/cz\/?s={search_term_string}"},"query-input":{"@type":"PropertyValueSpecification","valueRequired":true,"valueName":"search_term_string"}}],"inLanguage":"cs"}]}},"_links":{"self":[{"href":"https:\/\/www.igoriacard.com\/cz\/wp-json\/wp\/v2\/pages\/193","targetHints":{"allow":["GET"]}}],"collection":[{"href":"https:\/\/www.igoriacard.com\/cz\/wp-json\/wp\/v2\/pages"}],"about":[{"href":"https:\/\/www.igoriacard.com\/cz\/wp-json\/wp\/v2\/types\/page"}],"author":[{"embeddable":true,"href":"https:\/\/www.igoriacard.com\/cz\/wp-json\/wp\/v2\/users\/1"}],"replies":[{"embeddable":true,"href":"https:\/\/www.igoriacard.com\/cz\/wp-json\/wp\/v2\/comments?post=193"}],"version-history":[{"count":10,"href":"https:\/\/www.igoriacard.com\/cz\/wp-json\/wp\/v2\/pages\/193\/revisions"}],"predecessor-version":[{"id":3071,"href":"https:\/\/www.igoriacard.com\/cz\/wp-json\/wp\/v2\/pages\/193\/revisions\/3071"}],"wp:featuredmedia":[{"embeddable":true,"href":"https:\/\/www.igoriacard.com\/cz\/wp-json\/wp\/v2\/media\/880"}],"wp:attachment":[{"href":"https:\/\/www.igoriacard.com\/cz\/wp-json\/wp\/v2\/media?parent=193"}],"curies":[{"name":"wp","href":"https:\/\/api.w.org\/{rel}","templated":true}]}}