{"id":195,"date":"2017-01-20T10:48:23","date_gmt":"2017-01-20T09:48:23","guid":{"rendered":"http:\/\/localhost\/var\/www\/clients\/client1\/web1\/web\/?page_id=195"},"modified":"2024-03-01T15:07:49","modified_gmt":"2024-03-01T14:07:49","slug":"banki","status":"publish","type":"page","link":"https:\/\/www.igoriacard.com\/cz\/banki\/","title":{"rendered":"Banki"},"content":{"rendered":"<div class=\"uk-container uk-container-center uk-margin-top ic-banks\">\r\n<h3 class=\"ic-lato\">P\u0159ij\u00edm\u00e1me p\u0159evody ze v\u0161ech bank v \u010cR a po cel\u00e9m sv\u011bt\u011b<\/h3>\r\n<p>Banky, ve kter\u00fdch m\u00e1me \u00fa\u010dty<\/p>\r\n<div class=\"uk-accordion\" data-uk-accordion=\"{collapse: false, showfirst: false}\">\r\n<h3 class=\"uk-accordion-title ic-lato\">Banky v Polsku<i class=\"uk-icon-angle-down uk-h3 uk-float-right\"><\/i><\/h3>\r\n<div class=\"uk-accordion-content\">\r\n<table class=\"uk-table uk-margin-large-bottom\">\r\n<thead>\r\n<tr>\r\n<th class=\"uk-width-1-3\" colspan=\"2\" rowspan=\"2\">Bank<\/th>\r\n<th colspan=\"2\">Vklady<\/th>\r\n<th colspan=\"2\">V\u00fdb\u011bry<\/th>\r\n<\/tr>\r\n<tr>\r\n<th>PLN<\/th>\r\n<th>dal\u0161\u00ed m\u011bny<\/th>\r\n<th>PLN<\/th>\r\n<th>dal\u0161\u00ed m\u011bny<\/th>\r\n<\/tr>\r\n<\/thead>\r\n<tbody>\r\n\r\n<tr>\r\n<td><img loading=\"lazy\" decoding=\"async\" class=\"alignnone size-full wp-image-1059\" src=\"https:\/\/www.igoriacard.com\/cz\/wp-content\/uploads\/sites\/5\/2024\/03\/inteligo.png\" alt=\"\" width=\"117\" height=\"42\" \/><\/td>\r\n<td>Inteligo<\/td>\r\n<td>max. 1h<\/td>\r\n<td><\/td>\r\n<td>max. 1h<\/td>\r\n<td><\/td>\r\n<\/tr>\r\n\r\n<tr>\r\n<td><img loading=\"lazy\" decoding=\"async\" class=\"alignnone size-full wp-image-1037\" src=\"\/wp-content\/uploads\/2017\/01\/PKO.jpg\" alt=\"\" width=\"103\" height=\"40\" \/><\/td>\r\n<td>PKO Bank Polski<\/td>\r\n<td>max. 1h<\/td>\r\n<td>max. 1h<\/td>\r\n<td>max. 1h<\/td>\r\n<td>max. 24h<\/td>\r\n<\/tr>\r\n<tr>\r\n<td><img decoding=\"async\" class=\"alignnone size-full wp-image-1038\" src=\"https:\/\/www.igoriacard.com\/en\/wp-content\/uploads\/sites\/2\/2024\/03\/nestbank.jpeg\" alt=\"\" width=\"100\"\/><\/td>\r\n<td>Nest Bank<\/td>\r\n<td>max. 1h<\/td>\r\n<td>max. 1h<\/td>\r\n<td>max. 1h<\/td>\r\n<td>max. 24h<\/td>\r\n<\/tr>\r\n<tr>\r\n<td><img decoding=\"async\" class=\"alignnone size-full wp-image-1038\" src=\"https:\/\/www.igoriacard.com\/wp-content\/uploads\/2024\/03\/ING_Logo_FC_RGB.png\" alt=\"\" width=\"100\" \/><\/td>\r\n<td>ING Bank \u015al\u0105ski<\/td>\r\n<td>max. 24h<\/td>\r\n<td>max. 72h<\/td>\r\n<td>max. 24h<\/td>\r\n<td>max. 72h<\/td>\r\n<\/tr>\r\n<tr>\r\n<td><\/td>\r\n<td>Jin\u00e1 banka<\/td>\r\n<td>max. 24h<\/td>\r\n<td>max. 72h<\/td>\r\n<td>max. 24h<\/td>\r\n<td>max. 72h<\/td>\r\n<\/tr>\r\n<\/tbody>\r\n<\/table>\r\n<\/div>\r\n<h3 class=\"uk-accordion-title ic-lato\">Banky v \u010cR<i class=\"uk-icon-angle-down uk-h3 uk-float-right\"><\/i><\/h3>\r\n<div class=\"uk-accordion-content\">\r\n<table class=\"uk-table uk-margin-large-bottom\">\r\n<thead>\r\n<tr>\r\n<th class=\"uk-width-1-3\" colspan=\"2\" rowspan=\"2\">Bank<\/th>\r\n<th colspan=\"2\">Vklady<\/th>\r\n<th colspan=\"2\">V\u00fdb\u011bry<\/th>\r\n<\/tr>\r\n<tr>\r\n<th>CZK<\/th>\r\n<th>dal\u0161\u00ed m\u011bny<\/th>\r\n<th>CZK<\/th>\r\n<th>dal\u0161\u00ed m\u011bny<\/th>\r\n<\/tr>\r\n<\/thead>\r\n<tbody>\r\n<tr>\r\n<td><img loading=\"lazy\" decoding=\"async\" class=\"alignnone size-full wp-image-1039\" src=\"\/wp-content\/uploads\/2017\/01\/ceska-sporitelna.jpg\" alt=\"\" width=\"76\" height=\"40\" \/><\/td>\r\n<td>\u010cesk\u00e1 spo\u0159itelna<\/td>\r\n<td>max. 1h<\/td>\r\n<td>max. 1h<\/td>\r\n<td>max. 24h<\/td>\r\n<td>max. 24h<\/td>\r\n<\/tr>\r\n<tr>\r\n<td><\/td>\r\n<td>Jin\u00e1 banka<\/td>\r\n<td>max. 24h<\/td>\r\n<td>max. 72h<\/td>\r\n<td>max. 24h<\/td>\r\n<td>max. 72h<\/td>\r\n<\/tr>\r\n<\/tbody>\r\n<\/table>\r\n<\/div>\r\n<h3 class=\"uk-accordion-title ic-lato\">Banky na Slovensku<i class=\"uk-icon-angle-down uk-h3 uk-float-right\"><\/i><\/h3>\r\n<div class=\"uk-accordion-content\">\r\n<table class=\"uk-table uk-margin-large-bottom\">\r\n<thead>\r\n<tr>\r\n<th class=\"uk-width-1-3\" colspan=\"2\" rowspan=\"2\">Bank<\/th>\r\n<th colspan=\"2\">Vklady<\/th>\r\n<th colspan=\"2\">V\u00fdb\u011bry<\/th>\r\n<\/tr>\r\n<tr>\r\n<th>EUR<\/th>\r\n<th>dal\u0161\u00ed m\u011bny<\/th>\r\n<th>EUR<\/th>\r\n<th>dal\u0161\u00ed m\u011bny<\/th>\r\n<\/tr>\r\n<\/thead>\r\n<tbody>\r\n<tr>\r\n<td><img loading=\"lazy\" decoding=\"async\" class=\"alignnone size-full wp-image-1045\" src=\"\/wp-content\/uploads\/2017\/01\/opt-banka.jpg\" alt=\"\" width=\"204\" height=\"42\" \/><\/td>\r\n<td>OTP Banka<\/td>\r\n<td>max. 1h<\/td>\r\n<td>max. 1h<\/td>\r\n<td>max. 24h<\/td>\r\n<td>max. 24h<\/td>\r\n<\/tr>\r\n<tr>\r\n<td><\/td>\r\n<td>UniCredit<\/td>\r\n<td>max. 1h<\/td>\r\n<td>max. 1h<\/td>\r\n<td>max. 24h<\/td>\r\n<td>max. 24h<\/td>\r\n<\/tr>\r\n<tr>\r\n<td><\/td>\r\n<td>Jin\u00e1 banka<\/td>\r\n<td>max. 24h<\/td>\r\n<td>max. 72h<\/td>\r\n<td>max. 24h<\/td>\r\n<td>max. 72h<\/td>\r\n<\/tr>\r\n<\/tbody>\r\n<\/table>\r\n<\/div>\r\n<h3 class=\"uk-accordion-title ic-lato\">Banky v Norsku<i class=\"uk-icon-angle-down uk-h3 uk-float-right\"><\/i><\/h3>\r\n<div class=\"uk-accordion-content\">\r\n<table class=\"uk-table uk-margin-large-bottom\">\r\n<thead>\r\n<tr>\r\n<th class=\"uk-width-1-3\" colspan=\"2\" rowspan=\"2\">Bank<\/th>\r\n<th colspan=\"2\">Vklady<\/th>\r\n<th colspan=\"2\">V\u00fdb\u011bry<\/th>\r\n<\/tr>\r\n<tr>\r\n<th>NOK<\/th>\r\n<th>dal\u0161\u00ed m\u011bny<\/th>\r\n<th>NOK<\/th>\r\n<th>dal\u0161\u00ed m\u011bny<\/th>\r\n<\/tr>\r\n<\/thead>\r\n<tbody>\r\n<tr>\r\n<td><img loading=\"lazy\" decoding=\"async\" class=\"alignnone size-full wp-image-1031\" src=\"\/wp-content\/uploads\/2017\/01\/DNB.jpg\" alt=\"\" width=\"78\" height=\"40\" \/><\/td>\r\n<td>DnB Bank ASA Norwegia<\/td>\r\n<td>max. 24h<\/td>\r\n<td>max. 72h<\/td>\r\n<td>max. 24h<\/td>\r\n<td>max. 72h<\/td>\r\n<\/tr>\r\n<tr>\r\n<td><\/td>\r\n<td>Jin\u00e1 banka<\/td>\r\n<td>max. 24h<\/td>\r\n<td>max. 72h<\/td>\r\n<td>max. 24h<\/td>\r\n<td>max. 72h<\/td>\r\n<\/tr>\r\n<\/tbody>\r\n<\/table>\r\n<\/div>\r\n<h3 class=\"uk-accordion-title ic-lato\">Banky v jin\u00fdch zem\u00edch<i class=\"uk-icon-angle-down uk-h3 uk-float-right\"><\/i><\/h3>\r\n<div class=\"uk-accordion-content\">\r\n<table class=\"uk-table uk-margin-large-bottom\">\r\n<thead>\r\n<tr>\r\n<th class=\"uk-width-1-3\" colspan=\"2\" rowspan=\"2\">Bank<\/th>\r\n<th colspan=\"2\">Vklady<\/th>\r\n<th colspan=\"2\">V\u00fdb\u011bry<\/th>\r\n<\/tr>\r\n<tr>\r\n<th>n\u00e1rodn\u00ed m\u011bna<\/th>\r\n<th>dal\u0161\u00ed m\u011bny<\/th>\r\n<th>n\u00e1rodn\u00ed m\u011bna<\/th>\r\n<th>dal\u0161\u00ed m\u011bny<\/th>\r\n<\/tr>\r\n<\/thead>\r\n<tbody>\r\n<tr>\r\n<td><\/td>\r\n<td>V\u0161echny banky<\/td>\r\n<td>max. 24h<\/td>\r\n<td>max. 72h<\/td>\r\n<td>max. 24h<\/td>\r\n<td>max. 72h<\/td>\r\n<\/tr>\r\n<\/tbody>\r\n<\/table>\r\n<\/div>\r\n<\/div>\r\n<\/div>","protected":false},"excerpt":{"rendered":"<p>P\u0159ij\u00edm\u00e1me p\u0159evody ze v\u0161ech bank v \u010cR a po cel\u00e9m sv\u011bt\u011b Banky, ve kter\u00fdch m\u00e1me \u00fa\u010dty Banky v Polsku Bank Vklady V\u00fdb\u011bry PLN dal\u0161\u00ed m\u011bny PLN dal\u0161\u00ed m\u011bny Inteligo max. 1h max. 1h PKO Bank Polski max. 1h max. 1h max. 1h max. 24h Nest Bank max. 1h max. 1h max. 1h max. 24h ING [&hellip;]<\/p>\n","protected":false},"author":1,"featured_media":0,"parent":0,"menu_order":0,"comment_status":"closed","ping_status":"closed","template":"page-no-header.php","meta":{"footnotes":""},"class_list":["post-195","page","type-page","status-publish","hentry"],"yoast_head":"<!-- This site is optimized with the Yoast SEO plugin v26.8 - https:\/\/yoast.com\/product\/yoast-seo-wordpress\/ -->\n<title>Banki - IgoriaCard | CZ<\/title>\n<meta name=\"description\" content=\"P\u0159ij\u00edm\u00e1me p\u0159evody ze v\u0161ech bank v \u010cR a po cel\u00e9m sv\u011bt\u011b. Seznam Bank\" \/>\n<meta name=\"robots\" content=\"noindex, follow, max-snippet:-1, max-image-preview:large, max-video-preview:-1\" \/>\n<meta property=\"og:locale\" content=\"cs_CZ\" \/>\n<meta property=\"og:type\" content=\"article\" \/>\n<meta property=\"og:title\" content=\"Banki - IgoriaCard | CZ\" \/>\n<meta property=\"og:description\" content=\"P\u0159ij\u00edm\u00e1me p\u0159evody ze v\u0161ech bank v \u010cR a po cel\u00e9m sv\u011bt\u011b. Seznam Bank\" \/>\n<meta property=\"og:url\" content=\"https:\/\/www.igoriacard.com\/cz\/banki\/\" \/>\n<meta property=\"og:site_name\" content=\"IgoriaCard | CZ\" \/>\n<meta property=\"article:modified_time\" content=\"2024-03-01T14:07:49+00:00\" \/>\n<meta name=\"twitter:card\" content=\"summary_large_image\" \/>\n<meta name=\"twitter:label1\" content=\"Odhadovan\u00e1 doba \u010dten\u00ed\" \/>\n\t<meta name=\"twitter:data1\" content=\"1 minuta\" \/>\n<script type=\"application\/ld+json\" class=\"yoast-schema-graph\">{\"@context\":\"https:\/\/schema.org\",\"@graph\":[{\"@type\":\"WebPage\",\"@id\":\"https:\/\/www.igoriacard.com\/cz\/banki\/\",\"url\":\"https:\/\/www.igoriacard.com\/cz\/banki\/\",\"name\":\"Banki - IgoriaCard | CZ\",\"isPartOf\":{\"@id\":\"https:\/\/www.igoriacard.com\/cz\/#website\"},\"primaryImageOfPage\":{\"@id\":\"https:\/\/www.igoriacard.com\/cz\/banki\/#primaryimage\"},\"image\":{\"@id\":\"https:\/\/www.igoriacard.com\/cz\/banki\/#primaryimage\"},\"thumbnailUrl\":\"https:\/\/www.igoriacard.com\/cz\/wp-content\/uploads\/sites\/5\/2024\/03\/inteligo.png\",\"datePublished\":\"2017-01-20T09:48:23+00:00\",\"dateModified\":\"2024-03-01T14:07:49+00:00\",\"description\":\"P\u0159ij\u00edm\u00e1me p\u0159evody ze v\u0161ech bank v \u010cR a po cel\u00e9m sv\u011bt\u011b. Seznam Bank\",\"breadcrumb\":{\"@id\":\"https:\/\/www.igoriacard.com\/cz\/banki\/#breadcrumb\"},\"inLanguage\":\"cs\",\"potentialAction\":[{\"@type\":\"ReadAction\",\"target\":[\"https:\/\/www.igoriacard.com\/cz\/banki\/\"]}]},{\"@type\":\"ImageObject\",\"inLanguage\":\"cs\",\"@id\":\"https:\/\/www.igoriacard.com\/cz\/banki\/#primaryimage\",\"url\":\"\",\"contentUrl\":\"\"},{\"@type\":\"BreadcrumbList\",\"@id\":\"https:\/\/www.igoriacard.com\/cz\/banki\/#breadcrumb\",\"itemListElement\":[{\"@type\":\"ListItem\",\"position\":1,\"name\":\"Home\",\"item\":\"https:\/\/www.igoriacard.com\/cz\/\"},{\"@type\":\"ListItem\",\"position\":2,\"name\":\"Banki\"}]},{\"@type\":\"WebSite\",\"@id\":\"https:\/\/www.igoriacard.com\/cz\/#website\",\"url\":\"https:\/\/www.igoriacard.com\/cz\/\",\"name\":\"IgoriaCard | CZ\",\"description\":\"\",\"potentialAction\":[{\"@type\":\"SearchAction\",\"target\":{\"@type\":\"EntryPoint\",\"urlTemplate\":\"https:\/\/www.igoriacard.com\/cz\/?s={search_term_string}\"},\"query-input\":{\"@type\":\"PropertyValueSpecification\",\"valueRequired\":true,\"valueName\":\"search_term_string\"}}],\"inLanguage\":\"cs\"}]}<\/script>\n<!-- \/ Yoast SEO plugin. -->","yoast_head_json":{"title":"Banki - IgoriaCard | CZ","description":"P\u0159ij\u00edm\u00e1me p\u0159evody ze v\u0161ech bank v \u010cR a po cel\u00e9m sv\u011bt\u011b. Seznam Bank","robots":{"index":"noindex","follow":"follow","max-snippet":"max-snippet:-1","max-image-preview":"max-image-preview:large","max-video-preview":"max-video-preview:-1"},"og_locale":"cs_CZ","og_type":"article","og_title":"Banki - IgoriaCard | CZ","og_description":"P\u0159ij\u00edm\u00e1me p\u0159evody ze v\u0161ech bank v \u010cR a po cel\u00e9m sv\u011bt\u011b. Seznam Bank","og_url":"https:\/\/www.igoriacard.com\/cz\/banki\/","og_site_name":"IgoriaCard | CZ","article_modified_time":"2024-03-01T14:07:49+00:00","twitter_card":"summary_large_image","twitter_misc":{"Odhadovan\u00e1 doba \u010dten\u00ed":"1 minuta"},"schema":{"@context":"https:\/\/schema.org","@graph":[{"@type":"WebPage","@id":"https:\/\/www.igoriacard.com\/cz\/banki\/","url":"https:\/\/www.igoriacard.com\/cz\/banki\/","name":"Banki - IgoriaCard | CZ","isPartOf":{"@id":"https:\/\/www.igoriacard.com\/cz\/#website"},"primaryImageOfPage":{"@id":"https:\/\/www.igoriacard.com\/cz\/banki\/#primaryimage"},"image":{"@id":"https:\/\/www.igoriacard.com\/cz\/banki\/#primaryimage"},"thumbnailUrl":"https:\/\/www.igoriacard.com\/cz\/wp-content\/uploads\/sites\/5\/2024\/03\/inteligo.png","datePublished":"2017-01-20T09:48:23+00:00","dateModified":"2024-03-01T14:07:49+00:00","description":"P\u0159ij\u00edm\u00e1me p\u0159evody ze v\u0161ech bank v \u010cR a po cel\u00e9m sv\u011bt\u011b. Seznam Bank","breadcrumb":{"@id":"https:\/\/www.igoriacard.com\/cz\/banki\/#breadcrumb"},"inLanguage":"cs","potentialAction":[{"@type":"ReadAction","target":["https:\/\/www.igoriacard.com\/cz\/banki\/"]}]},{"@type":"ImageObject","inLanguage":"cs","@id":"https:\/\/www.igoriacard.com\/cz\/banki\/#primaryimage","url":"","contentUrl":""},{"@type":"BreadcrumbList","@id":"https:\/\/www.igoriacard.com\/cz\/banki\/#breadcrumb","itemListElement":[{"@type":"ListItem","position":1,"name":"Home","item":"https:\/\/www.igoriacard.com\/cz\/"},{"@type":"ListItem","position":2,"name":"Banki"}]},{"@type":"WebSite","@id":"https:\/\/www.igoriacard.com\/cz\/#website","url":"https:\/\/www.igoriacard.com\/cz\/","name":"IgoriaCard | CZ","description":"","potentialAction":[{"@type":"SearchAction","target":{"@type":"EntryPoint","urlTemplate":"https:\/\/www.igoriacard.com\/cz\/?s={search_term_string}"},"query-input":{"@type":"PropertyValueSpecification","valueRequired":true,"valueName":"search_term_string"}}],"inLanguage":"cs"}]}},"_links":{"self":[{"href":"https:\/\/www.igoriacard.com\/cz\/wp-json\/wp\/v2\/pages\/195","targetHints":{"allow":["GET"]}}],"collection":[{"href":"https:\/\/www.igoriacard.com\/cz\/wp-json\/wp\/v2\/pages"}],"about":[{"href":"https:\/\/www.igoriacard.com\/cz\/wp-json\/wp\/v2\/types\/page"}],"author":[{"embeddable":true,"href":"https:\/\/www.igoriacard.com\/cz\/wp-json\/wp\/v2\/users\/1"}],"replies":[{"embeddable":true,"href":"https:\/\/www.igoriacard.com\/cz\/wp-json\/wp\/v2\/comments?post=195"}],"version-history":[{"count":24,"href":"https:\/\/www.igoriacard.com\/cz\/wp-json\/wp\/v2\/pages\/195\/revisions"}],"predecessor-version":[{"id":3089,"href":"https:\/\/www.igoriacard.com\/cz\/wp-json\/wp\/v2\/pages\/195\/revisions\/3089"}],"wp:attachment":[{"href":"https:\/\/www.igoriacard.com\/cz\/wp-json\/wp\/v2\/media?parent=195"}],"curies":[{"name":"wp","href":"https:\/\/api.w.org\/{rel}","templated":true}]}}