{"id":216,"date":"2017-01-23T17:41:38","date_gmt":"2017-01-23T16:41:38","guid":{"rendered":"http:\/\/localhost\/var\/www\/clients\/client1\/web1\/web\/?page_id=216"},"modified":"2019-01-22T14:03:13","modified_gmt":"2019-01-22T13:03:13","slug":"online-smenarna","status":"publish","type":"page","link":"https:\/\/www.igoriacard.com\/cz\/online-smenarna\/","title":{"rendered":"Sm\u011bn\u00e1rna"},"content":{"rendered":"<div class=\"uk-container uk-container-center\">\r\n<h2 class=\"ic-text-normal\">Kurzy m\u011bn<\/h2>\r\n<div class=\"uk-grid uk-grid-width-large-1-4 uk-grid-width-medium-1-2 uk-grid-width-small-1-2\">\r\n<div class=\"uk-margin-bottom\"><table class=\"uk-text-center uk-container-center\">\r\n\r\n<tr class=\"uk-block-muted\" style=\"border: #ccc 1px solid\">\r\n<td colspan=\"2\">\r\n<a href=\"\/cz\/eur\/\" class=\"uk-display-inline-block ic-text-black\"><span class=\"ic-flag-small-eur uk-margin-small-left uk-margin-small-right\"><\/span> EUR\/PLN <span class=\"ic-flag-small-pln uk-small-margin-left uk-margin-small-right\"><\/span><\/a>\r\n<\/td>\r\n<\/tr>\r\n\r\n<tr style=\"border-left: #ccc 1px solid;border-right: #ccc 1px solid;border-top: #ccc 1px solid\">\r\n<td class=\"ic-padding-top uk-text-muted\">Nakupujeme<\/td>\r\n<td class=\"ic-padding-top uk-text-muted\">Prod\u00e1v\u00e1me<\/td>\r\n<\/tr>\r\n\r\n<tr style=\"border-left: #ccc 1px solid;border-right: #ccc 1px solid;border-bottom: #ccc 1px solid\">\r\n<td id=\"ic-sell-eur\" class=\"uk-text-large ic-padding-bottom\"><\/td>\r\n<td id=\"ic-buy-eur\" class=\"uk-text-large ic-padding-bottom\"><\/td>\r\n<\/tr>\r\n\r\n<\/table><\/div>\r\n\r\n<div class=\"uk-margin-bottom\"><table class=\"uk-text-center uk-container-center\">\r\n\r\n<tr class=\"uk-block-muted\" style=\"border: #ccc 1px solid\">\r\n<td colspan=\"2\">\r\n<a href=\"\/cz\/usd\/\" class=\"uk-display-inline-block ic-text-black\"><span class=\"ic-flag-small-usd uk-margin-small-left uk-margin-small-right\"><\/span> USD\/PLN <span class=\"ic-flag-small-pln uk-margin-small-left uk-margin-small-right\"><\/span><\/a>\r\n<\/td>\r\n<\/tr>\r\n\r\n<tr style=\"border-left: #ccc 1px solid;border-right: #ccc 1px solid;border-top: #ccc 1px solid\">\r\n<td class=\"ic-padding-top uk-text-muted\">Nakupujeme<\/td>\r\n<td class=\"ic-padding-top uk-text-muted\">Prod\u00e1v\u00e1me<\/td>\r\n<\/tr>\r\n\r\n<tr style=\"border-left: #ccc 1px solid;border-right: #ccc 1px solid;border-bottom: #ccc 1px solid\">\r\n<td id=\"ic-sell-usd\" class=\"uk-text-large ic-paddin-bottom\"><\/td>\r\n<td id=\"ic-buy-usd\" class=\"uk-text-large ic-padding-bottom\"><\/td>\r\n<\/tr>\r\n\r\n<\/table><\/div>\r\n\r\n<div class=\"uk-margin-bottom\"><table class=\"uk-text-center uk-container-center\">\r\n\r\n<tr class=\"uk-block-muted\" style=\"border: #ccc 1px solid\">\r\n<td colspan=\"2\">\r\n<a href=\"\/cz\/gbp\/\" class=\"uk-display-inline-block ic-text-black\"><span class=\"ic-flag-small-gbp uk-margin-small-left uk-margin-small-right\"><\/span> GBP\/PLN <span class=\"ic-flag-small-pln uk-margin-small-left uk-margin-small-right\"><\/span><\/a>\r\n<\/td>\r\n<\/tr>\r\n\r\n<tr style=\"border-left: #ccc 1px solid;border-right: #ccc 1px solid;border-top: #ccc 1px solid\">\r\n<td class=\"ic-padding-top uk-text-muted\">Nakupujeme<\/td>\r\n<td class=\"ic-padding-top uk-text-muted\">Prod\u00e1v\u00e1me<\/td>\r\n<\/tr>\r\n\r\n<tr style=\"border-left: #ccc 1px solid;border-right: #ccc 1px solid;border-bottom: #ccc 1px solid\">\r\n<td id=\"ic-sell-gbp\" class=\"uk-text-large ic-padding-bottom\"><\/td>\r\n<td id=\"ic-buy-gbp\" class=\"uk-text-large ic-padding-bottom\"><\/td>\r\n<\/tr>\r\n\r\n<\/table><\/div>\r\n\r\n<div class=\"uk-margin-bottom\"><table class=\"uk-text-center uk-container-center\">\r\n\r\n<tr class=\"uk-block-muted\" style=\"border: #ccc 1px solid\">\r\n<td colspan=\"2\">\r\n<a href=\"\/cz\/chf\/\" class=\"uk-display-inline-block ic-text-black\"><span class=\"ic-flag-small-chf uk-margin-small-left uk-margin-small-right\"><\/span> CHF\/PLN <span class=\"ic-flag-small-pln uk-margin-small-left uk-margin-small-right\"><\/span><\/a>\r\n<\/td>\r\n<\/tr>\r\n\r\n<tr style=\"border-left: #ccc 1px solid;border-right: #ccc 1px solid;border-top: #ccc 1px solid\">\r\n<td class=\"ic-padding-top uk-text-muted\">Nakupujeme<\/td>\r\n<td class=\"ic-padding-top uk-text-muted\">Prod\u00e1v\u00e1me<\/td>\r\n<\/tr>\r\n\r\n<tr style=\"border-left: #ccc 1px solid;border-right: #ccc 1px solid;border-bottom: #ccc 1px solid\">\r\n<td id=\"ic-sell-chf\" class=\"uk-text-large ic-padding-bottom\"><\/td>\r\n<td id=\"ic-buy-chf\" class=\"uk-text-large ic-padding-bottom\"><\/td>\r\n<\/tr>\r\n\r\n<\/table><\/div>\r\n<\/div>\r\n<\/div>\r\n\r\n<div class=\"uk-container uk-container-center uk-text-center uk-margin-large-top uk-margin-large-bottom\">\r\n<a class=\"uk-button uk-button-large ic-button-blue\" href=\"\/cz\/pln\/\">V\u0161echny, kurzy m\u011bn<\/a>\r\n<!--\r\n<div class=\"uk-block uk-badge-warning uk-text-center uk-contrast ic-padding-top uk-margin-bottom ic-padding-bottom ic-margin-huge-top uk-margin-large-bottom\">\r\n<div class=\"uk-container uk-container-center uk-flex uk-flex-top uk-flex-space-around\">\r\n<div>\r\n<h2 class=\"uk-margin-left uk-margin-top uk-margin-small-bottom\">Promocja karta za jedyne <span class=\"ic-text-bolder\">30<\/span>,00&nbsp;PLN<\/h2>\r\n<p class=\"uk-margin-bottom uk-margin-top-remove\">Promocja wa\u017cna do&nbsp;30.08.2017<\/p>\r\n<\/div>\r\n<img decoding=\"async\" src=\"\/wp-content\/themes\/tm-beans-child\/img\/karta-z-bia\u0142ym-tlem.png\" alt=\"B\u0142\u0119kitna karta IgoriaCard taniej\" width=\"300\" class=\"uk-float-right uk-margin-right uk-hidden-small\" style=\"margin-top: -70px\">\r\n<\/div>\r\n\r\n<\/div>\r\n-->\r\n  <script>\r\n    jQuery(function(){\r\n\r\n      var c = Object.create(Currency);\r\n\r\n      c.loadSource().done(function() {\r\n        var currencies = new Array('EUR', 'USD', 'CHF', 'GBP');\r\n        jQuery(currencies).each(function(val, index) {\r\n            jQuery('#ic-sell-' + index.toLowerCase()).append(c.getRatesFor(index, 'sell'));\r\n            jQuery('#ic-buy-' + index.toLowerCase()).append(c.getRatesFor(index, 'buy'));\r\n        });\r\n\r\n      });\r\n    });\r\n  \r\n<\/script>\r\n<hr \/>\r\n\r\n<h2 class=\"ic-text-normal uk-text-center\">Jak funguje Igoria Card?<\/h2>\r\n<div class=\"uk-margin-bottom\">\r\n<div class=\"uk-container uk-container-center uk-text-justify\">\r\n<p class=\"ic-text-normal uk-h3\">P\u0159\u00edklad 1 &#8211; Transakce v obchod\u011b<\/p>\r\n<p>Plat\u00edte za n\u00e1kupy v obchod\u011b ve v\u00fd\u0161i 5,57 EUR. Pokud m\u00e1te finan\u010dn\u00ed prost\u0159edky v EUR, nemus\u00edte se ob\u00e1vat. Tato \u010d\u00e1stka bude sta\u017eena p\u0159\u00edmo z \u00fa\u010dtu v EUR.<\/p>\r\n<p>Krom\u011b 13,18 EUR m\u00e1te tak\u00e9 525,00 CZK, 20,00 USD a 17,00 GBP? Pokud m\u00e1te dostate\u010dnou \u010d\u00e1stku v EUR, nemus\u00edte se ob\u00e1vat. \u010c\u00e1stka, kterou mus\u00edte zaplatit 5,57 EUR, bude p\u0159evzata z dostupn\u00fdch prost\u0159edk\u016f v EUR.<\/p>\r\n<a href=\"\/cz\/smenarna-online\/\" class=\"uk-link uk-float-right ic-transparent-back uk-text-large uk-container uk-container-center\">Uka\u017e v\u00edc <i class=\"uk-icon-angle-right uk-text-large\"><\/i><\/a>\r\n<\/div>\r\n\r\n\r\n<\/div>\r\n\r\n\r\n<div class=\"uk-margin-bottom\">\r\n\r\n<div class=\"uk-container uk-container-center uk-text-justify\">\r\n<p class=\"ic-text-normal uk-h3\">P\u0159\u00edklad 2 -Placen\u00ed v restauraci<\/p>\r\n\r\n<p>Chcete zaplatit EUR 55,00 za ve\u010de\u0159i s p\u0159\u00e1teli v jedn\u00e9 restaurac\u00ed v It\u00e1lii? Na kart\u011b m\u00e1te pouze 10,00 EUR, ale taky m\u00e1te 1200,00&nbsp;CZK a 20,00 CHF. A co te\u010f? Automatick\u00e1 m\u011bnov\u00e1 konverze  na kart\u011b IgoriaCard v\u00e1m pom\u016f\u017ee v ka\u017ed\u00e9 situaci.<\/p>\r\n\r\n<p>V p\u0159ipad\u011b placen\u00ed kartou IgoriaCard  system v\u00e1m st\u00e1hne  10,00 EUR a  automaticky nakoupi chyb\u011bj\u00edc\u00ed \u010d\u00e1stku 45,00 EUR, p\u0159i\u010dem\u017e vym\u011bn\u00ed CZK na EUR podle nejlep\u0161\u00edho kurzu z  dostupn\u00fdch na IgoriaCard.<\/p>\r\n<a href=\"\/cz\/wymena-men\/\" class=\"uk-link uk-float-right ic-transparent-back uk-text-large uk-container uk-container-center\">Uka\u017e v\u00edc <i class=\"uk-icon-angle-right uk-text-large\"><\/i><\/a>\r\n<\/div>\r\n\r\n\r\n<\/div>\r\n\r\n\r\n<div class=\"uk-margin-bottom\">\r\n\r\n<div class=\"uk-container uk-container-center uk-text-justify\">\r\n<p class=\"ic-text-normal uk-h3\">P\u0159\u00edklad 3 -Vy\u00fa\u010dtov\u00e1n\u00ed pracovn\u00ed cesty<\/p>\r\n\r\n<p>V posledn\u00ed den va\u0161eho pobytu b\u011bhem slu\u017eebn\u00ed cesty v USA plat\u00edte hotelov\u00fd \u00fa\u010det. \u010c\u00e1stka, kterou mus\u00edte zaplatit, je 170,00 USD. Bohu\u017eel nem\u00e1te \u017e\u00e1dn\u00e9 prost\u0159edky v USD. Na slu\u017eebn\u00ed kart\u011b m\u00e1te pouze 2&nbsp;700,00 CZK a 250,00 EUR.<\/p>\r\n\r\n<p>V chv\u00edli zpracov\u00e1v\u00e1n\u00ed transakc\u00ed s kartou IgoriaCard syst\u00e9m vyb\u00edr\u00e1 170,00&nbsp;USD z \u00fa\u010dt\u016f v&nbsp;CZK a&nbsp;EUR. D\u00edky automatick\u00e9 konverzi IgoriaCard  st\u00e1hne 119,61&nbsp;USD z&nbsp;\u00fa\u010dtu&nbsp;CZK a&nbsp;50,39&nbsp;USD z&nbsp;\u00fa\u010dtu v&nbsp;EUR.<\/p>\r\n<a href=\"\/cz\/smenarnaplatby-online\/\" class=\"uk-link uk-float-right ic-transparent-back uk-text-large uk-container uk-container-center\">Uka\u017e v\u00edc <i class=\"uk-icon-angle-right uk-text-large\"><\/i><\/a>\r\n<\/div>\r\n\r\n\r\n<\/div>\r\n\r\n\r\n\r\n\r\n<div class=\"uk-container uk-container-center uk-text-center uk-margin-large-bottom\"><a class=\"uk-button uk-h3 uk-button-large ic-button-blue uk-container-center ic-text-light\" href=\"https:\/\/igoriacard.com\/registration\/create\/en-GB\">Zaregistrujte se<\/a><\/div>\r\n<!--<p class=\"uk-container uk-container-center uk-text-center ic-text-light uk-margin-top uk-margin-bottom uk-h2\">St\u00e1hnout aplikaci<\/p>\r\n<div class=\"uk-grid uk-flex-center uk-margin-large-bottom\">\r\n<a href=\"[google-play]\"><div id=\"ic-google-play\"><\/div><\/a><a href=\"[itunes]\"><div id=\"ic-app-store\"><\/div><\/a>\r\n<\/div>-->\r\n\r\n","protected":false},"excerpt":{"rendered":"<p>Kurzy m\u011bn EUR\/PLN Nakupujeme Prod\u00e1v\u00e1me USD\/PLN Nakupujeme Prod\u00e1v\u00e1me GBP\/PLN Nakupujeme Prod\u00e1v\u00e1me CHF\/PLN Nakupujeme Prod\u00e1v\u00e1me V\u0161echny, kurzy m\u011bn Jak funguje Igoria Card? P\u0159\u00edklad 1 &#8211; Transakce v obchod\u011b Plat\u00edte za n\u00e1kupy v obchod\u011b ve v\u00fd\u0161i 5,57 EUR. Pokud m\u00e1te finan\u010dn\u00ed prost\u0159edky v EUR, nemus\u00edte se ob\u00e1vat. Tato \u010d\u00e1stka bude sta\u017eena p\u0159\u00edmo z \u00fa\u010dtu v EUR. Krom\u011b [&hellip;]<\/p>\n","protected":false},"author":1,"featured_media":477,"parent":0,"menu_order":0,"comment_status":"closed","ping_status":"closed","template":"page-common.php","meta":{"footnotes":""},"class_list":["post-216","page","type-page","status-publish","has-post-thumbnail","hentry"],"yoast_head":"<!-- This site is optimized with the Yoast SEO plugin v26.8 - https:\/\/yoast.com\/product\/yoast-seo-wordpress\/ -->\n<title>Online Sm\u011bn\u00e1rna 24\/7 - IgoriaCard<\/title>\n<meta name=\"description\" content=\"Online sm\u011bn\u00e1rna na kart\u011b, kter\u00e1 je k dispozici online 24 hodin denn\u011b zjednodu\u0161\u00ed dob\u00edjen\u00ed multim\u011bnov\u00fdch karet p\u0159imo z m\u011bnov\u00e9ho \u00fa\u010dt\u016f\" \/>\n<meta name=\"robots\" content=\"noindex, follow, max-snippet:-1, max-image-preview:large, max-video-preview:-1\" \/>\n<meta property=\"og:locale\" content=\"cs_CZ\" \/>\n<meta property=\"og:type\" content=\"article\" \/>\n<meta property=\"og:title\" content=\"Online Sm\u011bn\u00e1rna 24\/7 - IgoriaCard\" \/>\n<meta property=\"og:description\" content=\"Online sm\u011bn\u00e1rna na kart\u011b, kter\u00e1 je k dispozici online 24 hodin denn\u011b zjednodu\u0161\u00ed dob\u00edjen\u00ed multim\u011bnov\u00fdch karet p\u0159imo z m\u011bnov\u00e9ho \u00fa\u010dt\u016f\" \/>\n<meta property=\"og:url\" content=\"https:\/\/www.igoriacard.com\/cz\/online-smenarna\/\" \/>\n<meta property=\"og:site_name\" content=\"IgoriaCard | CZ\" \/>\n<meta property=\"article:modified_time\" content=\"2019-01-22T13:03:13+00:00\" \/>\n<meta property=\"og:image\" content=\"https:\/\/www.igoriacard.com\/cz\/wp-content\/uploads\/sites\/5\/2017\/02\/tania-wymiana-w-kantorze.jpg\" \/>\n\t<meta property=\"og:image:width\" content=\"1599\" \/>\n\t<meta property=\"og:image:height\" content=\"789\" \/>\n\t<meta property=\"og:image:type\" content=\"image\/jpeg\" \/>\n<meta name=\"twitter:card\" content=\"summary_large_image\" \/>\n<meta name=\"twitter:label1\" content=\"Odhadovan\u00e1 doba \u010dten\u00ed\" \/>\n\t<meta name=\"twitter:data1\" content=\"2 minuty\" \/>\n<script type=\"application\/ld+json\" class=\"yoast-schema-graph\">{\"@context\":\"https:\/\/schema.org\",\"@graph\":[{\"@type\":\"WebPage\",\"@id\":\"https:\/\/www.igoriacard.com\/cz\/online-smenarna\/\",\"url\":\"https:\/\/www.igoriacard.com\/cz\/online-smenarna\/\",\"name\":\"Online Sm\u011bn\u00e1rna 24\/7 - IgoriaCard\",\"isPartOf\":{\"@id\":\"https:\/\/www.igoriacard.com\/cz\/#website\"},\"primaryImageOfPage\":{\"@id\":\"https:\/\/www.igoriacard.com\/cz\/online-smenarna\/#primaryimage\"},\"image\":{\"@id\":\"https:\/\/www.igoriacard.com\/cz\/online-smenarna\/#primaryimage\"},\"thumbnailUrl\":\"https:\/\/www.igoriacard.com\/cz\/wp-content\/uploads\/sites\/5\/2017\/02\/tania-wymiana-w-kantorze.jpg\",\"datePublished\":\"2017-01-23T16:41:38+00:00\",\"dateModified\":\"2019-01-22T13:03:13+00:00\",\"description\":\"Online sm\u011bn\u00e1rna na kart\u011b, kter\u00e1 je k dispozici online 24 hodin denn\u011b zjednodu\u0161\u00ed dob\u00edjen\u00ed multim\u011bnov\u00fdch karet p\u0159imo z m\u011bnov\u00e9ho \u00fa\u010dt\u016f\",\"breadcrumb\":{\"@id\":\"https:\/\/www.igoriacard.com\/cz\/online-smenarna\/#breadcrumb\"},\"inLanguage\":\"cs\",\"potentialAction\":[{\"@type\":\"ReadAction\",\"target\":[\"https:\/\/www.igoriacard.com\/cz\/online-smenarna\/\"]}]},{\"@type\":\"ImageObject\",\"inLanguage\":\"cs\",\"@id\":\"https:\/\/www.igoriacard.com\/cz\/online-smenarna\/#primaryimage\",\"url\":\"https:\/\/www.igoriacard.com\/cz\/wp-content\/uploads\/sites\/5\/2017\/02\/tania-wymiana-w-kantorze.jpg\",\"contentUrl\":\"https:\/\/www.igoriacard.com\/cz\/wp-content\/uploads\/sites\/5\/2017\/02\/tania-wymiana-w-kantorze.jpg\",\"width\":1599,\"height\":789,\"caption\":\"IgoriaCard umo\u017cliwia bardzo korzystn\u0105 wymian\u0119 waluty\"},{\"@type\":\"BreadcrumbList\",\"@id\":\"https:\/\/www.igoriacard.com\/cz\/online-smenarna\/#breadcrumb\",\"itemListElement\":[{\"@type\":\"ListItem\",\"position\":1,\"name\":\"Home\",\"item\":\"https:\/\/www.igoriacard.com\/cz\/\"},{\"@type\":\"ListItem\",\"position\":2,\"name\":\"Sm\u011bn\u00e1rna\"}]},{\"@type\":\"WebSite\",\"@id\":\"https:\/\/www.igoriacard.com\/cz\/#website\",\"url\":\"https:\/\/www.igoriacard.com\/cz\/\",\"name\":\"IgoriaCard | CZ\",\"description\":\"\",\"potentialAction\":[{\"@type\":\"SearchAction\",\"target\":{\"@type\":\"EntryPoint\",\"urlTemplate\":\"https:\/\/www.igoriacard.com\/cz\/?s={search_term_string}\"},\"query-input\":{\"@type\":\"PropertyValueSpecification\",\"valueRequired\":true,\"valueName\":\"search_term_string\"}}],\"inLanguage\":\"cs\"}]}<\/script>\n<!-- \/ Yoast SEO plugin. -->","yoast_head_json":{"title":"Online Sm\u011bn\u00e1rna 24\/7 - IgoriaCard","description":"Online sm\u011bn\u00e1rna na kart\u011b, kter\u00e1 je k dispozici online 24 hodin denn\u011b zjednodu\u0161\u00ed dob\u00edjen\u00ed multim\u011bnov\u00fdch karet p\u0159imo z m\u011bnov\u00e9ho \u00fa\u010dt\u016f","robots":{"index":"noindex","follow":"follow","max-snippet":"max-snippet:-1","max-image-preview":"max-image-preview:large","max-video-preview":"max-video-preview:-1"},"og_locale":"cs_CZ","og_type":"article","og_title":"Online Sm\u011bn\u00e1rna 24\/7 - IgoriaCard","og_description":"Online sm\u011bn\u00e1rna na kart\u011b, kter\u00e1 je k dispozici online 24 hodin denn\u011b zjednodu\u0161\u00ed dob\u00edjen\u00ed multim\u011bnov\u00fdch karet p\u0159imo z m\u011bnov\u00e9ho \u00fa\u010dt\u016f","og_url":"https:\/\/www.igoriacard.com\/cz\/online-smenarna\/","og_site_name":"IgoriaCard | CZ","article_modified_time":"2019-01-22T13:03:13+00:00","og_image":[{"width":1599,"height":789,"url":"https:\/\/www.igoriacard.com\/cz\/wp-content\/uploads\/sites\/5\/2017\/02\/tania-wymiana-w-kantorze.jpg","type":"image\/jpeg"}],"twitter_card":"summary_large_image","twitter_misc":{"Odhadovan\u00e1 doba \u010dten\u00ed":"2 minuty"},"schema":{"@context":"https:\/\/schema.org","@graph":[{"@type":"WebPage","@id":"https:\/\/www.igoriacard.com\/cz\/online-smenarna\/","url":"https:\/\/www.igoriacard.com\/cz\/online-smenarna\/","name":"Online Sm\u011bn\u00e1rna 24\/7 - IgoriaCard","isPartOf":{"@id":"https:\/\/www.igoriacard.com\/cz\/#website"},"primaryImageOfPage":{"@id":"https:\/\/www.igoriacard.com\/cz\/online-smenarna\/#primaryimage"},"image":{"@id":"https:\/\/www.igoriacard.com\/cz\/online-smenarna\/#primaryimage"},"thumbnailUrl":"https:\/\/www.igoriacard.com\/cz\/wp-content\/uploads\/sites\/5\/2017\/02\/tania-wymiana-w-kantorze.jpg","datePublished":"2017-01-23T16:41:38+00:00","dateModified":"2019-01-22T13:03:13+00:00","description":"Online sm\u011bn\u00e1rna na kart\u011b, kter\u00e1 je k dispozici online 24 hodin denn\u011b zjednodu\u0161\u00ed dob\u00edjen\u00ed multim\u011bnov\u00fdch karet p\u0159imo z m\u011bnov\u00e9ho \u00fa\u010dt\u016f","breadcrumb":{"@id":"https:\/\/www.igoriacard.com\/cz\/online-smenarna\/#breadcrumb"},"inLanguage":"cs","potentialAction":[{"@type":"ReadAction","target":["https:\/\/www.igoriacard.com\/cz\/online-smenarna\/"]}]},{"@type":"ImageObject","inLanguage":"cs","@id":"https:\/\/www.igoriacard.com\/cz\/online-smenarna\/#primaryimage","url":"https:\/\/www.igoriacard.com\/cz\/wp-content\/uploads\/sites\/5\/2017\/02\/tania-wymiana-w-kantorze.jpg","contentUrl":"https:\/\/www.igoriacard.com\/cz\/wp-content\/uploads\/sites\/5\/2017\/02\/tania-wymiana-w-kantorze.jpg","width":1599,"height":789,"caption":"IgoriaCard umo\u017cliwia bardzo korzystn\u0105 wymian\u0119 waluty"},{"@type":"BreadcrumbList","@id":"https:\/\/www.igoriacard.com\/cz\/online-smenarna\/#breadcrumb","itemListElement":[{"@type":"ListItem","position":1,"name":"Home","item":"https:\/\/www.igoriacard.com\/cz\/"},{"@type":"ListItem","position":2,"name":"Sm\u011bn\u00e1rna"}]},{"@type":"WebSite","@id":"https:\/\/www.igoriacard.com\/cz\/#website","url":"https:\/\/www.igoriacard.com\/cz\/","name":"IgoriaCard | CZ","description":"","potentialAction":[{"@type":"SearchAction","target":{"@type":"EntryPoint","urlTemplate":"https:\/\/www.igoriacard.com\/cz\/?s={search_term_string}"},"query-input":{"@type":"PropertyValueSpecification","valueRequired":true,"valueName":"search_term_string"}}],"inLanguage":"cs"}]}},"_links":{"self":[{"href":"https:\/\/www.igoriacard.com\/cz\/wp-json\/wp\/v2\/pages\/216","targetHints":{"allow":["GET"]}}],"collection":[{"href":"https:\/\/www.igoriacard.com\/cz\/wp-json\/wp\/v2\/pages"}],"about":[{"href":"https:\/\/www.igoriacard.com\/cz\/wp-json\/wp\/v2\/types\/page"}],"author":[{"embeddable":true,"href":"https:\/\/www.igoriacard.com\/cz\/wp-json\/wp\/v2\/users\/1"}],"replies":[{"embeddable":true,"href":"https:\/\/www.igoriacard.com\/cz\/wp-json\/wp\/v2\/comments?post=216"}],"version-history":[{"count":23,"href":"https:\/\/www.igoriacard.com\/cz\/wp-json\/wp\/v2\/pages\/216\/revisions"}],"predecessor-version":[{"id":2982,"href":"https:\/\/www.igoriacard.com\/cz\/wp-json\/wp\/v2\/pages\/216\/revisions\/2982"}],"wp:featuredmedia":[{"embeddable":true,"href":"https:\/\/www.igoriacard.com\/cz\/wp-json\/wp\/v2\/media\/477"}],"wp:attachment":[{"href":"https:\/\/www.igoriacard.com\/cz\/wp-json\/wp\/v2\/media?parent=216"}],"curies":[{"name":"wp","href":"https:\/\/api.w.org\/{rel}","templated":true}]}}