{"id":621,"date":"2017-02-16T17:19:50","date_gmt":"2017-02-16T16:19:50","guid":{"rendered":"http:\/\/beta.igoriacard.com\/?page_id=621"},"modified":"2019-01-21T14:54:30","modified_gmt":"2019-01-21T13:54:30","slug":"predplacena-karta-pro-cestovatele","status":"publish","type":"page","link":"https:\/\/www.igoriacard.com\/cz\/multimenova-karta-pro-tebe\/predplacena-karta-pro-cestovatele\/","title":{"rendered":"Pro cestovatele"},"content":{"rendered":"M\u00e1\u0161 r\u00e1d cestov\u00e1n\u00ed? \u010casto nav\u0161t\u011bvujete p\u0159\u00edbuzn\u00e9 \u017eij\u00edc\u00ed v zahrani\u010d\u00ed? Hodn\u011b cestujete po cel\u00e9 evrop\u011b, nebo proj\u00ed\u017ed\u00ed\u0161  krat\u0161\u00ed vzd\u00e1lenosti?\r\nP\u0159edplacen\u00e1 karta v\u00e1m umo\u017e\u0148uje u\u0161et\u0159it cestovn\u00ed n\u00e1klady a\u017e o 7%, umo\u017e\u0148uje snadn\u00fd p\u0159\u00edstup k prost\u0159edk\u016fm online 24\/7 a zaru\u010duje automatickou konverze m\u011bn bez m\u011bnov\u00e9ho rizika. Krom\u011b toho, \u017ee jste na cest\u011b, m\u016f\u017eete prov\u00e1d\u011bt rychl\u00e9 a pohodln\u00e9 online platby.\r\nP\u0159edplacen\u00e1 multim\u011bnov\u00e1 karta je vynikaj\u00edc\u00ed zp\u016fsob platby, kter\u00fd umo\u017e\u0148uje prov\u00e1d\u011bt transakce v 17 m\u011bn\u00e1ch po cel\u00e9m sv\u011bt\u011b. Platebn\u00ed karta IgoriaCard se p\u0159izp\u016fsobuje m\u011bn\u011b zem\u011b, ve kter\u00e9 \u017eijete, a 24hodinov\u00fd p\u0159\u00edstup k historii transakc\u00ed v\u00e1m umo\u017e\u0148uje sledovat stav va\u0161\u00ed multim\u011bnov\u00e9 pen\u011b\u017eenky.\r\nbez ohledu na druh dopravy vyu\u017eijte komfort nab\u00edzeny multim\u011bnovou kartou IgoriaCard. Pla\u0165te va\u0161\u00ed kartou za jak\u00e9koli transakce b\u011bhem cesty.","protected":false},"excerpt":{"rendered":"<p>M\u00e1\u0161 r\u00e1d cestov\u00e1n\u00ed? \u010casto nav\u0161t\u011bvujete p\u0159\u00edbuzn\u00e9 \u017eij\u00edc\u00ed v zahrani\u010d\u00ed? Hodn\u011b cestujete po cel\u00e9 evrop\u011b, nebo proj\u00ed\u017ed\u00ed\u0161 krat\u0161\u00ed vzd\u00e1lenosti? P\u0159edplacen\u00e1 karta v\u00e1m umo\u017e\u0148uje u\u0161et\u0159it cestovn\u00ed n\u00e1klady a\u017e o 7%, umo\u017e\u0148uje snadn\u00fd p\u0159\u00edstup k prost\u0159edk\u016fm online 24\/7 a zaru\u010duje automatickou konverze m\u011bn bez m\u011bnov\u00e9ho rizika. Krom\u011b toho, \u017ee jste na cest\u011b, m\u016f\u017eete prov\u00e1d\u011bt rychl\u00e9 a pohodln\u00e9 online [&hellip;]<\/p>\n","protected":false},"author":1,"featured_media":731,"parent":12,"menu_order":0,"comment_status":"closed","ping_status":"closed","template":"page-seo-sites.php","meta":{"footnotes":""},"class_list":["post-621","page","type-page","status-publish","has-post-thumbnail","hentry"],"yoast_head":"<!-- This site is optimized with the Yoast SEO plugin v26.8 - https:\/\/yoast.com\/product\/yoast-seo-wordpress\/ -->\n<title>Multim\u011bnov\u00fd \u00fa\u010det bez poplatk\u016f - IgoriaCard<\/title>\n<meta name=\"description\" content=\"Multim\u011bnov\u00fd \u00fa\u010det zdarma - skv\u011bl\u00fd zp\u016fsob k ulo\u017een\u00ed finan\u010dn\u00edch prost\u0159edk\u016f pro cestuj\u00edc\u00ed. Multim\u011bnov\u00fd \u00fa\u010det umo\u017enuj\u00ed platit rychl\u00e9 a bezpe\u010dn\u00e9 online\" \/>\n<meta name=\"robots\" content=\"noindex, follow, max-snippet:-1, max-image-preview:large, max-video-preview:-1\" \/>\n<meta property=\"og:locale\" content=\"cs_CZ\" \/>\n<meta property=\"og:type\" content=\"article\" \/>\n<meta property=\"og:title\" content=\"Multim\u011bnov\u00fd \u00fa\u010det bez poplatk\u016f - IgoriaCard\" \/>\n<meta property=\"og:description\" content=\"Multim\u011bnov\u00fd \u00fa\u010det zdarma - skv\u011bl\u00fd zp\u016fsob k ulo\u017een\u00ed finan\u010dn\u00edch prost\u0159edk\u016f pro cestuj\u00edc\u00ed. Multim\u011bnov\u00fd \u00fa\u010det umo\u017enuj\u00ed platit rychl\u00e9 a bezpe\u010dn\u00e9 online\" \/>\n<meta property=\"og:url\" content=\"https:\/\/www.igoriacard.com\/cz\/multimenova-karta-pro-tebe\/predplacena-karta-pro-cestovatele\/\" \/>\n<meta property=\"og:site_name\" content=\"IgoriaCard | CZ\" \/>\n<meta property=\"article:modified_time\" content=\"2019-01-21T13:54:30+00:00\" \/>\n<meta property=\"og:image\" content=\"https:\/\/www.igoriacard.com\/cz\/wp-content\/uploads\/sites\/5\/2017\/02\/karty-prepaid-w-gorach-i-nad-morzem.jpg\" \/>\n\t<meta property=\"og:image:width\" content=\"1366\" \/>\n\t<meta property=\"og:image:height\" content=\"613\" \/>\n\t<meta property=\"og:image:type\" content=\"image\/jpeg\" \/>\n<meta name=\"twitter:card\" content=\"summary_large_image\" \/>\n<meta name=\"twitter:label1\" content=\"Odhadovan\u00e1 doba \u010dten\u00ed\" \/>\n\t<meta name=\"twitter:data1\" content=\"1 minuta\" \/>\n<script type=\"application\/ld+json\" class=\"yoast-schema-graph\">{\"@context\":\"https:\/\/schema.org\",\"@graph\":[{\"@type\":\"WebPage\",\"@id\":\"https:\/\/www.igoriacard.com\/cz\/multimenova-karta-pro-tebe\/predplacena-karta-pro-cestovatele\/\",\"url\":\"https:\/\/www.igoriacard.com\/cz\/multimenova-karta-pro-tebe\/predplacena-karta-pro-cestovatele\/\",\"name\":\"Multim\u011bnov\u00fd \u00fa\u010det bez poplatk\u016f - IgoriaCard\",\"isPartOf\":{\"@id\":\"https:\/\/www.igoriacard.com\/cz\/#website\"},\"primaryImageOfPage\":{\"@id\":\"https:\/\/www.igoriacard.com\/cz\/multimenova-karta-pro-tebe\/predplacena-karta-pro-cestovatele\/#primaryimage\"},\"image\":{\"@id\":\"https:\/\/www.igoriacard.com\/cz\/multimenova-karta-pro-tebe\/predplacena-karta-pro-cestovatele\/#primaryimage\"},\"thumbnailUrl\":\"https:\/\/www.igoriacard.com\/cz\/wp-content\/uploads\/sites\/5\/2017\/02\/karty-prepaid-w-gorach-i-nad-morzem.jpg\",\"datePublished\":\"2017-02-16T16:19:50+00:00\",\"dateModified\":\"2019-01-21T13:54:30+00:00\",\"description\":\"Multim\u011bnov\u00fd \u00fa\u010det zdarma - skv\u011bl\u00fd zp\u016fsob k ulo\u017een\u00ed finan\u010dn\u00edch prost\u0159edk\u016f pro cestuj\u00edc\u00ed. Multim\u011bnov\u00fd \u00fa\u010det umo\u017enuj\u00ed platit rychl\u00e9 a bezpe\u010dn\u00e9 online\",\"breadcrumb\":{\"@id\":\"https:\/\/www.igoriacard.com\/cz\/multimenova-karta-pro-tebe\/predplacena-karta-pro-cestovatele\/#breadcrumb\"},\"inLanguage\":\"cs\",\"potentialAction\":[{\"@type\":\"ReadAction\",\"target\":[\"https:\/\/www.igoriacard.com\/cz\/multimenova-karta-pro-tebe\/predplacena-karta-pro-cestovatele\/\"]}]},{\"@type\":\"ImageObject\",\"inLanguage\":\"cs\",\"@id\":\"https:\/\/www.igoriacard.com\/cz\/multimenova-karta-pro-tebe\/predplacena-karta-pro-cestovatele\/#primaryimage\",\"url\":\"https:\/\/www.igoriacard.com\/cz\/wp-content\/uploads\/sites\/5\/2017\/02\/karty-prepaid-w-gorach-i-nad-morzem.jpg\",\"contentUrl\":\"https:\/\/www.igoriacard.com\/cz\/wp-content\/uploads\/sites\/5\/2017\/02\/karty-prepaid-w-gorach-i-nad-morzem.jpg\",\"width\":1366,\"height\":613,\"caption\":\"Karty prepaid w g\u00f3rach i nad morzem - na wakacjach\"},{\"@type\":\"BreadcrumbList\",\"@id\":\"https:\/\/www.igoriacard.com\/cz\/multimenova-karta-pro-tebe\/predplacena-karta-pro-cestovatele\/#breadcrumb\",\"itemListElement\":[{\"@type\":\"ListItem\",\"position\":1,\"name\":\"Home\",\"item\":\"https:\/\/www.igoriacard.com\/cz\/\"},{\"@type\":\"ListItem\",\"position\":2,\"name\":\"Karta pro tebe\",\"item\":\"https:\/\/www.igoriacard.com\/cz\/multimenova-karta-pro-tebe\/\"},{\"@type\":\"ListItem\",\"position\":3,\"name\":\"Pro cestovatele\"}]},{\"@type\":\"WebSite\",\"@id\":\"https:\/\/www.igoriacard.com\/cz\/#website\",\"url\":\"https:\/\/www.igoriacard.com\/cz\/\",\"name\":\"IgoriaCard | CZ\",\"description\":\"\",\"potentialAction\":[{\"@type\":\"SearchAction\",\"target\":{\"@type\":\"EntryPoint\",\"urlTemplate\":\"https:\/\/www.igoriacard.com\/cz\/?s={search_term_string}\"},\"query-input\":{\"@type\":\"PropertyValueSpecification\",\"valueRequired\":true,\"valueName\":\"search_term_string\"}}],\"inLanguage\":\"cs\"}]}<\/script>\n<!-- \/ Yoast SEO plugin. -->","yoast_head_json":{"title":"Multim\u011bnov\u00fd \u00fa\u010det bez poplatk\u016f - IgoriaCard","description":"Multim\u011bnov\u00fd \u00fa\u010det zdarma - skv\u011bl\u00fd zp\u016fsob k ulo\u017een\u00ed finan\u010dn\u00edch prost\u0159edk\u016f pro cestuj\u00edc\u00ed. Multim\u011bnov\u00fd \u00fa\u010det umo\u017enuj\u00ed platit rychl\u00e9 a bezpe\u010dn\u00e9 online","robots":{"index":"noindex","follow":"follow","max-snippet":"max-snippet:-1","max-image-preview":"max-image-preview:large","max-video-preview":"max-video-preview:-1"},"og_locale":"cs_CZ","og_type":"article","og_title":"Multim\u011bnov\u00fd \u00fa\u010det bez poplatk\u016f - IgoriaCard","og_description":"Multim\u011bnov\u00fd \u00fa\u010det zdarma - skv\u011bl\u00fd zp\u016fsob k ulo\u017een\u00ed finan\u010dn\u00edch prost\u0159edk\u016f pro cestuj\u00edc\u00ed. Multim\u011bnov\u00fd \u00fa\u010det umo\u017enuj\u00ed platit rychl\u00e9 a bezpe\u010dn\u00e9 online","og_url":"https:\/\/www.igoriacard.com\/cz\/multimenova-karta-pro-tebe\/predplacena-karta-pro-cestovatele\/","og_site_name":"IgoriaCard | CZ","article_modified_time":"2019-01-21T13:54:30+00:00","og_image":[{"width":1366,"height":613,"url":"https:\/\/www.igoriacard.com\/cz\/wp-content\/uploads\/sites\/5\/2017\/02\/karty-prepaid-w-gorach-i-nad-morzem.jpg","type":"image\/jpeg"}],"twitter_card":"summary_large_image","twitter_misc":{"Odhadovan\u00e1 doba \u010dten\u00ed":"1 minuta"},"schema":{"@context":"https:\/\/schema.org","@graph":[{"@type":"WebPage","@id":"https:\/\/www.igoriacard.com\/cz\/multimenova-karta-pro-tebe\/predplacena-karta-pro-cestovatele\/","url":"https:\/\/www.igoriacard.com\/cz\/multimenova-karta-pro-tebe\/predplacena-karta-pro-cestovatele\/","name":"Multim\u011bnov\u00fd \u00fa\u010det bez poplatk\u016f - IgoriaCard","isPartOf":{"@id":"https:\/\/www.igoriacard.com\/cz\/#website"},"primaryImageOfPage":{"@id":"https:\/\/www.igoriacard.com\/cz\/multimenova-karta-pro-tebe\/predplacena-karta-pro-cestovatele\/#primaryimage"},"image":{"@id":"https:\/\/www.igoriacard.com\/cz\/multimenova-karta-pro-tebe\/predplacena-karta-pro-cestovatele\/#primaryimage"},"thumbnailUrl":"https:\/\/www.igoriacard.com\/cz\/wp-content\/uploads\/sites\/5\/2017\/02\/karty-prepaid-w-gorach-i-nad-morzem.jpg","datePublished":"2017-02-16T16:19:50+00:00","dateModified":"2019-01-21T13:54:30+00:00","description":"Multim\u011bnov\u00fd \u00fa\u010det zdarma - skv\u011bl\u00fd zp\u016fsob k ulo\u017een\u00ed finan\u010dn\u00edch prost\u0159edk\u016f pro cestuj\u00edc\u00ed. Multim\u011bnov\u00fd \u00fa\u010det umo\u017enuj\u00ed platit rychl\u00e9 a bezpe\u010dn\u00e9 online","breadcrumb":{"@id":"https:\/\/www.igoriacard.com\/cz\/multimenova-karta-pro-tebe\/predplacena-karta-pro-cestovatele\/#breadcrumb"},"inLanguage":"cs","potentialAction":[{"@type":"ReadAction","target":["https:\/\/www.igoriacard.com\/cz\/multimenova-karta-pro-tebe\/predplacena-karta-pro-cestovatele\/"]}]},{"@type":"ImageObject","inLanguage":"cs","@id":"https:\/\/www.igoriacard.com\/cz\/multimenova-karta-pro-tebe\/predplacena-karta-pro-cestovatele\/#primaryimage","url":"https:\/\/www.igoriacard.com\/cz\/wp-content\/uploads\/sites\/5\/2017\/02\/karty-prepaid-w-gorach-i-nad-morzem.jpg","contentUrl":"https:\/\/www.igoriacard.com\/cz\/wp-content\/uploads\/sites\/5\/2017\/02\/karty-prepaid-w-gorach-i-nad-morzem.jpg","width":1366,"height":613,"caption":"Karty prepaid w g\u00f3rach i nad morzem - na wakacjach"},{"@type":"BreadcrumbList","@id":"https:\/\/www.igoriacard.com\/cz\/multimenova-karta-pro-tebe\/predplacena-karta-pro-cestovatele\/#breadcrumb","itemListElement":[{"@type":"ListItem","position":1,"name":"Home","item":"https:\/\/www.igoriacard.com\/cz\/"},{"@type":"ListItem","position":2,"name":"Karta pro tebe","item":"https:\/\/www.igoriacard.com\/cz\/multimenova-karta-pro-tebe\/"},{"@type":"ListItem","position":3,"name":"Pro cestovatele"}]},{"@type":"WebSite","@id":"https:\/\/www.igoriacard.com\/cz\/#website","url":"https:\/\/www.igoriacard.com\/cz\/","name":"IgoriaCard | CZ","description":"","potentialAction":[{"@type":"SearchAction","target":{"@type":"EntryPoint","urlTemplate":"https:\/\/www.igoriacard.com\/cz\/?s={search_term_string}"},"query-input":{"@type":"PropertyValueSpecification","valueRequired":true,"valueName":"search_term_string"}}],"inLanguage":"cs"}]}},"_links":{"self":[{"href":"https:\/\/www.igoriacard.com\/cz\/wp-json\/wp\/v2\/pages\/621","targetHints":{"allow":["GET"]}}],"collection":[{"href":"https:\/\/www.igoriacard.com\/cz\/wp-json\/wp\/v2\/pages"}],"about":[{"href":"https:\/\/www.igoriacard.com\/cz\/wp-json\/wp\/v2\/types\/page"}],"author":[{"embeddable":true,"href":"https:\/\/www.igoriacard.com\/cz\/wp-json\/wp\/v2\/users\/1"}],"replies":[{"embeddable":true,"href":"https:\/\/www.igoriacard.com\/cz\/wp-json\/wp\/v2\/comments?post=621"}],"version-history":[{"count":3,"href":"https:\/\/www.igoriacard.com\/cz\/wp-json\/wp\/v2\/pages\/621\/revisions"}],"predecessor-version":[{"id":2889,"href":"https:\/\/www.igoriacard.com\/cz\/wp-json\/wp\/v2\/pages\/621\/revisions\/2889"}],"up":[{"embeddable":true,"href":"https:\/\/www.igoriacard.com\/cz\/wp-json\/wp\/v2\/pages\/12"}],"wp:featuredmedia":[{"embeddable":true,"href":"https:\/\/www.igoriacard.com\/cz\/wp-json\/wp\/v2\/media\/731"}],"wp:attachment":[{"href":"https:\/\/www.igoriacard.com\/cz\/wp-json\/wp\/v2\/media?parent=621"}],"curies":[{"name":"wp","href":"https:\/\/api.w.org\/{rel}","templated":true}]}}