{"id":702,"date":"2017-02-17T13:51:51","date_gmt":"2017-02-17T12:51:51","guid":{"rendered":"http:\/\/beta.igoriacard.com\/?page_id=702"},"modified":"2019-01-21T14:56:41","modified_gmt":"2019-01-21T13:56:41","slug":"predplacena-karta-na-prazdniny","status":"publish","type":"page","link":"https:\/\/www.igoriacard.com\/cz\/multimenova-karta-pro-tebe\/predplacena-karta-na-prazdniny\/","title":{"rendered":"Multim\u011bnov\u00e1 karta"},"content":{"rendered":"Dovolen\u00e1 ve slune\u010dn\u00e9 It\u00e1lii nebo \u017ehav\u00e9 \u0160pan\u011blsko?\r\nBez ohledu na sm\u011br jizdy, multim\u011bnov\u00e1 karta prepaid IgoriaCard bude ide\u00e1ln\u00edm zp\u016fsobem platby. Umo\u017e\u0148uje prov\u00e1d\u011bt transakce v 17 m\u011bn\u00e1ch bez ohledu na zemi, ve kter\u00e9 se pr\u00e1v\u011b nach\u00e1z\u00edte. \r\nMultim\u011bnov\u00e1 karta se m\u016f\u017ee chovat jako kreditn\u00ed karta &#8211; umo\u017e\u0148uje v\u00e1m nastavit jednotliv\u00e9 limity plateb z hlavn\u00edho \u00fa\u010dtu IgoriaCard nebo jin\u00e9 karty. \r\nKartou s multim\u011bnovou funkc\u00ed IgoriaCard m\u016f\u017eete prov\u00e1d\u011bt platby v hotelech, v obchodech, vyb\u00edrat pen\u00edze z bankomatu a tak\u00e9 prov\u00e1d\u011bt bezpe\u010dn\u00e9 platby na internetu.\r\n","protected":false},"excerpt":{"rendered":"<p>Dovolen\u00e1 ve slune\u010dn\u00e9 It\u00e1lii nebo \u017ehav\u00e9 \u0160pan\u011blsko? Bez ohledu na sm\u011br jizdy, multim\u011bnov\u00e1 karta prepaid IgoriaCard bude ide\u00e1ln\u00edm zp\u016fsobem platby. Umo\u017e\u0148uje prov\u00e1d\u011bt transakce v 17 m\u011bn\u00e1ch bez ohledu na zemi, ve kter\u00e9 se pr\u00e1v\u011b nach\u00e1z\u00edte. Multim\u011bnov\u00e1 karta se m\u016f\u017ee chovat jako kreditn\u00ed karta &#8211; umo\u017e\u0148uje v\u00e1m nastavit jednotliv\u00e9 limity plateb z hlavn\u00edho \u00fa\u010dtu IgoriaCard nebo [&hellip;]<\/p>\n","protected":false},"author":1,"featured_media":731,"parent":12,"menu_order":0,"comment_status":"closed","ping_status":"closed","template":"page-seo-sites.php","meta":{"footnotes":""},"class_list":["post-702","page","type-page","status-publish","has-post-thumbnail","hentry"],"yoast_head":"<!-- This site is optimized with the Yoast SEO plugin v26.8 - https:\/\/yoast.com\/product\/yoast-seo-wordpress\/ -->\n<title>Multim\u011bnov\u00e1 karta - platba kartou v zahrani\u010di - IgoriaCard<\/title>\n<meta name=\"description\" content=\"Platba kartou v zahrani\u010d\u00ed. Jak provezt?\" \/>\n<meta name=\"robots\" content=\"noindex, follow, max-snippet:-1, max-image-preview:large, max-video-preview:-1\" \/>\n<meta property=\"og:locale\" content=\"cs_CZ\" \/>\n<meta property=\"og:type\" content=\"article\" \/>\n<meta property=\"og:title\" content=\"Multim\u011bnov\u00e1 karta - platba kartou v zahrani\u010di - IgoriaCard\" \/>\n<meta property=\"og:description\" content=\"Platba kartou v zahrani\u010d\u00ed. Jak provezt?\" \/>\n<meta property=\"og:url\" content=\"https:\/\/www.igoriacard.com\/cz\/multimenova-karta-pro-tebe\/predplacena-karta-na-prazdniny\/\" \/>\n<meta property=\"og:site_name\" content=\"IgoriaCard | CZ\" \/>\n<meta property=\"article:modified_time\" content=\"2019-01-21T13:56:41+00:00\" \/>\n<meta property=\"og:image\" content=\"https:\/\/www.igoriacard.com\/cz\/wp-content\/uploads\/sites\/5\/2017\/02\/karty-prepaid-w-gorach-i-nad-morzem.jpg\" \/>\n\t<meta property=\"og:image:width\" content=\"1366\" \/>\n\t<meta property=\"og:image:height\" content=\"613\" \/>\n\t<meta property=\"og:image:type\" content=\"image\/jpeg\" \/>\n<meta name=\"twitter:card\" content=\"summary_large_image\" \/>\n<meta name=\"twitter:label1\" content=\"Odhadovan\u00e1 doba \u010dten\u00ed\" \/>\n\t<meta name=\"twitter:data1\" content=\"1 minuta\" \/>\n<script type=\"application\/ld+json\" class=\"yoast-schema-graph\">{\"@context\":\"https:\/\/schema.org\",\"@graph\":[{\"@type\":\"WebPage\",\"@id\":\"https:\/\/www.igoriacard.com\/cz\/multimenova-karta-pro-tebe\/predplacena-karta-na-prazdniny\/\",\"url\":\"https:\/\/www.igoriacard.com\/cz\/multimenova-karta-pro-tebe\/predplacena-karta-na-prazdniny\/\",\"name\":\"Multim\u011bnov\u00e1 karta - platba kartou v zahrani\u010di - IgoriaCard\",\"isPartOf\":{\"@id\":\"https:\/\/www.igoriacard.com\/cz\/#website\"},\"primaryImageOfPage\":{\"@id\":\"https:\/\/www.igoriacard.com\/cz\/multimenova-karta-pro-tebe\/predplacena-karta-na-prazdniny\/#primaryimage\"},\"image\":{\"@id\":\"https:\/\/www.igoriacard.com\/cz\/multimenova-karta-pro-tebe\/predplacena-karta-na-prazdniny\/#primaryimage\"},\"thumbnailUrl\":\"https:\/\/www.igoriacard.com\/cz\/wp-content\/uploads\/sites\/5\/2017\/02\/karty-prepaid-w-gorach-i-nad-morzem.jpg\",\"datePublished\":\"2017-02-17T12:51:51+00:00\",\"dateModified\":\"2019-01-21T13:56:41+00:00\",\"description\":\"Platba kartou v zahrani\u010d\u00ed. Jak provezt?\",\"breadcrumb\":{\"@id\":\"https:\/\/www.igoriacard.com\/cz\/multimenova-karta-pro-tebe\/predplacena-karta-na-prazdniny\/#breadcrumb\"},\"inLanguage\":\"cs\",\"potentialAction\":[{\"@type\":\"ReadAction\",\"target\":[\"https:\/\/www.igoriacard.com\/cz\/multimenova-karta-pro-tebe\/predplacena-karta-na-prazdniny\/\"]}]},{\"@type\":\"ImageObject\",\"inLanguage\":\"cs\",\"@id\":\"https:\/\/www.igoriacard.com\/cz\/multimenova-karta-pro-tebe\/predplacena-karta-na-prazdniny\/#primaryimage\",\"url\":\"https:\/\/www.igoriacard.com\/cz\/wp-content\/uploads\/sites\/5\/2017\/02\/karty-prepaid-w-gorach-i-nad-morzem.jpg\",\"contentUrl\":\"https:\/\/www.igoriacard.com\/cz\/wp-content\/uploads\/sites\/5\/2017\/02\/karty-prepaid-w-gorach-i-nad-morzem.jpg\",\"width\":1366,\"height\":613,\"caption\":\"Karty prepaid w g\u00f3rach i nad morzem - na wakacjach\"},{\"@type\":\"BreadcrumbList\",\"@id\":\"https:\/\/www.igoriacard.com\/cz\/multimenova-karta-pro-tebe\/predplacena-karta-na-prazdniny\/#breadcrumb\",\"itemListElement\":[{\"@type\":\"ListItem\",\"position\":1,\"name\":\"Home\",\"item\":\"https:\/\/www.igoriacard.com\/cz\/\"},{\"@type\":\"ListItem\",\"position\":2,\"name\":\"Karta pro tebe\",\"item\":\"https:\/\/www.igoriacard.com\/cz\/multimenova-karta-pro-tebe\/\"},{\"@type\":\"ListItem\",\"position\":3,\"name\":\"Multim\u011bnov\u00e1 karta\"}]},{\"@type\":\"WebSite\",\"@id\":\"https:\/\/www.igoriacard.com\/cz\/#website\",\"url\":\"https:\/\/www.igoriacard.com\/cz\/\",\"name\":\"IgoriaCard | CZ\",\"description\":\"\",\"potentialAction\":[{\"@type\":\"SearchAction\",\"target\":{\"@type\":\"EntryPoint\",\"urlTemplate\":\"https:\/\/www.igoriacard.com\/cz\/?s={search_term_string}\"},\"query-input\":{\"@type\":\"PropertyValueSpecification\",\"valueRequired\":true,\"valueName\":\"search_term_string\"}}],\"inLanguage\":\"cs\"}]}<\/script>\n<!-- \/ Yoast SEO plugin. -->","yoast_head_json":{"title":"Multim\u011bnov\u00e1 karta - platba kartou v zahrani\u010di - IgoriaCard","description":"Platba kartou v zahrani\u010d\u00ed. Jak provezt?","robots":{"index":"noindex","follow":"follow","max-snippet":"max-snippet:-1","max-image-preview":"max-image-preview:large","max-video-preview":"max-video-preview:-1"},"og_locale":"cs_CZ","og_type":"article","og_title":"Multim\u011bnov\u00e1 karta - platba kartou v zahrani\u010di - IgoriaCard","og_description":"Platba kartou v zahrani\u010d\u00ed. Jak provezt?","og_url":"https:\/\/www.igoriacard.com\/cz\/multimenova-karta-pro-tebe\/predplacena-karta-na-prazdniny\/","og_site_name":"IgoriaCard | CZ","article_modified_time":"2019-01-21T13:56:41+00:00","og_image":[{"width":1366,"height":613,"url":"https:\/\/www.igoriacard.com\/cz\/wp-content\/uploads\/sites\/5\/2017\/02\/karty-prepaid-w-gorach-i-nad-morzem.jpg","type":"image\/jpeg"}],"twitter_card":"summary_large_image","twitter_misc":{"Odhadovan\u00e1 doba \u010dten\u00ed":"1 minuta"},"schema":{"@context":"https:\/\/schema.org","@graph":[{"@type":"WebPage","@id":"https:\/\/www.igoriacard.com\/cz\/multimenova-karta-pro-tebe\/predplacena-karta-na-prazdniny\/","url":"https:\/\/www.igoriacard.com\/cz\/multimenova-karta-pro-tebe\/predplacena-karta-na-prazdniny\/","name":"Multim\u011bnov\u00e1 karta - platba kartou v zahrani\u010di - IgoriaCard","isPartOf":{"@id":"https:\/\/www.igoriacard.com\/cz\/#website"},"primaryImageOfPage":{"@id":"https:\/\/www.igoriacard.com\/cz\/multimenova-karta-pro-tebe\/predplacena-karta-na-prazdniny\/#primaryimage"},"image":{"@id":"https:\/\/www.igoriacard.com\/cz\/multimenova-karta-pro-tebe\/predplacena-karta-na-prazdniny\/#primaryimage"},"thumbnailUrl":"https:\/\/www.igoriacard.com\/cz\/wp-content\/uploads\/sites\/5\/2017\/02\/karty-prepaid-w-gorach-i-nad-morzem.jpg","datePublished":"2017-02-17T12:51:51+00:00","dateModified":"2019-01-21T13:56:41+00:00","description":"Platba kartou v zahrani\u010d\u00ed. Jak provezt?","breadcrumb":{"@id":"https:\/\/www.igoriacard.com\/cz\/multimenova-karta-pro-tebe\/predplacena-karta-na-prazdniny\/#breadcrumb"},"inLanguage":"cs","potentialAction":[{"@type":"ReadAction","target":["https:\/\/www.igoriacard.com\/cz\/multimenova-karta-pro-tebe\/predplacena-karta-na-prazdniny\/"]}]},{"@type":"ImageObject","inLanguage":"cs","@id":"https:\/\/www.igoriacard.com\/cz\/multimenova-karta-pro-tebe\/predplacena-karta-na-prazdniny\/#primaryimage","url":"https:\/\/www.igoriacard.com\/cz\/wp-content\/uploads\/sites\/5\/2017\/02\/karty-prepaid-w-gorach-i-nad-morzem.jpg","contentUrl":"https:\/\/www.igoriacard.com\/cz\/wp-content\/uploads\/sites\/5\/2017\/02\/karty-prepaid-w-gorach-i-nad-morzem.jpg","width":1366,"height":613,"caption":"Karty prepaid w g\u00f3rach i nad morzem - na wakacjach"},{"@type":"BreadcrumbList","@id":"https:\/\/www.igoriacard.com\/cz\/multimenova-karta-pro-tebe\/predplacena-karta-na-prazdniny\/#breadcrumb","itemListElement":[{"@type":"ListItem","position":1,"name":"Home","item":"https:\/\/www.igoriacard.com\/cz\/"},{"@type":"ListItem","position":2,"name":"Karta pro tebe","item":"https:\/\/www.igoriacard.com\/cz\/multimenova-karta-pro-tebe\/"},{"@type":"ListItem","position":3,"name":"Multim\u011bnov\u00e1 karta"}]},{"@type":"WebSite","@id":"https:\/\/www.igoriacard.com\/cz\/#website","url":"https:\/\/www.igoriacard.com\/cz\/","name":"IgoriaCard | CZ","description":"","potentialAction":[{"@type":"SearchAction","target":{"@type":"EntryPoint","urlTemplate":"https:\/\/www.igoriacard.com\/cz\/?s={search_term_string}"},"query-input":{"@type":"PropertyValueSpecification","valueRequired":true,"valueName":"search_term_string"}}],"inLanguage":"cs"}]}},"_links":{"self":[{"href":"https:\/\/www.igoriacard.com\/cz\/wp-json\/wp\/v2\/pages\/702","targetHints":{"allow":["GET"]}}],"collection":[{"href":"https:\/\/www.igoriacard.com\/cz\/wp-json\/wp\/v2\/pages"}],"about":[{"href":"https:\/\/www.igoriacard.com\/cz\/wp-json\/wp\/v2\/types\/page"}],"author":[{"embeddable":true,"href":"https:\/\/www.igoriacard.com\/cz\/wp-json\/wp\/v2\/users\/1"}],"replies":[{"embeddable":true,"href":"https:\/\/www.igoriacard.com\/cz\/wp-json\/wp\/v2\/comments?post=702"}],"version-history":[{"count":4,"href":"https:\/\/www.igoriacard.com\/cz\/wp-json\/wp\/v2\/pages\/702\/revisions"}],"predecessor-version":[{"id":2890,"href":"https:\/\/www.igoriacard.com\/cz\/wp-json\/wp\/v2\/pages\/702\/revisions\/2890"}],"up":[{"embeddable":true,"href":"https:\/\/www.igoriacard.com\/cz\/wp-json\/wp\/v2\/pages\/12"}],"wp:featuredmedia":[{"embeddable":true,"href":"https:\/\/www.igoriacard.com\/cz\/wp-json\/wp\/v2\/media\/731"}],"wp:attachment":[{"href":"https:\/\/www.igoriacard.com\/cz\/wp-json\/wp\/v2\/media?parent=702"}],"curies":[{"name":"wp","href":"https:\/\/api.w.org\/{rel}","templated":true}]}}