{"id":708,"date":"2017-02-17T13:57:39","date_gmt":"2017-02-17T12:57:39","guid":{"rendered":"http:\/\/beta.igoriacard.com\/?page_id=708"},"modified":"2019-01-21T15:10:00","modified_gmt":"2019-01-21T14:10:00","slug":"anonimni-karta-pro-studenty","status":"publish","type":"page","link":"https:\/\/www.igoriacard.com\/cz\/multimenova-karta-pro-tebe\/anonimni-karta-pro-studenty\/","title":{"rendered":"Pro studenty"},"content":{"rendered":"Mus\u00edte rychle zaplatit za kolej nebo byt? \u010ci p\u0159ipravit se na spont\u00e1nn\u00ed v\u00fdlet s Kamar\u00e1dy?\r\nMultim\u011bnov\u00fd \u00fa\u010det umo\u017e\u0148uje prov\u00e1d\u011bt mezim\u011bnov\u00e9 transakce 24 hodin denn\u011b, 7 dn\u00ed v t\u00fddnu. Platba kartou je v\u00fdhodn\u00e1 a transakce je zaru\u010dena platebn\u00edm org\u00e1nem.\r\nP\u0159edplacen\u00e1 platebn\u00ed karta spole\u010dnosti IgoriaCard v\u00e1m pom\u016f\u017ee rychle a bezpe\u010dn\u011b realizovat  on-line platby v 17 m\u011bn\u00e1ch a okam\u017eit\u011b nab\u00edjet pen\u00edze  v p\u0159\u00edpad\u011b nedostatku finan\u010dn\u00edch prost\u0159edk\u016f v dan\u00e9 m\u011bn\u011b.\r\nBez ohledu na m\u00edsto, kde se pr\u00e1v\u011b nach\u00e1z\u00edte, tak v \u010cesku jako t\u0159eba v zahrani\u010d\u00ed, m\u016f\u017eete tuto kartu pou\u017e\u00edt ve v\u0161ech  m\u00edstech ozna\u010den\u00fdch logem Mastercard.","protected":false},"excerpt":{"rendered":"<p>Mus\u00edte rychle zaplatit za kolej nebo byt? \u010ci p\u0159ipravit se na spont\u00e1nn\u00ed v\u00fdlet s Kamar\u00e1dy? Multim\u011bnov\u00fd \u00fa\u010det umo\u017e\u0148uje prov\u00e1d\u011bt mezim\u011bnov\u00e9 transakce 24 hodin denn\u011b, 7 dn\u00ed v t\u00fddnu. Platba kartou je v\u00fdhodn\u00e1 a transakce je zaru\u010dena platebn\u00edm org\u00e1nem. P\u0159edplacen\u00e1 platebn\u00ed karta spole\u010dnosti IgoriaCard v\u00e1m pom\u016f\u017ee rychle a bezpe\u010dn\u011b realizovat on-line platby v 17 m\u011bn\u00e1ch a [&hellip;]<\/p>\n","protected":false},"author":1,"featured_media":731,"parent":12,"menu_order":0,"comment_status":"closed","ping_status":"closed","template":"page-seo-sites.php","meta":{"footnotes":""},"class_list":["post-708","page","type-page","status-publish","has-post-thumbnail","hentry"],"yoast_head":"<!-- This site is optimized with the Yoast SEO plugin v26.8 - https:\/\/yoast.com\/product\/yoast-seo-wordpress\/ -->\n<title>Pro studenty - IgoriaCard | CZ<\/title>\n<meta name=\"description\" content=\"Mus\u00edte rychle zaplatit za kolej nebo byt? Karta IgoriaCard v\u00e1m pom\u016f\u017ee rychle a bezpe\u010dn\u011b prov\u00e1d\u011bt platby online v 17 m\u011bn\u00e1ch.\" \/>\n<meta name=\"robots\" content=\"noindex, follow, max-snippet:-1, max-image-preview:large, max-video-preview:-1\" \/>\n<meta property=\"og:locale\" content=\"cs_CZ\" \/>\n<meta property=\"og:type\" content=\"article\" \/>\n<meta property=\"og:title\" content=\"Pro studenty - IgoriaCard | CZ\" \/>\n<meta property=\"og:description\" content=\"Mus\u00edte rychle zaplatit za kolej nebo byt? Karta IgoriaCard v\u00e1m pom\u016f\u017ee rychle a bezpe\u010dn\u011b prov\u00e1d\u011bt platby online v 17 m\u011bn\u00e1ch.\" \/>\n<meta property=\"og:url\" content=\"https:\/\/www.igoriacard.com\/cz\/multimenova-karta-pro-tebe\/anonimni-karta-pro-studenty\/\" \/>\n<meta property=\"og:site_name\" content=\"IgoriaCard | CZ\" \/>\n<meta property=\"article:modified_time\" content=\"2019-01-21T14:10:00+00:00\" \/>\n<meta property=\"og:image\" content=\"https:\/\/www.igoriacard.com\/cz\/wp-content\/uploads\/sites\/5\/2017\/02\/karty-prepaid-w-gorach-i-nad-morzem.jpg\" \/>\n\t<meta property=\"og:image:width\" content=\"1366\" \/>\n\t<meta property=\"og:image:height\" content=\"613\" \/>\n\t<meta property=\"og:image:type\" content=\"image\/jpeg\" \/>\n<meta name=\"twitter:card\" content=\"summary_large_image\" \/>\n<meta name=\"twitter:label1\" content=\"Odhadovan\u00e1 doba \u010dten\u00ed\" \/>\n\t<meta name=\"twitter:data1\" content=\"1 minuta\" \/>\n<script type=\"application\/ld+json\" class=\"yoast-schema-graph\">{\"@context\":\"https:\/\/schema.org\",\"@graph\":[{\"@type\":\"WebPage\",\"@id\":\"https:\/\/www.igoriacard.com\/cz\/multimenova-karta-pro-tebe\/anonimni-karta-pro-studenty\/\",\"url\":\"https:\/\/www.igoriacard.com\/cz\/multimenova-karta-pro-tebe\/anonimni-karta-pro-studenty\/\",\"name\":\"Pro studenty - IgoriaCard | CZ\",\"isPartOf\":{\"@id\":\"https:\/\/www.igoriacard.com\/cz\/#website\"},\"primaryImageOfPage\":{\"@id\":\"https:\/\/www.igoriacard.com\/cz\/multimenova-karta-pro-tebe\/anonimni-karta-pro-studenty\/#primaryimage\"},\"image\":{\"@id\":\"https:\/\/www.igoriacard.com\/cz\/multimenova-karta-pro-tebe\/anonimni-karta-pro-studenty\/#primaryimage\"},\"thumbnailUrl\":\"https:\/\/www.igoriacard.com\/cz\/wp-content\/uploads\/sites\/5\/2017\/02\/karty-prepaid-w-gorach-i-nad-morzem.jpg\",\"datePublished\":\"2017-02-17T12:57:39+00:00\",\"dateModified\":\"2019-01-21T14:10:00+00:00\",\"description\":\"Mus\u00edte rychle zaplatit za kolej nebo byt? Karta IgoriaCard v\u00e1m pom\u016f\u017ee rychle a bezpe\u010dn\u011b prov\u00e1d\u011bt platby online v 17 m\u011bn\u00e1ch.\",\"breadcrumb\":{\"@id\":\"https:\/\/www.igoriacard.com\/cz\/multimenova-karta-pro-tebe\/anonimni-karta-pro-studenty\/#breadcrumb\"},\"inLanguage\":\"cs\",\"potentialAction\":[{\"@type\":\"ReadAction\",\"target\":[\"https:\/\/www.igoriacard.com\/cz\/multimenova-karta-pro-tebe\/anonimni-karta-pro-studenty\/\"]}]},{\"@type\":\"ImageObject\",\"inLanguage\":\"cs\",\"@id\":\"https:\/\/www.igoriacard.com\/cz\/multimenova-karta-pro-tebe\/anonimni-karta-pro-studenty\/#primaryimage\",\"url\":\"https:\/\/www.igoriacard.com\/cz\/wp-content\/uploads\/sites\/5\/2017\/02\/karty-prepaid-w-gorach-i-nad-morzem.jpg\",\"contentUrl\":\"https:\/\/www.igoriacard.com\/cz\/wp-content\/uploads\/sites\/5\/2017\/02\/karty-prepaid-w-gorach-i-nad-morzem.jpg\",\"width\":1366,\"height\":613,\"caption\":\"Karty prepaid w g\u00f3rach i nad morzem - na wakacjach\"},{\"@type\":\"BreadcrumbList\",\"@id\":\"https:\/\/www.igoriacard.com\/cz\/multimenova-karta-pro-tebe\/anonimni-karta-pro-studenty\/#breadcrumb\",\"itemListElement\":[{\"@type\":\"ListItem\",\"position\":1,\"name\":\"Home\",\"item\":\"https:\/\/www.igoriacard.com\/cz\/\"},{\"@type\":\"ListItem\",\"position\":2,\"name\":\"Karta pro tebe\",\"item\":\"https:\/\/www.igoriacard.com\/cz\/multimenova-karta-pro-tebe\/\"},{\"@type\":\"ListItem\",\"position\":3,\"name\":\"Pro studenty\"}]},{\"@type\":\"WebSite\",\"@id\":\"https:\/\/www.igoriacard.com\/cz\/#website\",\"url\":\"https:\/\/www.igoriacard.com\/cz\/\",\"name\":\"IgoriaCard | CZ\",\"description\":\"\",\"potentialAction\":[{\"@type\":\"SearchAction\",\"target\":{\"@type\":\"EntryPoint\",\"urlTemplate\":\"https:\/\/www.igoriacard.com\/cz\/?s={search_term_string}\"},\"query-input\":{\"@type\":\"PropertyValueSpecification\",\"valueRequired\":true,\"valueName\":\"search_term_string\"}}],\"inLanguage\":\"cs\"}]}<\/script>\n<!-- \/ Yoast SEO plugin. -->","yoast_head_json":{"title":"Pro studenty - IgoriaCard | CZ","description":"Mus\u00edte rychle zaplatit za kolej nebo byt? Karta IgoriaCard v\u00e1m pom\u016f\u017ee rychle a bezpe\u010dn\u011b prov\u00e1d\u011bt platby online v 17 m\u011bn\u00e1ch.","robots":{"index":"noindex","follow":"follow","max-snippet":"max-snippet:-1","max-image-preview":"max-image-preview:large","max-video-preview":"max-video-preview:-1"},"og_locale":"cs_CZ","og_type":"article","og_title":"Pro studenty - IgoriaCard | CZ","og_description":"Mus\u00edte rychle zaplatit za kolej nebo byt? Karta IgoriaCard v\u00e1m pom\u016f\u017ee rychle a bezpe\u010dn\u011b prov\u00e1d\u011bt platby online v 17 m\u011bn\u00e1ch.","og_url":"https:\/\/www.igoriacard.com\/cz\/multimenova-karta-pro-tebe\/anonimni-karta-pro-studenty\/","og_site_name":"IgoriaCard | CZ","article_modified_time":"2019-01-21T14:10:00+00:00","og_image":[{"width":1366,"height":613,"url":"https:\/\/www.igoriacard.com\/cz\/wp-content\/uploads\/sites\/5\/2017\/02\/karty-prepaid-w-gorach-i-nad-morzem.jpg","type":"image\/jpeg"}],"twitter_card":"summary_large_image","twitter_misc":{"Odhadovan\u00e1 doba \u010dten\u00ed":"1 minuta"},"schema":{"@context":"https:\/\/schema.org","@graph":[{"@type":"WebPage","@id":"https:\/\/www.igoriacard.com\/cz\/multimenova-karta-pro-tebe\/anonimni-karta-pro-studenty\/","url":"https:\/\/www.igoriacard.com\/cz\/multimenova-karta-pro-tebe\/anonimni-karta-pro-studenty\/","name":"Pro studenty - IgoriaCard | CZ","isPartOf":{"@id":"https:\/\/www.igoriacard.com\/cz\/#website"},"primaryImageOfPage":{"@id":"https:\/\/www.igoriacard.com\/cz\/multimenova-karta-pro-tebe\/anonimni-karta-pro-studenty\/#primaryimage"},"image":{"@id":"https:\/\/www.igoriacard.com\/cz\/multimenova-karta-pro-tebe\/anonimni-karta-pro-studenty\/#primaryimage"},"thumbnailUrl":"https:\/\/www.igoriacard.com\/cz\/wp-content\/uploads\/sites\/5\/2017\/02\/karty-prepaid-w-gorach-i-nad-morzem.jpg","datePublished":"2017-02-17T12:57:39+00:00","dateModified":"2019-01-21T14:10:00+00:00","description":"Mus\u00edte rychle zaplatit za kolej nebo byt? Karta IgoriaCard v\u00e1m pom\u016f\u017ee rychle a bezpe\u010dn\u011b prov\u00e1d\u011bt platby online v 17 m\u011bn\u00e1ch.","breadcrumb":{"@id":"https:\/\/www.igoriacard.com\/cz\/multimenova-karta-pro-tebe\/anonimni-karta-pro-studenty\/#breadcrumb"},"inLanguage":"cs","potentialAction":[{"@type":"ReadAction","target":["https:\/\/www.igoriacard.com\/cz\/multimenova-karta-pro-tebe\/anonimni-karta-pro-studenty\/"]}]},{"@type":"ImageObject","inLanguage":"cs","@id":"https:\/\/www.igoriacard.com\/cz\/multimenova-karta-pro-tebe\/anonimni-karta-pro-studenty\/#primaryimage","url":"https:\/\/www.igoriacard.com\/cz\/wp-content\/uploads\/sites\/5\/2017\/02\/karty-prepaid-w-gorach-i-nad-morzem.jpg","contentUrl":"https:\/\/www.igoriacard.com\/cz\/wp-content\/uploads\/sites\/5\/2017\/02\/karty-prepaid-w-gorach-i-nad-morzem.jpg","width":1366,"height":613,"caption":"Karty prepaid w g\u00f3rach i nad morzem - na wakacjach"},{"@type":"BreadcrumbList","@id":"https:\/\/www.igoriacard.com\/cz\/multimenova-karta-pro-tebe\/anonimni-karta-pro-studenty\/#breadcrumb","itemListElement":[{"@type":"ListItem","position":1,"name":"Home","item":"https:\/\/www.igoriacard.com\/cz\/"},{"@type":"ListItem","position":2,"name":"Karta pro tebe","item":"https:\/\/www.igoriacard.com\/cz\/multimenova-karta-pro-tebe\/"},{"@type":"ListItem","position":3,"name":"Pro studenty"}]},{"@type":"WebSite","@id":"https:\/\/www.igoriacard.com\/cz\/#website","url":"https:\/\/www.igoriacard.com\/cz\/","name":"IgoriaCard | CZ","description":"","potentialAction":[{"@type":"SearchAction","target":{"@type":"EntryPoint","urlTemplate":"https:\/\/www.igoriacard.com\/cz\/?s={search_term_string}"},"query-input":{"@type":"PropertyValueSpecification","valueRequired":true,"valueName":"search_term_string"}}],"inLanguage":"cs"}]}},"_links":{"self":[{"href":"https:\/\/www.igoriacard.com\/cz\/wp-json\/wp\/v2\/pages\/708","targetHints":{"allow":["GET"]}}],"collection":[{"href":"https:\/\/www.igoriacard.com\/cz\/wp-json\/wp\/v2\/pages"}],"about":[{"href":"https:\/\/www.igoriacard.com\/cz\/wp-json\/wp\/v2\/types\/page"}],"author":[{"embeddable":true,"href":"https:\/\/www.igoriacard.com\/cz\/wp-json\/wp\/v2\/users\/1"}],"replies":[{"embeddable":true,"href":"https:\/\/www.igoriacard.com\/cz\/wp-json\/wp\/v2\/comments?post=708"}],"version-history":[{"count":6,"href":"https:\/\/www.igoriacard.com\/cz\/wp-json\/wp\/v2\/pages\/708\/revisions"}],"predecessor-version":[{"id":2951,"href":"https:\/\/www.igoriacard.com\/cz\/wp-json\/wp\/v2\/pages\/708\/revisions\/2951"}],"up":[{"embeddable":true,"href":"https:\/\/www.igoriacard.com\/cz\/wp-json\/wp\/v2\/pages\/12"}],"wp:featuredmedia":[{"embeddable":true,"href":"https:\/\/www.igoriacard.com\/cz\/wp-json\/wp\/v2\/media\/731"}],"wp:attachment":[{"href":"https:\/\/www.igoriacard.com\/cz\/wp-json\/wp\/v2\/media?parent=708"}],"curies":[{"name":"wp","href":"https:\/\/api.w.org\/{rel}","templated":true}]}}