{"id":751,"date":"2017-02-17T15:58:59","date_gmt":"2017-02-17T14:58:59","guid":{"rendered":"http:\/\/beta.igoriacard.com\/?page_id=751"},"modified":"2019-01-22T11:58:40","modified_gmt":"2019-01-22T10:58:40","slug":"vyuctovani-pracovni-cesty","status":"publish","type":"page","link":"https:\/\/www.igoriacard.com\/cz\/byznys\/vyuctovani-pracovni-cesty\/","title":{"rendered":"Vy\u00fa\u010dtov\u00e1n\u00ed pracovn\u00ed cesty"},"content":{"rendered":"P\u0159edplacen\u00e1 platebn\u00ed karta je dokonal\u00fdm \u0159e\u0161en\u00edm p\u0159i  vy\u00fa\u010dtov\u00e1n\u00ed zam\u011bstnavatel\u016f . Karta poskytuje mo\u017enost prov\u00e1d\u011bn\u00ed rychl\u00fdch transakc\u00ed v 17 m\u011bn\u00e1ch, tzn. AUD, BGN, CAD, CHF, CZK, DKK, EUR, GBP, HUF, NOK, ILS, PLN, RON, RUB, SEK, TRY a USD. Syst\u00e9m umo\u017e\u0148uje p\u0159idan\u00ed vedlej\u0161\u00edch \u00fa\u010dt\u016f na hlavn\u00ed \u00fa\u010det pro ka\u017ed\u00e9ho zam\u011bstnance, kv\u016fli  tomu  jednotliv\u00e9 karty jsou snadno a rychle dob\u00edjene. Flexibiln\u00ed nastaven\u00ed limit\u016f transakc\u00ed umo\u017e\u0148uje v\u00e1m vyhnout se  nutnosti p\u0159edplatn\u00e9ho.\r\nIgoriaCard vede intuitivn\u011b osobu spravuj\u00edc\u00ed pen\u011b\u017eenku spole\u010dnosti, stejn\u011b jako ka\u017ed\u00e9ho zam\u011bstnance jedno\u00fa\u010delov\u00fdm modulem pro z\u00fa\u010dtov\u00e1n\u00ed a vypo\u0159\u00e1d\u00e1n\u00ed transakc\u00ed, p\u0159i\u0159azen\u00ed n\u011bkter\u00fdch transakc\u00ed k \u00fadaj\u016fm delegace a reportov\u00e1n\u00ed v\u00fddaj\u016f p\u0159\u00edmo do \u00fa\u010dt\u00e1rny. multim\u011bnov\u00e1 karta umo\u017e\u0148uje v\u00edcen\u00e1sobn\u00e9 dob\u00edjen\u00ed ve zvolen\u00e9 m\u011bn\u011b a p\u0159izp\u016fsob\u00ed m\u011bn\u011b zem\u011b, ve kter\u00e9 se nach\u00e1z\u00ed v p\u0159\u00edpad\u011b nedostatku finan\u010dn\u00edch prost\u0159edk\u016f  v m\u011bn\u011b, kterou zam\u011bstnanec povinen prov\u00e9st platbu, syst\u00e9m automaticky p\u0159epo\u010d\u00edt\u00e1  chyb\u011bj\u00edc\u00ed \u010dastku podle nejlep\u0161\u00edho kurzu Sm\u011bnarny IgoriaCard.\r\nProces dob\u00edjen\u00ed karet, stanoven\u00ed limit\u016f, p\u0159id\u00e1v\u00e1n\u00ed nov\u00fdch zam\u011bstnanc\u016f do spole\u010dnosti a monitorov\u00e1n\u00ed v\u00fddaj\u016f firmy lze prov\u00e9st 24\/7. Syst\u00e9m funguje nep\u0159etr\u017eit\u011b \u010dty\u0159iadvacet hodin sedm dn\u00ed v t\u00fddnu, tak\u017ee bez ohledu na to, kde se zam\u011bstnanec nach\u00e1z\u00ed, m\u016f\u017eete pou\u017e\u00edvat a dob\u00edjet platebn\u00ed karty IgoriaCard. \r\nV\u0161echny transakce se zpracov\u00e1vaj\u00ed online 24\/7. Multim\u011bnov\u00e1 karta je v\u00fdznamnou podporou p\u0159i organizaci slu\u017eebn\u00edch cest a vypo\u0159\u00e1d\u00e1n\u00ed v\u00fddaj\u016f na zam\u011bstnance, v\u010detn\u011b: doprava, hotely, stravov\u00e1n\u00ed nebo n\u00e1kupy.\r\n","protected":false},"excerpt":{"rendered":"<p>P\u0159edplacen\u00e1 platebn\u00ed karta je dokonal\u00fdm \u0159e\u0161en\u00edm p\u0159i vy\u00fa\u010dtov\u00e1n\u00ed zam\u011bstnavatel\u016f . Karta poskytuje mo\u017enost prov\u00e1d\u011bn\u00ed rychl\u00fdch transakc\u00ed v 17 m\u011bn\u00e1ch, tzn. AUD, BGN, CAD, CHF, CZK, DKK, EUR, GBP, HUF, NOK, ILS, PLN, RON, RUB, SEK, TRY a USD. Syst\u00e9m umo\u017e\u0148uje p\u0159idan\u00ed vedlej\u0161\u00edch \u00fa\u010dt\u016f na hlavn\u00ed \u00fa\u010det pro ka\u017ed\u00e9ho zam\u011bstnance, kv\u016fli tomu jednotliv\u00e9 karty jsou snadno [&hellip;]<\/p>\n","protected":false},"author":1,"featured_media":731,"parent":13,"menu_order":0,"comment_status":"closed","ping_status":"closed","template":"page-seo-sites.php","meta":{"footnotes":""},"class_list":["post-751","page","type-page","status-publish","has-post-thumbnail","hentry"],"yoast_head":"<!-- This site is optimized with the Yoast SEO plugin v26.8 - https:\/\/yoast.com\/product\/yoast-seo-wordpress\/ -->\n<title>Vy\u00fa\u010dtov\u00e1n\u00ed pracovn\u00ed cesty - IgoriaCard | CZ<\/title>\n<meta name=\"description\" content=\"Dokonal\u00e9 \u0159e\u0161en\u00ed p\u0159i vypo\u0159\u00e1d\u00e1n\u00ed delegac\u00ed zam\u011bstnanc\u016f. Prov\u00e1d\u011bn\u00ed rychl\u00fdch transakc\u00ed v 17 m\u011bn\u00e1ch po cel\u00e9m sv\u011bt\u011b. P\u0159\u00edstup online 24\/7.\" \/>\n<meta name=\"robots\" content=\"noindex, follow, max-snippet:-1, max-image-preview:large, max-video-preview:-1\" \/>\n<meta property=\"og:locale\" content=\"cs_CZ\" \/>\n<meta property=\"og:type\" content=\"article\" \/>\n<meta property=\"og:title\" content=\"Vy\u00fa\u010dtov\u00e1n\u00ed pracovn\u00ed cesty - IgoriaCard | CZ\" \/>\n<meta property=\"og:description\" content=\"Dokonal\u00e9 \u0159e\u0161en\u00ed p\u0159i vypo\u0159\u00e1d\u00e1n\u00ed delegac\u00ed zam\u011bstnanc\u016f. Prov\u00e1d\u011bn\u00ed rychl\u00fdch transakc\u00ed v 17 m\u011bn\u00e1ch po cel\u00e9m sv\u011bt\u011b. P\u0159\u00edstup online 24\/7.\" \/>\n<meta property=\"og:url\" content=\"https:\/\/www.igoriacard.com\/cz\/byznys\/vyuctovani-pracovni-cesty\/\" \/>\n<meta property=\"og:site_name\" content=\"IgoriaCard | CZ\" \/>\n<meta property=\"article:modified_time\" content=\"2019-01-22T10:58:40+00:00\" \/>\n<meta property=\"og:image\" content=\"https:\/\/www.igoriacard.com\/cz\/wp-content\/uploads\/sites\/5\/2017\/02\/karty-prepaid-w-gorach-i-nad-morzem.jpg\" \/>\n\t<meta property=\"og:image:width\" content=\"1366\" \/>\n\t<meta property=\"og:image:height\" content=\"613\" \/>\n\t<meta property=\"og:image:type\" content=\"image\/jpeg\" \/>\n<meta name=\"twitter:card\" content=\"summary_large_image\" \/>\n<meta name=\"twitter:label1\" content=\"Odhadovan\u00e1 doba \u010dten\u00ed\" \/>\n\t<meta name=\"twitter:data1\" content=\"2 minuty\" \/>\n<script type=\"application\/ld+json\" class=\"yoast-schema-graph\">{\"@context\":\"https:\/\/schema.org\",\"@graph\":[{\"@type\":\"WebPage\",\"@id\":\"https:\/\/www.igoriacard.com\/cz\/byznys\/vyuctovani-pracovni-cesty\/\",\"url\":\"https:\/\/www.igoriacard.com\/cz\/byznys\/vyuctovani-pracovni-cesty\/\",\"name\":\"Vy\u00fa\u010dtov\u00e1n\u00ed pracovn\u00ed cesty - IgoriaCard | CZ\",\"isPartOf\":{\"@id\":\"https:\/\/www.igoriacard.com\/cz\/#website\"},\"primaryImageOfPage\":{\"@id\":\"https:\/\/www.igoriacard.com\/cz\/byznys\/vyuctovani-pracovni-cesty\/#primaryimage\"},\"image\":{\"@id\":\"https:\/\/www.igoriacard.com\/cz\/byznys\/vyuctovani-pracovni-cesty\/#primaryimage\"},\"thumbnailUrl\":\"https:\/\/www.igoriacard.com\/cz\/wp-content\/uploads\/sites\/5\/2017\/02\/karty-prepaid-w-gorach-i-nad-morzem.jpg\",\"datePublished\":\"2017-02-17T14:58:59+00:00\",\"dateModified\":\"2019-01-22T10:58:40+00:00\",\"description\":\"Dokonal\u00e9 \u0159e\u0161en\u00ed p\u0159i vypo\u0159\u00e1d\u00e1n\u00ed delegac\u00ed zam\u011bstnanc\u016f. Prov\u00e1d\u011bn\u00ed rychl\u00fdch transakc\u00ed v 17 m\u011bn\u00e1ch po cel\u00e9m sv\u011bt\u011b. P\u0159\u00edstup online 24\/7.\",\"breadcrumb\":{\"@id\":\"https:\/\/www.igoriacard.com\/cz\/byznys\/vyuctovani-pracovni-cesty\/#breadcrumb\"},\"inLanguage\":\"cs\",\"potentialAction\":[{\"@type\":\"ReadAction\",\"target\":[\"https:\/\/www.igoriacard.com\/cz\/byznys\/vyuctovani-pracovni-cesty\/\"]}]},{\"@type\":\"ImageObject\",\"inLanguage\":\"cs\",\"@id\":\"https:\/\/www.igoriacard.com\/cz\/byznys\/vyuctovani-pracovni-cesty\/#primaryimage\",\"url\":\"https:\/\/www.igoriacard.com\/cz\/wp-content\/uploads\/sites\/5\/2017\/02\/karty-prepaid-w-gorach-i-nad-morzem.jpg\",\"contentUrl\":\"https:\/\/www.igoriacard.com\/cz\/wp-content\/uploads\/sites\/5\/2017\/02\/karty-prepaid-w-gorach-i-nad-morzem.jpg\",\"width\":1366,\"height\":613,\"caption\":\"Karty prepaid w g\u00f3rach i nad morzem - na wakacjach\"},{\"@type\":\"BreadcrumbList\",\"@id\":\"https:\/\/www.igoriacard.com\/cz\/byznys\/vyuctovani-pracovni-cesty\/#breadcrumb\",\"itemListElement\":[{\"@type\":\"ListItem\",\"position\":1,\"name\":\"Home\",\"item\":\"https:\/\/www.igoriacard.com\/cz\/\"},{\"@type\":\"ListItem\",\"position\":2,\"name\":\"Byznys\",\"item\":\"https:\/\/www.igoriacard.com\/cz\/byznys\/\"},{\"@type\":\"ListItem\",\"position\":3,\"name\":\"Vy\u00fa\u010dtov\u00e1n\u00ed pracovn\u00ed cesty\"}]},{\"@type\":\"WebSite\",\"@id\":\"https:\/\/www.igoriacard.com\/cz\/#website\",\"url\":\"https:\/\/www.igoriacard.com\/cz\/\",\"name\":\"IgoriaCard | CZ\",\"description\":\"\",\"potentialAction\":[{\"@type\":\"SearchAction\",\"target\":{\"@type\":\"EntryPoint\",\"urlTemplate\":\"https:\/\/www.igoriacard.com\/cz\/?s={search_term_string}\"},\"query-input\":{\"@type\":\"PropertyValueSpecification\",\"valueRequired\":true,\"valueName\":\"search_term_string\"}}],\"inLanguage\":\"cs\"}]}<\/script>\n<!-- \/ Yoast SEO plugin. -->","yoast_head_json":{"title":"Vy\u00fa\u010dtov\u00e1n\u00ed pracovn\u00ed cesty - IgoriaCard | CZ","description":"Dokonal\u00e9 \u0159e\u0161en\u00ed p\u0159i vypo\u0159\u00e1d\u00e1n\u00ed delegac\u00ed zam\u011bstnanc\u016f. Prov\u00e1d\u011bn\u00ed rychl\u00fdch transakc\u00ed v 17 m\u011bn\u00e1ch po cel\u00e9m sv\u011bt\u011b. P\u0159\u00edstup online 24\/7.","robots":{"index":"noindex","follow":"follow","max-snippet":"max-snippet:-1","max-image-preview":"max-image-preview:large","max-video-preview":"max-video-preview:-1"},"og_locale":"cs_CZ","og_type":"article","og_title":"Vy\u00fa\u010dtov\u00e1n\u00ed pracovn\u00ed cesty - IgoriaCard | CZ","og_description":"Dokonal\u00e9 \u0159e\u0161en\u00ed p\u0159i vypo\u0159\u00e1d\u00e1n\u00ed delegac\u00ed zam\u011bstnanc\u016f. Prov\u00e1d\u011bn\u00ed rychl\u00fdch transakc\u00ed v 17 m\u011bn\u00e1ch po cel\u00e9m sv\u011bt\u011b. P\u0159\u00edstup online 24\/7.","og_url":"https:\/\/www.igoriacard.com\/cz\/byznys\/vyuctovani-pracovni-cesty\/","og_site_name":"IgoriaCard | CZ","article_modified_time":"2019-01-22T10:58:40+00:00","og_image":[{"width":1366,"height":613,"url":"https:\/\/www.igoriacard.com\/cz\/wp-content\/uploads\/sites\/5\/2017\/02\/karty-prepaid-w-gorach-i-nad-morzem.jpg","type":"image\/jpeg"}],"twitter_card":"summary_large_image","twitter_misc":{"Odhadovan\u00e1 doba \u010dten\u00ed":"2 minuty"},"schema":{"@context":"https:\/\/schema.org","@graph":[{"@type":"WebPage","@id":"https:\/\/www.igoriacard.com\/cz\/byznys\/vyuctovani-pracovni-cesty\/","url":"https:\/\/www.igoriacard.com\/cz\/byznys\/vyuctovani-pracovni-cesty\/","name":"Vy\u00fa\u010dtov\u00e1n\u00ed pracovn\u00ed cesty - IgoriaCard | CZ","isPartOf":{"@id":"https:\/\/www.igoriacard.com\/cz\/#website"},"primaryImageOfPage":{"@id":"https:\/\/www.igoriacard.com\/cz\/byznys\/vyuctovani-pracovni-cesty\/#primaryimage"},"image":{"@id":"https:\/\/www.igoriacard.com\/cz\/byznys\/vyuctovani-pracovni-cesty\/#primaryimage"},"thumbnailUrl":"https:\/\/www.igoriacard.com\/cz\/wp-content\/uploads\/sites\/5\/2017\/02\/karty-prepaid-w-gorach-i-nad-morzem.jpg","datePublished":"2017-02-17T14:58:59+00:00","dateModified":"2019-01-22T10:58:40+00:00","description":"Dokonal\u00e9 \u0159e\u0161en\u00ed p\u0159i vypo\u0159\u00e1d\u00e1n\u00ed delegac\u00ed zam\u011bstnanc\u016f. Prov\u00e1d\u011bn\u00ed rychl\u00fdch transakc\u00ed v 17 m\u011bn\u00e1ch po cel\u00e9m sv\u011bt\u011b. P\u0159\u00edstup online 24\/7.","breadcrumb":{"@id":"https:\/\/www.igoriacard.com\/cz\/byznys\/vyuctovani-pracovni-cesty\/#breadcrumb"},"inLanguage":"cs","potentialAction":[{"@type":"ReadAction","target":["https:\/\/www.igoriacard.com\/cz\/byznys\/vyuctovani-pracovni-cesty\/"]}]},{"@type":"ImageObject","inLanguage":"cs","@id":"https:\/\/www.igoriacard.com\/cz\/byznys\/vyuctovani-pracovni-cesty\/#primaryimage","url":"https:\/\/www.igoriacard.com\/cz\/wp-content\/uploads\/sites\/5\/2017\/02\/karty-prepaid-w-gorach-i-nad-morzem.jpg","contentUrl":"https:\/\/www.igoriacard.com\/cz\/wp-content\/uploads\/sites\/5\/2017\/02\/karty-prepaid-w-gorach-i-nad-morzem.jpg","width":1366,"height":613,"caption":"Karty prepaid w g\u00f3rach i nad morzem - na wakacjach"},{"@type":"BreadcrumbList","@id":"https:\/\/www.igoriacard.com\/cz\/byznys\/vyuctovani-pracovni-cesty\/#breadcrumb","itemListElement":[{"@type":"ListItem","position":1,"name":"Home","item":"https:\/\/www.igoriacard.com\/cz\/"},{"@type":"ListItem","position":2,"name":"Byznys","item":"https:\/\/www.igoriacard.com\/cz\/byznys\/"},{"@type":"ListItem","position":3,"name":"Vy\u00fa\u010dtov\u00e1n\u00ed pracovn\u00ed cesty"}]},{"@type":"WebSite","@id":"https:\/\/www.igoriacard.com\/cz\/#website","url":"https:\/\/www.igoriacard.com\/cz\/","name":"IgoriaCard | CZ","description":"","potentialAction":[{"@type":"SearchAction","target":{"@type":"EntryPoint","urlTemplate":"https:\/\/www.igoriacard.com\/cz\/?s={search_term_string}"},"query-input":{"@type":"PropertyValueSpecification","valueRequired":true,"valueName":"search_term_string"}}],"inLanguage":"cs"}]}},"_links":{"self":[{"href":"https:\/\/www.igoriacard.com\/cz\/wp-json\/wp\/v2\/pages\/751","targetHints":{"allow":["GET"]}}],"collection":[{"href":"https:\/\/www.igoriacard.com\/cz\/wp-json\/wp\/v2\/pages"}],"about":[{"href":"https:\/\/www.igoriacard.com\/cz\/wp-json\/wp\/v2\/types\/page"}],"author":[{"embeddable":true,"href":"https:\/\/www.igoriacard.com\/cz\/wp-json\/wp\/v2\/users\/1"}],"replies":[{"embeddable":true,"href":"https:\/\/www.igoriacard.com\/cz\/wp-json\/wp\/v2\/comments?post=751"}],"version-history":[{"count":3,"href":"https:\/\/www.igoriacard.com\/cz\/wp-json\/wp\/v2\/pages\/751\/revisions"}],"predecessor-version":[{"id":2894,"href":"https:\/\/www.igoriacard.com\/cz\/wp-json\/wp\/v2\/pages\/751\/revisions\/2894"}],"up":[{"embeddable":true,"href":"https:\/\/www.igoriacard.com\/cz\/wp-json\/wp\/v2\/pages\/13"}],"wp:featuredmedia":[{"embeddable":true,"href":"https:\/\/www.igoriacard.com\/cz\/wp-json\/wp\/v2\/media\/731"}],"wp:attachment":[{"href":"https:\/\/www.igoriacard.com\/cz\/wp-json\/wp\/v2\/media?parent=751"}],"curies":[{"name":"wp","href":"https:\/\/api.w.org\/{rel}","templated":true}]}}