{"id":756,"date":"2017-02-17T16:03:41","date_gmt":"2017-02-17T15:03:41","guid":{"rendered":"http:\/\/beta.igoriacard.com\/?page_id=756"},"modified":"2019-01-22T12:02:59","modified_gmt":"2019-01-22T11:02:59","slug":"palivove-karty-pro-firmy","status":"publish","type":"page","link":"https:\/\/www.igoriacard.com\/cz\/byznys\/palivove-karty-pro-firmy\/","title":{"rendered":"Flotila platebn\u00edch karet"},"content":{"rendered":"P\u0159edplacen\u00e1 karta IgoriaCard je perfektn\u00ed jako palivov\u00e1 karta &#8211; platforma IgoriaCard v\u00e1m umo\u017e\u0148uje komplexn\u011b spravovat karty a n\u00e1klady na spole\u010dnost. \r\nMultim\u011bnov\u00e1 tankovac\u00ed karta umo\u017e\u0148uje platby a\u017e v 17 m\u011bn\u00e1ch, tzn. AUD, BGN, CAD, CHF, CZK, DKK, EUR, GBP, HUF, NOK, ILS, PLN, RON, RUB, SEK, TRY a USD, v p\u0159\u00edpad\u011b nedostatku finan\u010dn\u00edch prost\u0159edk\u016f v dan\u00e9 m\u011bn\u011b automaticky p\u0159ev\u00e1d\u00ed pen\u00edze podle nejlep\u0161\u00edho kurzu, k dispozici v internetov\u00e9 sm\u011bn\u00e1rn\u011b IgoriaCard.\r\nSyst\u00e9m poskytuje mo\u017enost pohodln\u00e9 a rychl\u00e9 dod\u00e1vky vedlej\u0161\u00edch karet z hlavn\u00edho \u00fa\u010dtu, co\u017e v\u00fdrazn\u011b zlep\u0161uje rozd\u011blov\u00e1n\u00ed finan\u010dn\u00edch prost\u0159edk\u016f mezi \u0159idi\u010di na mezin\u00e1rodn\u00edch tras\u00e1ch. \r\nP\u0159edplacen\u00e9 karty pro zam\u011bstnance funguj\u00ed jako kreditn\u00ed karta &#8211; umo\u017e\u0148uj\u00ed flexibiln\u00ed nastaven\u00ed limit\u016f pro ka\u017ed\u00fd kartov\u00fd \u00fa\u010det a poskytuj\u00ed p\u0159\u00edstup k historii transakc\u00ed online 24\/7. Syst\u00e9m v\u00e1m umo\u017en\u00ed objednat v\u00edce karet bez zbyte\u010dn\u00fdch formalit.\r\n","protected":false},"excerpt":{"rendered":"<p>P\u0159edplacen\u00e1 karta IgoriaCard je perfektn\u00ed jako palivov\u00e1 karta &#8211; platforma IgoriaCard v\u00e1m umo\u017e\u0148uje komplexn\u011b spravovat karty a n\u00e1klady na spole\u010dnost. Multim\u011bnov\u00e1 tankovac\u00ed karta umo\u017e\u0148uje platby a\u017e v 17 m\u011bn\u00e1ch, tzn. AUD, BGN, CAD, CHF, CZK, DKK, EUR, GBP, HUF, NOK, ILS, PLN, RON, RUB, SEK, TRY a USD, v p\u0159\u00edpad\u011b nedostatku finan\u010dn\u00edch prost\u0159edk\u016f v dan\u00e9 [&hellip;]<\/p>\n","protected":false},"author":1,"featured_media":731,"parent":13,"menu_order":0,"comment_status":"closed","ping_status":"closed","template":"page-seo-sites.php","meta":{"footnotes":""},"class_list":["post-756","page","type-page","status-publish","has-post-thumbnail","hentry"],"yoast_head":"<!-- This site is optimized with the Yoast SEO plugin v26.8 - https:\/\/yoast.com\/product\/yoast-seo-wordpress\/ -->\n<title>Flotila platebn\u00edch karet - IgoriaCard<\/title>\n<meta name=\"description\" content=\"Tankovac\u00ed palivov\u00e9 karty- platebn\u00ed karta optimalizuje n\u00e1klady tankov\u00e1ni paliva a zbyte\u010dn\u00e9 faktura\u010dn\u00ed n\u00e1klady. Karta je e v\u0161ech mistech ozna\u010den\u00fdch logem Mastercard\" \/>\n<meta name=\"robots\" content=\"noindex, follow, max-snippet:-1, max-image-preview:large, max-video-preview:-1\" \/>\n<meta property=\"og:locale\" content=\"cs_CZ\" \/>\n<meta property=\"og:type\" content=\"article\" \/>\n<meta property=\"og:title\" content=\"Flotila platebn\u00edch karet - IgoriaCard\" \/>\n<meta property=\"og:description\" content=\"Tankovac\u00ed palivov\u00e9 karty- platebn\u00ed karta optimalizuje n\u00e1klady tankov\u00e1ni paliva a zbyte\u010dn\u00e9 faktura\u010dn\u00ed n\u00e1klady. Karta je e v\u0161ech mistech ozna\u010den\u00fdch logem Mastercard\" \/>\n<meta property=\"og:url\" content=\"https:\/\/www.igoriacard.com\/cz\/byznys\/palivove-karty-pro-firmy\/\" \/>\n<meta property=\"og:site_name\" content=\"IgoriaCard | CZ\" \/>\n<meta property=\"article:modified_time\" content=\"2019-01-22T11:02:59+00:00\" \/>\n<meta property=\"og:image\" content=\"https:\/\/www.igoriacard.com\/cz\/wp-content\/uploads\/sites\/5\/2017\/02\/karty-prepaid-w-gorach-i-nad-morzem.jpg\" \/>\n\t<meta property=\"og:image:width\" content=\"1366\" \/>\n\t<meta property=\"og:image:height\" content=\"613\" \/>\n\t<meta property=\"og:image:type\" content=\"image\/jpeg\" \/>\n<meta name=\"twitter:card\" content=\"summary_large_image\" \/>\n<meta name=\"twitter:label1\" content=\"Odhadovan\u00e1 doba \u010dten\u00ed\" \/>\n\t<meta name=\"twitter:data1\" content=\"1 minuta\" \/>\n<script type=\"application\/ld+json\" class=\"yoast-schema-graph\">{\"@context\":\"https:\/\/schema.org\",\"@graph\":[{\"@type\":\"WebPage\",\"@id\":\"https:\/\/www.igoriacard.com\/cz\/byznys\/palivove-karty-pro-firmy\/\",\"url\":\"https:\/\/www.igoriacard.com\/cz\/byznys\/palivove-karty-pro-firmy\/\",\"name\":\"Flotila platebn\u00edch karet - IgoriaCard\",\"isPartOf\":{\"@id\":\"https:\/\/www.igoriacard.com\/cz\/#website\"},\"primaryImageOfPage\":{\"@id\":\"https:\/\/www.igoriacard.com\/cz\/byznys\/palivove-karty-pro-firmy\/#primaryimage\"},\"image\":{\"@id\":\"https:\/\/www.igoriacard.com\/cz\/byznys\/palivove-karty-pro-firmy\/#primaryimage\"},\"thumbnailUrl\":\"https:\/\/www.igoriacard.com\/cz\/wp-content\/uploads\/sites\/5\/2017\/02\/karty-prepaid-w-gorach-i-nad-morzem.jpg\",\"datePublished\":\"2017-02-17T15:03:41+00:00\",\"dateModified\":\"2019-01-22T11:02:59+00:00\",\"description\":\"Tankovac\u00ed palivov\u00e9 karty- platebn\u00ed karta optimalizuje n\u00e1klady tankov\u00e1ni paliva a zbyte\u010dn\u00e9 faktura\u010dn\u00ed n\u00e1klady. Karta je e v\u0161ech mistech ozna\u010den\u00fdch logem Mastercard\",\"breadcrumb\":{\"@id\":\"https:\/\/www.igoriacard.com\/cz\/byznys\/palivove-karty-pro-firmy\/#breadcrumb\"},\"inLanguage\":\"cs\",\"potentialAction\":[{\"@type\":\"ReadAction\",\"target\":[\"https:\/\/www.igoriacard.com\/cz\/byznys\/palivove-karty-pro-firmy\/\"]}]},{\"@type\":\"ImageObject\",\"inLanguage\":\"cs\",\"@id\":\"https:\/\/www.igoriacard.com\/cz\/byznys\/palivove-karty-pro-firmy\/#primaryimage\",\"url\":\"https:\/\/www.igoriacard.com\/cz\/wp-content\/uploads\/sites\/5\/2017\/02\/karty-prepaid-w-gorach-i-nad-morzem.jpg\",\"contentUrl\":\"https:\/\/www.igoriacard.com\/cz\/wp-content\/uploads\/sites\/5\/2017\/02\/karty-prepaid-w-gorach-i-nad-morzem.jpg\",\"width\":1366,\"height\":613,\"caption\":\"Karty prepaid w g\u00f3rach i nad morzem - na wakacjach\"},{\"@type\":\"BreadcrumbList\",\"@id\":\"https:\/\/www.igoriacard.com\/cz\/byznys\/palivove-karty-pro-firmy\/#breadcrumb\",\"itemListElement\":[{\"@type\":\"ListItem\",\"position\":1,\"name\":\"Home\",\"item\":\"https:\/\/www.igoriacard.com\/cz\/\"},{\"@type\":\"ListItem\",\"position\":2,\"name\":\"Byznys\",\"item\":\"https:\/\/www.igoriacard.com\/cz\/byznys\/\"},{\"@type\":\"ListItem\",\"position\":3,\"name\":\"Flotila platebn\u00edch karet\"}]},{\"@type\":\"WebSite\",\"@id\":\"https:\/\/www.igoriacard.com\/cz\/#website\",\"url\":\"https:\/\/www.igoriacard.com\/cz\/\",\"name\":\"IgoriaCard | CZ\",\"description\":\"\",\"potentialAction\":[{\"@type\":\"SearchAction\",\"target\":{\"@type\":\"EntryPoint\",\"urlTemplate\":\"https:\/\/www.igoriacard.com\/cz\/?s={search_term_string}\"},\"query-input\":{\"@type\":\"PropertyValueSpecification\",\"valueRequired\":true,\"valueName\":\"search_term_string\"}}],\"inLanguage\":\"cs\"}]}<\/script>\n<!-- \/ Yoast SEO plugin. -->","yoast_head_json":{"title":"Flotila platebn\u00edch karet - IgoriaCard","description":"Tankovac\u00ed palivov\u00e9 karty- platebn\u00ed karta optimalizuje n\u00e1klady tankov\u00e1ni paliva a zbyte\u010dn\u00e9 faktura\u010dn\u00ed n\u00e1klady. Karta je e v\u0161ech mistech ozna\u010den\u00fdch logem Mastercard","robots":{"index":"noindex","follow":"follow","max-snippet":"max-snippet:-1","max-image-preview":"max-image-preview:large","max-video-preview":"max-video-preview:-1"},"og_locale":"cs_CZ","og_type":"article","og_title":"Flotila platebn\u00edch karet - IgoriaCard","og_description":"Tankovac\u00ed palivov\u00e9 karty- platebn\u00ed karta optimalizuje n\u00e1klady tankov\u00e1ni paliva a zbyte\u010dn\u00e9 faktura\u010dn\u00ed n\u00e1klady. Karta je e v\u0161ech mistech ozna\u010den\u00fdch logem Mastercard","og_url":"https:\/\/www.igoriacard.com\/cz\/byznys\/palivove-karty-pro-firmy\/","og_site_name":"IgoriaCard | CZ","article_modified_time":"2019-01-22T11:02:59+00:00","og_image":[{"width":1366,"height":613,"url":"https:\/\/www.igoriacard.com\/cz\/wp-content\/uploads\/sites\/5\/2017\/02\/karty-prepaid-w-gorach-i-nad-morzem.jpg","type":"image\/jpeg"}],"twitter_card":"summary_large_image","twitter_misc":{"Odhadovan\u00e1 doba \u010dten\u00ed":"1 minuta"},"schema":{"@context":"https:\/\/schema.org","@graph":[{"@type":"WebPage","@id":"https:\/\/www.igoriacard.com\/cz\/byznys\/palivove-karty-pro-firmy\/","url":"https:\/\/www.igoriacard.com\/cz\/byznys\/palivove-karty-pro-firmy\/","name":"Flotila platebn\u00edch karet - IgoriaCard","isPartOf":{"@id":"https:\/\/www.igoriacard.com\/cz\/#website"},"primaryImageOfPage":{"@id":"https:\/\/www.igoriacard.com\/cz\/byznys\/palivove-karty-pro-firmy\/#primaryimage"},"image":{"@id":"https:\/\/www.igoriacard.com\/cz\/byznys\/palivove-karty-pro-firmy\/#primaryimage"},"thumbnailUrl":"https:\/\/www.igoriacard.com\/cz\/wp-content\/uploads\/sites\/5\/2017\/02\/karty-prepaid-w-gorach-i-nad-morzem.jpg","datePublished":"2017-02-17T15:03:41+00:00","dateModified":"2019-01-22T11:02:59+00:00","description":"Tankovac\u00ed palivov\u00e9 karty- platebn\u00ed karta optimalizuje n\u00e1klady tankov\u00e1ni paliva a zbyte\u010dn\u00e9 faktura\u010dn\u00ed n\u00e1klady. Karta je e v\u0161ech mistech ozna\u010den\u00fdch logem Mastercard","breadcrumb":{"@id":"https:\/\/www.igoriacard.com\/cz\/byznys\/palivove-karty-pro-firmy\/#breadcrumb"},"inLanguage":"cs","potentialAction":[{"@type":"ReadAction","target":["https:\/\/www.igoriacard.com\/cz\/byznys\/palivove-karty-pro-firmy\/"]}]},{"@type":"ImageObject","inLanguage":"cs","@id":"https:\/\/www.igoriacard.com\/cz\/byznys\/palivove-karty-pro-firmy\/#primaryimage","url":"https:\/\/www.igoriacard.com\/cz\/wp-content\/uploads\/sites\/5\/2017\/02\/karty-prepaid-w-gorach-i-nad-morzem.jpg","contentUrl":"https:\/\/www.igoriacard.com\/cz\/wp-content\/uploads\/sites\/5\/2017\/02\/karty-prepaid-w-gorach-i-nad-morzem.jpg","width":1366,"height":613,"caption":"Karty prepaid w g\u00f3rach i nad morzem - na wakacjach"},{"@type":"BreadcrumbList","@id":"https:\/\/www.igoriacard.com\/cz\/byznys\/palivove-karty-pro-firmy\/#breadcrumb","itemListElement":[{"@type":"ListItem","position":1,"name":"Home","item":"https:\/\/www.igoriacard.com\/cz\/"},{"@type":"ListItem","position":2,"name":"Byznys","item":"https:\/\/www.igoriacard.com\/cz\/byznys\/"},{"@type":"ListItem","position":3,"name":"Flotila platebn\u00edch karet"}]},{"@type":"WebSite","@id":"https:\/\/www.igoriacard.com\/cz\/#website","url":"https:\/\/www.igoriacard.com\/cz\/","name":"IgoriaCard | CZ","description":"","potentialAction":[{"@type":"SearchAction","target":{"@type":"EntryPoint","urlTemplate":"https:\/\/www.igoriacard.com\/cz\/?s={search_term_string}"},"query-input":{"@type":"PropertyValueSpecification","valueRequired":true,"valueName":"search_term_string"}}],"inLanguage":"cs"}]}},"_links":{"self":[{"href":"https:\/\/www.igoriacard.com\/cz\/wp-json\/wp\/v2\/pages\/756","targetHints":{"allow":["GET"]}}],"collection":[{"href":"https:\/\/www.igoriacard.com\/cz\/wp-json\/wp\/v2\/pages"}],"about":[{"href":"https:\/\/www.igoriacard.com\/cz\/wp-json\/wp\/v2\/types\/page"}],"author":[{"embeddable":true,"href":"https:\/\/www.igoriacard.com\/cz\/wp-json\/wp\/v2\/users\/1"}],"replies":[{"embeddable":true,"href":"https:\/\/www.igoriacard.com\/cz\/wp-json\/wp\/v2\/comments?post=756"}],"version-history":[{"count":6,"href":"https:\/\/www.igoriacard.com\/cz\/wp-json\/wp\/v2\/pages\/756\/revisions"}],"predecessor-version":[{"id":2895,"href":"https:\/\/www.igoriacard.com\/cz\/wp-json\/wp\/v2\/pages\/756\/revisions\/2895"}],"up":[{"embeddable":true,"href":"https:\/\/www.igoriacard.com\/cz\/wp-json\/wp\/v2\/pages\/13"}],"wp:featuredmedia":[{"embeddable":true,"href":"https:\/\/www.igoriacard.com\/cz\/wp-json\/wp\/v2\/media\/731"}],"wp:attachment":[{"href":"https:\/\/www.igoriacard.com\/cz\/wp-json\/wp\/v2\/media?parent=756"}],"curies":[{"name":"wp","href":"https:\/\/api.w.org\/{rel}","templated":true}]}}