{"id":762,"date":"2017-02-17T16:21:30","date_gmt":"2017-02-17T15:21:30","guid":{"rendered":"http:\/\/beta.igoriacard.com\/?page_id=762"},"modified":"2019-01-22T12:32:40","modified_gmt":"2019-01-22T11:32:40","slug":"poukazky-pro-zamestance","status":"publish","type":"page","link":"https:\/\/www.igoriacard.com\/cz\/byznys\/poukazky-pro-zamestance\/","title":{"rendered":"Pouk\u00e1zky pro zam\u011bstnance"},"content":{"rendered":"Multim\u011bnov\u00e1 platebn\u00ed karta jako \u00fa\u010dinn\u00e1 motivace zam\u011bstnanc\u016f formou pouk\u00e1zky je modern\u00ed formou mimomzdov\u00e9ho pln\u011bn\u00ed. Karty jsou p\u0159ij\u00edm\u00e1ny v servisn\u00edch a obchodn\u00edch m\u00edstech po cel\u00e9m sv\u011bt\u011b ozna\u010den\u00fdch logem Mastercard. Zam\u011bstnanec m\u016f\u017ee zdarma vydat pouk\u00e1zku kdekolvi na sv\u011bt\u011b, stejn\u011b jako m\u016f\u017ee prov\u00e1d\u011bt multim\u011bnov\u00e9 platby online.\r\nForma motivace zam\u011bstnanc\u016f ve form\u011b multim\u011bnov\u00fdch platebn\u00edch karet je snadn\u00fd zp\u016fsob distribuce a dob\u00edjen\u00ed karet jednotliv\u00fdm zam\u011bstnanc\u016fm.  Vedlej\u0161\u00ed  u\u010dty karet jsou dob\u00edjen\u00ed z hlavn\u00edho \u00fa\u010dtu spole\u010dnosti, d\u00edky n\u011bmu\u017e mu\u017ee ovl\u00e1daj\u00edc\u00ed  osoba rychle nab\u00edt vybranou kartu v odpov\u00eddaj\u00edc\u00ed v\u00fd\u0161i.\r\nTento pohodln\u00fd zp\u016fsob placen\u00ed soci\u00e1ln\u00edch d\u00e1vek je bezpe\u010dn\u00fdm a transparentn\u00edm system\u00e9m veden\u00ed  finan\u010dn\u00edch prost\u0159edk\u016f spole\u010dnosti  podle vnit\u0159n\u00edch p\u0159edpis\u016f dan\u00e9 firmy. Voucher v podob\u011b platebn\u00ed karty je v\u017edy hitov\u00fdm d\u00e1rkem, d\u00edky n\u011bmu\u017e se zam\u011bstnanec sam rozhodne, co bude nakupovat.\r\nDal\u0161\u00ed v\u00fdhodou je akceptace platebn\u00edch karet na r\u016fzn\u00fdch m\u00edstech , nap\u0159. Supermarkety, obchody s dom\u00e1c\u00edmi spot\u0159ebi\u010di, servisn\u00ed prostory, cestovn\u00ed kancel\u00e1\u0159e, sportovn\u00ed kluby a mnoho dal\u0161\u00edch. Multim\u011bnov\u00e1 karta je vhodn\u00e1 jako mimomzdov\u00e9 motiva\u010dn\u00ed pln\u011bn\u00ed, kterou mu\u017eete vym\u011b\u0148ovat na jak\u00fdkoli produkt nebo slu\u017ebu v jak\u00e9mkoli obchod\u011b nebo na internetu.\r\n","protected":false},"excerpt":{"rendered":"<p>Multim\u011bnov\u00e1 platebn\u00ed karta jako \u00fa\u010dinn\u00e1 motivace zam\u011bstnanc\u016f formou pouk\u00e1zky je modern\u00ed formou mimomzdov\u00e9ho pln\u011bn\u00ed. Karty jsou p\u0159ij\u00edm\u00e1ny v servisn\u00edch a obchodn\u00edch m\u00edstech po cel\u00e9m sv\u011bt\u011b ozna\u010den\u00fdch logem Mastercard. Zam\u011bstnanec m\u016f\u017ee zdarma vydat pouk\u00e1zku kdekolvi na sv\u011bt\u011b, stejn\u011b jako m\u016f\u017ee prov\u00e1d\u011bt multim\u011bnov\u00e9 platby online. Forma motivace zam\u011bstnanc\u016f ve form\u011b multim\u011bnov\u00fdch platebn\u00edch karet je snadn\u00fd zp\u016fsob distribuce [&hellip;]<\/p>\n","protected":false},"author":1,"featured_media":0,"parent":13,"menu_order":0,"comment_status":"closed","ping_status":"closed","template":"page-seo-sites.php","meta":{"footnotes":""},"class_list":["post-762","page","type-page","status-publish","hentry"],"yoast_head":"<!-- This site is optimized with the Yoast SEO plugin v26.8 - https:\/\/yoast.com\/product\/yoast-seo-wordpress\/ -->\n<title>Pouk\u00e1zky pro zam\u011bstnance - IgoriaCard | CZ<\/title>\n<meta name=\"description\" content=\"Multim\u011bnov\u00e1 platebn\u00ed karta jako \u00fa\u010dinn\u00e1 motivace zam\u011bstnanc\u016f formou pouk\u00e1zky je modern\u00ed formou mimomzdov\u00e9ho pln\u011bn\u00ed.\" \/>\n<meta name=\"robots\" content=\"noindex, follow, max-snippet:-1, max-image-preview:large, max-video-preview:-1\" \/>\n<meta property=\"og:locale\" content=\"cs_CZ\" \/>\n<meta property=\"og:type\" content=\"article\" \/>\n<meta property=\"og:title\" content=\"Pouk\u00e1zky pro zam\u011bstnance - IgoriaCard | CZ\" \/>\n<meta property=\"og:description\" content=\"Multim\u011bnov\u00e1 platebn\u00ed karta jako \u00fa\u010dinn\u00e1 motivace zam\u011bstnanc\u016f formou pouk\u00e1zky je modern\u00ed formou mimomzdov\u00e9ho pln\u011bn\u00ed.\" \/>\n<meta property=\"og:url\" content=\"https:\/\/www.igoriacard.com\/cz\/byznys\/poukazky-pro-zamestance\/\" \/>\n<meta property=\"og:site_name\" content=\"IgoriaCard | CZ\" \/>\n<meta property=\"article:modified_time\" content=\"2019-01-22T11:32:40+00:00\" \/>\n<meta name=\"twitter:card\" content=\"summary_large_image\" \/>\n<meta name=\"twitter:label1\" content=\"Odhadovan\u00e1 doba \u010dten\u00ed\" \/>\n\t<meta name=\"twitter:data1\" content=\"1 minuta\" \/>\n<script type=\"application\/ld+json\" class=\"yoast-schema-graph\">{\"@context\":\"https:\/\/schema.org\",\"@graph\":[{\"@type\":\"WebPage\",\"@id\":\"https:\/\/www.igoriacard.com\/cz\/byznys\/poukazky-pro-zamestance\/\",\"url\":\"https:\/\/www.igoriacard.com\/cz\/byznys\/poukazky-pro-zamestance\/\",\"name\":\"Pouk\u00e1zky pro zam\u011bstnance - IgoriaCard | CZ\",\"isPartOf\":{\"@id\":\"https:\/\/www.igoriacard.com\/cz\/#website\"},\"datePublished\":\"2017-02-17T15:21:30+00:00\",\"dateModified\":\"2019-01-22T11:32:40+00:00\",\"description\":\"Multim\u011bnov\u00e1 platebn\u00ed karta jako \u00fa\u010dinn\u00e1 motivace zam\u011bstnanc\u016f formou pouk\u00e1zky je modern\u00ed formou mimomzdov\u00e9ho pln\u011bn\u00ed.\",\"breadcrumb\":{\"@id\":\"https:\/\/www.igoriacard.com\/cz\/byznys\/poukazky-pro-zamestance\/#breadcrumb\"},\"inLanguage\":\"cs\",\"potentialAction\":[{\"@type\":\"ReadAction\",\"target\":[\"https:\/\/www.igoriacard.com\/cz\/byznys\/poukazky-pro-zamestance\/\"]}]},{\"@type\":\"BreadcrumbList\",\"@id\":\"https:\/\/www.igoriacard.com\/cz\/byznys\/poukazky-pro-zamestance\/#breadcrumb\",\"itemListElement\":[{\"@type\":\"ListItem\",\"position\":1,\"name\":\"Home\",\"item\":\"https:\/\/www.igoriacard.com\/cz\/\"},{\"@type\":\"ListItem\",\"position\":2,\"name\":\"Byznys\",\"item\":\"https:\/\/www.igoriacard.com\/cz\/byznys\/\"},{\"@type\":\"ListItem\",\"position\":3,\"name\":\"Pouk\u00e1zky pro zam\u011bstnance\"}]},{\"@type\":\"WebSite\",\"@id\":\"https:\/\/www.igoriacard.com\/cz\/#website\",\"url\":\"https:\/\/www.igoriacard.com\/cz\/\",\"name\":\"IgoriaCard | CZ\",\"description\":\"\",\"potentialAction\":[{\"@type\":\"SearchAction\",\"target\":{\"@type\":\"EntryPoint\",\"urlTemplate\":\"https:\/\/www.igoriacard.com\/cz\/?s={search_term_string}\"},\"query-input\":{\"@type\":\"PropertyValueSpecification\",\"valueRequired\":true,\"valueName\":\"search_term_string\"}}],\"inLanguage\":\"cs\"}]}<\/script>\n<!-- \/ Yoast SEO plugin. -->","yoast_head_json":{"title":"Pouk\u00e1zky pro zam\u011bstnance - IgoriaCard | CZ","description":"Multim\u011bnov\u00e1 platebn\u00ed karta jako \u00fa\u010dinn\u00e1 motivace zam\u011bstnanc\u016f formou pouk\u00e1zky je modern\u00ed formou mimomzdov\u00e9ho pln\u011bn\u00ed.","robots":{"index":"noindex","follow":"follow","max-snippet":"max-snippet:-1","max-image-preview":"max-image-preview:large","max-video-preview":"max-video-preview:-1"},"og_locale":"cs_CZ","og_type":"article","og_title":"Pouk\u00e1zky pro zam\u011bstnance - IgoriaCard | CZ","og_description":"Multim\u011bnov\u00e1 platebn\u00ed karta jako \u00fa\u010dinn\u00e1 motivace zam\u011bstnanc\u016f formou pouk\u00e1zky je modern\u00ed formou mimomzdov\u00e9ho pln\u011bn\u00ed.","og_url":"https:\/\/www.igoriacard.com\/cz\/byznys\/poukazky-pro-zamestance\/","og_site_name":"IgoriaCard | CZ","article_modified_time":"2019-01-22T11:32:40+00:00","twitter_card":"summary_large_image","twitter_misc":{"Odhadovan\u00e1 doba \u010dten\u00ed":"1 minuta"},"schema":{"@context":"https:\/\/schema.org","@graph":[{"@type":"WebPage","@id":"https:\/\/www.igoriacard.com\/cz\/byznys\/poukazky-pro-zamestance\/","url":"https:\/\/www.igoriacard.com\/cz\/byznys\/poukazky-pro-zamestance\/","name":"Pouk\u00e1zky pro zam\u011bstnance - IgoriaCard | CZ","isPartOf":{"@id":"https:\/\/www.igoriacard.com\/cz\/#website"},"datePublished":"2017-02-17T15:21:30+00:00","dateModified":"2019-01-22T11:32:40+00:00","description":"Multim\u011bnov\u00e1 platebn\u00ed karta jako \u00fa\u010dinn\u00e1 motivace zam\u011bstnanc\u016f formou pouk\u00e1zky je modern\u00ed formou mimomzdov\u00e9ho pln\u011bn\u00ed.","breadcrumb":{"@id":"https:\/\/www.igoriacard.com\/cz\/byznys\/poukazky-pro-zamestance\/#breadcrumb"},"inLanguage":"cs","potentialAction":[{"@type":"ReadAction","target":["https:\/\/www.igoriacard.com\/cz\/byznys\/poukazky-pro-zamestance\/"]}]},{"@type":"BreadcrumbList","@id":"https:\/\/www.igoriacard.com\/cz\/byznys\/poukazky-pro-zamestance\/#breadcrumb","itemListElement":[{"@type":"ListItem","position":1,"name":"Home","item":"https:\/\/www.igoriacard.com\/cz\/"},{"@type":"ListItem","position":2,"name":"Byznys","item":"https:\/\/www.igoriacard.com\/cz\/byznys\/"},{"@type":"ListItem","position":3,"name":"Pouk\u00e1zky pro zam\u011bstnance"}]},{"@type":"WebSite","@id":"https:\/\/www.igoriacard.com\/cz\/#website","url":"https:\/\/www.igoriacard.com\/cz\/","name":"IgoriaCard | CZ","description":"","potentialAction":[{"@type":"SearchAction","target":{"@type":"EntryPoint","urlTemplate":"https:\/\/www.igoriacard.com\/cz\/?s={search_term_string}"},"query-input":{"@type":"PropertyValueSpecification","valueRequired":true,"valueName":"search_term_string"}}],"inLanguage":"cs"}]}},"_links":{"self":[{"href":"https:\/\/www.igoriacard.com\/cz\/wp-json\/wp\/v2\/pages\/762","targetHints":{"allow":["GET"]}}],"collection":[{"href":"https:\/\/www.igoriacard.com\/cz\/wp-json\/wp\/v2\/pages"}],"about":[{"href":"https:\/\/www.igoriacard.com\/cz\/wp-json\/wp\/v2\/types\/page"}],"author":[{"embeddable":true,"href":"https:\/\/www.igoriacard.com\/cz\/wp-json\/wp\/v2\/users\/1"}],"replies":[{"embeddable":true,"href":"https:\/\/www.igoriacard.com\/cz\/wp-json\/wp\/v2\/comments?post=762"}],"version-history":[{"count":2,"href":"https:\/\/www.igoriacard.com\/cz\/wp-json\/wp\/v2\/pages\/762\/revisions"}],"predecessor-version":[{"id":2811,"href":"https:\/\/www.igoriacard.com\/cz\/wp-json\/wp\/v2\/pages\/762\/revisions\/2811"}],"up":[{"embeddable":true,"href":"https:\/\/www.igoriacard.com\/cz\/wp-json\/wp\/v2\/pages\/13"}],"wp:attachment":[{"href":"https:\/\/www.igoriacard.com\/cz\/wp-json\/wp\/v2\/media?parent=762"}],"curies":[{"name":"wp","href":"https:\/\/api.w.org\/{rel}","templated":true}]}}