{"id":790,"date":"2017-02-21T11:06:26","date_gmt":"2017-02-21T10:06:26","guid":{"rendered":"http:\/\/beta.igoriacard.com\/?page_id=790"},"modified":"2019-01-22T12:34:50","modified_gmt":"2019-01-22T11:34:50","slug":"platebni-sluzby-pro-firmy","status":"publish","type":"page","link":"https:\/\/www.igoriacard.com\/cz\/byznys\/platebni-sluzby-pro-firmy\/","title":{"rendered":"Platebn\u00ed slu\u017eby"},"content":{"rendered":"IgoriaCard umo\u017e\u0148uje efektivn\u00ed \u0159\u00edzen\u00ed firemn\u00edch plateb. D\u00edky mo\u017enosti dob\u00edjen\u00ed vedlej\u0161\u00edch u\u010dt\u016f z hlavn\u00edho \u00fa\u010dtu rozhodn\u011b usnad\u0148uje a optimalizuje pr\u00e1ci \u00fa\u010dt\u00e1rny.\r\nProst\u0159ednictv\u00edm p\u0159edplacen\u00e9 platebn\u00ed karty, kter\u00e1 provozuje 17 m\u011bn: AUD, BGN, CAD, CHF, CZK, DKK, EUR, GBP, HUF, NOK, ILS, PLN, RON, RUB, SEK, TRY a USD transakce proveden\u00e9 jsou automaticky co zp\u016fsobuje, \u017ee bez ohledu na m\u00edsto a \u010das, dr\u017eitel karty m\u016f\u017ee prov\u00e1d\u011bt bezhotovostn\u00ed platby nebo v\u00fdb\u011bry z bankomat\u016f.\r\nKrom\u011b toho v p\u0159\u00edpad\u011b nedostatku prost\u0159edk\u016f v dan\u00e9 m\u011bn\u011b, syst\u00e9m provede automatickou konverzi z nejlep\u0161\u00edch podle nejv\u00fdhodn\u011bj\u0161\u00edho kurzu ve sm\u011bn\u00e1rn\u011b IgoriaCard.\r\nMultim\u011bnov\u00e1 karta IgoriaCard funguje stejn\u011b jako p\u0159edplacen\u00e1 karta, \r\nje to skv\u011bl\u00e9 \u0159e\u0161en\u00ed pro jakoukoliv firmu, ve kter\u00e9 zam\u011bstnanci v r\u00e1mci podnikov\u00fdch v\u00fddaj\u016f, prov\u00e1d\u011bj\u00ed transakc\u00ed na Internetu nebo v servisn\u00edch a obchodn\u00edch m\u00edstech.\r\n","protected":false},"excerpt":{"rendered":"<p>IgoriaCard umo\u017e\u0148uje efektivn\u00ed \u0159\u00edzen\u00ed firemn\u00edch plateb. D\u00edky mo\u017enosti dob\u00edjen\u00ed vedlej\u0161\u00edch u\u010dt\u016f z hlavn\u00edho \u00fa\u010dtu rozhodn\u011b usnad\u0148uje a optimalizuje pr\u00e1ci \u00fa\u010dt\u00e1rny. Prost\u0159ednictv\u00edm p\u0159edplacen\u00e9 platebn\u00ed karty, kter\u00e1 provozuje 17 m\u011bn: AUD, BGN, CAD, CHF, CZK, DKK, EUR, GBP, HUF, NOK, ILS, PLN, RON, RUB, SEK, TRY a USD transakce proveden\u00e9 jsou automaticky co zp\u016fsobuje, \u017ee bez ohledu [&hellip;]<\/p>\n","protected":false},"author":1,"featured_media":0,"parent":13,"menu_order":0,"comment_status":"closed","ping_status":"closed","template":"page-seo-sites.php","meta":{"footnotes":""},"class_list":["post-790","page","type-page","status-publish","hentry"],"yoast_head":"<!-- This site is optimized with the Yoast SEO plugin v26.8 - https:\/\/yoast.com\/product\/yoast-seo-wordpress\/ -->\n<title>Platebn\u00ed slu\u017eby - IgoriaCard | CZ<\/title>\n<meta name=\"description\" content=\"Efektivn\u00ed \u0159\u00edzen\u00ed firemn\u00edch plateb. D\u00edky mo\u017enosti dob\u00edjen\u00ed vedlej\u0161\u00edch u\u010dt\u016f z hlavn\u00edho \u00fa\u010dtu rozhodn\u011b usnad\u0148uje a optimalizuje pr\u00e1ci \u00fa\u010dt\u00e1rny.\" \/>\n<meta name=\"robots\" content=\"noindex, follow, max-snippet:-1, max-image-preview:large, max-video-preview:-1\" \/>\n<meta property=\"og:locale\" content=\"cs_CZ\" \/>\n<meta property=\"og:type\" content=\"article\" \/>\n<meta property=\"og:title\" content=\"Platebn\u00ed slu\u017eby - IgoriaCard | CZ\" \/>\n<meta property=\"og:description\" content=\"Efektivn\u00ed \u0159\u00edzen\u00ed firemn\u00edch plateb. D\u00edky mo\u017enosti dob\u00edjen\u00ed vedlej\u0161\u00edch u\u010dt\u016f z hlavn\u00edho \u00fa\u010dtu rozhodn\u011b usnad\u0148uje a optimalizuje pr\u00e1ci \u00fa\u010dt\u00e1rny.\" \/>\n<meta property=\"og:url\" content=\"https:\/\/www.igoriacard.com\/cz\/byznys\/platebni-sluzby-pro-firmy\/\" \/>\n<meta property=\"og:site_name\" content=\"IgoriaCard | CZ\" \/>\n<meta property=\"article:modified_time\" content=\"2019-01-22T11:34:50+00:00\" \/>\n<meta name=\"twitter:card\" content=\"summary_large_image\" \/>\n<meta name=\"twitter:label1\" content=\"Odhadovan\u00e1 doba \u010dten\u00ed\" \/>\n\t<meta name=\"twitter:data1\" content=\"1 minuta\" \/>\n<script type=\"application\/ld+json\" class=\"yoast-schema-graph\">{\"@context\":\"https:\/\/schema.org\",\"@graph\":[{\"@type\":\"WebPage\",\"@id\":\"https:\/\/www.igoriacard.com\/cz\/byznys\/platebni-sluzby-pro-firmy\/\",\"url\":\"https:\/\/www.igoriacard.com\/cz\/byznys\/platebni-sluzby-pro-firmy\/\",\"name\":\"Platebn\u00ed slu\u017eby - IgoriaCard | CZ\",\"isPartOf\":{\"@id\":\"https:\/\/www.igoriacard.com\/cz\/#website\"},\"datePublished\":\"2017-02-21T10:06:26+00:00\",\"dateModified\":\"2019-01-22T11:34:50+00:00\",\"description\":\"Efektivn\u00ed \u0159\u00edzen\u00ed firemn\u00edch plateb. D\u00edky mo\u017enosti dob\u00edjen\u00ed vedlej\u0161\u00edch u\u010dt\u016f z hlavn\u00edho \u00fa\u010dtu rozhodn\u011b usnad\u0148uje a optimalizuje pr\u00e1ci \u00fa\u010dt\u00e1rny.\",\"breadcrumb\":{\"@id\":\"https:\/\/www.igoriacard.com\/cz\/byznys\/platebni-sluzby-pro-firmy\/#breadcrumb\"},\"inLanguage\":\"cs\",\"potentialAction\":[{\"@type\":\"ReadAction\",\"target\":[\"https:\/\/www.igoriacard.com\/cz\/byznys\/platebni-sluzby-pro-firmy\/\"]}]},{\"@type\":\"BreadcrumbList\",\"@id\":\"https:\/\/www.igoriacard.com\/cz\/byznys\/platebni-sluzby-pro-firmy\/#breadcrumb\",\"itemListElement\":[{\"@type\":\"ListItem\",\"position\":1,\"name\":\"Home\",\"item\":\"https:\/\/www.igoriacard.com\/cz\/\"},{\"@type\":\"ListItem\",\"position\":2,\"name\":\"Byznys\",\"item\":\"https:\/\/www.igoriacard.com\/cz\/byznys\/\"},{\"@type\":\"ListItem\",\"position\":3,\"name\":\"Platebn\u00ed slu\u017eby\"}]},{\"@type\":\"WebSite\",\"@id\":\"https:\/\/www.igoriacard.com\/cz\/#website\",\"url\":\"https:\/\/www.igoriacard.com\/cz\/\",\"name\":\"IgoriaCard | CZ\",\"description\":\"\",\"potentialAction\":[{\"@type\":\"SearchAction\",\"target\":{\"@type\":\"EntryPoint\",\"urlTemplate\":\"https:\/\/www.igoriacard.com\/cz\/?s={search_term_string}\"},\"query-input\":{\"@type\":\"PropertyValueSpecification\",\"valueRequired\":true,\"valueName\":\"search_term_string\"}}],\"inLanguage\":\"cs\"}]}<\/script>\n<!-- \/ Yoast SEO plugin. -->","yoast_head_json":{"title":"Platebn\u00ed slu\u017eby - IgoriaCard | CZ","description":"Efektivn\u00ed \u0159\u00edzen\u00ed firemn\u00edch plateb. D\u00edky mo\u017enosti dob\u00edjen\u00ed vedlej\u0161\u00edch u\u010dt\u016f z hlavn\u00edho \u00fa\u010dtu rozhodn\u011b usnad\u0148uje a optimalizuje pr\u00e1ci \u00fa\u010dt\u00e1rny.","robots":{"index":"noindex","follow":"follow","max-snippet":"max-snippet:-1","max-image-preview":"max-image-preview:large","max-video-preview":"max-video-preview:-1"},"og_locale":"cs_CZ","og_type":"article","og_title":"Platebn\u00ed slu\u017eby - IgoriaCard | CZ","og_description":"Efektivn\u00ed \u0159\u00edzen\u00ed firemn\u00edch plateb. D\u00edky mo\u017enosti dob\u00edjen\u00ed vedlej\u0161\u00edch u\u010dt\u016f z hlavn\u00edho \u00fa\u010dtu rozhodn\u011b usnad\u0148uje a optimalizuje pr\u00e1ci \u00fa\u010dt\u00e1rny.","og_url":"https:\/\/www.igoriacard.com\/cz\/byznys\/platebni-sluzby-pro-firmy\/","og_site_name":"IgoriaCard | CZ","article_modified_time":"2019-01-22T11:34:50+00:00","twitter_card":"summary_large_image","twitter_misc":{"Odhadovan\u00e1 doba \u010dten\u00ed":"1 minuta"},"schema":{"@context":"https:\/\/schema.org","@graph":[{"@type":"WebPage","@id":"https:\/\/www.igoriacard.com\/cz\/byznys\/platebni-sluzby-pro-firmy\/","url":"https:\/\/www.igoriacard.com\/cz\/byznys\/platebni-sluzby-pro-firmy\/","name":"Platebn\u00ed slu\u017eby - IgoriaCard | CZ","isPartOf":{"@id":"https:\/\/www.igoriacard.com\/cz\/#website"},"datePublished":"2017-02-21T10:06:26+00:00","dateModified":"2019-01-22T11:34:50+00:00","description":"Efektivn\u00ed \u0159\u00edzen\u00ed firemn\u00edch plateb. D\u00edky mo\u017enosti dob\u00edjen\u00ed vedlej\u0161\u00edch u\u010dt\u016f z hlavn\u00edho \u00fa\u010dtu rozhodn\u011b usnad\u0148uje a optimalizuje pr\u00e1ci \u00fa\u010dt\u00e1rny.","breadcrumb":{"@id":"https:\/\/www.igoriacard.com\/cz\/byznys\/platebni-sluzby-pro-firmy\/#breadcrumb"},"inLanguage":"cs","potentialAction":[{"@type":"ReadAction","target":["https:\/\/www.igoriacard.com\/cz\/byznys\/platebni-sluzby-pro-firmy\/"]}]},{"@type":"BreadcrumbList","@id":"https:\/\/www.igoriacard.com\/cz\/byznys\/platebni-sluzby-pro-firmy\/#breadcrumb","itemListElement":[{"@type":"ListItem","position":1,"name":"Home","item":"https:\/\/www.igoriacard.com\/cz\/"},{"@type":"ListItem","position":2,"name":"Byznys","item":"https:\/\/www.igoriacard.com\/cz\/byznys\/"},{"@type":"ListItem","position":3,"name":"Platebn\u00ed slu\u017eby"}]},{"@type":"WebSite","@id":"https:\/\/www.igoriacard.com\/cz\/#website","url":"https:\/\/www.igoriacard.com\/cz\/","name":"IgoriaCard | CZ","description":"","potentialAction":[{"@type":"SearchAction","target":{"@type":"EntryPoint","urlTemplate":"https:\/\/www.igoriacard.com\/cz\/?s={search_term_string}"},"query-input":{"@type":"PropertyValueSpecification","valueRequired":true,"valueName":"search_term_string"}}],"inLanguage":"cs"}]}},"_links":{"self":[{"href":"https:\/\/www.igoriacard.com\/cz\/wp-json\/wp\/v2\/pages\/790","targetHints":{"allow":["GET"]}}],"collection":[{"href":"https:\/\/www.igoriacard.com\/cz\/wp-json\/wp\/v2\/pages"}],"about":[{"href":"https:\/\/www.igoriacard.com\/cz\/wp-json\/wp\/v2\/types\/page"}],"author":[{"embeddable":true,"href":"https:\/\/www.igoriacard.com\/cz\/wp-json\/wp\/v2\/users\/1"}],"replies":[{"embeddable":true,"href":"https:\/\/www.igoriacard.com\/cz\/wp-json\/wp\/v2\/comments?post=790"}],"version-history":[{"count":2,"href":"https:\/\/www.igoriacard.com\/cz\/wp-json\/wp\/v2\/pages\/790\/revisions"}],"predecessor-version":[{"id":2814,"href":"https:\/\/www.igoriacard.com\/cz\/wp-json\/wp\/v2\/pages\/790\/revisions\/2814"}],"up":[{"embeddable":true,"href":"https:\/\/www.igoriacard.com\/cz\/wp-json\/wp\/v2\/pages\/13"}],"wp:attachment":[{"href":"https:\/\/www.igoriacard.com\/cz\/wp-json\/wp\/v2\/media?parent=790"}],"curies":[{"name":"wp","href":"https:\/\/api.w.org\/{rel}","templated":true}]}}