{"id":793,"date":"2017-02-21T11:07:17","date_gmt":"2017-02-21T10:07:17","guid":{"rendered":"http:\/\/beta.igoriacard.com\/?page_id=793"},"modified":"2019-01-22T13:43:02","modified_gmt":"2019-01-22T12:43:02","slug":"ocenovani-zamenstnancu","status":"publish","type":"page","link":"https:\/\/www.igoriacard.com\/cz\/byznys\/ocenovani-zamenstnancu\/","title":{"rendered":"Oce\u0148ov\u00e1n\u00ed zam\u011bstnanc\u016f"},"content":{"rendered":"D\u00e1rkov\u00e9 karty pro zam\u011bstnance jako odm\u011bna nebo bonus jsou nejl\u00e9pe oce\u0148ovanou formou odm\u011b\u0148ov\u00e1n\u00ed zam\u011bstnanc\u016f. Personifikovan\u00e1 nebo anonymn\u00ed p\u0159edplacen\u00e1 karta sni\u017euje n\u00e1klady na logistiku, podporuje budov\u00e1n\u00ed jm\u00e9na firmy, pom\u00e1h\u00e1 p\u0159i efektivn\u00edm \u0159\u00edzen\u00ed soci\u00e1ln\u00edho fondu spole\u010dnosti a je osvobozena od dan\u011b z p\u0159\u00edjmu fyzick\u00fdch osob.\r\nD\u00e1rkov\u00e9 karty IgoriaCard jsou \u0161iroce akceptov\u00e1ny ve slu\u017eb\u00e1ch a maloobchodn\u00edch prodejn\u00e1ch ozna\u010den\u00fdch logem MasterCard v \u010cR a zahrani\u010d\u00ed.\r\nZam\u011bstnanec m\u00e1 plnou svobodu pou\u017e\u00edvan\u00ed karty a prov\u00e1d\u011bn\u00ed plateb p\u0159es internet. Pohodln\u00fd zp\u016fsob rozd\u011blov\u00e1n\u00ed cen ve form\u011b multim\u011bnov\u00fdch platebn\u00edch karet a flexibiln\u00ed financov\u00e1n\u00ed karet spolu s individu\u00e1ln\u011b zaveden\u00fdmi limity je vynikaj\u00edc\u00ed formou distribuce v\u00fdhod mezi \u0161irokou skupinou zam\u011bstnanc\u016f.\r\nBonus ve form\u011b d\u00e1rkov\u00e9 karty umo\u017e\u0148uje rychl\u00e9 a snadn\u00e9 prov\u00e1d\u011bn\u00ed platebn\u00edch transakc\u00ed podle uv\u00e1\u017een\u00ed zam\u011bstnanc\u016f.\r\n","protected":false},"excerpt":{"rendered":"<p>D\u00e1rkov\u00e9 karty pro zam\u011bstnance jako odm\u011bna nebo bonus jsou nejl\u00e9pe oce\u0148ovanou formou odm\u011b\u0148ov\u00e1n\u00ed zam\u011bstnanc\u016f. Personifikovan\u00e1 nebo anonymn\u00ed p\u0159edplacen\u00e1 karta sni\u017euje n\u00e1klady na logistiku, podporuje budov\u00e1n\u00ed jm\u00e9na firmy, pom\u00e1h\u00e1 p\u0159i efektivn\u00edm \u0159\u00edzen\u00ed soci\u00e1ln\u00edho fondu spole\u010dnosti a je osvobozena od dan\u011b z p\u0159\u00edjmu fyzick\u00fdch osob. D\u00e1rkov\u00e9 karty IgoriaCard jsou \u0161iroce akceptov\u00e1ny ve slu\u017eb\u00e1ch a maloobchodn\u00edch prodejn\u00e1ch ozna\u010den\u00fdch [&hellip;]<\/p>\n","protected":false},"author":1,"featured_media":0,"parent":13,"menu_order":0,"comment_status":"closed","ping_status":"closed","template":"page-seo-sites.php","meta":{"footnotes":""},"class_list":["post-793","page","type-page","status-publish","hentry"],"yoast_head":"<!-- This site is optimized with the Yoast SEO plugin v26.8 - https:\/\/yoast.com\/product\/yoast-seo-wordpress\/ -->\n<title>Oce\u0148ov\u00e1n\u00ed zam\u011bstnanc\u016f - IgoriaCard | CZ<\/title>\n<meta name=\"description\" content=\"D\u00e1rkov\u00e9 karty pro zam\u011bstnance jako odm\u011bna nebo bonus jsou nejl\u00e9pe oce\u0148ovanou formou odm\u011b\u0148ov\u00e1n\u00ed zam\u011bstnanc\u016f.\" \/>\n<meta name=\"robots\" content=\"noindex, follow, max-snippet:-1, max-image-preview:large, max-video-preview:-1\" \/>\n<meta property=\"og:locale\" content=\"cs_CZ\" \/>\n<meta property=\"og:type\" content=\"article\" \/>\n<meta property=\"og:title\" content=\"Oce\u0148ov\u00e1n\u00ed zam\u011bstnanc\u016f - IgoriaCard | CZ\" \/>\n<meta property=\"og:description\" content=\"D\u00e1rkov\u00e9 karty pro zam\u011bstnance jako odm\u011bna nebo bonus jsou nejl\u00e9pe oce\u0148ovanou formou odm\u011b\u0148ov\u00e1n\u00ed zam\u011bstnanc\u016f.\" \/>\n<meta property=\"og:url\" content=\"https:\/\/www.igoriacard.com\/cz\/byznys\/ocenovani-zamenstnancu\/\" \/>\n<meta property=\"og:site_name\" content=\"IgoriaCard | CZ\" \/>\n<meta property=\"article:modified_time\" content=\"2019-01-22T12:43:02+00:00\" \/>\n<meta name=\"twitter:card\" content=\"summary_large_image\" \/>\n<meta name=\"twitter:label1\" content=\"Odhadovan\u00e1 doba \u010dten\u00ed\" \/>\n\t<meta name=\"twitter:data1\" content=\"1 minuta\" \/>\n<script type=\"application\/ld+json\" class=\"yoast-schema-graph\">{\"@context\":\"https:\/\/schema.org\",\"@graph\":[{\"@type\":\"WebPage\",\"@id\":\"https:\/\/www.igoriacard.com\/cz\/byznys\/ocenovani-zamenstnancu\/\",\"url\":\"https:\/\/www.igoriacard.com\/cz\/byznys\/ocenovani-zamenstnancu\/\",\"name\":\"Oce\u0148ov\u00e1n\u00ed zam\u011bstnanc\u016f - IgoriaCard | CZ\",\"isPartOf\":{\"@id\":\"https:\/\/www.igoriacard.com\/cz\/#website\"},\"datePublished\":\"2017-02-21T10:07:17+00:00\",\"dateModified\":\"2019-01-22T12:43:02+00:00\",\"description\":\"D\u00e1rkov\u00e9 karty pro zam\u011bstnance jako odm\u011bna nebo bonus jsou nejl\u00e9pe oce\u0148ovanou formou odm\u011b\u0148ov\u00e1n\u00ed zam\u011bstnanc\u016f.\",\"breadcrumb\":{\"@id\":\"https:\/\/www.igoriacard.com\/cz\/byznys\/ocenovani-zamenstnancu\/#breadcrumb\"},\"inLanguage\":\"cs\",\"potentialAction\":[{\"@type\":\"ReadAction\",\"target\":[\"https:\/\/www.igoriacard.com\/cz\/byznys\/ocenovani-zamenstnancu\/\"]}]},{\"@type\":\"BreadcrumbList\",\"@id\":\"https:\/\/www.igoriacard.com\/cz\/byznys\/ocenovani-zamenstnancu\/#breadcrumb\",\"itemListElement\":[{\"@type\":\"ListItem\",\"position\":1,\"name\":\"Home\",\"item\":\"https:\/\/www.igoriacard.com\/cz\/\"},{\"@type\":\"ListItem\",\"position\":2,\"name\":\"Byznys\",\"item\":\"https:\/\/www.igoriacard.com\/cz\/byznys\/\"},{\"@type\":\"ListItem\",\"position\":3,\"name\":\"Oce\u0148ov\u00e1n\u00ed zam\u011bstnanc\u016f\"}]},{\"@type\":\"WebSite\",\"@id\":\"https:\/\/www.igoriacard.com\/cz\/#website\",\"url\":\"https:\/\/www.igoriacard.com\/cz\/\",\"name\":\"IgoriaCard | CZ\",\"description\":\"\",\"potentialAction\":[{\"@type\":\"SearchAction\",\"target\":{\"@type\":\"EntryPoint\",\"urlTemplate\":\"https:\/\/www.igoriacard.com\/cz\/?s={search_term_string}\"},\"query-input\":{\"@type\":\"PropertyValueSpecification\",\"valueRequired\":true,\"valueName\":\"search_term_string\"}}],\"inLanguage\":\"cs\"}]}<\/script>\n<!-- \/ Yoast SEO plugin. -->","yoast_head_json":{"title":"Oce\u0148ov\u00e1n\u00ed zam\u011bstnanc\u016f - IgoriaCard | CZ","description":"D\u00e1rkov\u00e9 karty pro zam\u011bstnance jako odm\u011bna nebo bonus jsou nejl\u00e9pe oce\u0148ovanou formou odm\u011b\u0148ov\u00e1n\u00ed zam\u011bstnanc\u016f.","robots":{"index":"noindex","follow":"follow","max-snippet":"max-snippet:-1","max-image-preview":"max-image-preview:large","max-video-preview":"max-video-preview:-1"},"og_locale":"cs_CZ","og_type":"article","og_title":"Oce\u0148ov\u00e1n\u00ed zam\u011bstnanc\u016f - IgoriaCard | CZ","og_description":"D\u00e1rkov\u00e9 karty pro zam\u011bstnance jako odm\u011bna nebo bonus jsou nejl\u00e9pe oce\u0148ovanou formou odm\u011b\u0148ov\u00e1n\u00ed zam\u011bstnanc\u016f.","og_url":"https:\/\/www.igoriacard.com\/cz\/byznys\/ocenovani-zamenstnancu\/","og_site_name":"IgoriaCard | CZ","article_modified_time":"2019-01-22T12:43:02+00:00","twitter_card":"summary_large_image","twitter_misc":{"Odhadovan\u00e1 doba \u010dten\u00ed":"1 minuta"},"schema":{"@context":"https:\/\/schema.org","@graph":[{"@type":"WebPage","@id":"https:\/\/www.igoriacard.com\/cz\/byznys\/ocenovani-zamenstnancu\/","url":"https:\/\/www.igoriacard.com\/cz\/byznys\/ocenovani-zamenstnancu\/","name":"Oce\u0148ov\u00e1n\u00ed zam\u011bstnanc\u016f - IgoriaCard | CZ","isPartOf":{"@id":"https:\/\/www.igoriacard.com\/cz\/#website"},"datePublished":"2017-02-21T10:07:17+00:00","dateModified":"2019-01-22T12:43:02+00:00","description":"D\u00e1rkov\u00e9 karty pro zam\u011bstnance jako odm\u011bna nebo bonus jsou nejl\u00e9pe oce\u0148ovanou formou odm\u011b\u0148ov\u00e1n\u00ed zam\u011bstnanc\u016f.","breadcrumb":{"@id":"https:\/\/www.igoriacard.com\/cz\/byznys\/ocenovani-zamenstnancu\/#breadcrumb"},"inLanguage":"cs","potentialAction":[{"@type":"ReadAction","target":["https:\/\/www.igoriacard.com\/cz\/byznys\/ocenovani-zamenstnancu\/"]}]},{"@type":"BreadcrumbList","@id":"https:\/\/www.igoriacard.com\/cz\/byznys\/ocenovani-zamenstnancu\/#breadcrumb","itemListElement":[{"@type":"ListItem","position":1,"name":"Home","item":"https:\/\/www.igoriacard.com\/cz\/"},{"@type":"ListItem","position":2,"name":"Byznys","item":"https:\/\/www.igoriacard.com\/cz\/byznys\/"},{"@type":"ListItem","position":3,"name":"Oce\u0148ov\u00e1n\u00ed zam\u011bstnanc\u016f"}]},{"@type":"WebSite","@id":"https:\/\/www.igoriacard.com\/cz\/#website","url":"https:\/\/www.igoriacard.com\/cz\/","name":"IgoriaCard | CZ","description":"","potentialAction":[{"@type":"SearchAction","target":{"@type":"EntryPoint","urlTemplate":"https:\/\/www.igoriacard.com\/cz\/?s={search_term_string}"},"query-input":{"@type":"PropertyValueSpecification","valueRequired":true,"valueName":"search_term_string"}}],"inLanguage":"cs"}]}},"_links":{"self":[{"href":"https:\/\/www.igoriacard.com\/cz\/wp-json\/wp\/v2\/pages\/793","targetHints":{"allow":["GET"]}}],"collection":[{"href":"https:\/\/www.igoriacard.com\/cz\/wp-json\/wp\/v2\/pages"}],"about":[{"href":"https:\/\/www.igoriacard.com\/cz\/wp-json\/wp\/v2\/types\/page"}],"author":[{"embeddable":true,"href":"https:\/\/www.igoriacard.com\/cz\/wp-json\/wp\/v2\/users\/1"}],"replies":[{"embeddable":true,"href":"https:\/\/www.igoriacard.com\/cz\/wp-json\/wp\/v2\/comments?post=793"}],"version-history":[{"count":3,"href":"https:\/\/www.igoriacard.com\/cz\/wp-json\/wp\/v2\/pages\/793\/revisions"}],"predecessor-version":[{"id":2896,"href":"https:\/\/www.igoriacard.com\/cz\/wp-json\/wp\/v2\/pages\/793\/revisions\/2896"}],"up":[{"embeddable":true,"href":"https:\/\/www.igoriacard.com\/cz\/wp-json\/wp\/v2\/pages\/13"}],"wp:attachment":[{"href":"https:\/\/www.igoriacard.com\/cz\/wp-json\/wp\/v2\/media?parent=793"}],"curies":[{"name":"wp","href":"https:\/\/api.w.org\/{rel}","templated":true}]}}