{"id":796,"date":"2017-02-21T11:09:13","date_gmt":"2017-02-21T10:09:13","guid":{"rendered":"http:\/\/beta.igoriacard.com\/?page_id=796"},"modified":"2019-01-22T13:47:17","modified_gmt":"2019-01-22T12:47:17","slug":"rabatove-vernostni-programy-z-kartou-prepaid","status":"publish","type":"page","link":"https:\/\/www.igoriacard.com\/cz\/byznys\/rabatove-vernostni-programy-z-kartou-prepaid\/","title":{"rendered":"Rabatov\u00e9 v\u011brnostn\u00ed programy"},"content":{"rendered":"IgoriaCard, jako profesion\u00e1ln\u00ed platforma, umo\u017e\u0148uje samostatn\u00e9 a nez\u00e1visl\u00e9 \u0159\u00edzen\u00ed v\u011brnostn\u00edch a motiva\u010dn\u00edch program\u016f podnikatele. \r\nSyst\u00e9m umo\u017e\u0148uje optimalizace n\u00e1klad\u016f spojen\u00fdch s uveden\u00edm v\u011brnostn\u00ed platformy, poskytuje v\u00e1m pln\u00e9 technick\u00e9 vybaven\u00ed pro vypo\u0159\u00e1d\u00e1n\u00ed multim\u011bnov\u00fdch karetn\u00edch transakc\u00ed prov\u00e1d\u011bn\u00fdch po cel\u00e9m sv\u011bt\u011b, automaticky provozuje proces dob\u00edjen\u00ed karty a umo\u017e\u0148uje konfigurovat syst\u00e9mov\u00e9 moduly. P\u0159edplacen\u00e1 karta IgoriaCard  se flexibiln\u011b p\u0159izp\u016fsobuj\u00ed c\u00edl\u016f Programu podpory prodeje ka\u017ed\u00e9 spole\u010dnosti.\r\nP\u0159edplacen\u00e1 karta reaguj\u00ed na \u0159adu preferenc\u00ed p\u0159\u00edjemc\u016f, je p\u0159izp\u016fsobena podle pot\u0159eb mal\u00fdch a st\u0159edn\u00edch podnik\u016f. Karty jsou vyd\u00e1v\u00e1ny jako plastov\u00e9 karty nebo virtu\u00e1ln\u00ed platebn\u00ed karty. Jsou p\u0159ij\u00edm\u00e1ny po cel\u00e9m sv\u011bt\u011b a umo\u017e\u0148uj\u00ed prov\u00e1d\u011bn\u00ed plateb online.\r\nIgoriaCard poskytuje odm\u011bny ve form\u011b personalizovan\u00fdch p\u0159edplacen\u00fdch bonusov\u00fdch karet a umo\u017e\u0148uje 24-hodinov\u00fd p\u0159\u00edstup k elektronick\u00e9mu \u00fa\u010dtu v n\u011bkolika m\u011bn\u00e1ch. Krom\u011b toho zabezpe\u010den\u00ed transakc\u00ed zaji\u0161\u0165uje evropsk\u00fd org\u00e1n pro bankovnictv\u00ed .\r\n","protected":false},"excerpt":{"rendered":"<p>IgoriaCard, jako profesion\u00e1ln\u00ed platforma, umo\u017e\u0148uje samostatn\u00e9 a nez\u00e1visl\u00e9 \u0159\u00edzen\u00ed v\u011brnostn\u00edch a motiva\u010dn\u00edch program\u016f podnikatele. Syst\u00e9m umo\u017e\u0148uje optimalizace n\u00e1klad\u016f spojen\u00fdch s uveden\u00edm v\u011brnostn\u00ed platformy, poskytuje v\u00e1m pln\u00e9 technick\u00e9 vybaven\u00ed pro vypo\u0159\u00e1d\u00e1n\u00ed multim\u011bnov\u00fdch karetn\u00edch transakc\u00ed prov\u00e1d\u011bn\u00fdch po cel\u00e9m sv\u011bt\u011b, automaticky provozuje proces dob\u00edjen\u00ed karty a umo\u017e\u0148uje konfigurovat syst\u00e9mov\u00e9 moduly. P\u0159edplacen\u00e1 karta IgoriaCard se flexibiln\u011b p\u0159izp\u016fsobuj\u00ed c\u00edl\u016f Programu [&hellip;]<\/p>\n","protected":false},"author":1,"featured_media":0,"parent":13,"menu_order":0,"comment_status":"closed","ping_status":"closed","template":"page-seo-sites.php","meta":{"footnotes":""},"class_list":["post-796","page","type-page","status-publish","hentry"],"yoast_head":"<!-- This site is optimized with the Yoast SEO plugin v26.8 - https:\/\/yoast.com\/product\/yoast-seo-wordpress\/ -->\n<title>Rabatov\u00e9 v\u011brnostn\u00ed programy - IgoriaCard | CZ<\/title>\n<meta name=\"description\" content=\"IgoriaCard umo\u017e\u0148uje optimalizace n\u00e1klad\u016f spojen\u00fdch s uveden\u00edm v\u011brnostn\u00ed platformy va\u0161\u00ed spole\u010dnosti.\" \/>\n<meta name=\"robots\" content=\"noindex, follow, max-snippet:-1, max-image-preview:large, max-video-preview:-1\" \/>\n<meta property=\"og:locale\" content=\"cs_CZ\" \/>\n<meta property=\"og:type\" content=\"article\" \/>\n<meta property=\"og:title\" content=\"Rabatov\u00e9 v\u011brnostn\u00ed programy - IgoriaCard | CZ\" \/>\n<meta property=\"og:description\" content=\"IgoriaCard umo\u017e\u0148uje optimalizace n\u00e1klad\u016f spojen\u00fdch s uveden\u00edm v\u011brnostn\u00ed platformy va\u0161\u00ed spole\u010dnosti.\" \/>\n<meta property=\"og:url\" content=\"https:\/\/www.igoriacard.com\/cz\/byznys\/rabatove-vernostni-programy-z-kartou-prepaid\/\" \/>\n<meta property=\"og:site_name\" content=\"IgoriaCard | CZ\" \/>\n<meta property=\"article:modified_time\" content=\"2019-01-22T12:47:17+00:00\" \/>\n<meta name=\"twitter:card\" content=\"summary_large_image\" \/>\n<meta name=\"twitter:label1\" content=\"Odhadovan\u00e1 doba \u010dten\u00ed\" \/>\n\t<meta name=\"twitter:data1\" content=\"1 minuta\" \/>\n<script type=\"application\/ld+json\" class=\"yoast-schema-graph\">{\"@context\":\"https:\/\/schema.org\",\"@graph\":[{\"@type\":\"WebPage\",\"@id\":\"https:\/\/www.igoriacard.com\/cz\/byznys\/rabatove-vernostni-programy-z-kartou-prepaid\/\",\"url\":\"https:\/\/www.igoriacard.com\/cz\/byznys\/rabatove-vernostni-programy-z-kartou-prepaid\/\",\"name\":\"Rabatov\u00e9 v\u011brnostn\u00ed programy - IgoriaCard | CZ\",\"isPartOf\":{\"@id\":\"https:\/\/www.igoriacard.com\/cz\/#website\"},\"datePublished\":\"2017-02-21T10:09:13+00:00\",\"dateModified\":\"2019-01-22T12:47:17+00:00\",\"description\":\"IgoriaCard umo\u017e\u0148uje optimalizace n\u00e1klad\u016f spojen\u00fdch s uveden\u00edm v\u011brnostn\u00ed platformy va\u0161\u00ed spole\u010dnosti.\",\"breadcrumb\":{\"@id\":\"https:\/\/www.igoriacard.com\/cz\/byznys\/rabatove-vernostni-programy-z-kartou-prepaid\/#breadcrumb\"},\"inLanguage\":\"cs\",\"potentialAction\":[{\"@type\":\"ReadAction\",\"target\":[\"https:\/\/www.igoriacard.com\/cz\/byznys\/rabatove-vernostni-programy-z-kartou-prepaid\/\"]}]},{\"@type\":\"BreadcrumbList\",\"@id\":\"https:\/\/www.igoriacard.com\/cz\/byznys\/rabatove-vernostni-programy-z-kartou-prepaid\/#breadcrumb\",\"itemListElement\":[{\"@type\":\"ListItem\",\"position\":1,\"name\":\"Home\",\"item\":\"https:\/\/www.igoriacard.com\/cz\/\"},{\"@type\":\"ListItem\",\"position\":2,\"name\":\"Byznys\",\"item\":\"https:\/\/www.igoriacard.com\/cz\/byznys\/\"},{\"@type\":\"ListItem\",\"position\":3,\"name\":\"Rabatov\u00e9 v\u011brnostn\u00ed programy\"}]},{\"@type\":\"WebSite\",\"@id\":\"https:\/\/www.igoriacard.com\/cz\/#website\",\"url\":\"https:\/\/www.igoriacard.com\/cz\/\",\"name\":\"IgoriaCard | CZ\",\"description\":\"\",\"potentialAction\":[{\"@type\":\"SearchAction\",\"target\":{\"@type\":\"EntryPoint\",\"urlTemplate\":\"https:\/\/www.igoriacard.com\/cz\/?s={search_term_string}\"},\"query-input\":{\"@type\":\"PropertyValueSpecification\",\"valueRequired\":true,\"valueName\":\"search_term_string\"}}],\"inLanguage\":\"cs\"}]}<\/script>\n<!-- \/ Yoast SEO plugin. -->","yoast_head_json":{"title":"Rabatov\u00e9 v\u011brnostn\u00ed programy - IgoriaCard | CZ","description":"IgoriaCard umo\u017e\u0148uje optimalizace n\u00e1klad\u016f spojen\u00fdch s uveden\u00edm v\u011brnostn\u00ed platformy va\u0161\u00ed spole\u010dnosti.","robots":{"index":"noindex","follow":"follow","max-snippet":"max-snippet:-1","max-image-preview":"max-image-preview:large","max-video-preview":"max-video-preview:-1"},"og_locale":"cs_CZ","og_type":"article","og_title":"Rabatov\u00e9 v\u011brnostn\u00ed programy - IgoriaCard | CZ","og_description":"IgoriaCard umo\u017e\u0148uje optimalizace n\u00e1klad\u016f spojen\u00fdch s uveden\u00edm v\u011brnostn\u00ed platformy va\u0161\u00ed spole\u010dnosti.","og_url":"https:\/\/www.igoriacard.com\/cz\/byznys\/rabatove-vernostni-programy-z-kartou-prepaid\/","og_site_name":"IgoriaCard | CZ","article_modified_time":"2019-01-22T12:47:17+00:00","twitter_card":"summary_large_image","twitter_misc":{"Odhadovan\u00e1 doba \u010dten\u00ed":"1 minuta"},"schema":{"@context":"https:\/\/schema.org","@graph":[{"@type":"WebPage","@id":"https:\/\/www.igoriacard.com\/cz\/byznys\/rabatove-vernostni-programy-z-kartou-prepaid\/","url":"https:\/\/www.igoriacard.com\/cz\/byznys\/rabatove-vernostni-programy-z-kartou-prepaid\/","name":"Rabatov\u00e9 v\u011brnostn\u00ed programy - IgoriaCard | CZ","isPartOf":{"@id":"https:\/\/www.igoriacard.com\/cz\/#website"},"datePublished":"2017-02-21T10:09:13+00:00","dateModified":"2019-01-22T12:47:17+00:00","description":"IgoriaCard umo\u017e\u0148uje optimalizace n\u00e1klad\u016f spojen\u00fdch s uveden\u00edm v\u011brnostn\u00ed platformy va\u0161\u00ed spole\u010dnosti.","breadcrumb":{"@id":"https:\/\/www.igoriacard.com\/cz\/byznys\/rabatove-vernostni-programy-z-kartou-prepaid\/#breadcrumb"},"inLanguage":"cs","potentialAction":[{"@type":"ReadAction","target":["https:\/\/www.igoriacard.com\/cz\/byznys\/rabatove-vernostni-programy-z-kartou-prepaid\/"]}]},{"@type":"BreadcrumbList","@id":"https:\/\/www.igoriacard.com\/cz\/byznys\/rabatove-vernostni-programy-z-kartou-prepaid\/#breadcrumb","itemListElement":[{"@type":"ListItem","position":1,"name":"Home","item":"https:\/\/www.igoriacard.com\/cz\/"},{"@type":"ListItem","position":2,"name":"Byznys","item":"https:\/\/www.igoriacard.com\/cz\/byznys\/"},{"@type":"ListItem","position":3,"name":"Rabatov\u00e9 v\u011brnostn\u00ed programy"}]},{"@type":"WebSite","@id":"https:\/\/www.igoriacard.com\/cz\/#website","url":"https:\/\/www.igoriacard.com\/cz\/","name":"IgoriaCard | CZ","description":"","potentialAction":[{"@type":"SearchAction","target":{"@type":"EntryPoint","urlTemplate":"https:\/\/www.igoriacard.com\/cz\/?s={search_term_string}"},"query-input":{"@type":"PropertyValueSpecification","valueRequired":true,"valueName":"search_term_string"}}],"inLanguage":"cs"}]}},"_links":{"self":[{"href":"https:\/\/www.igoriacard.com\/cz\/wp-json\/wp\/v2\/pages\/796","targetHints":{"allow":["GET"]}}],"collection":[{"href":"https:\/\/www.igoriacard.com\/cz\/wp-json\/wp\/v2\/pages"}],"about":[{"href":"https:\/\/www.igoriacard.com\/cz\/wp-json\/wp\/v2\/types\/page"}],"author":[{"embeddable":true,"href":"https:\/\/www.igoriacard.com\/cz\/wp-json\/wp\/v2\/users\/1"}],"replies":[{"embeddable":true,"href":"https:\/\/www.igoriacard.com\/cz\/wp-json\/wp\/v2\/comments?post=796"}],"version-history":[{"count":3,"href":"https:\/\/www.igoriacard.com\/cz\/wp-json\/wp\/v2\/pages\/796\/revisions"}],"predecessor-version":[{"id":2897,"href":"https:\/\/www.igoriacard.com\/cz\/wp-json\/wp\/v2\/pages\/796\/revisions\/2897"}],"up":[{"embeddable":true,"href":"https:\/\/www.igoriacard.com\/cz\/wp-json\/wp\/v2\/pages\/13"}],"wp:attachment":[{"href":"https:\/\/www.igoriacard.com\/cz\/wp-json\/wp\/v2\/media?parent=796"}],"curies":[{"name":"wp","href":"https:\/\/api.w.org\/{rel}","templated":true}]}}