{"id":799,"date":"2017-02-21T11:10:46","date_gmt":"2017-02-21T10:10:46","guid":{"rendered":"http:\/\/beta.igoriacard.com\/?page_id=799"},"modified":"2019-01-09T09:11:52","modified_gmt":"2019-01-09T08:11:52","slug":"multimenova-karta-zahranicni-cesty","status":"publish","type":"page","link":"https:\/\/www.igoriacard.com\/cz\/korporace\/multimenova-karta-zahranicni-cesty\/","title":{"rendered":"Vy\u00fa\u010dtov\u00e1n\u00ed pracovn\u00ed cesty v zahrani\u010d\u00ed"},"content":{"rendered":"P\u0159edplacen\u00e1 platebn\u00ed karta je dokonal\u00fdm \u0159e\u0161en\u00edm p\u0159i  vy\u00fa\u010dtov\u00e1n\u00ed zam\u011bstnanc\u016f. Karta poskytuje mo\u017enost prov\u00e1d\u011bn\u00ed rychl\u00fdch transakc\u00ed v 17 m\u011bn\u00e1ch, tzn. AUD, BGN, CAD, CHF, CZK, DKK, EUR, GBP, HUF, NOK, ILS, PLN, RON, RUB, SEK, TRY a USD. Multim\u011bnov\u00e1 karta je v\u00fdznamnou podporou p\u0159i organizaci slu\u017eebn\u00edch cest a vypo\u0159\u00e1d\u00e1n\u00ed v\u00fddaj\u016f na zam\u011bstnance, v\u010detn\u011b: doprava, hotely, stravov\u00e1n\u00ed nebo n\u00e1kupy.\r\nRozs\u00e1hl\u00fd delega\u010dn\u00ed modul v\u00e1m umo\u017e\u0148uje kontrolovat v\u00fddaje a reportovat p\u0159\u00edmo \u00fa\u010detn\u00edmu odd\u011blen\u00ed v\u0161echny transakce uskute\u010dn\u011bn\u00e9 v r\u00e1mci cesty. Nav\u00edc syst\u00e9m v\u00e1m umo\u017e\u0148uje p\u0159ipojit faktury a potvrzen\u00ed  do ka\u017ed\u00e9 dokon\u010den\u00e9 transakce. P\u0159edplacen\u00e9 karty IgoriaCard je to pohodln\u00fd a bezpe\u010dn\u00fd zp\u016fsob platby, kter\u00fd provozuje firemni n\u00e1klady 24\/7 online. \r\nModul pro z\u00fa\u010dtov\u00e1n\u00ed a vypo\u0159\u00e1d\u00e1n\u00ed  karet z hlavn\u00edho \u00fa\u010dtu a vedlej\u0161\u00edch \u00fa\u010dt\u016f rozhodn\u011b usnad\u0148uje a optimalizuje pr\u00e1ci \u00fa\u010detn\u00edho odd\u011blen\u00ed.\r\nOsoby provozuj\u00edci firemn\u00ed finance maj\u00ed pln\u00fd p\u0159\u00edstup k transakc\u00edm uskute\u010dn\u011bn\u00fdm v r\u00e1mci slu\u017eebn\u00edch cest. Multim\u011bnov\u00e9 \u00fa\u010dty umo\u017e\u0148uj\u00ed platby po cel\u00e9m sv\u011bt\u011b a pokud na kart\u011b nejsou \u017e\u00e1dn\u00e9 finan\u010dn\u00ed prost\u0159edky, syst\u00e9m se automaticky p\u0159izp\u016fsob\u00ed m\u011bn\u011b zem\u011b, ve kter\u00e9 bude zam\u011bstnanec pob\u00fdvat &#8211; provede automatick\u00fd p\u0159evod m\u011bny podle nejlep\u0161\u00edho kurzu Sm\u011bnarny IgoriaCard.\r\n","protected":false},"excerpt":{"rendered":"<p>P\u0159edplacen\u00e1 platebn\u00ed karta je dokonal\u00fdm \u0159e\u0161en\u00edm p\u0159i vy\u00fa\u010dtov\u00e1n\u00ed zam\u011bstnanc\u016f. Karta poskytuje mo\u017enost prov\u00e1d\u011bn\u00ed rychl\u00fdch transakc\u00ed v 17 m\u011bn\u00e1ch, tzn. AUD, BGN, CAD, CHF, CZK, DKK, EUR, GBP, HUF, NOK, ILS, PLN, RON, RUB, SEK, TRY a USD. Multim\u011bnov\u00e1 karta je v\u00fdznamnou podporou p\u0159i organizaci slu\u017eebn\u00edch cest a vypo\u0159\u00e1d\u00e1n\u00ed v\u00fddaj\u016f na zam\u011bstnance, v\u010detn\u011b: doprava, hotely, stravov\u00e1n\u00ed [&hellip;]<\/p>\n","protected":false},"author":1,"featured_media":0,"parent":15,"menu_order":0,"comment_status":"closed","ping_status":"closed","template":"page-seo-sites.php","meta":{"footnotes":""},"class_list":["post-799","page","type-page","status-publish","hentry"],"yoast_head":"<!-- This site is optimized with the Yoast SEO plugin v26.8 - https:\/\/yoast.com\/product\/yoast-seo-wordpress\/ -->\n<title>Vy\u00fa\u010dtov\u00e1n\u00ed pracovn\u00ed cesty v zahrani\u010d\u00ed - IgoriaCard | CZ<\/title>\n<meta name=\"description\" content=\"rozs\u00e1hl\u00fd delega\u010dn\u00ed modul v\u00e1m umo\u017e\u0148uje kontrolovat v\u00fddaje a reportovat p\u0159\u00edmo \u00fa\u010detn\u00edmu odd\u011blen\u00ed, v\u0161echny transakce uskute\u010dn\u011bn\u00e9 v r\u00e1mci cesty.\" \/>\n<meta name=\"robots\" content=\"noindex, follow, max-snippet:-1, max-image-preview:large, max-video-preview:-1\" \/>\n<meta property=\"og:locale\" content=\"cs_CZ\" \/>\n<meta property=\"og:type\" content=\"article\" \/>\n<meta property=\"og:title\" content=\"Vy\u00fa\u010dtov\u00e1n\u00ed pracovn\u00ed cesty v zahrani\u010d\u00ed - IgoriaCard | CZ\" \/>\n<meta property=\"og:description\" content=\"rozs\u00e1hl\u00fd delega\u010dn\u00ed modul v\u00e1m umo\u017e\u0148uje kontrolovat v\u00fddaje a reportovat p\u0159\u00edmo \u00fa\u010detn\u00edmu odd\u011blen\u00ed, v\u0161echny transakce uskute\u010dn\u011bn\u00e9 v r\u00e1mci cesty.\" \/>\n<meta property=\"og:url\" content=\"https:\/\/www.igoriacard.com\/cz\/korporace\/multimenova-karta-zahranicni-cesty\/\" \/>\n<meta property=\"og:site_name\" content=\"IgoriaCard | CZ\" \/>\n<meta property=\"article:modified_time\" content=\"2019-01-09T08:11:52+00:00\" \/>\n<meta name=\"twitter:card\" content=\"summary_large_image\" \/>\n<meta name=\"twitter:label1\" content=\"Odhadovan\u00e1 doba \u010dten\u00ed\" \/>\n\t<meta name=\"twitter:data1\" content=\"1 minuta\" \/>\n<script type=\"application\/ld+json\" class=\"yoast-schema-graph\">{\"@context\":\"https:\/\/schema.org\",\"@graph\":[{\"@type\":\"WebPage\",\"@id\":\"https:\/\/www.igoriacard.com\/cz\/korporace\/multimenova-karta-zahranicni-cesty\/\",\"url\":\"https:\/\/www.igoriacard.com\/cz\/korporace\/multimenova-karta-zahranicni-cesty\/\",\"name\":\"Vy\u00fa\u010dtov\u00e1n\u00ed pracovn\u00ed cesty v zahrani\u010d\u00ed - IgoriaCard | CZ\",\"isPartOf\":{\"@id\":\"https:\/\/www.igoriacard.com\/cz\/#website\"},\"datePublished\":\"2017-02-21T10:10:46+00:00\",\"dateModified\":\"2019-01-09T08:11:52+00:00\",\"description\":\"rozs\u00e1hl\u00fd delega\u010dn\u00ed modul v\u00e1m umo\u017e\u0148uje kontrolovat v\u00fddaje a reportovat p\u0159\u00edmo \u00fa\u010detn\u00edmu odd\u011blen\u00ed, v\u0161echny transakce uskute\u010dn\u011bn\u00e9 v r\u00e1mci cesty.\",\"breadcrumb\":{\"@id\":\"https:\/\/www.igoriacard.com\/cz\/korporace\/multimenova-karta-zahranicni-cesty\/#breadcrumb\"},\"inLanguage\":\"cs\",\"potentialAction\":[{\"@type\":\"ReadAction\",\"target\":[\"https:\/\/www.igoriacard.com\/cz\/korporace\/multimenova-karta-zahranicni-cesty\/\"]}]},{\"@type\":\"BreadcrumbList\",\"@id\":\"https:\/\/www.igoriacard.com\/cz\/korporace\/multimenova-karta-zahranicni-cesty\/#breadcrumb\",\"itemListElement\":[{\"@type\":\"ListItem\",\"position\":1,\"name\":\"Home\",\"item\":\"https:\/\/www.igoriacard.com\/cz\/\"},{\"@type\":\"ListItem\",\"position\":2,\"name\":\"Korporace\",\"item\":\"https:\/\/www.igoriacard.com\/cz\/korporace\/\"},{\"@type\":\"ListItem\",\"position\":3,\"name\":\"Vy\u00fa\u010dtov\u00e1n\u00ed pracovn\u00ed cesty v zahrani\u010d\u00ed\"}]},{\"@type\":\"WebSite\",\"@id\":\"https:\/\/www.igoriacard.com\/cz\/#website\",\"url\":\"https:\/\/www.igoriacard.com\/cz\/\",\"name\":\"IgoriaCard | CZ\",\"description\":\"\",\"potentialAction\":[{\"@type\":\"SearchAction\",\"target\":{\"@type\":\"EntryPoint\",\"urlTemplate\":\"https:\/\/www.igoriacard.com\/cz\/?s={search_term_string}\"},\"query-input\":{\"@type\":\"PropertyValueSpecification\",\"valueRequired\":true,\"valueName\":\"search_term_string\"}}],\"inLanguage\":\"cs\"}]}<\/script>\n<!-- \/ Yoast SEO plugin. -->","yoast_head_json":{"title":"Vy\u00fa\u010dtov\u00e1n\u00ed pracovn\u00ed cesty v zahrani\u010d\u00ed - IgoriaCard | CZ","description":"rozs\u00e1hl\u00fd delega\u010dn\u00ed modul v\u00e1m umo\u017e\u0148uje kontrolovat v\u00fddaje a reportovat p\u0159\u00edmo \u00fa\u010detn\u00edmu odd\u011blen\u00ed, v\u0161echny transakce uskute\u010dn\u011bn\u00e9 v r\u00e1mci cesty.","robots":{"index":"noindex","follow":"follow","max-snippet":"max-snippet:-1","max-image-preview":"max-image-preview:large","max-video-preview":"max-video-preview:-1"},"og_locale":"cs_CZ","og_type":"article","og_title":"Vy\u00fa\u010dtov\u00e1n\u00ed pracovn\u00ed cesty v zahrani\u010d\u00ed - IgoriaCard | CZ","og_description":"rozs\u00e1hl\u00fd delega\u010dn\u00ed modul v\u00e1m umo\u017e\u0148uje kontrolovat v\u00fddaje a reportovat p\u0159\u00edmo \u00fa\u010detn\u00edmu odd\u011blen\u00ed, v\u0161echny transakce uskute\u010dn\u011bn\u00e9 v r\u00e1mci cesty.","og_url":"https:\/\/www.igoriacard.com\/cz\/korporace\/multimenova-karta-zahranicni-cesty\/","og_site_name":"IgoriaCard | CZ","article_modified_time":"2019-01-09T08:11:52+00:00","twitter_card":"summary_large_image","twitter_misc":{"Odhadovan\u00e1 doba \u010dten\u00ed":"1 minuta"},"schema":{"@context":"https:\/\/schema.org","@graph":[{"@type":"WebPage","@id":"https:\/\/www.igoriacard.com\/cz\/korporace\/multimenova-karta-zahranicni-cesty\/","url":"https:\/\/www.igoriacard.com\/cz\/korporace\/multimenova-karta-zahranicni-cesty\/","name":"Vy\u00fa\u010dtov\u00e1n\u00ed pracovn\u00ed cesty v zahrani\u010d\u00ed - IgoriaCard | CZ","isPartOf":{"@id":"https:\/\/www.igoriacard.com\/cz\/#website"},"datePublished":"2017-02-21T10:10:46+00:00","dateModified":"2019-01-09T08:11:52+00:00","description":"rozs\u00e1hl\u00fd delega\u010dn\u00ed modul v\u00e1m umo\u017e\u0148uje kontrolovat v\u00fddaje a reportovat p\u0159\u00edmo \u00fa\u010detn\u00edmu odd\u011blen\u00ed, v\u0161echny transakce uskute\u010dn\u011bn\u00e9 v r\u00e1mci cesty.","breadcrumb":{"@id":"https:\/\/www.igoriacard.com\/cz\/korporace\/multimenova-karta-zahranicni-cesty\/#breadcrumb"},"inLanguage":"cs","potentialAction":[{"@type":"ReadAction","target":["https:\/\/www.igoriacard.com\/cz\/korporace\/multimenova-karta-zahranicni-cesty\/"]}]},{"@type":"BreadcrumbList","@id":"https:\/\/www.igoriacard.com\/cz\/korporace\/multimenova-karta-zahranicni-cesty\/#breadcrumb","itemListElement":[{"@type":"ListItem","position":1,"name":"Home","item":"https:\/\/www.igoriacard.com\/cz\/"},{"@type":"ListItem","position":2,"name":"Korporace","item":"https:\/\/www.igoriacard.com\/cz\/korporace\/"},{"@type":"ListItem","position":3,"name":"Vy\u00fa\u010dtov\u00e1n\u00ed pracovn\u00ed cesty v zahrani\u010d\u00ed"}]},{"@type":"WebSite","@id":"https:\/\/www.igoriacard.com\/cz\/#website","url":"https:\/\/www.igoriacard.com\/cz\/","name":"IgoriaCard | CZ","description":"","potentialAction":[{"@type":"SearchAction","target":{"@type":"EntryPoint","urlTemplate":"https:\/\/www.igoriacard.com\/cz\/?s={search_term_string}"},"query-input":{"@type":"PropertyValueSpecification","valueRequired":true,"valueName":"search_term_string"}}],"inLanguage":"cs"}]}},"_links":{"self":[{"href":"https:\/\/www.igoriacard.com\/cz\/wp-json\/wp\/v2\/pages\/799","targetHints":{"allow":["GET"]}}],"collection":[{"href":"https:\/\/www.igoriacard.com\/cz\/wp-json\/wp\/v2\/pages"}],"about":[{"href":"https:\/\/www.igoriacard.com\/cz\/wp-json\/wp\/v2\/types\/page"}],"author":[{"embeddable":true,"href":"https:\/\/www.igoriacard.com\/cz\/wp-json\/wp\/v2\/users\/1"}],"replies":[{"embeddable":true,"href":"https:\/\/www.igoriacard.com\/cz\/wp-json\/wp\/v2\/comments?post=799"}],"version-history":[{"count":3,"href":"https:\/\/www.igoriacard.com\/cz\/wp-json\/wp\/v2\/pages\/799\/revisions"}],"predecessor-version":[{"id":2898,"href":"https:\/\/www.igoriacard.com\/cz\/wp-json\/wp\/v2\/pages\/799\/revisions\/2898"}],"up":[{"embeddable":true,"href":"https:\/\/www.igoriacard.com\/cz\/wp-json\/wp\/v2\/pages\/15"}],"wp:attachment":[{"href":"https:\/\/www.igoriacard.com\/cz\/wp-json\/wp\/v2\/media?parent=799"}],"curies":[{"name":"wp","href":"https:\/\/api.w.org\/{rel}","templated":true}]}}