{"id":814,"date":"2017-02-21T11:16:17","date_gmt":"2017-02-21T10:16:17","guid":{"rendered":"http:\/\/beta.igoriacard.com\/?page_id=814"},"modified":"2019-01-22T14:20:01","modified_gmt":"2019-01-22T13:20:01","slug":"darkova-karta-pro-zamestnance","status":"publish","type":"page","link":"https:\/\/www.igoriacard.com\/cz\/korporace\/darkova-karta-pro-zamestnance\/","title":{"rendered":"Oce\u0148ov\u00e1n\u00ed zam\u011bstnanc\u016f"},"content":{"rendered":"IgoriaCard d\u00e1v\u00e1 p\u0159\u00edle\u017eitost odm\u011b\u0148ovat zam\u011bstnance prost\u0159ednictv\u00edm multi-m\u011bnov\u00fdch d\u00e1rkov\u00fdch karet, kter\u00e9 jsou jednou z klasick\u00fdch forem uzn\u00e1n\u00ed zam\u011bstnance. Kreditn\u00ed karty pou\u017e\u00edv\u00e1ne pro vyplacen\u00ed bonusu jsou plastov\u00e9 nebo virtu\u00e1ln\u00ed,  jako individu\u00e1ln\u00ed d\u00e1rek, ka\u017ed\u00fd zam\u011bstnanec mu\u017ee je vyu\u017eit podle sv\u00e9ho p\u0159\u00e1ni.\r\nOdm\u011bny mohou b\u00fdt vym\u011bn\u011bny za jak\u00fdkoli produkt nebo slu\u017ebu, na mnoha m\u00edstech, je\u017e p\u0159ij\u00edmaj\u00ed karty Mastercard. D\u00edky intuitivn\u00edmu, a bezpe\u010dn\u00e9mu  panelu pro spravovan\u00ed p\u0159edplacen\u00fdch karet mohou zam\u011bstnavatel\u00e9 kdykoli zkontrolovat po\u010det objednan\u00fdch karet, dob\u00edjet m\u011bnov\u00e9 karty dle vlastn\u00edho uv\u00e1\u017een\u00ed, sledovat a p\u0159id\u00e1vat nov\u00e9 zam\u011bstnance.\r\nObjedn\u00e1n\u00ed neomezen\u00e9ho po\u010dtu karet bez zbyte\u010dn\u00fdch formalit p\u0159in\u00e1\u0161\u00ed spole\u010dnosti a zam\u011bstnanc\u016fm mnoho finan\u010dn\u00edch a \u010dasov\u00fdch v\u00fdhod.\r\nDal\u0161\u00ed v\u00fdhodou pou\u017e\u00edv\u00e1n\u00ed t\u00e9to formy odm\u011b\u0148ov\u00e1n\u00ed zam\u011bstnanc\u016f bez dodate\u010dn\u00fdch n\u00e1klad\u016f na v\u00fdrobu personalizovan\u00fdch nebo anonymn\u00edch p\u0159edplacen\u00fdch karet a \u00faspora \u010dasu p\u0159i objednv\u00e1n\u00ed a doru\u010dov\u00e1n\u00ed karet. Multim\u011bnov\u00e9 platebn\u00ed karty IgoriaCard jsou v\u00fdhodn\u00fdm a pohodln\u00fdm n\u00e1strojem pro motivaci zam\u011bstnanc\u016f.","protected":false},"excerpt":{"rendered":"<p>IgoriaCard d\u00e1v\u00e1 p\u0159\u00edle\u017eitost odm\u011b\u0148ovat zam\u011bstnance prost\u0159ednictv\u00edm multi-m\u011bnov\u00fdch d\u00e1rkov\u00fdch karet, kter\u00e9 jsou jednou z klasick\u00fdch forem uzn\u00e1n\u00ed zam\u011bstnance. Kreditn\u00ed karty pou\u017e\u00edv\u00e1ne pro vyplacen\u00ed bonusu jsou plastov\u00e9 nebo virtu\u00e1ln\u00ed, jako individu\u00e1ln\u00ed d\u00e1rek, ka\u017ed\u00fd zam\u011bstnanec mu\u017ee je vyu\u017eit podle sv\u00e9ho p\u0159\u00e1ni. Odm\u011bny mohou b\u00fdt vym\u011bn\u011bny za jak\u00fdkoli produkt nebo slu\u017ebu, na mnoha m\u00edstech, je\u017e p\u0159ij\u00edmaj\u00ed karty Mastercard. D\u00edky [&hellip;]<\/p>\n","protected":false},"author":1,"featured_media":0,"parent":15,"menu_order":0,"comment_status":"closed","ping_status":"closed","template":"page-seo-sites.php","meta":{"footnotes":""},"class_list":["post-814","page","type-page","status-publish","hentry"],"yoast_head":"<!-- This site is optimized with the Yoast SEO plugin v26.8 - https:\/\/yoast.com\/product\/yoast-seo-wordpress\/ -->\n<title>Oce\u0148ov\u00e1n\u00ed zam\u011bstnanc\u016f - IgoriaCard | CZ<\/title>\n<meta name=\"description\" content=\"Kreditn\u00ed karty pou\u017e\u00edv\u00e1ne pro vyplacen\u00ed bonusu jsou plastov\u00e9 nebo virtu\u00e1ln\u00ed, jako individu\u00e1ln\u00ed d\u00e1rek, ka\u017ed\u00fd zam\u011bstnanec mu\u017ee je vyu\u017eit podle sv\u00e9ho p\u0159\u00e1ni.\" \/>\n<meta name=\"robots\" content=\"noindex, follow, max-snippet:-1, max-image-preview:large, max-video-preview:-1\" \/>\n<meta property=\"og:locale\" content=\"cs_CZ\" \/>\n<meta property=\"og:type\" content=\"article\" \/>\n<meta property=\"og:title\" content=\"Oce\u0148ov\u00e1n\u00ed zam\u011bstnanc\u016f - IgoriaCard | CZ\" \/>\n<meta property=\"og:description\" content=\"Kreditn\u00ed karty pou\u017e\u00edv\u00e1ne pro vyplacen\u00ed bonusu jsou plastov\u00e9 nebo virtu\u00e1ln\u00ed, jako individu\u00e1ln\u00ed d\u00e1rek, ka\u017ed\u00fd zam\u011bstnanec mu\u017ee je vyu\u017eit podle sv\u00e9ho p\u0159\u00e1ni.\" \/>\n<meta property=\"og:url\" content=\"https:\/\/www.igoriacard.com\/cz\/korporace\/darkova-karta-pro-zamestnance\/\" \/>\n<meta property=\"og:site_name\" content=\"IgoriaCard | CZ\" \/>\n<meta property=\"article:modified_time\" content=\"2019-01-22T13:20:01+00:00\" \/>\n<meta name=\"twitter:card\" content=\"summary_large_image\" \/>\n<meta name=\"twitter:label1\" content=\"Odhadovan\u00e1 doba \u010dten\u00ed\" \/>\n\t<meta name=\"twitter:data1\" content=\"1 minuta\" \/>\n<script type=\"application\/ld+json\" class=\"yoast-schema-graph\">{\"@context\":\"https:\/\/schema.org\",\"@graph\":[{\"@type\":\"WebPage\",\"@id\":\"https:\/\/www.igoriacard.com\/cz\/korporace\/darkova-karta-pro-zamestnance\/\",\"url\":\"https:\/\/www.igoriacard.com\/cz\/korporace\/darkova-karta-pro-zamestnance\/\",\"name\":\"Oce\u0148ov\u00e1n\u00ed zam\u011bstnanc\u016f - IgoriaCard | CZ\",\"isPartOf\":{\"@id\":\"https:\/\/www.igoriacard.com\/cz\/#website\"},\"datePublished\":\"2017-02-21T10:16:17+00:00\",\"dateModified\":\"2019-01-22T13:20:01+00:00\",\"description\":\"Kreditn\u00ed karty pou\u017e\u00edv\u00e1ne pro vyplacen\u00ed bonusu jsou plastov\u00e9 nebo virtu\u00e1ln\u00ed, jako individu\u00e1ln\u00ed d\u00e1rek, ka\u017ed\u00fd zam\u011bstnanec mu\u017ee je vyu\u017eit podle sv\u00e9ho p\u0159\u00e1ni.\",\"breadcrumb\":{\"@id\":\"https:\/\/www.igoriacard.com\/cz\/korporace\/darkova-karta-pro-zamestnance\/#breadcrumb\"},\"inLanguage\":\"cs\",\"potentialAction\":[{\"@type\":\"ReadAction\",\"target\":[\"https:\/\/www.igoriacard.com\/cz\/korporace\/darkova-karta-pro-zamestnance\/\"]}]},{\"@type\":\"BreadcrumbList\",\"@id\":\"https:\/\/www.igoriacard.com\/cz\/korporace\/darkova-karta-pro-zamestnance\/#breadcrumb\",\"itemListElement\":[{\"@type\":\"ListItem\",\"position\":1,\"name\":\"Home\",\"item\":\"https:\/\/www.igoriacard.com\/cz\/\"},{\"@type\":\"ListItem\",\"position\":2,\"name\":\"Korporace\",\"item\":\"https:\/\/www.igoriacard.com\/cz\/korporace\/\"},{\"@type\":\"ListItem\",\"position\":3,\"name\":\"Oce\u0148ov\u00e1n\u00ed zam\u011bstnanc\u016f\"}]},{\"@type\":\"WebSite\",\"@id\":\"https:\/\/www.igoriacard.com\/cz\/#website\",\"url\":\"https:\/\/www.igoriacard.com\/cz\/\",\"name\":\"IgoriaCard | CZ\",\"description\":\"\",\"potentialAction\":[{\"@type\":\"SearchAction\",\"target\":{\"@type\":\"EntryPoint\",\"urlTemplate\":\"https:\/\/www.igoriacard.com\/cz\/?s={search_term_string}\"},\"query-input\":{\"@type\":\"PropertyValueSpecification\",\"valueRequired\":true,\"valueName\":\"search_term_string\"}}],\"inLanguage\":\"cs\"}]}<\/script>\n<!-- \/ Yoast SEO plugin. -->","yoast_head_json":{"title":"Oce\u0148ov\u00e1n\u00ed zam\u011bstnanc\u016f - IgoriaCard | CZ","description":"Kreditn\u00ed karty pou\u017e\u00edv\u00e1ne pro vyplacen\u00ed bonusu jsou plastov\u00e9 nebo virtu\u00e1ln\u00ed, jako individu\u00e1ln\u00ed d\u00e1rek, ka\u017ed\u00fd zam\u011bstnanec mu\u017ee je vyu\u017eit podle sv\u00e9ho p\u0159\u00e1ni.","robots":{"index":"noindex","follow":"follow","max-snippet":"max-snippet:-1","max-image-preview":"max-image-preview:large","max-video-preview":"max-video-preview:-1"},"og_locale":"cs_CZ","og_type":"article","og_title":"Oce\u0148ov\u00e1n\u00ed zam\u011bstnanc\u016f - IgoriaCard | CZ","og_description":"Kreditn\u00ed karty pou\u017e\u00edv\u00e1ne pro vyplacen\u00ed bonusu jsou plastov\u00e9 nebo virtu\u00e1ln\u00ed, jako individu\u00e1ln\u00ed d\u00e1rek, ka\u017ed\u00fd zam\u011bstnanec mu\u017ee je vyu\u017eit podle sv\u00e9ho p\u0159\u00e1ni.","og_url":"https:\/\/www.igoriacard.com\/cz\/korporace\/darkova-karta-pro-zamestnance\/","og_site_name":"IgoriaCard | CZ","article_modified_time":"2019-01-22T13:20:01+00:00","twitter_card":"summary_large_image","twitter_misc":{"Odhadovan\u00e1 doba \u010dten\u00ed":"1 minuta"},"schema":{"@context":"https:\/\/schema.org","@graph":[{"@type":"WebPage","@id":"https:\/\/www.igoriacard.com\/cz\/korporace\/darkova-karta-pro-zamestnance\/","url":"https:\/\/www.igoriacard.com\/cz\/korporace\/darkova-karta-pro-zamestnance\/","name":"Oce\u0148ov\u00e1n\u00ed zam\u011bstnanc\u016f - IgoriaCard | CZ","isPartOf":{"@id":"https:\/\/www.igoriacard.com\/cz\/#website"},"datePublished":"2017-02-21T10:16:17+00:00","dateModified":"2019-01-22T13:20:01+00:00","description":"Kreditn\u00ed karty pou\u017e\u00edv\u00e1ne pro vyplacen\u00ed bonusu jsou plastov\u00e9 nebo virtu\u00e1ln\u00ed, jako individu\u00e1ln\u00ed d\u00e1rek, ka\u017ed\u00fd zam\u011bstnanec mu\u017ee je vyu\u017eit podle sv\u00e9ho p\u0159\u00e1ni.","breadcrumb":{"@id":"https:\/\/www.igoriacard.com\/cz\/korporace\/darkova-karta-pro-zamestnance\/#breadcrumb"},"inLanguage":"cs","potentialAction":[{"@type":"ReadAction","target":["https:\/\/www.igoriacard.com\/cz\/korporace\/darkova-karta-pro-zamestnance\/"]}]},{"@type":"BreadcrumbList","@id":"https:\/\/www.igoriacard.com\/cz\/korporace\/darkova-karta-pro-zamestnance\/#breadcrumb","itemListElement":[{"@type":"ListItem","position":1,"name":"Home","item":"https:\/\/www.igoriacard.com\/cz\/"},{"@type":"ListItem","position":2,"name":"Korporace","item":"https:\/\/www.igoriacard.com\/cz\/korporace\/"},{"@type":"ListItem","position":3,"name":"Oce\u0148ov\u00e1n\u00ed zam\u011bstnanc\u016f"}]},{"@type":"WebSite","@id":"https:\/\/www.igoriacard.com\/cz\/#website","url":"https:\/\/www.igoriacard.com\/cz\/","name":"IgoriaCard | CZ","description":"","potentialAction":[{"@type":"SearchAction","target":{"@type":"EntryPoint","urlTemplate":"https:\/\/www.igoriacard.com\/cz\/?s={search_term_string}"},"query-input":{"@type":"PropertyValueSpecification","valueRequired":true,"valueName":"search_term_string"}}],"inLanguage":"cs"}]}},"_links":{"self":[{"href":"https:\/\/www.igoriacard.com\/cz\/wp-json\/wp\/v2\/pages\/814","targetHints":{"allow":["GET"]}}],"collection":[{"href":"https:\/\/www.igoriacard.com\/cz\/wp-json\/wp\/v2\/pages"}],"about":[{"href":"https:\/\/www.igoriacard.com\/cz\/wp-json\/wp\/v2\/types\/page"}],"author":[{"embeddable":true,"href":"https:\/\/www.igoriacard.com\/cz\/wp-json\/wp\/v2\/users\/1"}],"replies":[{"embeddable":true,"href":"https:\/\/www.igoriacard.com\/cz\/wp-json\/wp\/v2\/comments?post=814"}],"version-history":[{"count":3,"href":"https:\/\/www.igoriacard.com\/cz\/wp-json\/wp\/v2\/pages\/814\/revisions"}],"predecessor-version":[{"id":2902,"href":"https:\/\/www.igoriacard.com\/cz\/wp-json\/wp\/v2\/pages\/814\/revisions\/2902"}],"up":[{"embeddable":true,"href":"https:\/\/www.igoriacard.com\/cz\/wp-json\/wp\/v2\/pages\/15"}],"wp:attachment":[{"href":"https:\/\/www.igoriacard.com\/cz\/wp-json\/wp\/v2\/media?parent=814"}],"curies":[{"name":"wp","href":"https:\/\/api.w.org\/{rel}","templated":true}]}}