{"id":16,"date":"2016-07-21T13:03:11","date_gmt":"2016-07-21T11:03:11","guid":{"rendered":"http:\/\/localhost\/projects\/var\/www\/clients\/client1\/web1\/web\/?page_id=15"},"modified":"2018-09-12T14:43:07","modified_gmt":"2018-09-12T12:43:07","slug":"corporations","status":"publish","type":"page","link":"https:\/\/www.igoriacard.com\/en\/corporations\/","title":{"rendered":"Corporations"},"content":{"rendered":"<div class=\"ic-boxes uk-text-center\">\r\n<div>\r\n<div class=\"uk-container uk-container-center uk-grid uk-grid-width-small-1-2\">\r\n<div class=\"uk-vertical-align uk-push-1-2\"><img loading=\"lazy\" decoding=\"async\" src=\"\/wp-content\/uploads\/2016\/07\/02-najczesciej-kupowana.jpg\" alt=\"Karta wielowalutowa IgoriaCard\" width=\"315\" height=\"240\" class=\"alignnone size-full wp-image-397\" srcset=\"https:\/\/www.igoriacard.com\/en\/wp-content\/uploads\/sites\/2\/2016\/07\/02-najczesciej-kupowana.jpg 315w, https:\/\/www.igoriacard.com\/en\/wp-content\/uploads\/sites\/2\/2016\/07\/02-najczesciej-kupowana-300x229.jpg 300w\" sizes=\"auto, (max-width: 315px) 100vw, 315px\" \/><\/div>\r\n<ul class=\"uk-list uk-margin-bottom-remove uk-pull-1-2\">\r\n<li><h2>Best-seller<\/h2><\/li>\r\n<li>17&nbsp;currencies on&nbsp;one&nbsp;card<\/li>\r\n<li>favourable exchange rates without commission<\/li>\r\n<li>no&nbsp;need to&nbsp;open currency account at&nbsp;the&nbsp;bank<\/li>\r\n<li>online access to&nbsp;funds and&nbsp;transaction history<\/li>\r\n<\/ul>\r\n\r\n<\/div>\r\n<\/div>\r\n<div class=\"ic-primary-background-dark\">\r\n<div class=\"uk-container uk-container-center uk-grid uk-contrast uk-grid-width-small-1-2\">\r\n<div><a class=\"uk-button uk-button-large\" href=\"https:\/\/igoriacard.com\/registration\/create\/en-GB\">Order a&nbsp;card<\/a><\/div>\r\n<div><h2>Buy a&nbsp;card for&nbsp;<span>30<\/span>PLN<\/h2><\/div>\r\n<\/div>\r\n<\/div>\r\n\r\n<div>\r\n<div class=\"uk-container uk-container-center uk-grid uk-grid-width-small-1-2\">\r\n<div class=\"uk-vertical-align\"><img loading=\"lazy\" decoding=\"async\" src=\"\/wp-content\/uploads\/2016\/07\/03-rozliczenia-zagraniczne.jpg\" alt=\"Karty prepaid u\u0142atwiaj\u0105 rozliczenia zagraniczne pracownik\u00f3w\" width=\"315\" height=\"240\" class=\"alignnone size-full wp-image-398\" srcset=\"https:\/\/www.igoriacard.com\/en\/wp-content\/uploads\/sites\/2\/2016\/07\/03-rozliczenia-zagraniczne.jpg 315w, https:\/\/www.igoriacard.com\/en\/wp-content\/uploads\/sites\/2\/2016\/07\/03-rozliczenia-zagraniczne-300x229.jpg 300w\" sizes=\"auto, (max-width: 315px) 100vw, 315px\" \/><\/div>\r\n<ul class=\"uk-list uk-margin-bottom-remove\">\r\n<li><a href=\"\/en\/business-trip-settlements-abroad-payment-card\/\"><h2 style=\"line-height: 27px\" class=\"uk-margin-small-bottom\">Business trips settlements<br \/>abroad<\/h2><\/a><\/li>\r\n<li>invoices and&nbsp;confirmation attachments of&nbsp;card transactions<\/li>\r\n<li>automatic business trip costs calculations<\/li>\r\n<li>control over expenses and&nbsp;accounting reports <\/li>\r\n<li><a class=\"uk-button uk-button-large uk-margin-small-bottom\" href=\"https:\/\/igoriacard.com\/registration\/create\/en-GB\">Order a&nbsp;card<\/a><\/li>\r\n<\/ul>\r\n<\/div>\r\n<\/div>\r\n\r\n<div>\r\n<div class=\"uk-container uk-container-center uk-grid uk-grid-width-small-1-2\">\r\n<div class=\"uk-vertical-align uk-push-1-2\"><img loading=\"lazy\" decoding=\"async\" src=\"\/en\/wp-content\/uploads\/sites\/2\/2017\/02\/korpo.jpg\" alt=\"\u0141atwe rozliczenia zagraniczne w korporacjach\" width=\"315\" height=\"240\" class=\"alignnone size-full wp-image-660\" \/><\/div>\r\n<ul class=\"uk-list uk-margin-bottom-remove uk-pull-1-2\">\r\n<li><a href=\"\/en\/settlements-abroad-with-prepaid-card\/\"><h2>Settlements abroad<\/h2><\/a><\/li>\r\n<li>automatic currency exchange at&nbsp;best&nbsp;rates<\/li>\r\n<li>settlements with&nbsp;counterparties<\/li>\r\n<li>access to&nbsp;funds&nbsp;24\/7<\/li>\r\n<li><a class=\"uk-button uk-button-large uk-margin-small-bottom\" href=\"https:\/\/igoriacard.com\/registration\/create\/en-GB\">Order a&nbsp;card<\/a><\/li>\r\n<\/ul>\r\n<\/div>\r\n<\/div>\r\n\r\n<div>\r\n<div class=\"uk-container uk-container-center uk-grid uk-grid-width-small-1-2\">\r\n<div class=\"uk-vertical-align\"><img loading=\"lazy\" decoding=\"async\" src=\"\/wp-content\/uploads\/2016\/07\/04finanse-pracownikow.jpg\" alt=\"Kartami walutowymi IgoriaCard mo\u017cne w \u0142atwy spos\u00f3b uporz\u0105dkowa\u0107 finanse pracownik\u00f3w korporacji\" width=\"315\" height=\"240\" class=\"alignnone size-full wp-image-399\" srcset=\"https:\/\/www.igoriacard.com\/en\/wp-content\/uploads\/sites\/2\/2016\/07\/04finanse-pracownikow.jpg 315w, https:\/\/www.igoriacard.com\/en\/wp-content\/uploads\/sites\/2\/2016\/07\/04finanse-pracownikow-300x229.jpg 300w\" sizes=\"auto, (max-width: 315px) 100vw, 315px\" \/><\/div>\r\n<ul class=\"uk-list uk-margin-bottom-remove\">\r\n<li><a href=\"\/en\/managing-finances-of-group-of-employees-by-paying-prepaid-card\/\"><h2 style=\"line-height: 27px\" class=\"uk-margin-small-bottom\">Managing finances<br \/>of&nbsp;group of&nbsp;employees<\/h2><\/a><\/li>\r\n<li>effective management of&nbsp;financial liquidity<\/li>\r\n<li>easy settlements of&nbsp;multi currency transactions <\/li>\r\n<li>remote multicurrency card loading<\/li>\r\n<li><a class=\"uk-button uk-button-large uk-margin-small-bottom\" href=\"https:\/\/igoriacard.com\/registration\/create\/en-GB\">Order a&nbsp;card<\/a><\/li>\r\n<\/ul>\r\n<\/div>\r\n<\/div>\r\n\r\n<div>\r\n<div class=\"uk-container uk-container-center uk-grid uk-grid-width-small-1-2\">\r\n<div class=\"uk-vertical-align uk-push-1-2\"><img loading=\"lazy\" decoding=\"async\" src=\"\/wp-content\/uploads\/2016\/07\/05platnosci-wielowalutowe.jpg\" alt=\"P\u0142atno\u015bci w wielu walutach jedn\u0105 kart\u0105 walutow\u0105\" width=\"315\" height=\"240\" class=\"alignnone size-full wp-image-400\" srcset=\"https:\/\/www.igoriacard.com\/en\/wp-content\/uploads\/sites\/2\/2016\/07\/05platnosci-wielowalutowe.jpg 315w, https:\/\/www.igoriacard.com\/en\/wp-content\/uploads\/sites\/2\/2016\/07\/05platnosci-wielowalutowe-300x229.jpg 300w\" sizes=\"auto, (max-width: 315px) 100vw, 315px\" \/><\/div>\r\n<ul class=\"uk-list uk-margin-bottom-remove uk-pull-1-2\">\r\n<li><a href=\"\/en\/card-providing-multicurrency-payment-support\/\"><h2 style=\"line-height: 27px\" class=\"uk-margin-small-bottom\">Multicurrency<br \/>payment support<\/h2><\/a><\/li>\r\n<li>settlements of&nbsp;foreign and&nbsp;local transactions<\/li>\r\n<li>online payments<\/li>\r\n<li>safe cash withdrawal from ATMs all&nbsp;over the&nbsp;world<\/li>\r\n<li><a class=\"uk-button uk-button-large uk-margin-small-bottom\" href=\"https:\/\/igoriacard.com\/registration\/create\/en-GB\">Order a&nbsp;card<\/a><\/li>\r\n<\/ul>\r\n<\/div>\r\n<\/div>\r\n\r\n<div>\r\n<div class=\"uk-container uk-container-center uk-grid uk-grid-width-small-1-2\">\r\n<div class=\"uk-vertical-align\"><img loading=\"lazy\" decoding=\"async\" src=\"\/wp-content\/uploads\/2016\/07\/06-programy-lojalnosciowe.jpg\" alt=\"Incentive programs can be realised with IgoriaCard multicurrency cards\" width=\"340\" height=\"240\" class=\"alignnone size-full wp-image-401\" srcset=\"https:\/\/www.igoriacard.com\/en\/wp-content\/uploads\/sites\/2\/2016\/07\/06-programy-lojalnosciowe.jpg 340w, https:\/\/www.igoriacard.com\/en\/wp-content\/uploads\/sites\/2\/2016\/07\/06-programy-lojalnosciowe-300x212.jpg 300w\" sizes=\"auto, (max-width: 340px) 100vw, 340px\" \/><\/div>\r\n<ul class=\"uk-list uk-margin-bottom-remove\">\r\n<li><a href=\"\/en\/loyalty-programs-with-prepaid-card\/\"><h2>Loyalty programs<\/h2><\/a><\/li>\r\n<li>automatic loyalty program support<\/li>\r\n<li>exclusive discounts<\/li>\r\n<li>incentive programs<\/li>\r\n<li><a class=\"uk-button uk-button-large uk-margin-small-bottom\" href=\"https:\/\/igoriacard.com\/registration\/create\/en-GB\">Order a&nbsp;card<\/a><\/li>\r\n<\/ul>\r\n<\/div>\r\n<\/div>\r\n\r\n<div>\r\n<div class=\"uk-container uk-container-center uk-grid uk-grid-width-small-1-2\">\r\n<div class=\"uk-vertical-align uk-push-1-2\"><img loading=\"lazy\" decoding=\"async\" src=\"\/wp-content\/uploads\/2016\/07\/07-nagrody-dla-prcownikow.jpg\" alt=\"Employees benefits may be distributed with IgoriaCard multicurrency cards\" width=\"315\" height=\"240\" class=\"alignnone size-full wp-image-402\" srcset=\"https:\/\/www.igoriacard.com\/en\/wp-content\/uploads\/sites\/2\/2016\/07\/07-nagrody-dla-prcownikow.jpg 315w, https:\/\/www.igoriacard.com\/en\/wp-content\/uploads\/sites\/2\/2016\/07\/07-nagrody-dla-prcownikow-300x229.jpg 300w\" sizes=\"auto, (max-width: 315px) 100vw, 315px\" \/><\/div>\r\n<ul class=\"uk-list uk-margin-bottom-remove uk-pull-1-2\">\r\n<li><a href=\"\/en\/gift-card-for-employees\/\"><h2>Benefits for&nbsp;employees<\/h2><\/a><\/li>\r\n<li>easy way to&nbsp;disburse benefits<\/li>\r\n<li>convenient connection to&nbsp;individual account of&nbsp;employee card<\/li>\r\n<li>exemption from personal income tax<\/li>\r\n<li><a class=\"uk-button uk-button-large uk-margin-small-bottom\" href=\"https:\/\/igoriacard.com\/registration\/create\/en-GB\">Order a&nbsp;card<\/a><\/li>\r\n<\/ul>\r\n<\/div>\r\n<\/div>\r\n\r\n<\/div>","protected":false},"excerpt":{"rendered":"<p>Best-seller 17&nbsp;currencies on&nbsp;one&nbsp;card favourable exchange rates without commission no&nbsp;need to&nbsp;open currency account at&nbsp;the&nbsp;bank online access to&nbsp;funds and&nbsp;transaction history Order a&nbsp;card Buy a&nbsp;card for&nbsp;30PLN Business trips settlementsabroad invoices and&nbsp;confirmation attachments of&nbsp;card transactions automatic business trip costs calculations control over expenses and&nbsp;accounting reports Order a&nbsp;card Settlements abroad automatic currency exchange at&nbsp;best&nbsp;rates settlements with&nbsp;counterparties access to&nbsp;funds&nbsp;24\/7 Order a&nbsp;card [&hellip;]<\/p>\n","protected":false},"author":1,"featured_media":373,"parent":0,"menu_order":0,"comment_status":"closed","ping_status":"closed","template":"page-common.php","meta":{"footnotes":""},"class_list":["post-16","page","type-page","status-publish","has-post-thumbnail","hentry"],"yoast_head":"<!-- This site is optimized with the Yoast SEO plugin v26.8 - https:\/\/yoast.com\/product\/yoast-seo-wordpress\/ -->\n<title>Multicurrency cards for corporations and large business - IgoriaCard EN<\/title>\n<meta name=\"description\" content=\"Perfect card for business trips purposes with full easy to use management panel.\" \/>\n<meta name=\"robots\" content=\"index, follow, max-snippet:-1, max-image-preview:large, max-video-preview:-1\" \/>\n<link rel=\"canonical\" href=\"https:\/\/www.igoriacard.com\/en\/corporations\/\" \/>\n<meta property=\"og:locale\" content=\"en_GB\" \/>\n<meta property=\"og:type\" content=\"article\" \/>\n<meta property=\"og:title\" content=\"Multicurrency cards for corporations and large business - IgoriaCard EN\" \/>\n<meta property=\"og:description\" content=\"Perfect card for business trips purposes with full easy to use management panel.\" \/>\n<meta property=\"og:url\" content=\"https:\/\/www.igoriacard.com\/en\/corporations\/\" \/>\n<meta property=\"og:site_name\" content=\"IgoriaCard EN\" \/>\n<meta property=\"article:publisher\" content=\"https:\/\/www.facebook.com\/IgoriaCard\" \/>\n<meta property=\"article:modified_time\" content=\"2018-09-12T12:43:07+00:00\" \/>\n<meta property=\"og:image\" content=\"https:\/\/www.igoriacard.com\/en\/wp-content\/uploads\/sites\/2\/2017\/02\/01-korpo.jpg\" \/>\n\t<meta property=\"og:image:width\" content=\"1722\" \/>\n\t<meta property=\"og:image:height\" content=\"784\" \/>\n\t<meta property=\"og:image:type\" content=\"image\/jpeg\" \/>\n<meta name=\"twitter:card\" content=\"summary_large_image\" \/>\n<meta name=\"twitter:label1\" content=\"Estimated reading time\" \/>\n\t<meta name=\"twitter:data1\" content=\"1 minute\" \/>\n<script type=\"application\/ld+json\" class=\"yoast-schema-graph\">{\"@context\":\"https:\/\/schema.org\",\"@graph\":[{\"@type\":\"WebPage\",\"@id\":\"https:\/\/www.igoriacard.com\/en\/corporations\/\",\"url\":\"https:\/\/www.igoriacard.com\/en\/corporations\/\",\"name\":\"Multicurrency cards for corporations and large business - IgoriaCard EN\",\"isPartOf\":{\"@id\":\"https:\/\/www.igoriacard.com\/en\/#website\"},\"primaryImageOfPage\":{\"@id\":\"https:\/\/www.igoriacard.com\/en\/corporations\/#primaryimage\"},\"image\":{\"@id\":\"https:\/\/www.igoriacard.com\/en\/corporations\/#primaryimage\"},\"thumbnailUrl\":\"https:\/\/www.igoriacard.com\/en\/wp-content\/uploads\/sites\/2\/2017\/02\/01-korpo.jpg\",\"datePublished\":\"2016-07-21T11:03:11+00:00\",\"dateModified\":\"2018-09-12T12:43:07+00:00\",\"description\":\"Perfect card for business trips purposes with full easy to use management panel.\",\"breadcrumb\":{\"@id\":\"https:\/\/www.igoriacard.com\/en\/corporations\/#breadcrumb\"},\"inLanguage\":\"en-GB\",\"potentialAction\":[{\"@type\":\"ReadAction\",\"target\":[\"https:\/\/www.igoriacard.com\/en\/corporations\/\"]}]},{\"@type\":\"ImageObject\",\"inLanguage\":\"en-GB\",\"@id\":\"https:\/\/www.igoriacard.com\/en\/corporations\/#primaryimage\",\"url\":\"https:\/\/www.igoriacard.com\/en\/wp-content\/uploads\/sites\/2\/2017\/02\/01-korpo.jpg\",\"contentUrl\":\"https:\/\/www.igoriacard.com\/en\/wp-content\/uploads\/sites\/2\/2017\/02\/01-korpo.jpg\",\"width\":1722,\"height\":784,\"caption\":\"Systemy rozwi\u0105za\u0144 kart prepaid dla korporacji\"},{\"@type\":\"BreadcrumbList\",\"@id\":\"https:\/\/www.igoriacard.com\/en\/corporations\/#breadcrumb\",\"itemListElement\":[{\"@type\":\"ListItem\",\"position\":1,\"name\":\"Home\",\"item\":\"https:\/\/www.igoriacard.com\/en\/\"},{\"@type\":\"ListItem\",\"position\":2,\"name\":\"Corporations\"}]},{\"@type\":\"WebSite\",\"@id\":\"https:\/\/www.igoriacard.com\/en\/#website\",\"url\":\"https:\/\/www.igoriacard.com\/en\/\",\"name\":\"IgoriaCard EN\",\"description\":\"\",\"potentialAction\":[{\"@type\":\"SearchAction\",\"target\":{\"@type\":\"EntryPoint\",\"urlTemplate\":\"https:\/\/www.igoriacard.com\/en\/?s={search_term_string}\"},\"query-input\":{\"@type\":\"PropertyValueSpecification\",\"valueRequired\":true,\"valueName\":\"search_term_string\"}}],\"inLanguage\":\"en-GB\"}]}<\/script>\n<!-- \/ Yoast SEO plugin. -->","yoast_head_json":{"title":"Multicurrency cards for corporations and large business - IgoriaCard EN","description":"Perfect card for business trips purposes with full easy to use management panel.","robots":{"index":"index","follow":"follow","max-snippet":"max-snippet:-1","max-image-preview":"max-image-preview:large","max-video-preview":"max-video-preview:-1"},"canonical":"https:\/\/www.igoriacard.com\/en\/corporations\/","og_locale":"en_GB","og_type":"article","og_title":"Multicurrency cards for corporations and large business - IgoriaCard EN","og_description":"Perfect card for business trips purposes with full easy to use management panel.","og_url":"https:\/\/www.igoriacard.com\/en\/corporations\/","og_site_name":"IgoriaCard EN","article_publisher":"https:\/\/www.facebook.com\/IgoriaCard","article_modified_time":"2018-09-12T12:43:07+00:00","og_image":[{"width":1722,"height":784,"url":"https:\/\/www.igoriacard.com\/en\/wp-content\/uploads\/sites\/2\/2017\/02\/01-korpo.jpg","type":"image\/jpeg"}],"twitter_card":"summary_large_image","twitter_misc":{"Estimated reading time":"1 minute"},"schema":{"@context":"https:\/\/schema.org","@graph":[{"@type":"WebPage","@id":"https:\/\/www.igoriacard.com\/en\/corporations\/","url":"https:\/\/www.igoriacard.com\/en\/corporations\/","name":"Multicurrency cards for corporations and large business - IgoriaCard EN","isPartOf":{"@id":"https:\/\/www.igoriacard.com\/en\/#website"},"primaryImageOfPage":{"@id":"https:\/\/www.igoriacard.com\/en\/corporations\/#primaryimage"},"image":{"@id":"https:\/\/www.igoriacard.com\/en\/corporations\/#primaryimage"},"thumbnailUrl":"https:\/\/www.igoriacard.com\/en\/wp-content\/uploads\/sites\/2\/2017\/02\/01-korpo.jpg","datePublished":"2016-07-21T11:03:11+00:00","dateModified":"2018-09-12T12:43:07+00:00","description":"Perfect card for business trips purposes with full easy to use management panel.","breadcrumb":{"@id":"https:\/\/www.igoriacard.com\/en\/corporations\/#breadcrumb"},"inLanguage":"en-GB","potentialAction":[{"@type":"ReadAction","target":["https:\/\/www.igoriacard.com\/en\/corporations\/"]}]},{"@type":"ImageObject","inLanguage":"en-GB","@id":"https:\/\/www.igoriacard.com\/en\/corporations\/#primaryimage","url":"https:\/\/www.igoriacard.com\/en\/wp-content\/uploads\/sites\/2\/2017\/02\/01-korpo.jpg","contentUrl":"https:\/\/www.igoriacard.com\/en\/wp-content\/uploads\/sites\/2\/2017\/02\/01-korpo.jpg","width":1722,"height":784,"caption":"Systemy rozwi\u0105za\u0144 kart prepaid dla korporacji"},{"@type":"BreadcrumbList","@id":"https:\/\/www.igoriacard.com\/en\/corporations\/#breadcrumb","itemListElement":[{"@type":"ListItem","position":1,"name":"Home","item":"https:\/\/www.igoriacard.com\/en\/"},{"@type":"ListItem","position":2,"name":"Corporations"}]},{"@type":"WebSite","@id":"https:\/\/www.igoriacard.com\/en\/#website","url":"https:\/\/www.igoriacard.com\/en\/","name":"IgoriaCard EN","description":"","potentialAction":[{"@type":"SearchAction","target":{"@type":"EntryPoint","urlTemplate":"https:\/\/www.igoriacard.com\/en\/?s={search_term_string}"},"query-input":{"@type":"PropertyValueSpecification","valueRequired":true,"valueName":"search_term_string"}}],"inLanguage":"en-GB"}]}},"_links":{"self":[{"href":"https:\/\/www.igoriacard.com\/en\/wp-json\/wp\/v2\/pages\/16","targetHints":{"allow":["GET"]}}],"collection":[{"href":"https:\/\/www.igoriacard.com\/en\/wp-json\/wp\/v2\/pages"}],"about":[{"href":"https:\/\/www.igoriacard.com\/en\/wp-json\/wp\/v2\/types\/page"}],"author":[{"embeddable":true,"href":"https:\/\/www.igoriacard.com\/en\/wp-json\/wp\/v2\/users\/1"}],"replies":[{"embeddable":true,"href":"https:\/\/www.igoriacard.com\/en\/wp-json\/wp\/v2\/comments?post=16"}],"version-history":[{"count":8,"href":"https:\/\/www.igoriacard.com\/en\/wp-json\/wp\/v2\/pages\/16\/revisions"}],"predecessor-version":[{"id":1362,"href":"https:\/\/www.igoriacard.com\/en\/wp-json\/wp\/v2\/pages\/16\/revisions\/1362"}],"wp:featuredmedia":[{"embeddable":true,"href":"https:\/\/www.igoriacard.com\/en\/wp-json\/wp\/v2\/media\/373"}],"wp:attachment":[{"href":"https:\/\/www.igoriacard.com\/en\/wp-json\/wp\/v2\/media?parent=16"}],"curies":[{"name":"wp","href":"https:\/\/api.w.org\/{rel}","templated":true}]}}