{"id":15,"date":"2016-07-21T13:02:17","date_gmt":"2016-07-21T11:02:17","guid":{"rendered":"http:\/\/localhost\/projects\/var\/www\/clients\/client1\/web1\/web\/?page_id=13"},"modified":"2019-09-04T15:46:26","modified_gmt":"2019-09-04T13:46:26","slug":"business","status":"publish","type":"page","link":"https:\/\/www.igoriacard.com\/fr\/business\/","title":{"rendered":"Business"},"content":{"rendered":"<div class=\"ic-boxes uk-text-center\">\r\n<div>\r\n<div class=\"uk-container uk-container-center uk-grid uk-grid-width-small-1-2\">\r\n<div class=\"uk-push-1-2 uk-vertical-align\"><img loading=\"lazy\" decoding=\"async\" src=\"\/wp-content\/uploads\/2017\/02\/02-najczesciej-kupowana-1.jpg\" alt=\"Prestigious multicurrency cards\" width=\"315\" height=\"222\" class=\"alignnone size-full wp-image-363\" srcset=\"https:\/\/www.igoriacard.com\/en\/wp-content\/uploads\/sites\/2\/2017\/02\/02-najczesciej-kupowana-1.jpg 315w, https:\/\/www.igoriacard.com\/en\/wp-content\/uploads\/sites\/2\/2017\/02\/02-najczesciej-kupowana-1-300x211.jpg 300w\" sizes=\"auto, (max-width: 315px) 100vw, 315px\"><\/div>\r\n<ul class=\"uk-list uk-margin-small-bottom uk-pull-1-2\">\r\n<li><h2>Best-seller<\/h2><\/li>\r\n<li>17 devises sur une carte<\/li>\r\n<li>taux de change favorables sans commission<\/li>\r\n<li>pas besoin d&rsquo;ouvrir un compte en devise \u00e0 la banque<\/li>\r\n<li>acc\u00e8s en ligne aux fonds et historique des transactions\r\n<\/li>\r\n<\/ul>\r\n<\/div>\r\n<\/div>\r\n\r\n<div class=\"ic-primary-background-dark\">\r\n<div class=\"uk-container uk-container-center uk-grid uk-contrast uk-grid-width-small-1-2\">\r\n<div><a class=\"uk-button uk-button-large\" href=\"https:\/\/igoriacard.com\/registration\/create\/en-GB\">Commander une carte<\/a><\/div>\r\n<div><h2>Achetez une carte pour&nbsp;<span>30<\/span>PLN<\/h2><\/div>\r\n<\/div>\r\n<\/div>\r\n\r\n<div>\r\n<div class=\"uk-container uk-container-center uk-grid uk-grid-width-small-1-2\">\r\n<div class=\"uk-vertical-align\"><img loading=\"lazy\" decoding=\"async\" src=\"\/wp-content\/uploads\/2017\/02\/03-rozliczenia-delegacji.jpg\" alt=\"Business trips settlements\" width=\"315\" height=\"222\" class=\"alignnone size-full wp-image-364\" srcset=\"https:\/\/www.igoriacard.com\/en\/wp-content\/uploads\/sites\/2\/2017\/02\/03-rozliczenia-delegacji.jpg 315w, https:\/\/www.igoriacard.com\/en\/wp-content\/uploads\/sites\/2\/2017\/02\/03-rozliczenia-delegacji-300x211.jpg 300w\" sizes=\"auto, (max-width: 315px) 100vw, 315px\"><\/div>\r\n<ul class=\"uk-list uk-margin-small-bottom\">\r\n<li><a href=\"\/en\/business-trips-settlements\/\"><h2>R\u00e8glements de voyages d&rsquo;affaires<\/h2><\/a><\/li>\r\n<li>pi\u00e8ce jointe des factures et des confirmations aux transactions<\/li>\r\n<li>calcul automatique des co\u00fbts de d\u00e9placement professionnel<\/li>\r\n<li>contr\u00f4le des d\u00e9penses et des rapports comptables<\/li>\r\n<li><a class=\"uk-button uk-button-large uk-margin-small-bottom\" href=\"https:\/\/igoriacard.com\/registration\/create\/en-GB\">Commander une carte<\/a><\/li>\r\n<\/ul>\r\n<\/div>\r\n<\/div>\r\n\r\n<div>\r\n<div class=\"uk-container uk-container-center uk-grid uk-grid-width-small-1-2\">\r\n<div class=\"uk-push-1-2 uk-vertical-align\"><img loading=\"lazy\" decoding=\"async\" src=\"\/wp-content\/uploads\/2017\/02\/04-paliwowe.jpg\" alt=\"Multicurrency cards allow to pay easy and fast for business travel expences\" width=\"315\" height=\"222\" class=\"alignnone size-full wp-image-365\" srcset=\"https:\/\/www.igoriacard.com\/en\/wp-content\/uploads\/sites\/2\/2017\/02\/04-paliwowe.jpg 315w, https:\/\/www.igoriacard.com\/en\/wp-content\/uploads\/sites\/2\/2017\/02\/04-paliwowe-300x211.jpg 300w\" sizes=\"auto, (max-width: 315px) 100vw, 315px\"><\/div>\r\n<ul class=\"uk-list uk-margin-small-bottom uk-pull-1-2\">\r\n<li><a href=\"\/en\/fuel-cards-for-business\/\"><h2>Cartes de carburant<\/h2><\/a><\/li>\r\n<li>r\u00e9duction des co\u00fbts d&rsquo;exploitation<\/li>\r\n<li>limites flexibles et chargement de cartes \u00e0 distance<\/li>\r\n<li>Retrait d&rsquo;esp\u00e8ces \u00e0 des guichets automatiques partout dans le monde<\/li>\r\n<li><a class=\"uk-button uk-button-large uk-margin-small-bottom\" href=\"https:\/\/igoriacard.com\/registration\/create\/en-GB\">Commander une carte<\/a><\/li>\r\n<\/ul>\r\n<\/div>\r\n<\/div>\r\n\r\n<div>\r\n<div class=\"uk-container uk-container-center uk-grid uk-grid-width-small-1-2\">\r\n<div class=\"uk-vertical-align\"><img loading=\"lazy\" decoding=\"async\" src=\"\/wp-content\/uploads\/2017\/02\/05-\u017cywieniowe.jpg\" alt=\"Easy settle and account food expences\" width=\"315\" height=\"222\" class=\"alignnone size-full wp-image-366\" srcset=\"https:\/\/www.igoriacard.com\/en\/wp-content\/uploads\/sites\/2\/2017\/02\/05-\u017cywieniowe.jpg 315w, https:\/\/www.igoriacard.com\/en\/wp-content\/uploads\/sites\/2\/2017\/02\/05-\u017cywieniowe-300x211.jpg 300w\" sizes=\"auto, (max-width: 315px) 100vw, 315px\"><\/div>\r\n<ul class=\"uk-list uk-margin-small-bottom\">\r\n<li><a href=\"\/en\/food-cards\/\"><h2>Cartes de nourriture<\/h2><\/a><\/li>\r\n<li>gain de temps en comptabilit\u00e9<\/li>\r\n<li>moyen facile de r\u00e9gler et de comptabiliser les d\u00e9penses<\/li>\r\n<li>\u00e9conomies r\u00e9elles d&rsquo;imp\u00f4ts<\/li>\r\n<li><a class=\"uk-button uk-button-large uk-margin-small-bottom\" href=\"https:\/\/igoriacard.com\/registration\/create\/en-GB\">Commander une carte<\/a><\/li>\r\n<\/ul>\r\n<\/div>\r\n<\/div>\r\n\r\n<div>\r\n<div class=\"uk-container uk-container-center uk-grid uk-grid-width-small-1-2\">\r\n<div class=\"uk-push-1-2 uk-vertical-align\"><img loading=\"lazy\" decoding=\"async\" src=\"\/wp-content\/uploads\/2017\/02\/06-bonusy-dla-pracownikow.jpg\" alt=\"Multicurrency cards as emploees bonuses\" width=\"315\" height=\"222\" class=\"alignnone size-full wp-image-367\" srcset=\"https:\/\/www.igoriacard.com\/en\/wp-content\/uploads\/sites\/2\/2017\/02\/06-bonusy-dla-pracownikow.jpg 315w, https:\/\/www.igoriacard.com\/en\/wp-content\/uploads\/sites\/2\/2017\/02\/06-bonusy-dla-pracownikow-300x211.jpg 300w\" sizes=\"auto, (max-width: 315px) 100vw, 315px\"><\/div>\r\n<ul class=\"uk-list uk-margin-small-bottom uk-pull-1-2\">\r\n<li><a href=\"\/en\/vouchers-gift-cards-for-employees\/\"><h2>Bons pour les employ\u00e9s<\/h2><\/a><\/li>\r\n<li>un cadeau appropri\u00e9 pour chaque occasion<\/li>\r\n<li>un outil efficace pour motiver les employ\u00e9s<\/li>\r\n<li>un moyen pratique de distribuer les avantages<\/li>\r\n<li><a class=\"uk-button uk-button-large uk-margin-small-bottom\" href=\"https:\/\/igoriacard.com\/registration\/create\/en-GB\">Commander une carte<\/a><\/li>\r\n<\/ul>\r\n<\/div>\r\n<\/div>\r\n\r\n<div>\r\n<div class=\"uk-container uk-container-center uk-grid uk-grid-width-small-1-2\">\r\n<div class=\"uk-vertical-align\"><img loading=\"lazy\" decoding=\"async\" src=\"\/wp-content\/uploads\/2017\/02\/07-obsluga-platnosci.jpg\" alt=\"Make fast and safe payments with IgoriaCard\" width=\"315\" height=\"222\" class=\"alignnone size-full wp-image-368\" srcset=\"https:\/\/www.igoriacard.com\/en\/wp-content\/uploads\/sites\/2\/2017\/02\/07-obsluga-platnosci.jpg 315w, https:\/\/www.igoriacard.com\/en\/wp-content\/uploads\/sites\/2\/2017\/02\/07-obsluga-platnosci-300x211.jpg 300w\" sizes=\"auto, (max-width: 315px) 100vw, 315px\"><\/div>\r\n<ul class=\"uk-list uk-margin-small-bottom\">\r\n<li><a href=\"\/en\/card-for-corporate-payments\/\"><h2>Service de paiement<\/h2><\/a><\/li>\r\n<li>gain de temps en comptabilit\u00e9<\/li>\r\n<li>r\u00e8glement rapide des paiements d&rsquo;entreprise<\/li>\r\n<li>faibles co\u00fbts d&rsquo;\u00e9change<\/li>\r\n<li><a class=\"uk-button uk-button-large uk-margin-small-bottom\" href=\"https:\/\/igoriacard.com\/registration\/create\/en-GB\">Commander une carte<\/a><\/li>\r\n<\/ul>\r\n<\/div>\r\n<\/div>\r\n\r\n<div>\r\n<div class=\"uk-container uk-container-center uk-grid uk-grid-width-small-1-2\">\r\n<div class=\"uk-push-1-2 uk-vertical-align\"><img loading=\"lazy\" decoding=\"async\" src=\"\/wp-content\/uploads\/2017\/02\/08-nagrody-dla-pracownik\u00f3w.jpg\" alt=\"Award your employees with prepaid cards\" width=\"315\" height=\"222\" class=\"alignnone size-full wp-image-369\" srcset=\"https:\/\/www.igoriacard.com\/en\/wp-content\/uploads\/sites\/2\/2017\/02\/08-nagrody-dla-pracownik\u00f3w.jpg 315w, https:\/\/www.igoriacard.com\/en\/wp-content\/uploads\/sites\/2\/2017\/02\/08-nagrody-dla-pracownik\u00f3w-300x211.jpg 300w\" sizes=\"auto, (max-width: 315px) 100vw, 315px\"><\/div>\r\n<ul class=\"uk-list uk-margin-small-bottom uk-pull-1-2\">\r\n<li><a href=\"\/en\/vouchers-gift-cards-for-employees\/\"><h2>Cadeaux pour les employ\u00e9s<\/h2><\/a><\/li>\r\n<li>un moyen facile de payer des bonus et de distribuer des avantages<\/li>\r\n<li>se connecter \u00e0 des comptes de carte d&#8217;employ\u00e9 individuels<\/li>\r\n<li>exon\u00e9ration de l&rsquo;imp\u00f4t sur le revenu des personnes physiques<\/li>\r\n<li><a class=\"uk-button uk-button-large uk-margin-small-bottom\" href=\"https:\/\/igoriacard.com\/registration\/create\/en-GB\">Commander une carte<\/a><\/li>\r\n<\/ul>\r\n<\/div>\r\n<\/div>\r\n\r\n<div>\r\n<div class=\"uk-container uk-container-center uk-grid uk-grid-width-small-1-2\">\r\n<div class=\"uk-vertical-align\"><img loading=\"lazy\" decoding=\"async\" src=\"\/wp-content\/uploads\/2017\/02\/09-programy-lojalnosciowe.jpg\" alt=\"Multicurrency cards - loyalty programs\" width=\"315\" height=\"222\" class=\"alignnone size-full wp-image-370\" srcset=\"https:\/\/www.igoriacard.com\/en\/wp-content\/uploads\/sites\/2\/2017\/02\/09-programy-lojalnosciowe.jpg 315w, https:\/\/www.igoriacard.com\/en\/wp-content\/uploads\/sites\/2\/2017\/02\/09-programy-lojalnosciowe-300x211.jpg 300w\" sizes=\"auto, (max-width: 315px) 100vw, 315px\"><\/div>\r\n<ul class=\"uk-list uk-margin-small-bottom\">\r\n<li><a href=\"\/en\/loyalty-and-discount-programs-with-prepaid-card\/\"><h2>Programmes de fid\u00e9lit\u00e9 et de r\u00e9duction<\/h2><\/a><\/li>\r\n<li>r\u00e9alisation automatique des programmes de fid\u00e9lit\u00e9<\/li>\r\n<li>r\u00e9ductions exclusives<\/li>\r\n<li>programmes d&rsquo;incitation<\/li>\r\n<li><a class=\"uk-button uk-button-large uk-margin-small-bottom\" href=\"https:\/\/igoriacard.com\/registration\/create\/en-GB\">Commander une carte<\/a><\/li>\r\n<\/ul>\r\n<\/div>\r\n<\/div>\r\n<\/div>","protected":false},"excerpt":{"rendered":"<p>Best-seller 17 devises sur une carte taux de change favorables sans commission pas besoin d&rsquo;ouvrir un compte en devise \u00e0 la banque acc\u00e8s en ligne aux fonds et historique des transactions Commander une carte Achetez une carte pour&nbsp;30PLN R\u00e8glements de voyages d&rsquo;affaires pi\u00e8ce jointe des factures et des confirmations aux transactions calcul automatique des co\u00fbts [&hellip;]<\/p>\n","protected":false},"author":1,"featured_media":362,"parent":0,"menu_order":0,"comment_status":"closed","ping_status":"closed","template":"page-common.php","meta":{"footnotes":""},"class_list":["post-15","page","type-page","status-publish","has-post-thumbnail","hentry"],"yoast_head":"<!-- This site is optimized with the Yoast SEO plugin v26.8 - https:\/\/yoast.com\/product\/yoast-seo-wordpress\/ -->\n<title>Small and medium companies payments - IgoriaCard | FR<\/title>\n<meta name=\"description\" content=\"The multicurrency payment card for small and medium companies is a perfect solution for business travels.\" \/>\n<meta name=\"robots\" content=\"index, follow, max-snippet:-1, max-image-preview:large, max-video-preview:-1\" \/>\n<link rel=\"canonical\" href=\"https:\/\/www.igoriacard.com\/fr\/business\/\" \/>\n<meta property=\"og:locale\" content=\"fr_FR\" \/>\n<meta property=\"og:type\" content=\"article\" \/>\n<meta property=\"og:title\" content=\"Small and medium companies payments - IgoriaCard | FR\" \/>\n<meta property=\"og:description\" content=\"The multicurrency payment card for small and medium companies is a perfect solution for business travels.\" \/>\n<meta property=\"og:url\" content=\"https:\/\/www.igoriacard.com\/fr\/business\/\" \/>\n<meta property=\"og:site_name\" content=\"IgoriaCard | FR\" \/>\n<meta property=\"article:publisher\" content=\"https:\/\/www.facebook.com\/IgoriaCard\" \/>\n<meta property=\"article:modified_time\" content=\"2019-09-04T13:46:26+00:00\" \/>\n<meta property=\"og:image\" content=\"https:\/\/www.igoriacard.com\/fr\/wp-content\/uploads\/sites\/7\/2017\/02\/01-firmy.jpg\" \/>\n\t<meta property=\"og:image:width\" content=\"1722\" \/>\n\t<meta property=\"og:image:height\" content=\"784\" \/>\n\t<meta property=\"og:image:type\" content=\"image\/jpeg\" \/>\n<meta name=\"twitter:card\" content=\"summary_large_image\" \/>\n<meta name=\"twitter:label1\" content=\"Dur\u00e9e de lecture estim\u00e9e\" \/>\n\t<meta name=\"twitter:data1\" content=\"1 minute\" \/>\n<script type=\"application\/ld+json\" class=\"yoast-schema-graph\">{\"@context\":\"https:\/\/schema.org\",\"@graph\":[{\"@type\":\"WebPage\",\"@id\":\"https:\/\/www.igoriacard.com\/fr\/business\/\",\"url\":\"https:\/\/www.igoriacard.com\/fr\/business\/\",\"name\":\"Small and medium companies payments - IgoriaCard | FR\",\"isPartOf\":{\"@id\":\"https:\/\/www.igoriacard.com\/fr\/#website\"},\"primaryImageOfPage\":{\"@id\":\"https:\/\/www.igoriacard.com\/fr\/business\/#primaryimage\"},\"image\":{\"@id\":\"https:\/\/www.igoriacard.com\/fr\/business\/#primaryimage\"},\"thumbnailUrl\":\"https:\/\/www.igoriacard.com\/fr\/wp-content\/uploads\/sites\/7\/2017\/02\/01-firmy.jpg\",\"datePublished\":\"2016-07-21T11:02:17+00:00\",\"dateModified\":\"2019-09-04T13:46:26+00:00\",\"description\":\"The multicurrency payment card for small and medium companies is a perfect solution for business travels.\",\"breadcrumb\":{\"@id\":\"https:\/\/www.igoriacard.com\/fr\/business\/#breadcrumb\"},\"inLanguage\":\"fr-FR\",\"potentialAction\":[{\"@type\":\"ReadAction\",\"target\":[\"https:\/\/www.igoriacard.com\/fr\/business\/\"]}]},{\"@type\":\"ImageObject\",\"inLanguage\":\"fr-FR\",\"@id\":\"https:\/\/www.igoriacard.com\/fr\/business\/#primaryimage\",\"url\":\"https:\/\/www.igoriacard.com\/fr\/wp-content\/uploads\/sites\/7\/2017\/02\/01-firmy.jpg\",\"contentUrl\":\"https:\/\/www.igoriacard.com\/fr\/wp-content\/uploads\/sites\/7\/2017\/02\/01-firmy.jpg\",\"width\":1722,\"height\":784,\"caption\":\"Karty wielowalutowe dla firm\"},{\"@type\":\"BreadcrumbList\",\"@id\":\"https:\/\/www.igoriacard.com\/fr\/business\/#breadcrumb\",\"itemListElement\":[{\"@type\":\"ListItem\",\"position\":1,\"name\":\"Home\",\"item\":\"https:\/\/www.igoriacard.com\/fr\/\"},{\"@type\":\"ListItem\",\"position\":2,\"name\":\"Business\"}]},{\"@type\":\"WebSite\",\"@id\":\"https:\/\/www.igoriacard.com\/fr\/#website\",\"url\":\"https:\/\/www.igoriacard.com\/fr\/\",\"name\":\"IgoriaCard | FR\",\"description\":\"\",\"potentialAction\":[{\"@type\":\"SearchAction\",\"target\":{\"@type\":\"EntryPoint\",\"urlTemplate\":\"https:\/\/www.igoriacard.com\/fr\/?s={search_term_string}\"},\"query-input\":{\"@type\":\"PropertyValueSpecification\",\"valueRequired\":true,\"valueName\":\"search_term_string\"}}],\"inLanguage\":\"fr-FR\"}]}<\/script>\n<!-- \/ Yoast SEO plugin. -->","yoast_head_json":{"title":"Small and medium companies payments - IgoriaCard | FR","description":"The multicurrency payment card for small and medium companies is a perfect solution for business travels.","robots":{"index":"index","follow":"follow","max-snippet":"max-snippet:-1","max-image-preview":"max-image-preview:large","max-video-preview":"max-video-preview:-1"},"canonical":"https:\/\/www.igoriacard.com\/fr\/business\/","og_locale":"fr_FR","og_type":"article","og_title":"Small and medium companies payments - IgoriaCard | FR","og_description":"The multicurrency payment card for small and medium companies is a perfect solution for business travels.","og_url":"https:\/\/www.igoriacard.com\/fr\/business\/","og_site_name":"IgoriaCard | FR","article_publisher":"https:\/\/www.facebook.com\/IgoriaCard","article_modified_time":"2019-09-04T13:46:26+00:00","og_image":[{"width":1722,"height":784,"url":"https:\/\/www.igoriacard.com\/fr\/wp-content\/uploads\/sites\/7\/2017\/02\/01-firmy.jpg","type":"image\/jpeg"}],"twitter_card":"summary_large_image","twitter_misc":{"Dur\u00e9e de lecture estim\u00e9e":"1 minute"},"schema":{"@context":"https:\/\/schema.org","@graph":[{"@type":"WebPage","@id":"https:\/\/www.igoriacard.com\/fr\/business\/","url":"https:\/\/www.igoriacard.com\/fr\/business\/","name":"Small and medium companies payments - IgoriaCard | FR","isPartOf":{"@id":"https:\/\/www.igoriacard.com\/fr\/#website"},"primaryImageOfPage":{"@id":"https:\/\/www.igoriacard.com\/fr\/business\/#primaryimage"},"image":{"@id":"https:\/\/www.igoriacard.com\/fr\/business\/#primaryimage"},"thumbnailUrl":"https:\/\/www.igoriacard.com\/fr\/wp-content\/uploads\/sites\/7\/2017\/02\/01-firmy.jpg","datePublished":"2016-07-21T11:02:17+00:00","dateModified":"2019-09-04T13:46:26+00:00","description":"The multicurrency payment card for small and medium companies is a perfect solution for business travels.","breadcrumb":{"@id":"https:\/\/www.igoriacard.com\/fr\/business\/#breadcrumb"},"inLanguage":"fr-FR","potentialAction":[{"@type":"ReadAction","target":["https:\/\/www.igoriacard.com\/fr\/business\/"]}]},{"@type":"ImageObject","inLanguage":"fr-FR","@id":"https:\/\/www.igoriacard.com\/fr\/business\/#primaryimage","url":"https:\/\/www.igoriacard.com\/fr\/wp-content\/uploads\/sites\/7\/2017\/02\/01-firmy.jpg","contentUrl":"https:\/\/www.igoriacard.com\/fr\/wp-content\/uploads\/sites\/7\/2017\/02\/01-firmy.jpg","width":1722,"height":784,"caption":"Karty wielowalutowe dla firm"},{"@type":"BreadcrumbList","@id":"https:\/\/www.igoriacard.com\/fr\/business\/#breadcrumb","itemListElement":[{"@type":"ListItem","position":1,"name":"Home","item":"https:\/\/www.igoriacard.com\/fr\/"},{"@type":"ListItem","position":2,"name":"Business"}]},{"@type":"WebSite","@id":"https:\/\/www.igoriacard.com\/fr\/#website","url":"https:\/\/www.igoriacard.com\/fr\/","name":"IgoriaCard | FR","description":"","potentialAction":[{"@type":"SearchAction","target":{"@type":"EntryPoint","urlTemplate":"https:\/\/www.igoriacard.com\/fr\/?s={search_term_string}"},"query-input":{"@type":"PropertyValueSpecification","valueRequired":true,"valueName":"search_term_string"}}],"inLanguage":"fr-FR"}]}},"_links":{"self":[{"href":"https:\/\/www.igoriacard.com\/fr\/wp-json\/wp\/v2\/pages\/15","targetHints":{"allow":["GET"]}}],"collection":[{"href":"https:\/\/www.igoriacard.com\/fr\/wp-json\/wp\/v2\/pages"}],"about":[{"href":"https:\/\/www.igoriacard.com\/fr\/wp-json\/wp\/v2\/types\/page"}],"author":[{"embeddable":true,"href":"https:\/\/www.igoriacard.com\/fr\/wp-json\/wp\/v2\/users\/1"}],"replies":[{"embeddable":true,"href":"https:\/\/www.igoriacard.com\/fr\/wp-json\/wp\/v2\/comments?post=15"}],"version-history":[{"count":17,"href":"https:\/\/www.igoriacard.com\/fr\/wp-json\/wp\/v2\/pages\/15\/revisions"}],"predecessor-version":[{"id":1932,"href":"https:\/\/www.igoriacard.com\/fr\/wp-json\/wp\/v2\/pages\/15\/revisions\/1932"}],"wp:featuredmedia":[{"embeddable":true,"href":"https:\/\/www.igoriacard.com\/fr\/wp-json\/wp\/v2\/media\/362"}],"wp:attachment":[{"href":"https:\/\/www.igoriacard.com\/fr\/wp-json\/wp\/v2\/media?parent=15"}],"curies":[{"name":"wp","href":"https:\/\/api.w.org\/{rel}","templated":true}]}}