{"id":16,"date":"2016-07-21T13:03:11","date_gmt":"2016-07-21T11:03:11","guid":{"rendered":"http:\/\/localhost\/projects\/var\/www\/clients\/client1\/web1\/web\/?page_id=15"},"modified":"2019-09-04T15:50:27","modified_gmt":"2019-09-04T13:50:27","slug":"corporations","status":"publish","type":"page","link":"https:\/\/www.igoriacard.com\/fr\/corporations\/","title":{"rendered":"Corporations"},"content":{"rendered":"<div class=\"ic-boxes uk-text-center\">\r\n<div>\r\n<div class=\"uk-container uk-container-center uk-grid uk-grid-width-small-1-2\">\r\n<div class=\"uk-vertical-align uk-push-1-2\"><img loading=\"lazy\" decoding=\"async\" src=\"\/wp-content\/uploads\/2016\/07\/02-najczesciej-kupowana.jpg\" alt=\"Karta wielowalutowa IgoriaCard\" width=\"315\" height=\"240\" class=\"alignnone size-full wp-image-397\" srcset=\"https:\/\/www.igoriacard.com\/en\/wp-content\/uploads\/sites\/2\/2016\/07\/02-najczesciej-kupowana.jpg 315w, https:\/\/www.igoriacard.com\/en\/wp-content\/uploads\/sites\/2\/2016\/07\/02-najczesciej-kupowana-300x229.jpg 300w\" sizes=\"auto, (max-width: 315px) 100vw, 315px\"><\/div>\r\n<ul class=\"uk-list uk-margin-bottom-remove uk-pull-1-2\">\r\n<li><h2>Best-seller<\/h2><\/li>\r\n<li>17 devises sur une carte<\/li>\r\n<li>taux de change favorables sans commission<\/li>\r\n<li>pas besoin d&rsquo;ouvrir un compte en devise \u00e0 la banque<\/li>\r\n<li>acc\u00e8s en ligne aux fonds et historique des transactions<\/li>\r\n<\/ul>\r\n\r\n<\/div>\r\n<\/div>\r\n<div class=\"ic-primary-background-dark\">\r\n<div class=\"uk-container uk-container-center uk-grid uk-contrast uk-grid-width-small-1-2\">\r\n<div><a class=\"uk-button uk-button-large\" href=\"https:\/\/igoriacard.com\/registration\/create\/en-GB\">Commander une carte<\/a><\/div>\r\n<div><h2>Achetez une carte pour&nbsp;<span>30<\/span>PLN<\/h2><\/div>\r\n<\/div>\r\n<\/div>\r\n\r\n<div>\r\n<div class=\"uk-container uk-container-center uk-grid uk-grid-width-small-1-2\">\r\n<div class=\"uk-vertical-align\"><img loading=\"lazy\" decoding=\"async\" src=\"\/wp-content\/uploads\/2016\/07\/03-rozliczenia-zagraniczne.jpg\" alt=\"Karty prepaid u\u0142atwiaj\u0105 rozliczenia zagraniczne pracownik\u00f3w\" width=\"315\" height=\"240\" class=\"alignnone size-full wp-image-398\" srcset=\"https:\/\/www.igoriacard.com\/en\/wp-content\/uploads\/sites\/2\/2016\/07\/03-rozliczenia-zagraniczne.jpg 315w, https:\/\/www.igoriacard.com\/en\/wp-content\/uploads\/sites\/2\/2016\/07\/03-rozliczenia-zagraniczne-300x229.jpg 300w\" sizes=\"auto, (max-width: 315px) 100vw, 315px\"><\/div>\r\n<ul class=\"uk-list uk-margin-bottom-remove\">\r\n<li><a href=\"\/en\/business-trip-settlements-abroad-payment-card\/\"><h2 style=\"line-height: 27px\" class=\"uk-margin-small-bottom\">R\u00e8glements de voyages d&rsquo;affaires<br>\u00e0 l&rsquo;\u00e9tranger<\/h2><\/a><\/li>\r\n<li>factures et pi\u00e8ces jointes de confirmation des transactions par carte<\/li>\r\n<li>calcul automatique des co\u00fbts de d\u00e9placement professionnel<\/li>\r\n<li>contr\u00f4le des d\u00e9penses et des rapports comptables <\/li>\r\n<li><a class=\"uk-button uk-button-large uk-margin-small-bottom\" href=\"https:\/\/igoriacard.com\/registration\/create\/en-GB\">Commander une carte<\/a><\/li>\r\n<\/ul>\r\n<\/div>\r\n<\/div>\r\n\r\n<div>\r\n<div class=\"uk-container uk-container-center uk-grid uk-grid-width-small-1-2\">\r\n<div class=\"uk-vertical-align uk-push-1-2\"><img loading=\"lazy\" decoding=\"async\" src=\"\/en\/wp-content\/uploads\/sites\/2\/2017\/02\/korpo.jpg\" alt=\"\u0141atwe rozliczenia zagraniczne w korporacjach\" width=\"315\" height=\"240\" class=\"alignnone size-full wp-image-660\"><\/div>\r\n<ul class=\"uk-list uk-margin-bottom-remove uk-pull-1-2\">\r\n<li><a href=\"\/en\/settlements-abroad-with-prepaid-card\/\"><h2>R\u00e8glements \u00e0 l&rsquo;\u00e9tranger<\/h2><\/a><\/li>\r\n<li>change automatique au meilleur taux<\/li>\r\n<li>r\u00e8glements avec contreparties<\/li>\r\n<li>acc\u00e8s aux fonds 24\/7<\/li>\r\n<li><a class=\"uk-button uk-button-large uk-margin-small-bottom\" href=\"https:\/\/igoriacard.com\/registration\/create\/en-GB\">Commander une carte<\/a><\/li>\r\n<\/ul>\r\n<\/div>\r\n<\/div>\r\n\r\n<div>\r\n<div class=\"uk-container uk-container-center uk-grid uk-grid-width-small-1-2\">\r\n<div class=\"uk-vertical-align\"><img loading=\"lazy\" decoding=\"async\" src=\"\/wp-content\/uploads\/2016\/07\/04finanse-pracownikow.jpg\" alt=\"Kartami walutowymi IgoriaCard mo\u017cne w \u0142atwy spos\u00f3b uporz\u0105dkowa\u0107 finanse pracownik\u00f3w korporacji\" width=\"315\" height=\"240\" class=\"alignnone size-full wp-image-399\" srcset=\"https:\/\/www.igoriacard.com\/en\/wp-content\/uploads\/sites\/2\/2016\/07\/04finanse-pracownikow.jpg 315w, https:\/\/www.igoriacard.com\/en\/wp-content\/uploads\/sites\/2\/2016\/07\/04finanse-pracownikow-300x229.jpg 300w\" sizes=\"auto, (max-width: 315px) 100vw, 315px\"><\/div>\r\n<ul class=\"uk-list uk-margin-bottom-remove\">\r\n<li><a href=\"\/en\/managing-finances-of-group-of-employees-by-paying-prepaid-card\/\"><h2 style=\"line-height: 27px\" class=\"uk-margin-small-bottom\">Gestion des finances<br>de groupe d&#8217;employ\u00e9s<\/h2><\/a><\/li>\r\n<li>gestion efficace de la liquidit\u00e9 financi\u00e8re<\/li>\r\n<li>r\u00e8glements faciles de transactions multi-devises <\/li>\r\n<li>chargement de cartes multidevises \u00e0 distance<\/li>\r\n<li><a class=\"uk-button uk-button-large uk-margin-small-bottom\" href=\"https:\/\/igoriacard.com\/registration\/create\/en-GB\">Commander une carte<\/a><\/li>\r\n<\/ul>\r\n<\/div>\r\n<\/div>\r\n\r\n<div>\r\n<div class=\"uk-container uk-container-center uk-grid uk-grid-width-small-1-2\">\r\n<div class=\"uk-vertical-align uk-push-1-2\"><img loading=\"lazy\" decoding=\"async\" src=\"\/wp-content\/uploads\/2016\/07\/05platnosci-wielowalutowe.jpg\" alt=\"P\u0142atno\u015bci w wielu walutach jedn\u0105 kart\u0105 walutow\u0105\" width=\"315\" height=\"240\" class=\"alignnone size-full wp-image-400\" srcset=\"https:\/\/www.igoriacard.com\/en\/wp-content\/uploads\/sites\/2\/2016\/07\/05platnosci-wielowalutowe.jpg 315w, https:\/\/www.igoriacard.com\/en\/wp-content\/uploads\/sites\/2\/2016\/07\/05platnosci-wielowalutowe-300x229.jpg 300w\" sizes=\"auto, (max-width: 315px) 100vw, 315px\"><\/div>\r\n<ul class=\"uk-list uk-margin-bottom-remove uk-pull-1-2\">\r\n<li><a href=\"\/en\/card-providing-multicurrency-payment-support\/\"><h2 style=\"line-height: 27px\" class=\"uk-margin-small-bottom\">Multi-devise<br>support de paiement<\/h2><\/a><\/li>\r\n<li>r\u00e8glements de transactions \u00e9trang\u00e8res et locales<\/li>\r\n<li>paiements en ligne<\/li>\r\n<li>retrait d&rsquo;argent en toute s\u00e9curit\u00e9 aux distributeurs automatiques de billets du monde entier<\/li>\r\n<li><a class=\"uk-button uk-button-large uk-margin-small-bottom\" href=\"https:\/\/igoriacard.com\/registration\/create\/en-GB\">Commander une carte<\/a><\/li>\r\n<\/ul>\r\n<\/div>\r\n<\/div>\r\n\r\n<div>\r\n<div class=\"uk-container uk-container-center uk-grid uk-grid-width-small-1-2\">\r\n<div class=\"uk-vertical-align\"><img loading=\"lazy\" decoding=\"async\" src=\"\/wp-content\/uploads\/2016\/07\/06-programy-lojalnosciowe.jpg\" alt=\"Incentive programs can be realised with IgoriaCard multicurrency cards\" width=\"340\" height=\"240\" class=\"alignnone size-full wp-image-401\" srcset=\"https:\/\/www.igoriacard.com\/en\/wp-content\/uploads\/sites\/2\/2016\/07\/06-programy-lojalnosciowe.jpg 340w, https:\/\/www.igoriacard.com\/en\/wp-content\/uploads\/sites\/2\/2016\/07\/06-programy-lojalnosciowe-300x212.jpg 300w\" sizes=\"auto, (max-width: 340px) 100vw, 340px\"><\/div>\r\n<ul class=\"uk-list uk-margin-bottom-remove\">\r\n<li><a href=\"\/en\/loyalty-programs-with-prepaid-card\/\"><h2>Programmes de fid\u00e9lit\u00e9<\/h2><\/a><\/li>\r\n<li>support automatique du programme de fid\u00e9lit\u00e9<\/li>\r\n<li>r\u00e9ductions exclusives<\/li>\r\n<li>programmes d&rsquo;incitation<\/li>\r\n<li><a class=\"uk-button uk-button-large uk-margin-small-bottom\" href=\"https:\/\/igoriacard.com\/registration\/create\/en-GB\">Commander une carte<\/a><\/li>\r\n<\/ul>\r\n<\/div>\r\n<\/div>\r\n\r\n<div>\r\n<div class=\"uk-container uk-container-center uk-grid uk-grid-width-small-1-2\">\r\n<div class=\"uk-vertical-align uk-push-1-2\"><img loading=\"lazy\" decoding=\"async\" src=\"\/wp-content\/uploads\/2016\/07\/07-nagrody-dla-prcownikow.jpg\" alt=\"Employees benefits may be distributed with IgoriaCard multicurrency cards\" width=\"315\" height=\"240\" class=\"alignnone size-full wp-image-402\" srcset=\"https:\/\/www.igoriacard.com\/en\/wp-content\/uploads\/sites\/2\/2016\/07\/07-nagrody-dla-prcownikow.jpg 315w, https:\/\/www.igoriacard.com\/en\/wp-content\/uploads\/sites\/2\/2016\/07\/07-nagrody-dla-prcownikow-300x229.jpg 300w\" sizes=\"auto, (max-width: 315px) 100vw, 315px\"><\/div>\r\n<ul class=\"uk-list uk-margin-bottom-remove uk-pull-1-2\">\r\n<li><a href=\"\/en\/gift-card-for-employees\/\"><h2>Avantages pour les employ\u00e9s<\/h2><\/a><\/li>\r\n<li>moyen facile de d\u00e9bourser des prestations<\/li>\r\n<li>connexion pratique au compte individuel de la carte d&#8217;employ\u00e9<\/li>\r\n<li>exon\u00e9ration de l&rsquo;imp\u00f4t sur le revenu des personnes physiques<\/li>\r\n<li><a class=\"uk-button uk-button-large uk-margin-small-bottom\" href=\"https:\/\/igoriacard.com\/registration\/create\/en-GB\">Commander une carte<\/a><\/li>\r\n<\/ul>\r\n<\/div>\r\n<\/div>\r\n\r\n<\/div>","protected":false},"excerpt":{"rendered":"<p>Best-seller 17 devises sur une carte taux de change favorables sans commission pas besoin d&rsquo;ouvrir un compte en devise \u00e0 la banque acc\u00e8s en ligne aux fonds et historique des transactions Commander une carte Achetez une carte pour&nbsp;30PLN R\u00e8glements de voyages d&rsquo;affaires\u00e0 l&rsquo;\u00e9tranger factures et pi\u00e8ces jointes de confirmation des transactions par carte calcul automatique [&hellip;]<\/p>\n","protected":false},"author":1,"featured_media":373,"parent":0,"menu_order":0,"comment_status":"closed","ping_status":"closed","template":"page-common.php","meta":{"footnotes":""},"class_list":["post-16","page","type-page","status-publish","has-post-thumbnail","hentry"],"yoast_head":"<!-- This site is optimized with the Yoast SEO plugin v26.8 - https:\/\/yoast.com\/product\/yoast-seo-wordpress\/ -->\n<title>Multicurrency cards for corporations and large business - IgoriaCard | FR<\/title>\n<meta name=\"description\" content=\"Perfect card for business trips purposes with full easy to use management panel.\" \/>\n<meta name=\"robots\" content=\"index, follow, max-snippet:-1, max-image-preview:large, max-video-preview:-1\" \/>\n<link rel=\"canonical\" href=\"https:\/\/www.igoriacard.com\/fr\/corporations\/\" \/>\n<meta property=\"og:locale\" content=\"fr_FR\" \/>\n<meta property=\"og:type\" content=\"article\" \/>\n<meta property=\"og:title\" content=\"Multicurrency cards for corporations and large business - IgoriaCard | FR\" \/>\n<meta property=\"og:description\" content=\"Perfect card for business trips purposes with full easy to use management panel.\" \/>\n<meta property=\"og:url\" content=\"https:\/\/www.igoriacard.com\/fr\/corporations\/\" \/>\n<meta property=\"og:site_name\" content=\"IgoriaCard | FR\" \/>\n<meta property=\"article:publisher\" content=\"https:\/\/www.facebook.com\/IgoriaCard\" \/>\n<meta property=\"article:modified_time\" content=\"2019-09-04T13:50:27+00:00\" \/>\n<meta property=\"og:image\" content=\"https:\/\/www.igoriacard.com\/fr\/wp-content\/uploads\/sites\/7\/2017\/02\/01-korpo.jpg\" \/>\n\t<meta property=\"og:image:width\" content=\"1722\" \/>\n\t<meta property=\"og:image:height\" content=\"784\" \/>\n\t<meta property=\"og:image:type\" content=\"image\/jpeg\" \/>\n<meta name=\"twitter:card\" content=\"summary_large_image\" \/>\n<meta name=\"twitter:label1\" content=\"Dur\u00e9e de lecture estim\u00e9e\" \/>\n\t<meta name=\"twitter:data1\" content=\"1 minute\" \/>\n<script type=\"application\/ld+json\" class=\"yoast-schema-graph\">{\"@context\":\"https:\/\/schema.org\",\"@graph\":[{\"@type\":\"WebPage\",\"@id\":\"https:\/\/www.igoriacard.com\/fr\/corporations\/\",\"url\":\"https:\/\/www.igoriacard.com\/fr\/corporations\/\",\"name\":\"Multicurrency cards for corporations and large business - IgoriaCard | FR\",\"isPartOf\":{\"@id\":\"https:\/\/www.igoriacard.com\/fr\/#website\"},\"primaryImageOfPage\":{\"@id\":\"https:\/\/www.igoriacard.com\/fr\/corporations\/#primaryimage\"},\"image\":{\"@id\":\"https:\/\/www.igoriacard.com\/fr\/corporations\/#primaryimage\"},\"thumbnailUrl\":\"https:\/\/www.igoriacard.com\/fr\/wp-content\/uploads\/sites\/7\/2017\/02\/01-korpo.jpg\",\"datePublished\":\"2016-07-21T11:03:11+00:00\",\"dateModified\":\"2019-09-04T13:50:27+00:00\",\"description\":\"Perfect card for business trips purposes with full easy to use management panel.\",\"breadcrumb\":{\"@id\":\"https:\/\/www.igoriacard.com\/fr\/corporations\/#breadcrumb\"},\"inLanguage\":\"fr-FR\",\"potentialAction\":[{\"@type\":\"ReadAction\",\"target\":[\"https:\/\/www.igoriacard.com\/fr\/corporations\/\"]}]},{\"@type\":\"ImageObject\",\"inLanguage\":\"fr-FR\",\"@id\":\"https:\/\/www.igoriacard.com\/fr\/corporations\/#primaryimage\",\"url\":\"https:\/\/www.igoriacard.com\/fr\/wp-content\/uploads\/sites\/7\/2017\/02\/01-korpo.jpg\",\"contentUrl\":\"https:\/\/www.igoriacard.com\/fr\/wp-content\/uploads\/sites\/7\/2017\/02\/01-korpo.jpg\",\"width\":1722,\"height\":784,\"caption\":\"Systemy rozwi\u0105za\u0144 kart prepaid dla korporacji\"},{\"@type\":\"BreadcrumbList\",\"@id\":\"https:\/\/www.igoriacard.com\/fr\/corporations\/#breadcrumb\",\"itemListElement\":[{\"@type\":\"ListItem\",\"position\":1,\"name\":\"Home\",\"item\":\"https:\/\/www.igoriacard.com\/fr\/\"},{\"@type\":\"ListItem\",\"position\":2,\"name\":\"Corporations\"}]},{\"@type\":\"WebSite\",\"@id\":\"https:\/\/www.igoriacard.com\/fr\/#website\",\"url\":\"https:\/\/www.igoriacard.com\/fr\/\",\"name\":\"IgoriaCard | FR\",\"description\":\"\",\"potentialAction\":[{\"@type\":\"SearchAction\",\"target\":{\"@type\":\"EntryPoint\",\"urlTemplate\":\"https:\/\/www.igoriacard.com\/fr\/?s={search_term_string}\"},\"query-input\":{\"@type\":\"PropertyValueSpecification\",\"valueRequired\":true,\"valueName\":\"search_term_string\"}}],\"inLanguage\":\"fr-FR\"}]}<\/script>\n<!-- \/ Yoast SEO plugin. -->","yoast_head_json":{"title":"Multicurrency cards for corporations and large business - IgoriaCard | FR","description":"Perfect card for business trips purposes with full easy to use management panel.","robots":{"index":"index","follow":"follow","max-snippet":"max-snippet:-1","max-image-preview":"max-image-preview:large","max-video-preview":"max-video-preview:-1"},"canonical":"https:\/\/www.igoriacard.com\/fr\/corporations\/","og_locale":"fr_FR","og_type":"article","og_title":"Multicurrency cards for corporations and large business - IgoriaCard | FR","og_description":"Perfect card for business trips purposes with full easy to use management panel.","og_url":"https:\/\/www.igoriacard.com\/fr\/corporations\/","og_site_name":"IgoriaCard | FR","article_publisher":"https:\/\/www.facebook.com\/IgoriaCard","article_modified_time":"2019-09-04T13:50:27+00:00","og_image":[{"width":1722,"height":784,"url":"https:\/\/www.igoriacard.com\/fr\/wp-content\/uploads\/sites\/7\/2017\/02\/01-korpo.jpg","type":"image\/jpeg"}],"twitter_card":"summary_large_image","twitter_misc":{"Dur\u00e9e de lecture estim\u00e9e":"1 minute"},"schema":{"@context":"https:\/\/schema.org","@graph":[{"@type":"WebPage","@id":"https:\/\/www.igoriacard.com\/fr\/corporations\/","url":"https:\/\/www.igoriacard.com\/fr\/corporations\/","name":"Multicurrency cards for corporations and large business - IgoriaCard | FR","isPartOf":{"@id":"https:\/\/www.igoriacard.com\/fr\/#website"},"primaryImageOfPage":{"@id":"https:\/\/www.igoriacard.com\/fr\/corporations\/#primaryimage"},"image":{"@id":"https:\/\/www.igoriacard.com\/fr\/corporations\/#primaryimage"},"thumbnailUrl":"https:\/\/www.igoriacard.com\/fr\/wp-content\/uploads\/sites\/7\/2017\/02\/01-korpo.jpg","datePublished":"2016-07-21T11:03:11+00:00","dateModified":"2019-09-04T13:50:27+00:00","description":"Perfect card for business trips purposes with full easy to use management panel.","breadcrumb":{"@id":"https:\/\/www.igoriacard.com\/fr\/corporations\/#breadcrumb"},"inLanguage":"fr-FR","potentialAction":[{"@type":"ReadAction","target":["https:\/\/www.igoriacard.com\/fr\/corporations\/"]}]},{"@type":"ImageObject","inLanguage":"fr-FR","@id":"https:\/\/www.igoriacard.com\/fr\/corporations\/#primaryimage","url":"https:\/\/www.igoriacard.com\/fr\/wp-content\/uploads\/sites\/7\/2017\/02\/01-korpo.jpg","contentUrl":"https:\/\/www.igoriacard.com\/fr\/wp-content\/uploads\/sites\/7\/2017\/02\/01-korpo.jpg","width":1722,"height":784,"caption":"Systemy rozwi\u0105za\u0144 kart prepaid dla korporacji"},{"@type":"BreadcrumbList","@id":"https:\/\/www.igoriacard.com\/fr\/corporations\/#breadcrumb","itemListElement":[{"@type":"ListItem","position":1,"name":"Home","item":"https:\/\/www.igoriacard.com\/fr\/"},{"@type":"ListItem","position":2,"name":"Corporations"}]},{"@type":"WebSite","@id":"https:\/\/www.igoriacard.com\/fr\/#website","url":"https:\/\/www.igoriacard.com\/fr\/","name":"IgoriaCard | FR","description":"","potentialAction":[{"@type":"SearchAction","target":{"@type":"EntryPoint","urlTemplate":"https:\/\/www.igoriacard.com\/fr\/?s={search_term_string}"},"query-input":{"@type":"PropertyValueSpecification","valueRequired":true,"valueName":"search_term_string"}}],"inLanguage":"fr-FR"}]}},"_links":{"self":[{"href":"https:\/\/www.igoriacard.com\/fr\/wp-json\/wp\/v2\/pages\/16","targetHints":{"allow":["GET"]}}],"collection":[{"href":"https:\/\/www.igoriacard.com\/fr\/wp-json\/wp\/v2\/pages"}],"about":[{"href":"https:\/\/www.igoriacard.com\/fr\/wp-json\/wp\/v2\/types\/page"}],"author":[{"embeddable":true,"href":"https:\/\/www.igoriacard.com\/fr\/wp-json\/wp\/v2\/users\/1"}],"replies":[{"embeddable":true,"href":"https:\/\/www.igoriacard.com\/fr\/wp-json\/wp\/v2\/comments?post=16"}],"version-history":[{"count":9,"href":"https:\/\/www.igoriacard.com\/fr\/wp-json\/wp\/v2\/pages\/16\/revisions"}],"predecessor-version":[{"id":1933,"href":"https:\/\/www.igoriacard.com\/fr\/wp-json\/wp\/v2\/pages\/16\/revisions\/1933"}],"wp:featuredmedia":[{"embeddable":true,"href":"https:\/\/www.igoriacard.com\/fr\/wp-json\/wp\/v2\/media\/373"}],"wp:attachment":[{"href":"https:\/\/www.igoriacard.com\/fr\/wp-json\/wp\/v2\/media?parent=16"}],"curies":[{"name":"wp","href":"https:\/\/api.w.org\/{rel}","templated":true}]}}