{"id":189,"date":"2017-01-20T10:47:43","date_gmt":"2017-01-20T09:47:43","guid":{"rendered":"http:\/\/localhost\/var\/www\/clients\/client1\/web1\/web\/?page_id=189"},"modified":"2017-09-06T17:39:17","modified_gmt":"2017-09-06T15:39:17","slug":"cooperation","status":"publish","type":"page","link":"https:\/\/www.igoriacard.com\/fr\/cooperation\/","title":{"rendered":"Cooperation"},"content":{"rendered":"<ul id=\"ic-wspolpraca\" class=\"uk-switcher uk-margin-large-bottom uk-margin-large-top uk-text-large uk-text-justify\">\r\n\r\n    <li class=\"uk-container uk-container-center\">\r\n<p>IgoriaCard, the only financial platform able to perform transactions in 17 different currencies with a single payment card, is seeking business partners willing to engage in white label cooperation and distirbute and sell cards.<\/p>\r\n<h3 class=\"ic-lato\">I. \u00ab\u00a0White label\u00a0\u00bb &#8211; cards branded by the partner<\/h3>\r\n<p>\u201eWhite label\u201d is a service tailored to the needs of the distributor and offered under its own logo. The partner in question has the option of selling IgoriaCard multi-currency payment cards with their own logo in compliance with the considitions of Igoria Trade S.A.<\/p>\r\n<p>Partners receive renumeration for the sale of cards, as well as commission on card transactions.<\/p>\r\n<h3 class=\"ic-lato\">II.\tDistributor &#8211; sale and distribution of IgoriaCard multi-currency cards<\/h3>\r\n<p>Sales and distribution of multi-currency cards with the IgoriaCard logo in personal sales channels. The partner is responsible for selling the IgoriaCard service and maintaining a commercial relationship with the customer. Meanwhile, the publisher of the card, Igoria Trade S.A., is responsible for the system for settling multi-currency payments, as well as technical support.<\/p>\r\n    <\/li>\r\n\r\n<li class=\"uk-container uk-container-center\">\r\n<p>As a strong brand, IgoriaCard provides a number of benefits to its partners. By engaging in a dialogue with companies and institutions whose trust we have gained, we are able to constantly expand our brand to new horizons, and develop a collaborative model through the exchange of knowledge and experience. Our partners often emphasize that thanks to their cooperation with IgoriaCard, they:<\/p>\r\n<ul>\r\n<li>\r\ngain new and loyal customers\r\n<\/li>\r\n<li>\r\nare constantly developing and gaining new experiences\r\n<\/li>\r\n<li>\r\nbenefit from the knowledge provided to them in forms appropriate for their needs\r\n<\/li>\r\n<li>\r\ndemonstrate a real impact on the shape and direction of IgoriaCard product development \r\n<\/li>\r\n<li>\r\nhave the freedom to sell multi-currency payment cards\r\n<\/li>\r\n<li>\r\nincrease sales by implementing and promoting loyalty programs\r\n<\/li>\r\n<\/ul>\r\n<p>In addition, IgoriaCard helps with:<\/p>\r\n<ul>\r\n<li>\r\nimproving your image and strengthening your position on the market\r\n<\/li>\r\n<li>\r\nincreasing the number of potential customers\r\n<\/li>\r\n<li>\r\nstrengthining competitiveness\r\n<\/li>\r\n<li>\r\nsupporting partners in the technical use of payment instruments\r\n<\/li>\r\n<li>\r\npromoting inter-company cooperation\r\n<\/li>\r\n<\/ul>\r\n<p>Being aware of the benefits that our partners bring in doing business with us is a constant and optimal method of inspiration and motivation for development. We want our list of partners and benefits to continue to grow, enabling us to improve our products and services.<\/p>\r\n<\/li>\r\n\r\n<li class=\"uk-container uk-container-center\">\r\n<p>White label cooperation, sales and distribution are aimed at a wide range of partners, including:<\/p>\r\n<ul class=\"uk-margin-bottom\">\r\n<li>\r\ntravel agencies\r\n<\/li>\r\n<li>\r\nairlines\r\n<\/li>\r\n<li>\r\nhotels\r\n<\/li>\r\n<li>\r\nrestaurants\r\n<\/li>\r\n<li>\r\nnetwork of shopping and service stores\r\n<\/li>\r\n<li>\r\nfinancial advisers\r\n<\/li>\r\n<li>\r\nloan companies\r\n<\/li>\r\n<li>\r\ncompanies supporting bonus and loyalty systems\r\n<\/li>\r\n<li>\r\nbusiness chambers of commerce\r\n<\/li>\r\n<li>\r\nassociations\r\n<\/li>\r\n<li>\r\nfinancial Institutions\r\n<\/li>\r\n<\/ul>\r\n<\/li>\r\n\r\n<li class=\"uk-container uk-container-center\">\r\n<p>Are you interested in cooperation with IgoriaCard on the \u00ab\u00a0white label\u00a0\u00bb model? Would you like to sell or distribute multicurrency payment cards, increase your own revenue, find new customers and increase the visibility of your brand on the market?<\/p> \r\n<p>Call us or fill-in a contact form and send a message. We will contact you and make an offer.<\/p>\r\n<div class=\"uk-width-medium-1-2 uk-container-center\">\r\n<noscript class=\"ninja-forms-noscript-message\">\n\tRemarque\u00a0: JavaScript est requis pour ce contenu.<\/noscript>\nAucun champ trouv\u00e9.<div id=\"nf-form-9-cont\" class=\"nf-form-cont\" aria-live=\"polite\" aria-labelledby=\"nf-form-title-9\" aria-describedby=\"nf-form-errors-9\" role=\"form\">\n\n    <div class=\"nf-loading-spinner\"><\/div>\n\n<\/div>\n        <!-- That data is being printed as a workaround to page builders reordering the order of the scripts loaded-->\n        <script>var formDisplay=1;var nfForms=nfForms||[];var form=[];form.id='9';form.settings={\"ninjaForms\":\"Ninja Forms\",\"changeEmailErrorMsg\":\"Veuillez saisir une adresse de messagerie valide. Ex\\u00a0: jean.dupont@gmail.com\",\"changeDateErrorMsg\":\"Veuillez saisir une date valide\\u00a0!\",\"confirmFieldErrorMsg\":\"Ces champs doivent correspondre\\u00a0!\",\"fieldNumberNumMinError\":\"Erreur de nombre min.\",\"fieldNumberNumMaxError\":\"Erreur de nombre max.\",\"fieldNumberIncrementBy\":\"Veuillez incr\\u00e9menter par \",\"fieldTextareaRTEInsertLink\":\"Ins\\u00e9rer un lien\",\"fieldTextareaRTEInsertMedia\":\"Ins\\u00e9rer un m\\u00e9dia\",\"fieldTextareaRTESelectAFile\":\"S\\u00e9lectionnez un fichier\",\"formErrorsCorrectErrors\":\"Veuillez corriger les erreurs avant d\\u2019envoyer ce formulaire.\",\"formHoneypot\":\"Si vous \\u00eates un \\u00eatre humain et que vous voyez ce champ, veuillez le laisser vide.\",\"validateRequiredField\":\"Ce champ est obligatoire.\",\"honeypotHoneypotError\":\"Erreur Honeypot\",\"fileUploadOldCodeFileUploadInProgress\":\"T\\u00e9l\\u00e9versement du fichier en cours.\",\"fileUploadOldCodeFileUpload\":\"T\\u00c9L\\u00c9VERSEMENT DE FICHIER\",\"currencySymbol\":\"$\",\"fieldsMarkedRequired\":\"Les champs marqu\\u00e9s d\\u2019un <span class=\\\"ninja-forms-req-symbol\\\">*<\\\/span> sont obligatoires\",\"thousands_sep\":\"\\u00a0\",\"decimal_point\":\",\",\"siteLocale\":\"fr_FR\",\"dateFormat\":\"m\\\/d\\\/Y\",\"startOfWeek\":\"1\",\"of\":\"sur\",\"previousMonth\":\"Mois pr\\u00e9c\\u00e9dent\",\"nextMonth\":\"Mois suivant\",\"months\":[\"Janvier\",\"F\\u00e9vrier\",\"Mars\",\"Avril\",\"Mai\",\"Juin\",\"Juillet\",\"Ao\\u00fbt\",\"Septembre\",\"Octobre\",\"Novembre\",\"D\\u00e9cembre\"],\"monthsShort\":[\"Jan\",\"F\\u00e9v\",\"Mar\",\"Avr\",\"Mai\",\"Juin\",\"Juil\",\"Ao\\u00fb\",\"Sep\",\"Oct\",\"Nov\",\"D\\u00e9c\"],\"weekdays\":[\"Dimanche\",\"Lundi\",\"Mardi\",\"Mercredi\",\"Jeudi\",\"Vendredi\",\"Samedi\"],\"weekdaysShort\":[\"Dim\",\"Lun\",\"Mar\",\"Mer\",\"Jeu\",\"Ven\",\"Sam\"],\"weekdaysMin\":[\"Di\",\"Lu\",\"Ma\",\"Me\",\"Je\",\"Ve\",\"Sa\"],\"recaptchaConsentMissing\":\"reCaptcha validation couldn&#039;t load.\",\"recaptchaMissingCookie\":\"reCaptcha v3 validation couldn&#039;t load the cookie needed to submit the form.\",\"recaptchaConsentEvent\":\"Accept reCaptcha cookies before sending the form.\",\"embed_form\":\"\",\"currency_symbol\":\"\",\"title\":\"\",\"beforeForm\":\"\",\"beforeFields\":\"\",\"afterFields\":\"\",\"afterForm\":\"\"};form.fields=[];nfForms.push(form);<\/script>\n        \r\n<\/div>\r\n<\/li>\r\n\r\n<\/ul>","protected":false},"excerpt":{"rendered":"<p>IgoriaCard, the only financial platform able to perform transactions in 17 different currencies with a single payment card, is seeking business partners willing to engage in white label cooperation and distirbute and sell cards. I. \u00ab\u00a0White label\u00a0\u00bb &#8211; cards branded by the partner \u201eWhite label\u201d is a service tailored to the needs of the distributor [&hellip;]<\/p>\n","protected":false},"author":1,"featured_media":676,"parent":0,"menu_order":0,"comment_status":"closed","ping_status":"closed","template":"page-common.php","meta":{"footnotes":""},"class_list":["post-189","page","type-page","status-publish","has-post-thumbnail","hentry"],"yoast_head":"<!-- This site is optimized with the Yoast SEO plugin v26.8 - https:\/\/yoast.com\/product\/yoast-seo-wordpress\/ -->\n<title>Cooperation - IgoriaCard | FR<\/title>\n<meta name=\"description\" content=\"IgoriaCard platforma obs\u0142uguj\u0105ca transakcje w 17 walutach przy u\u017cyciu jednej karty p\u0142atniczej poszukuje Partner\u00f3w biznesowych do nawi\u0105zania wsp\u00f3\u0142pracy.\" \/>\n<meta name=\"robots\" content=\"index, follow, max-snippet:-1, max-image-preview:large, max-video-preview:-1\" \/>\n<link rel=\"canonical\" href=\"https:\/\/www.igoriacard.com\/fr\/cooperation\/\" \/>\n<meta property=\"og:locale\" content=\"fr_FR\" \/>\n<meta property=\"og:type\" content=\"article\" \/>\n<meta property=\"og:title\" content=\"Cooperation - IgoriaCard | FR\" \/>\n<meta property=\"og:description\" content=\"IgoriaCard platforma obs\u0142uguj\u0105ca transakcje w 17 walutach przy u\u017cyciu jednej karty p\u0142atniczej poszukuje Partner\u00f3w biznesowych do nawi\u0105zania wsp\u00f3\u0142pracy.\" \/>\n<meta property=\"og:url\" content=\"https:\/\/www.igoriacard.com\/fr\/cooperation\/\" \/>\n<meta property=\"og:site_name\" content=\"IgoriaCard | FR\" \/>\n<meta property=\"article:publisher\" content=\"https:\/\/www.facebook.com\/IgoriaCard\" \/>\n<meta property=\"article:modified_time\" content=\"2017-09-06T15:39:17+00:00\" \/>\n<meta property=\"og:image\" content=\"https:\/\/www.igoriacard.com\/fr\/wp-content\/uploads\/sites\/7\/2017\/01\/wspolpraca.jpg\" \/>\n\t<meta property=\"og:image:width\" content=\"1366\" \/>\n\t<meta property=\"og:image:height\" content=\"387\" \/>\n\t<meta property=\"og:image:type\" content=\"image\/jpeg\" \/>\n<meta name=\"twitter:card\" content=\"summary_large_image\" \/>\n<meta name=\"twitter:label1\" content=\"Dur\u00e9e de lecture estim\u00e9e\" \/>\n\t<meta name=\"twitter:data1\" content=\"2 minutes\" \/>\n<script type=\"application\/ld+json\" class=\"yoast-schema-graph\">{\"@context\":\"https:\/\/schema.org\",\"@graph\":[{\"@type\":\"WebPage\",\"@id\":\"https:\/\/www.igoriacard.com\/fr\/cooperation\/\",\"url\":\"https:\/\/www.igoriacard.com\/fr\/cooperation\/\",\"name\":\"Cooperation - IgoriaCard | FR\",\"isPartOf\":{\"@id\":\"https:\/\/www.igoriacard.com\/fr\/#website\"},\"primaryImageOfPage\":{\"@id\":\"https:\/\/www.igoriacard.com\/fr\/cooperation\/#primaryimage\"},\"image\":{\"@id\":\"https:\/\/www.igoriacard.com\/fr\/cooperation\/#primaryimage\"},\"thumbnailUrl\":\"https:\/\/www.igoriacard.com\/fr\/wp-content\/uploads\/sites\/7\/2017\/01\/wspolpraca.jpg\",\"datePublished\":\"2017-01-20T09:47:43+00:00\",\"dateModified\":\"2017-09-06T15:39:17+00:00\",\"description\":\"IgoriaCard platforma obs\u0142uguj\u0105ca transakcje w 17 walutach przy u\u017cyciu jednej karty p\u0142atniczej poszukuje Partner\u00f3w biznesowych do nawi\u0105zania wsp\u00f3\u0142pracy.\",\"breadcrumb\":{\"@id\":\"https:\/\/www.igoriacard.com\/fr\/cooperation\/#breadcrumb\"},\"inLanguage\":\"fr-FR\",\"potentialAction\":[{\"@type\":\"ReadAction\",\"target\":[\"https:\/\/www.igoriacard.com\/fr\/cooperation\/\"]}]},{\"@type\":\"ImageObject\",\"inLanguage\":\"fr-FR\",\"@id\":\"https:\/\/www.igoriacard.com\/fr\/cooperation\/#primaryimage\",\"url\":\"https:\/\/www.igoriacard.com\/fr\/wp-content\/uploads\/sites\/7\/2017\/01\/wspolpraca.jpg\",\"contentUrl\":\"https:\/\/www.igoriacard.com\/fr\/wp-content\/uploads\/sites\/7\/2017\/01\/wspolpraca.jpg\",\"width\":1366,\"height\":387,\"caption\":\"Specjalne oferty dla partner\u00f3w\"},{\"@type\":\"BreadcrumbList\",\"@id\":\"https:\/\/www.igoriacard.com\/fr\/cooperation\/#breadcrumb\",\"itemListElement\":[{\"@type\":\"ListItem\",\"position\":1,\"name\":\"Home\",\"item\":\"https:\/\/www.igoriacard.com\/fr\/\"},{\"@type\":\"ListItem\",\"position\":2,\"name\":\"Cooperation\"}]},{\"@type\":\"WebSite\",\"@id\":\"https:\/\/www.igoriacard.com\/fr\/#website\",\"url\":\"https:\/\/www.igoriacard.com\/fr\/\",\"name\":\"IgoriaCard | FR\",\"description\":\"\",\"potentialAction\":[{\"@type\":\"SearchAction\",\"target\":{\"@type\":\"EntryPoint\",\"urlTemplate\":\"https:\/\/www.igoriacard.com\/fr\/?s={search_term_string}\"},\"query-input\":{\"@type\":\"PropertyValueSpecification\",\"valueRequired\":true,\"valueName\":\"search_term_string\"}}],\"inLanguage\":\"fr-FR\"}]}<\/script>\n<!-- \/ Yoast SEO plugin. -->","yoast_head_json":{"title":"Cooperation - IgoriaCard | FR","description":"IgoriaCard platforma obs\u0142uguj\u0105ca transakcje w 17 walutach przy u\u017cyciu jednej karty p\u0142atniczej poszukuje Partner\u00f3w biznesowych do nawi\u0105zania wsp\u00f3\u0142pracy.","robots":{"index":"index","follow":"follow","max-snippet":"max-snippet:-1","max-image-preview":"max-image-preview:large","max-video-preview":"max-video-preview:-1"},"canonical":"https:\/\/www.igoriacard.com\/fr\/cooperation\/","og_locale":"fr_FR","og_type":"article","og_title":"Cooperation - IgoriaCard | FR","og_description":"IgoriaCard platforma obs\u0142uguj\u0105ca transakcje w 17 walutach przy u\u017cyciu jednej karty p\u0142atniczej poszukuje Partner\u00f3w biznesowych do nawi\u0105zania wsp\u00f3\u0142pracy.","og_url":"https:\/\/www.igoriacard.com\/fr\/cooperation\/","og_site_name":"IgoriaCard | FR","article_publisher":"https:\/\/www.facebook.com\/IgoriaCard","article_modified_time":"2017-09-06T15:39:17+00:00","og_image":[{"width":1366,"height":387,"url":"https:\/\/www.igoriacard.com\/fr\/wp-content\/uploads\/sites\/7\/2017\/01\/wspolpraca.jpg","type":"image\/jpeg"}],"twitter_card":"summary_large_image","twitter_misc":{"Dur\u00e9e de lecture estim\u00e9e":"2 minutes"},"schema":{"@context":"https:\/\/schema.org","@graph":[{"@type":"WebPage","@id":"https:\/\/www.igoriacard.com\/fr\/cooperation\/","url":"https:\/\/www.igoriacard.com\/fr\/cooperation\/","name":"Cooperation - IgoriaCard | FR","isPartOf":{"@id":"https:\/\/www.igoriacard.com\/fr\/#website"},"primaryImageOfPage":{"@id":"https:\/\/www.igoriacard.com\/fr\/cooperation\/#primaryimage"},"image":{"@id":"https:\/\/www.igoriacard.com\/fr\/cooperation\/#primaryimage"},"thumbnailUrl":"https:\/\/www.igoriacard.com\/fr\/wp-content\/uploads\/sites\/7\/2017\/01\/wspolpraca.jpg","datePublished":"2017-01-20T09:47:43+00:00","dateModified":"2017-09-06T15:39:17+00:00","description":"IgoriaCard platforma obs\u0142uguj\u0105ca transakcje w 17 walutach przy u\u017cyciu jednej karty p\u0142atniczej poszukuje Partner\u00f3w biznesowych do nawi\u0105zania wsp\u00f3\u0142pracy.","breadcrumb":{"@id":"https:\/\/www.igoriacard.com\/fr\/cooperation\/#breadcrumb"},"inLanguage":"fr-FR","potentialAction":[{"@type":"ReadAction","target":["https:\/\/www.igoriacard.com\/fr\/cooperation\/"]}]},{"@type":"ImageObject","inLanguage":"fr-FR","@id":"https:\/\/www.igoriacard.com\/fr\/cooperation\/#primaryimage","url":"https:\/\/www.igoriacard.com\/fr\/wp-content\/uploads\/sites\/7\/2017\/01\/wspolpraca.jpg","contentUrl":"https:\/\/www.igoriacard.com\/fr\/wp-content\/uploads\/sites\/7\/2017\/01\/wspolpraca.jpg","width":1366,"height":387,"caption":"Specjalne oferty dla partner\u00f3w"},{"@type":"BreadcrumbList","@id":"https:\/\/www.igoriacard.com\/fr\/cooperation\/#breadcrumb","itemListElement":[{"@type":"ListItem","position":1,"name":"Home","item":"https:\/\/www.igoriacard.com\/fr\/"},{"@type":"ListItem","position":2,"name":"Cooperation"}]},{"@type":"WebSite","@id":"https:\/\/www.igoriacard.com\/fr\/#website","url":"https:\/\/www.igoriacard.com\/fr\/","name":"IgoriaCard | FR","description":"","potentialAction":[{"@type":"SearchAction","target":{"@type":"EntryPoint","urlTemplate":"https:\/\/www.igoriacard.com\/fr\/?s={search_term_string}"},"query-input":{"@type":"PropertyValueSpecification","valueRequired":true,"valueName":"search_term_string"}}],"inLanguage":"fr-FR"}]}},"_links":{"self":[{"href":"https:\/\/www.igoriacard.com\/fr\/wp-json\/wp\/v2\/pages\/189","targetHints":{"allow":["GET"]}}],"collection":[{"href":"https:\/\/www.igoriacard.com\/fr\/wp-json\/wp\/v2\/pages"}],"about":[{"href":"https:\/\/www.igoriacard.com\/fr\/wp-json\/wp\/v2\/types\/page"}],"author":[{"embeddable":true,"href":"https:\/\/www.igoriacard.com\/fr\/wp-json\/wp\/v2\/users\/1"}],"replies":[{"embeddable":true,"href":"https:\/\/www.igoriacard.com\/fr\/wp-json\/wp\/v2\/comments?post=189"}],"version-history":[{"count":6,"href":"https:\/\/www.igoriacard.com\/fr\/wp-json\/wp\/v2\/pages\/189\/revisions"}],"predecessor-version":[{"id":1638,"href":"https:\/\/www.igoriacard.com\/fr\/wp-json\/wp\/v2\/pages\/189\/revisions\/1638"}],"wp:featuredmedia":[{"embeddable":true,"href":"https:\/\/www.igoriacard.com\/fr\/wp-json\/wp\/v2\/media\/676"}],"wp:attachment":[{"href":"https:\/\/www.igoriacard.com\/fr\/wp-json\/wp\/v2\/media?parent=189"}],"curies":[{"name":"wp","href":"https:\/\/api.w.org\/{rel}","templated":true}]}}