{"id":1926,"date":"2019-09-04T15:30:09","date_gmt":"2019-09-04T13:30:09","guid":{"rendered":"https:\/\/www.igoriacard.com\/fr\/?page_id=1926"},"modified":"2019-09-05T14:57:27","modified_gmt":"2019-09-05T12:57:27","slug":"projets","status":"publish","type":"page","link":"https:\/\/www.igoriacard.com\/fr\/projets\/","title":{"rendered":"Projets"},"content":{"rendered":"<div style=\"margin-top: 50px\" class=\"uk-accordion-content uk-margin-bottom uk-active\"><div class=\"uk-container uk-container-center\">\r\n\r\n<img decoding=\"async\"  src=\"\/wp-content\/uploads\/2019\/09\/FE_POIR_poziom_pl-1_rgb.jpg\"\/>\r\n<h4 class=\"uk-text-center\">Poddzia\u0142anie&nbsp;3.3.3: Wsparcie M\u015aP w&nbsp;promocji marek produktowych \u2013&nbsp;Go&nbsp;to&nbsp;Brand<\/h4>\r\n<h4 class=\"uk-text-center uk-margin-top-remove uk-margin-large-bottom\">Programu Operacyjnego Inteligentny Rozw\u00f3j,&nbsp;2014-2020<\/h4>\r\n<ul class=\"uk-list ic-line-height-wide \">\r\n \t<li><strong>Numer umowy:<\/strong> POIR.03.03.03-14-0084\/16-00<\/li>\r\n \t<li><strong>Tytu\u0142 projektu:<\/strong> Promocja produkt\u00f3w firmy Igoria&nbsp;Trade&nbsp;S.A. poprzez&nbsp;udzia\u0142 w&nbsp;zagranicznych targach bran\u017cowych&nbsp;ICT.<\/li>\r\n \t<li><strong>Cele projektu:<\/strong> Projekt obejmuje promocj\u0119 produkt\u00f3w Igoria&nbsp;Trade&nbsp;S.A. przez&nbsp;uczestnictwo w&nbsp;6&nbsp;targach bran\u017cowych oraz&nbsp;1&nbsp;misji gospodarczej w&nbsp;5&nbsp;krajach. Celem projektu jest rozszerzenie dzia\u0142alno\u015bci eksportowej Wnioskodawcy, zwi\u0119kszenie rozpoznawalno\u015bci marki i&nbsp;stworzenie firmy Igoria&nbsp;Trade&nbsp;S.A. jako mi\u0119dzynarodowej firmy \u015bwiadcz\u0105cej us\u0142ugi na&nbsp;wielu rynkach na&nbsp;\u015bwiecie.<\/li>\r\n \t<li><strong>Planowane efekty:<\/strong> Uczestnictwo w&nbsp;targach pozwoli na&nbsp;prezentacj\u0119 firmy w&nbsp;mediach targowych, na&nbsp;konferencjach i&nbsp;seminariach oraz&nbsp;prowadzenie dzia\u0142alno\u015bci reklamowej promuj\u0105cej produkty i&nbsp;firm\u0119 Wnioskodawcy oraz&nbsp;Mark\u0119 Polskiej Gospodarki, co&nbsp;wp\u0142ynie korzystnie na&nbsp;rozpoznawalno\u015b\u0107 Wnioskodawcy i&nbsp;Marki Polskiej Gospodarki na&nbsp;arenie mi\u0119dzynarodowej.\r\nRezultatem projektu b\u0119dzie wypromowanie Wnioskodawcy jako solidnej Marki Polskiej Gospodarki i&nbsp;wiarygodnego partnera biznesowego oferuj\u0105cego najwy\u017cszej jako\u015bci produkty i&nbsp;us\u0142ugi oferowane na&nbsp;wybranych rynkach mi\u0119dzynarodowych.<\/li>\r\n \t<li><strong>Warto\u015b\u0107 projektu:<\/strong> 936&nbsp;610,00 PLN<\/li>\r\n \t<li><strong>Wk\u0142ad Funduszy Europejskich:<\/strong> 702&nbsp;457,50 PLN<\/li>\r\n<\/ul>\r\n\r\n<\/div>\r\n<\/div>","protected":false},"excerpt":{"rendered":"<p>Poddzia\u0142anie&nbsp;3.3.3: Wsparcie M\u015aP w&nbsp;promocji marek produktowych \u2013&nbsp;Go&nbsp;to&nbsp;Brand Programu Operacyjnego Inteligentny Rozw\u00f3j,&nbsp;2014-2020 Numer umowy: POIR.03.03.03-14-0084\/16-00 Tytu\u0142 projektu: Promocja produkt\u00f3w firmy Igoria&nbsp;Trade&nbsp;S.A. poprzez&nbsp;udzia\u0142 w&nbsp;zagranicznych targach bran\u017cowych&nbsp;ICT. Cele projektu: Projekt obejmuje promocj\u0119 produkt\u00f3w Igoria&nbsp;Trade&nbsp;S.A. przez&nbsp;uczestnictwo w&nbsp;6&nbsp;targach bran\u017cowych oraz&nbsp;1&nbsp;misji gospodarczej w&nbsp;5&nbsp;krajach. Celem projektu jest rozszerzenie dzia\u0142alno\u015bci eksportowej Wnioskodawcy, zwi\u0119kszenie rozpoznawalno\u015bci marki i&nbsp;stworzenie firmy Igoria&nbsp;Trade&nbsp;S.A. jako mi\u0119dzynarodowej firmy \u015bwiadcz\u0105cej us\u0142ugi [&hellip;]<\/p>\n","protected":false},"author":1,"featured_media":0,"parent":0,"menu_order":0,"comment_status":"closed","ping_status":"closed","template":"page-no-header.php","meta":{"footnotes":""},"class_list":["post-1926","page","type-page","status-publish","hentry"],"yoast_head":"<!-- This site is optimized with the Yoast SEO plugin v26.8 - https:\/\/yoast.com\/product\/yoast-seo-wordpress\/ -->\n<title>Projets - IgoriaCard | FR<\/title>\n<meta name=\"robots\" content=\"index, follow, max-snippet:-1, max-image-preview:large, max-video-preview:-1\" \/>\n<link rel=\"canonical\" href=\"https:\/\/www.igoriacard.com\/fr\/projets\/\" \/>\n<meta property=\"og:locale\" content=\"fr_FR\" \/>\n<meta property=\"og:type\" content=\"article\" \/>\n<meta property=\"og:title\" content=\"Projets - IgoriaCard | FR\" \/>\n<meta property=\"og:description\" content=\"Poddzia\u0142anie&nbsp;3.3.3: Wsparcie M\u015aP w&nbsp;promocji marek produktowych \u2013&nbsp;Go&nbsp;to&nbsp;Brand Programu Operacyjnego Inteligentny Rozw\u00f3j,&nbsp;2014-2020 Numer umowy: POIR.03.03.03-14-0084\/16-00 Tytu\u0142 projektu: Promocja produkt\u00f3w firmy Igoria&nbsp;Trade&nbsp;S.A. poprzez&nbsp;udzia\u0142 w&nbsp;zagranicznych targach bran\u017cowych&nbsp;ICT. Cele projektu: Projekt obejmuje promocj\u0119 produkt\u00f3w Igoria&nbsp;Trade&nbsp;S.A. przez&nbsp;uczestnictwo w&nbsp;6&nbsp;targach bran\u017cowych oraz&nbsp;1&nbsp;misji gospodarczej w&nbsp;5&nbsp;krajach. Celem projektu jest rozszerzenie dzia\u0142alno\u015bci eksportowej Wnioskodawcy, zwi\u0119kszenie rozpoznawalno\u015bci marki i&nbsp;stworzenie firmy Igoria&nbsp;Trade&nbsp;S.A. jako mi\u0119dzynarodowej firmy \u015bwiadcz\u0105cej us\u0142ugi [&hellip;]\" \/>\n<meta property=\"og:url\" content=\"https:\/\/www.igoriacard.com\/fr\/projets\/\" \/>\n<meta property=\"og:site_name\" content=\"IgoriaCard | FR\" \/>\n<meta property=\"article:publisher\" content=\"https:\/\/www.facebook.com\/IgoriaCard\" \/>\n<meta property=\"article:modified_time\" content=\"2019-09-05T12:57:27+00:00\" \/>\n<meta name=\"twitter:card\" content=\"summary_large_image\" \/>\n<meta name=\"twitter:label1\" content=\"Dur\u00e9e de lecture estim\u00e9e\" \/>\n\t<meta name=\"twitter:data1\" content=\"1 minute\" \/>\n<script type=\"application\/ld+json\" class=\"yoast-schema-graph\">{\"@context\":\"https:\/\/schema.org\",\"@graph\":[{\"@type\":\"WebPage\",\"@id\":\"https:\/\/www.igoriacard.com\/fr\/projets\/\",\"url\":\"https:\/\/www.igoriacard.com\/fr\/projets\/\",\"name\":\"Projets - IgoriaCard | FR\",\"isPartOf\":{\"@id\":\"https:\/\/www.igoriacard.com\/fr\/#website\"},\"datePublished\":\"2019-09-04T13:30:09+00:00\",\"dateModified\":\"2019-09-05T12:57:27+00:00\",\"breadcrumb\":{\"@id\":\"https:\/\/www.igoriacard.com\/fr\/projets\/#breadcrumb\"},\"inLanguage\":\"fr-FR\",\"potentialAction\":[{\"@type\":\"ReadAction\",\"target\":[\"https:\/\/www.igoriacard.com\/fr\/projets\/\"]}]},{\"@type\":\"BreadcrumbList\",\"@id\":\"https:\/\/www.igoriacard.com\/fr\/projets\/#breadcrumb\",\"itemListElement\":[{\"@type\":\"ListItem\",\"position\":1,\"name\":\"Home\",\"item\":\"https:\/\/www.igoriacard.com\/fr\/\"},{\"@type\":\"ListItem\",\"position\":2,\"name\":\"Projets\"}]},{\"@type\":\"WebSite\",\"@id\":\"https:\/\/www.igoriacard.com\/fr\/#website\",\"url\":\"https:\/\/www.igoriacard.com\/fr\/\",\"name\":\"IgoriaCard | FR\",\"description\":\"\",\"potentialAction\":[{\"@type\":\"SearchAction\",\"target\":{\"@type\":\"EntryPoint\",\"urlTemplate\":\"https:\/\/www.igoriacard.com\/fr\/?s={search_term_string}\"},\"query-input\":{\"@type\":\"PropertyValueSpecification\",\"valueRequired\":true,\"valueName\":\"search_term_string\"}}],\"inLanguage\":\"fr-FR\"}]}<\/script>\n<!-- \/ Yoast SEO plugin. -->","yoast_head_json":{"title":"Projets - IgoriaCard | FR","robots":{"index":"index","follow":"follow","max-snippet":"max-snippet:-1","max-image-preview":"max-image-preview:large","max-video-preview":"max-video-preview:-1"},"canonical":"https:\/\/www.igoriacard.com\/fr\/projets\/","og_locale":"fr_FR","og_type":"article","og_title":"Projets - IgoriaCard | FR","og_description":"Poddzia\u0142anie&nbsp;3.3.3: Wsparcie M\u015aP w&nbsp;promocji marek produktowych \u2013&nbsp;Go&nbsp;to&nbsp;Brand Programu Operacyjnego Inteligentny Rozw\u00f3j,&nbsp;2014-2020 Numer umowy: POIR.03.03.03-14-0084\/16-00 Tytu\u0142 projektu: Promocja produkt\u00f3w firmy Igoria&nbsp;Trade&nbsp;S.A. poprzez&nbsp;udzia\u0142 w&nbsp;zagranicznych targach bran\u017cowych&nbsp;ICT. Cele projektu: Projekt obejmuje promocj\u0119 produkt\u00f3w Igoria&nbsp;Trade&nbsp;S.A. przez&nbsp;uczestnictwo w&nbsp;6&nbsp;targach bran\u017cowych oraz&nbsp;1&nbsp;misji gospodarczej w&nbsp;5&nbsp;krajach. Celem projektu jest rozszerzenie dzia\u0142alno\u015bci eksportowej Wnioskodawcy, zwi\u0119kszenie rozpoznawalno\u015bci marki i&nbsp;stworzenie firmy Igoria&nbsp;Trade&nbsp;S.A. jako mi\u0119dzynarodowej firmy \u015bwiadcz\u0105cej us\u0142ugi [&hellip;]","og_url":"https:\/\/www.igoriacard.com\/fr\/projets\/","og_site_name":"IgoriaCard | FR","article_publisher":"https:\/\/www.facebook.com\/IgoriaCard","article_modified_time":"2019-09-05T12:57:27+00:00","twitter_card":"summary_large_image","twitter_misc":{"Dur\u00e9e de lecture estim\u00e9e":"1 minute"},"schema":{"@context":"https:\/\/schema.org","@graph":[{"@type":"WebPage","@id":"https:\/\/www.igoriacard.com\/fr\/projets\/","url":"https:\/\/www.igoriacard.com\/fr\/projets\/","name":"Projets - IgoriaCard | FR","isPartOf":{"@id":"https:\/\/www.igoriacard.com\/fr\/#website"},"datePublished":"2019-09-04T13:30:09+00:00","dateModified":"2019-09-05T12:57:27+00:00","breadcrumb":{"@id":"https:\/\/www.igoriacard.com\/fr\/projets\/#breadcrumb"},"inLanguage":"fr-FR","potentialAction":[{"@type":"ReadAction","target":["https:\/\/www.igoriacard.com\/fr\/projets\/"]}]},{"@type":"BreadcrumbList","@id":"https:\/\/www.igoriacard.com\/fr\/projets\/#breadcrumb","itemListElement":[{"@type":"ListItem","position":1,"name":"Home","item":"https:\/\/www.igoriacard.com\/fr\/"},{"@type":"ListItem","position":2,"name":"Projets"}]},{"@type":"WebSite","@id":"https:\/\/www.igoriacard.com\/fr\/#website","url":"https:\/\/www.igoriacard.com\/fr\/","name":"IgoriaCard | FR","description":"","potentialAction":[{"@type":"SearchAction","target":{"@type":"EntryPoint","urlTemplate":"https:\/\/www.igoriacard.com\/fr\/?s={search_term_string}"},"query-input":{"@type":"PropertyValueSpecification","valueRequired":true,"valueName":"search_term_string"}}],"inLanguage":"fr-FR"}]}},"_links":{"self":[{"href":"https:\/\/www.igoriacard.com\/fr\/wp-json\/wp\/v2\/pages\/1926","targetHints":{"allow":["GET"]}}],"collection":[{"href":"https:\/\/www.igoriacard.com\/fr\/wp-json\/wp\/v2\/pages"}],"about":[{"href":"https:\/\/www.igoriacard.com\/fr\/wp-json\/wp\/v2\/types\/page"}],"author":[{"embeddable":true,"href":"https:\/\/www.igoriacard.com\/fr\/wp-json\/wp\/v2\/users\/1"}],"replies":[{"embeddable":true,"href":"https:\/\/www.igoriacard.com\/fr\/wp-json\/wp\/v2\/comments?post=1926"}],"version-history":[{"count":2,"href":"https:\/\/www.igoriacard.com\/fr\/wp-json\/wp\/v2\/pages\/1926\/revisions"}],"predecessor-version":[{"id":1938,"href":"https:\/\/www.igoriacard.com\/fr\/wp-json\/wp\/v2\/pages\/1926\/revisions\/1938"}],"wp:attachment":[{"href":"https:\/\/www.igoriacard.com\/fr\/wp-json\/wp\/v2\/media?parent=1926"}],"curies":[{"name":"wp","href":"https:\/\/api.w.org\/{rel}","templated":true}]}}