{"id":216,"date":"2017-01-23T17:41:38","date_gmt":"2017-01-23T16:41:38","guid":{"rendered":"http:\/\/localhost\/var\/www\/clients\/client1\/web1\/web\/?page_id=216"},"modified":"2019-09-04T15:56:39","modified_gmt":"2019-09-04T13:56:39","slug":"currency-exchange","status":"publish","type":"page","link":"https:\/\/www.igoriacard.com\/fr\/currency-exchange\/","title":{"rendered":"Currency exchange"},"content":{"rendered":"<div class=\"uk-container uk-container-center\">\r\n<h2 class=\"ic-text-normal\">Taux de change<\/h2>\r\n<div class=\"uk-grid uk-grid-width-large-1-4 uk-grid-width-medium-1-2 uk-grid-width-small-1-2\">\r\n<div class=\"uk-margin-bottom\"><table class=\"uk-text-center uk-container-center\">\r\n\r\n<tbody><tr class=\"uk-block-muted\" style=\"border: #ccc 1px solid;\">\r\n<td colspan=\"2\">\r\n<a href=\"\/en\/eur\/\" class=\"uk-display-inline-block ic-text-black\"><span class=\"ic-flag-small-eur uk-margin-small-left uk-margin-small-right\"><\/span> EUR \/ PLN <span class=\"ic-flag-small-pln uk-small-margin-left uk-margin-small-right\"><\/span><\/a>\r\n<\/td>\r\n<\/tr>\r\n\r\n<tr style=\"border-left: #ccc 1px solid;border-right: #ccc 1px solid;border-top: #ccc 1px solid;\">\r\n<td class=\"ic-padding-top uk-text-muted\">Vendre<\/td>\r\n<td class=\"ic-padding-top uk-text-muted\">Acheter<\/td>\r\n<\/tr>\r\n\r\n<tr style=\"border-left: #ccc 1px solid;border-right: #ccc 1px solid;border-bottom: #ccc 1px solid;\">\r\n<td id=\"ic-sell-eur\" class=\"uk-text-large ic-padding-bottom\"><\/td>\r\n<td id=\"ic-buy-eur\" class=\"uk-text-large ic-padding-bottom\"><\/td>\r\n<\/tr>\r\n\r\n<\/tbody><\/table><\/div>\r\n\r\n<div class=\"uk-margin-bottom\"><table class=\"uk-text-center uk-container-center\">\r\n\r\n<tbody><tr class=\"uk-block-muted\" style=\"border: #ccc 1px solid;\">\r\n<td colspan=\"2\">\r\n<a href=\"\/en\/usd\/\" class=\"uk-display-inline-block ic-text-black\"><span class=\"ic-flag-small-usd uk-margin-small-left uk-margin-small-right\"><\/span> USD \/ PLN <span class=\"ic-flag-small-pln uk-margin-small-left uk-margin-small-right\"><\/span><\/a>\r\n<\/td>\r\n<\/tr>\r\n\r\n<tr style=\"border-left: #ccc 1px solid;border-right: #ccc 1px solid;border-top: #ccc 1px solid;\">\r\n<td class=\"ic-padding-top uk-text-muted\">Vendre<\/td>\r\n<td class=\"ic-padding-top uk-text-muted\">Acheter<\/td>\r\n<\/tr>\r\n\r\n<tr style=\"border-left: #ccc 1px solid;border-right: #ccc 1px solid;border-bottom: #ccc 1px solid;\">\r\n<td id=\"ic-sell-usd\" class=\"uk-text-large ic-paddin-bottom\"><\/td>\r\n<td id=\"ic-buy-usd\" class=\"uk-text-large ic-padding-bottom\"><\/td>\r\n<\/tr>\r\n\r\n<\/tbody><\/table><\/div>\r\n\r\n<div class=\"uk-margin-bottom\"><table class=\"uk-text-center uk-container-center\">\r\n\r\n<tbody><tr class=\"uk-block-muted\" style=\"border: #ccc 1px solid;\">\r\n<td colspan=\"2\">\r\n<a href=\"\/en\/gbp\/\" class=\"uk-display-inline-block ic-text-black\"><span class=\"ic-flag-small-gbp uk-margin-small-left uk-margin-small-right\"><\/span> GBP \/ PLN <span class=\"ic-flag-small-pln uk-margin-small-left uk-margin-small-right\"><\/span><\/a>\r\n<\/td>\r\n<\/tr>\r\n\r\n<tr style=\"border-left: #ccc 1px solid;border-right: #ccc 1px solid;border-top: #ccc 1px solid;\">\r\n<td class=\"ic-padding-top uk-text-muted\">Vendre<\/td>\r\n<td class=\"ic-padding-top uk-text-muted\">Acheter<\/td>\r\n<\/tr>\r\n\r\n<tr style=\"border-left: #ccc 1px solid;border-right: #ccc 1px solid;border-bottom: #ccc 1px solid;\">\r\n<td id=\"ic-sell-gbp\" class=\"uk-text-large ic-padding-bottom\"><\/td>\r\n<td id=\"ic-buy-gbp\" class=\"uk-text-large ic-padding-bottom\"><\/td>\r\n<\/tr>\r\n\r\n<\/tbody><\/table><\/div>\r\n\r\n<div class=\"uk-margin-bottom\"><table class=\"uk-text-center uk-container-center\">\r\n\r\n<tbody><tr class=\"uk-block-muted\" style=\"border: #ccc 1px solid;\">\r\n<td colspan=\"2\">\r\n<a href=\"\/en\/chf\/\" class=\"uk-display-inline-block ic-text-black\"><span class=\"ic-flag-small-chf uk-margin-small-left uk-margin-small-right\"><\/span> CHF \/ PLN <span class=\"ic-flag-small-pln uk-margin-small-left uk-margin-small-right\"><\/span><\/a>\r\n<\/td>\r\n<\/tr>\r\n\r\n<tr style=\"border-left: #ccc 1px solid;border-right: #ccc 1px solid;border-top: #ccc 1px solid;\">\r\n<td class=\"ic-padding-top uk-text-muted\">Vendre<\/td>\r\n<td class=\"ic-padding-top uk-text-muted\">Acheter<\/td>\r\n<\/tr>\r\n\r\n<tr style=\"border-left: #ccc 1px solid;border-right: #ccc 1px solid;border-bottom: #ccc 1px solid;\">\r\n<td id=\"ic-sell-chf\" class=\"uk-text-large ic-padding-bottom\"><\/td>\r\n<td id=\"ic-buy-chf\" class=\"uk-text-large ic-padding-bottom\"><\/td>\r\n<\/tr>\r\n\r\n<\/tbody><\/table><\/div>\r\n<\/div>\r\n<\/div>\r\n\r\n<div class=\"uk-container uk-container-center uk-text-center uk-margin-large-top uk-margin-large-bottom\">\r\n<a class=\"uk-button uk-button-large ic-button-blue\" href=\"\/en\/pln\/\">Tous les taux de change<\/a>\r\n<\/div>\r\n\r\n<!--\r\n<div class=\"uk-block uk-badge-warning uk-text-center uk-contrast ic-padding-top uk-margin-bottom ic-padding-bottom ic-margin-huge-top uk-margin-large-bottom\">\r\n<div class=\"uk-container uk-container-center uk-flex uk-flex-top uk-flex-space-around\">\r\n<div>\r\n<h2 class=\"uk-margin-left uk-margin-top uk-margin-small-bottom\">Card for only <span class=\"ic-text-bolder\">25<\/span>,00&nbsp;PLN<\/h2>\r\n<p class=\"uk-margin-bottom uk-margin-top-remove\">Offer valid till&nbsp;30.08.2017<\/p>\r\n<\/div>\r\n<img decoding=\"async\" src=\"\/wp-content\/themes\/tm-beans-child\/img\/karta-z-bia\u0142ym-tlem.png\" alt=\"Blue card IgoriaCard\" width=\"300\" class=\"uk-float-right uk-margin-right uk-hidden-small\" style=\"margin-top: -70px; \">\r\n<\/div>\r\n<\/div>\r\n-->\r\n  <script>\r\n    jQuery(function(){\r\n\r\n      var c = Object.create(Currency);\r\n\r\n      c.loadSource().done(function() {\r\n        var currencies = new Array('EUR', 'USD', 'CHF', 'GBP');\r\n        jQuery(currencies).each(function(val, index) {\r\n            jQuery('#ic-sell-' + index.toLowerCase()).append(c.getRatesFor(index, 'sell'));\r\n            jQuery('#ic-buy-' + index.toLowerCase()).append(c.getRatesFor(index, 'buy'));\r\n        });\r\n\r\n      });\r\n    });\r\n  <\/script>\r\n\r\n<hr>\r\n\r\n<h2 class=\"ic-text-normal uk-text-center\">Comment fonctionne IgoriaCard?<\/h2>\r\n<div class=\"uk-margin-bottom\">\r\n<div class=\"uk-container uk-container-center uk-text-justify\">\r\n<p class=\"ic-text-normal uk-h3\">Exemple 1 &#8211; Paiement \u00e0 la boutique<\/p>\r\n<p>Vous payez 5,57 EUR pour faire vos courses \u00e0 l&rsquo;\u00e9picerie. La carte retirera ce montant, s&rsquo;il est disponible sur votre compte EUR.<\/p>\r\n<p>Avez-vous 87.00 PLN, 20.00 USD et 17.00 GBP \u00e0 part 13.18 EUR? Si le montant requis en EUR est sur votre compte, vous n&rsquo;avez pas \u00e0 vous inqui\u00e9ter &#8211; 5,57 EUR seront d\u00e9bit\u00e9s de votre compte.<\/p>\r\n<a href=\"\/en\/currency-exchange-online\/\" class=\"uk-link uk-float-right ic-transparent-back uk-text-large uk-container uk-container-center\">V\u00e9rifiez les d\u00e9tails <i class=\"uk-icon-angle-right uk-text-large\"><\/i><\/a>\r\n<\/div>\r\n\r\n\r\n<\/div>\r\n\r\n\r\n<div class=\"uk-margin-bottom\">\r\n\r\n<div class=\"uk-container uk-container-center uk-text-justify\">\r\n<p class=\"ic-text-normal uk-h3\">Exemple 2 &#8211; La v\u00e9rification du restaurant<\/p>\r\n\r\n<p>Disons que vous devez payer 55,00 EUR pour un d\u00eener dans un restaurant en Italie. Sur votre carte, vous n\u2019avez que 10,00 EUR, mais des fonds disponibles dans d\u2019autres monnaies sont disponibles sur votre compte: 500,00 PLN et 20,00 CHF. Et ensuite? L&rsquo;\u00e9change automatique de devise sur la carte vous aidera dans toutes les situations.<\/p>\r\n\r\n<p>Afin de r\u00e9gler la transaction, le syst\u00e8me IgoriaCard utilisera environ 10,00 EUR et ach\u00e8tera automatiquement le montant manquant de 45,00 EUR en \u00e9changeant PLN en EUR en utilisant le meilleur taux disponible sur IgoriaCard.<\/p>\r\n<a href=\"\/en\/exchange-the-money\/\" class=\"uk-link uk-float-right ic-transparent-back uk-text-large uk-container uk-container-center\">V\u00e9rifiez les d\u00e9tails <i class=\"uk-icon-angle-right uk-text-large\"><\/i><\/a>\r\n<\/div>\r\n\r\n\r\n<\/div>\r\n\r\n\r\n<div class=\"uk-margin-bottom\">\r\n\r\n<div class=\"uk-container uk-container-center uk-text-justify\">\r\n<p class=\"ic-text-normal uk-h3\">Exemple 3 &#8211; R\u00e8glement des voyages d&rsquo;affaires<\/p>\r\n\r\n<p>Le dernier jour de votre voyage d\u2019affaires aux \u00c9tats-Unis, vous r\u00e9glez votre facture pour l\u2019h\u00f4tel. Le montant que vous devez payer est de 170,00 USD. Malheureusement, vous n&rsquo;avez pas de fonds en USD. Sur votre carte de visite, vous avez seulement 510,00 PLN et 250,00 EUR.<\/p>\r\n\r\n<p>Au moment de la transaction avec IgoriaCard, notre syst\u00e8me \u00e9changera de l\u2019argent entre PLN et EUR afin de compl\u00e9ter la transaction. Gr\u00e2ce \u00e0 l&rsquo;\u00e9change automatique, IgoriaCard recevra 122,83 USD de vos fonds PLN et 41,17 USD de vos fonds en EUR.<\/p>\r\n<a href=\"\/en\/payments-online\/\" class=\"uk-link uk-float-right ic-transparent-back uk-text-large uk-container uk-container-center\">V\u00e9rifiez les d\u00e9tails <i class=\"uk-icon-angle-right uk-text-large\"><\/i><\/a>\r\n<\/div>\r\n\r\n\r\n<\/div>\r\n\r\n\r\n\r\n\r\n<div class=\"uk-container uk-container-center uk-text-center uk-margin-large-bottom\"><a class=\"uk-button uk-h3 uk-button-large ic-button-blue uk-container-center ic-text-light\" href=\"https:\/\/igoriacard.com\/registration\/create\/en-GB\">registre<\/a><\/div>\r\n<!--<p class=\"uk-container uk-container-center uk-text-center ic-text-light uk-margin-top uk-margin-bottom uk-h2\">Download the app<\/p>\r\n<div class=\"uk-grid uk-flex-center uk-margin-large-bottom\">\r\n<a href=\"[google-play]\"><div id=\"ic-google-play\"><\/div><\/a><a href=\"[itunes]\"><div id=\"ic-app-store\"><\/div><\/a>\r\n<\/div>-->\r\n\r\n","protected":false},"excerpt":{"rendered":"<p>Taux de change EUR \/ PLN Vendre Acheter USD \/ PLN Vendre Acheter GBP \/ PLN Vendre Acheter CHF \/ PLN Vendre Acheter Tous les taux de change Comment fonctionne IgoriaCard? Exemple 1 &#8211; Paiement \u00e0 la boutique Vous payez 5,57 EUR pour faire vos courses \u00e0 l&rsquo;\u00e9picerie. La carte retirera ce montant, s&rsquo;il est [&hellip;]<\/p>\n","protected":false},"author":1,"featured_media":477,"parent":0,"menu_order":0,"comment_status":"closed","ping_status":"closed","template":"page-common.php","meta":{"footnotes":""},"class_list":["post-216","page","type-page","status-publish","has-post-thumbnail","hentry"],"yoast_head":"<!-- This site is optimized with the Yoast SEO plugin v26.8 - https:\/\/yoast.com\/product\/yoast-seo-wordpress\/ -->\n<title>Currency exchange on the card<\/title>\n<meta name=\"description\" content=\"Available online 24\/7 currency exchange platform makes possible to load the card directly from currency account - flexible and easy.\" \/>\n<meta name=\"robots\" content=\"index, follow, max-snippet:-1, max-image-preview:large, max-video-preview:-1\" \/>\n<link rel=\"canonical\" href=\"https:\/\/www.igoriacard.com\/fr\/currency-exchange\/\" \/>\n<meta property=\"og:locale\" content=\"fr_FR\" \/>\n<meta property=\"og:type\" content=\"article\" \/>\n<meta property=\"og:title\" content=\"Currency exchange on the card\" \/>\n<meta property=\"og:description\" content=\"Available online 24\/7 currency exchange platform makes possible to load the card directly from currency account - flexible and easy.\" \/>\n<meta property=\"og:url\" content=\"https:\/\/www.igoriacard.com\/fr\/currency-exchange\/\" \/>\n<meta property=\"og:site_name\" content=\"IgoriaCard | FR\" \/>\n<meta property=\"article:publisher\" content=\"https:\/\/www.facebook.com\/IgoriaCard\" \/>\n<meta property=\"article:modified_time\" content=\"2019-09-04T13:56:39+00:00\" \/>\n<meta property=\"og:image\" content=\"https:\/\/www.igoriacard.com\/fr\/wp-content\/uploads\/sites\/7\/2017\/02\/tania-wymiana-w-kantorze.jpg\" \/>\n\t<meta property=\"og:image:width\" content=\"1599\" \/>\n\t<meta property=\"og:image:height\" content=\"789\" \/>\n\t<meta property=\"og:image:type\" content=\"image\/jpeg\" \/>\n<meta name=\"twitter:card\" content=\"summary_large_image\" \/>\n<meta name=\"twitter:label1\" content=\"Dur\u00e9e de lecture estim\u00e9e\" \/>\n\t<meta name=\"twitter:data1\" content=\"1 minute\" \/>\n<script type=\"application\/ld+json\" class=\"yoast-schema-graph\">{\"@context\":\"https:\/\/schema.org\",\"@graph\":[{\"@type\":\"WebPage\",\"@id\":\"https:\/\/www.igoriacard.com\/fr\/currency-exchange\/\",\"url\":\"https:\/\/www.igoriacard.com\/fr\/currency-exchange\/\",\"name\":\"Currency exchange on the card\",\"isPartOf\":{\"@id\":\"https:\/\/www.igoriacard.com\/fr\/#website\"},\"primaryImageOfPage\":{\"@id\":\"https:\/\/www.igoriacard.com\/fr\/currency-exchange\/#primaryimage\"},\"image\":{\"@id\":\"https:\/\/www.igoriacard.com\/fr\/currency-exchange\/#primaryimage\"},\"thumbnailUrl\":\"https:\/\/www.igoriacard.com\/fr\/wp-content\/uploads\/sites\/7\/2017\/02\/tania-wymiana-w-kantorze.jpg\",\"datePublished\":\"2017-01-23T16:41:38+00:00\",\"dateModified\":\"2019-09-04T13:56:39+00:00\",\"description\":\"Available online 24\/7 currency exchange platform makes possible to load the card directly from currency account - flexible and easy.\",\"breadcrumb\":{\"@id\":\"https:\/\/www.igoriacard.com\/fr\/currency-exchange\/#breadcrumb\"},\"inLanguage\":\"fr-FR\",\"potentialAction\":[{\"@type\":\"ReadAction\",\"target\":[\"https:\/\/www.igoriacard.com\/fr\/currency-exchange\/\"]}]},{\"@type\":\"ImageObject\",\"inLanguage\":\"fr-FR\",\"@id\":\"https:\/\/www.igoriacard.com\/fr\/currency-exchange\/#primaryimage\",\"url\":\"https:\/\/www.igoriacard.com\/fr\/wp-content\/uploads\/sites\/7\/2017\/02\/tania-wymiana-w-kantorze.jpg\",\"contentUrl\":\"https:\/\/www.igoriacard.com\/fr\/wp-content\/uploads\/sites\/7\/2017\/02\/tania-wymiana-w-kantorze.jpg\",\"width\":1599,\"height\":789,\"caption\":\"IgoriaCard umo\u017cliwia bardzo korzystn\u0105 wymian\u0119 waluty\"},{\"@type\":\"BreadcrumbList\",\"@id\":\"https:\/\/www.igoriacard.com\/fr\/currency-exchange\/#breadcrumb\",\"itemListElement\":[{\"@type\":\"ListItem\",\"position\":1,\"name\":\"Home\",\"item\":\"https:\/\/www.igoriacard.com\/fr\/\"},{\"@type\":\"ListItem\",\"position\":2,\"name\":\"Currency exchange\"}]},{\"@type\":\"WebSite\",\"@id\":\"https:\/\/www.igoriacard.com\/fr\/#website\",\"url\":\"https:\/\/www.igoriacard.com\/fr\/\",\"name\":\"IgoriaCard | FR\",\"description\":\"\",\"potentialAction\":[{\"@type\":\"SearchAction\",\"target\":{\"@type\":\"EntryPoint\",\"urlTemplate\":\"https:\/\/www.igoriacard.com\/fr\/?s={search_term_string}\"},\"query-input\":{\"@type\":\"PropertyValueSpecification\",\"valueRequired\":true,\"valueName\":\"search_term_string\"}}],\"inLanguage\":\"fr-FR\"}]}<\/script>\n<!-- \/ Yoast SEO plugin. -->","yoast_head_json":{"title":"Currency exchange on the card","description":"Available online 24\/7 currency exchange platform makes possible to load the card directly from currency account - flexible and easy.","robots":{"index":"index","follow":"follow","max-snippet":"max-snippet:-1","max-image-preview":"max-image-preview:large","max-video-preview":"max-video-preview:-1"},"canonical":"https:\/\/www.igoriacard.com\/fr\/currency-exchange\/","og_locale":"fr_FR","og_type":"article","og_title":"Currency exchange on the card","og_description":"Available online 24\/7 currency exchange platform makes possible to load the card directly from currency account - flexible and easy.","og_url":"https:\/\/www.igoriacard.com\/fr\/currency-exchange\/","og_site_name":"IgoriaCard | FR","article_publisher":"https:\/\/www.facebook.com\/IgoriaCard","article_modified_time":"2019-09-04T13:56:39+00:00","og_image":[{"width":1599,"height":789,"url":"https:\/\/www.igoriacard.com\/fr\/wp-content\/uploads\/sites\/7\/2017\/02\/tania-wymiana-w-kantorze.jpg","type":"image\/jpeg"}],"twitter_card":"summary_large_image","twitter_misc":{"Dur\u00e9e de lecture estim\u00e9e":"1 minute"},"schema":{"@context":"https:\/\/schema.org","@graph":[{"@type":"WebPage","@id":"https:\/\/www.igoriacard.com\/fr\/currency-exchange\/","url":"https:\/\/www.igoriacard.com\/fr\/currency-exchange\/","name":"Currency exchange on the card","isPartOf":{"@id":"https:\/\/www.igoriacard.com\/fr\/#website"},"primaryImageOfPage":{"@id":"https:\/\/www.igoriacard.com\/fr\/currency-exchange\/#primaryimage"},"image":{"@id":"https:\/\/www.igoriacard.com\/fr\/currency-exchange\/#primaryimage"},"thumbnailUrl":"https:\/\/www.igoriacard.com\/fr\/wp-content\/uploads\/sites\/7\/2017\/02\/tania-wymiana-w-kantorze.jpg","datePublished":"2017-01-23T16:41:38+00:00","dateModified":"2019-09-04T13:56:39+00:00","description":"Available online 24\/7 currency exchange platform makes possible to load the card directly from currency account - flexible and easy.","breadcrumb":{"@id":"https:\/\/www.igoriacard.com\/fr\/currency-exchange\/#breadcrumb"},"inLanguage":"fr-FR","potentialAction":[{"@type":"ReadAction","target":["https:\/\/www.igoriacard.com\/fr\/currency-exchange\/"]}]},{"@type":"ImageObject","inLanguage":"fr-FR","@id":"https:\/\/www.igoriacard.com\/fr\/currency-exchange\/#primaryimage","url":"https:\/\/www.igoriacard.com\/fr\/wp-content\/uploads\/sites\/7\/2017\/02\/tania-wymiana-w-kantorze.jpg","contentUrl":"https:\/\/www.igoriacard.com\/fr\/wp-content\/uploads\/sites\/7\/2017\/02\/tania-wymiana-w-kantorze.jpg","width":1599,"height":789,"caption":"IgoriaCard umo\u017cliwia bardzo korzystn\u0105 wymian\u0119 waluty"},{"@type":"BreadcrumbList","@id":"https:\/\/www.igoriacard.com\/fr\/currency-exchange\/#breadcrumb","itemListElement":[{"@type":"ListItem","position":1,"name":"Home","item":"https:\/\/www.igoriacard.com\/fr\/"},{"@type":"ListItem","position":2,"name":"Currency exchange"}]},{"@type":"WebSite","@id":"https:\/\/www.igoriacard.com\/fr\/#website","url":"https:\/\/www.igoriacard.com\/fr\/","name":"IgoriaCard | FR","description":"","potentialAction":[{"@type":"SearchAction","target":{"@type":"EntryPoint","urlTemplate":"https:\/\/www.igoriacard.com\/fr\/?s={search_term_string}"},"query-input":{"@type":"PropertyValueSpecification","valueRequired":true,"valueName":"search_term_string"}}],"inLanguage":"fr-FR"}]}},"_links":{"self":[{"href":"https:\/\/www.igoriacard.com\/fr\/wp-json\/wp\/v2\/pages\/216","targetHints":{"allow":["GET"]}}],"collection":[{"href":"https:\/\/www.igoriacard.com\/fr\/wp-json\/wp\/v2\/pages"}],"about":[{"href":"https:\/\/www.igoriacard.com\/fr\/wp-json\/wp\/v2\/types\/page"}],"author":[{"embeddable":true,"href":"https:\/\/www.igoriacard.com\/fr\/wp-json\/wp\/v2\/users\/1"}],"replies":[{"embeddable":true,"href":"https:\/\/www.igoriacard.com\/fr\/wp-json\/wp\/v2\/comments?post=216"}],"version-history":[{"count":86,"href":"https:\/\/www.igoriacard.com\/fr\/wp-json\/wp\/v2\/pages\/216\/revisions"}],"predecessor-version":[{"id":1935,"href":"https:\/\/www.igoriacard.com\/fr\/wp-json\/wp\/v2\/pages\/216\/revisions\/1935"}],"wp:featuredmedia":[{"embeddable":true,"href":"https:\/\/www.igoriacard.com\/fr\/wp-json\/wp\/v2\/media\/477"}],"wp:attachment":[{"href":"https:\/\/www.igoriacard.com\/fr\/wp-json\/wp\/v2\/media?parent=216"}],"curies":[{"name":"wp","href":"https:\/\/api.w.org\/{rel}","templated":true}]}}