{"id":1448,"date":"2017-08-07T14:46:39","date_gmt":"2017-08-07T12:46:39","guid":{"rendered":"https:\/\/www.igoriacard.com\/it\/?page_id=1448"},"modified":"2017-08-07T14:46:39","modified_gmt":"2017-08-07T12:46:39","slug":"chf","status":"publish","type":"page","link":"https:\/\/www.igoriacard.com\/it\/chf\/","title":{"rendered":"CHF"},"content":{"rendered":"","protected":false},"excerpt":{"rendered":"","protected":false},"author":1,"featured_media":477,"parent":0,"menu_order":0,"comment_status":"closed","ping_status":"closed","template":"page-currency.php","meta":{"footnotes":""},"class_list":["post-1448","page","type-page","status-publish","has-post-thumbnail","hentry"],"yoast_head":"<!-- This site is optimized with the Yoast SEO plugin v26.8 - https:\/\/yoast.com\/product\/yoast-seo-wordpress\/ -->\n<title>CHF - IgoriaCard | IT<\/title>\n<meta name=\"robots\" content=\"index, follow, max-snippet:-1, max-image-preview:large, max-video-preview:-1\" \/>\n<link rel=\"canonical\" href=\"https:\/\/www.igoriacard.com\/it\/chf\/\" \/>\n<meta property=\"og:locale\" content=\"it_IT\" \/>\n<meta property=\"og:type\" content=\"article\" \/>\n<meta property=\"og:title\" content=\"CHF - IgoriaCard | IT\" \/>\n<meta property=\"og:url\" content=\"https:\/\/www.igoriacard.com\/it\/chf\/\" \/>\n<meta property=\"og:site_name\" content=\"IgoriaCard | IT\" \/>\n<meta property=\"article:publisher\" content=\"https:\/\/www.facebook.com\/IgoriaCard\" \/>\n<meta property=\"og:image\" content=\"https:\/\/www.igoriacard.com\/it\/wp-content\/uploads\/sites\/11\/2017\/02\/tania-wymiana-w-kantorze.jpg\" \/>\n\t<meta property=\"og:image:width\" content=\"1599\" \/>\n\t<meta property=\"og:image:height\" content=\"789\" \/>\n\t<meta property=\"og:image:type\" content=\"image\/jpeg\" \/>\n<meta name=\"twitter:card\" content=\"summary_large_image\" \/>\n<script type=\"application\/ld+json\" class=\"yoast-schema-graph\">{\"@context\":\"https:\/\/schema.org\",\"@graph\":[{\"@type\":\"WebPage\",\"@id\":\"https:\/\/www.igoriacard.com\/it\/chf\/\",\"url\":\"https:\/\/www.igoriacard.com\/it\/chf\/\",\"name\":\"CHF - IgoriaCard | IT\",\"isPartOf\":{\"@id\":\"https:\/\/www.igoriacard.com\/it\/#website\"},\"primaryImageOfPage\":{\"@id\":\"https:\/\/www.igoriacard.com\/it\/chf\/#primaryimage\"},\"image\":{\"@id\":\"https:\/\/www.igoriacard.com\/it\/chf\/#primaryimage\"},\"thumbnailUrl\":\"https:\/\/www.igoriacard.com\/it\/wp-content\/uploads\/sites\/11\/2017\/02\/tania-wymiana-w-kantorze.jpg\",\"datePublished\":\"2017-08-07T12:46:39+00:00\",\"breadcrumb\":{\"@id\":\"https:\/\/www.igoriacard.com\/it\/chf\/#breadcrumb\"},\"inLanguage\":\"it-IT\",\"potentialAction\":[{\"@type\":\"ReadAction\",\"target\":[\"https:\/\/www.igoriacard.com\/it\/chf\/\"]}]},{\"@type\":\"ImageObject\",\"inLanguage\":\"it-IT\",\"@id\":\"https:\/\/www.igoriacard.com\/it\/chf\/#primaryimage\",\"url\":\"https:\/\/www.igoriacard.com\/it\/wp-content\/uploads\/sites\/11\/2017\/02\/tania-wymiana-w-kantorze.jpg\",\"contentUrl\":\"https:\/\/www.igoriacard.com\/it\/wp-content\/uploads\/sites\/11\/2017\/02\/tania-wymiana-w-kantorze.jpg\",\"width\":1599,\"height\":789,\"caption\":\"IgoriaCard umo\u017cliwia bardzo korzystn\u0105 wymian\u0119 waluty\"},{\"@type\":\"BreadcrumbList\",\"@id\":\"https:\/\/www.igoriacard.com\/it\/chf\/#breadcrumb\",\"itemListElement\":[{\"@type\":\"ListItem\",\"position\":1,\"name\":\"Home\",\"item\":\"https:\/\/www.igoriacard.com\/it\/\"},{\"@type\":\"ListItem\",\"position\":2,\"name\":\"CHF\"}]},{\"@type\":\"WebSite\",\"@id\":\"https:\/\/www.igoriacard.com\/it\/#website\",\"url\":\"https:\/\/www.igoriacard.com\/it\/\",\"name\":\"IgoriaCard | IT\",\"description\":\"\",\"potentialAction\":[{\"@type\":\"SearchAction\",\"target\":{\"@type\":\"EntryPoint\",\"urlTemplate\":\"https:\/\/www.igoriacard.com\/it\/?s={search_term_string}\"},\"query-input\":{\"@type\":\"PropertyValueSpecification\",\"valueRequired\":true,\"valueName\":\"search_term_string\"}}],\"inLanguage\":\"it-IT\"}]}<\/script>\n<!-- \/ Yoast SEO plugin. -->","yoast_head_json":{"title":"CHF - IgoriaCard | IT","robots":{"index":"index","follow":"follow","max-snippet":"max-snippet:-1","max-image-preview":"max-image-preview:large","max-video-preview":"max-video-preview:-1"},"canonical":"https:\/\/www.igoriacard.com\/it\/chf\/","og_locale":"it_IT","og_type":"article","og_title":"CHF - IgoriaCard | IT","og_url":"https:\/\/www.igoriacard.com\/it\/chf\/","og_site_name":"IgoriaCard | IT","article_publisher":"https:\/\/www.facebook.com\/IgoriaCard","og_image":[{"width":1599,"height":789,"url":"https:\/\/www.igoriacard.com\/it\/wp-content\/uploads\/sites\/11\/2017\/02\/tania-wymiana-w-kantorze.jpg","type":"image\/jpeg"}],"twitter_card":"summary_large_image","schema":{"@context":"https:\/\/schema.org","@graph":[{"@type":"WebPage","@id":"https:\/\/www.igoriacard.com\/it\/chf\/","url":"https:\/\/www.igoriacard.com\/it\/chf\/","name":"CHF - IgoriaCard | IT","isPartOf":{"@id":"https:\/\/www.igoriacard.com\/it\/#website"},"primaryImageOfPage":{"@id":"https:\/\/www.igoriacard.com\/it\/chf\/#primaryimage"},"image":{"@id":"https:\/\/www.igoriacard.com\/it\/chf\/#primaryimage"},"thumbnailUrl":"https:\/\/www.igoriacard.com\/it\/wp-content\/uploads\/sites\/11\/2017\/02\/tania-wymiana-w-kantorze.jpg","datePublished":"2017-08-07T12:46:39+00:00","breadcrumb":{"@id":"https:\/\/www.igoriacard.com\/it\/chf\/#breadcrumb"},"inLanguage":"it-IT","potentialAction":[{"@type":"ReadAction","target":["https:\/\/www.igoriacard.com\/it\/chf\/"]}]},{"@type":"ImageObject","inLanguage":"it-IT","@id":"https:\/\/www.igoriacard.com\/it\/chf\/#primaryimage","url":"https:\/\/www.igoriacard.com\/it\/wp-content\/uploads\/sites\/11\/2017\/02\/tania-wymiana-w-kantorze.jpg","contentUrl":"https:\/\/www.igoriacard.com\/it\/wp-content\/uploads\/sites\/11\/2017\/02\/tania-wymiana-w-kantorze.jpg","width":1599,"height":789,"caption":"IgoriaCard umo\u017cliwia bardzo korzystn\u0105 wymian\u0119 waluty"},{"@type":"BreadcrumbList","@id":"https:\/\/www.igoriacard.com\/it\/chf\/#breadcrumb","itemListElement":[{"@type":"ListItem","position":1,"name":"Home","item":"https:\/\/www.igoriacard.com\/it\/"},{"@type":"ListItem","position":2,"name":"CHF"}]},{"@type":"WebSite","@id":"https:\/\/www.igoriacard.com\/it\/#website","url":"https:\/\/www.igoriacard.com\/it\/","name":"IgoriaCard | IT","description":"","potentialAction":[{"@type":"SearchAction","target":{"@type":"EntryPoint","urlTemplate":"https:\/\/www.igoriacard.com\/it\/?s={search_term_string}"},"query-input":{"@type":"PropertyValueSpecification","valueRequired":true,"valueName":"search_term_string"}}],"inLanguage":"it-IT"}]}},"_links":{"self":[{"href":"https:\/\/www.igoriacard.com\/it\/wp-json\/wp\/v2\/pages\/1448","targetHints":{"allow":["GET"]}}],"collection":[{"href":"https:\/\/www.igoriacard.com\/it\/wp-json\/wp\/v2\/pages"}],"about":[{"href":"https:\/\/www.igoriacard.com\/it\/wp-json\/wp\/v2\/types\/page"}],"author":[{"embeddable":true,"href":"https:\/\/www.igoriacard.com\/it\/wp-json\/wp\/v2\/users\/1"}],"replies":[{"embeddable":true,"href":"https:\/\/www.igoriacard.com\/it\/wp-json\/wp\/v2\/comments?post=1448"}],"version-history":[{"count":1,"href":"https:\/\/www.igoriacard.com\/it\/wp-json\/wp\/v2\/pages\/1448\/revisions"}],"predecessor-version":[{"id":1449,"href":"https:\/\/www.igoriacard.com\/it\/wp-json\/wp\/v2\/pages\/1448\/revisions\/1449"}],"wp:featuredmedia":[{"embeddable":true,"href":"https:\/\/www.igoriacard.com\/it\/wp-json\/wp\/v2\/media\/477"}],"wp:attachment":[{"href":"https:\/\/www.igoriacard.com\/it\/wp-json\/wp\/v2\/media?parent=1448"}],"curies":[{"name":"wp","href":"https:\/\/api.w.org\/{rel}","templated":true}]}}