{"id":183,"date":"2017-01-20T10:34:45","date_gmt":"2017-01-20T09:34:45","guid":{"rendered":"http:\/\/localhost\/var\/www\/clients\/client1\/web1\/web\/?page_id=183"},"modified":"2017-09-06T18:03:13","modified_gmt":"2017-09-06T16:03:13","slug":"about-us","status":"publish","type":"page","link":"https:\/\/www.igoriacard.com\/it\/about-us\/","title":{"rendered":"About us"},"content":{"rendered":"<div class='uk-text-center uk-contrast uk-margin-large-top'>\r\n\r\n<p class='uk-container uk-container-center uk-h3'>IgoriaCard is the most groundbreaking product in the financial industry.<\/p>\r\n\r\n\r\n<ul class='uk-container uk-container-center uk-text-left uk-margin-large-bottom'>\r\n<li class='uk-margin-small-bottom'>17 accounts in different currencies (PLN, EUR, USD, GBP, CHF, NOK, SEK, DKK, CZK, RON, BGN, ILS, AUD, CAD, RUB, TRY, HUF) which are directly linked to IgoriaCard currency exchange and integrated with multicurrency card<\/li>\r\n<li class='uk-margin-small-bottom'>nominative or nameless card &#8211; plastic or virtual<\/li>\r\n<li class='uk-margin-small-bottom'>virtual card available in 15 minutes, plastic card in 48h with activation in 15 minutes<\/li>\r\n<li class='uk-margin-small-bottom'>load a card account by a bank transfer from more than 40 banks or with another card<\/li>\r\n<li class='uk-margin-small-bottom'>currency exchange &#8211; FX transactions are performed automatically during the payment or manually &#8211;  according to client&#8217;s  instruction &#8211; online and  24\/7<\/li>\r\n<li class='uk-margin-small-bottom'>the card automatically adjusts to the local currency of the country you are in<\/li>\r\n<li class='uk-margin-small-bottom'>multicurrency auxiliary accounts with the ability to connect employee cards with the primary account and make automatic or manual transfer of funds<\/li>\r\n<li class='uk-margin-small-bottom'>an intuitive and easy-to-use platform that enables to manage multicurrency cards and available funds in many currencies with free of charge, online and 24\/7 access<\/li>\r\n<li class='uk-margin-small-bottom'>individual quota and time limits set for a single card<\/li>\r\n<li class='uk-margin-small-bottom'>Call-Center customer support available 24\/7<\/li>\r\n<li class='uk-margin-small-bottom'>platform protected with the highest SSL encryption<\/li>\r\n<\/ul>\r\n<a class=\"uk-text-bold uk-h3 uk-contrast\" href=\"\/en\/security-of-igoriacard\/\">Safety of IgoriaCard<i class=\"uk-icon-angle-right uk-margin-left\"><\/i><\/a>\r\n\r\n<\/div>","protected":false},"excerpt":{"rendered":"<p>IgoriaCard is the most groundbreaking product in the financial industry. 17 accounts in different currencies (PLN, EUR, USD, GBP, CHF, NOK, SEK, DKK, CZK, RON, BGN, ILS, AUD, CAD, RUB, TRY, HUF) which are directly linked to IgoriaCard currency exchange and integrated with multicurrency card nominative or nameless card &#8211; plastic or virtual virtual card [&hellip;]<\/p>\n","protected":false},"author":1,"featured_media":491,"parent":0,"menu_order":0,"comment_status":"closed","ping_status":"closed","template":"page-full-image.php","meta":{"footnotes":""},"class_list":["post-183","page","type-page","status-publish","has-post-thumbnail","hentry"],"yoast_head":"<!-- This site is optimized with the Yoast SEO plugin v26.8 - https:\/\/yoast.com\/product\/yoast-seo-wordpress\/ -->\n<title>About us - IgoriaCard | IT<\/title>\n<meta name=\"description\" content=\"IgoriaCard to najbardziej innowacyjna platforma p\u0142atnicza obs\u0142uguj\u0105ca transakcje w 17 walutach przy u\u017cyciu jednej karty p\u0142atniczej.\" \/>\n<meta name=\"robots\" content=\"index, follow, max-snippet:-1, max-image-preview:large, max-video-preview:-1\" \/>\n<link rel=\"canonical\" href=\"https:\/\/www.igoriacard.com\/it\/about-us\/\" \/>\n<meta property=\"og:locale\" content=\"it_IT\" \/>\n<meta property=\"og:type\" content=\"article\" \/>\n<meta property=\"og:title\" content=\"About us - IgoriaCard | IT\" \/>\n<meta property=\"og:description\" content=\"IgoriaCard to najbardziej innowacyjna platforma p\u0142atnicza obs\u0142uguj\u0105ca transakcje w 17 walutach przy u\u017cyciu jednej karty p\u0142atniczej.\" \/>\n<meta property=\"og:url\" content=\"https:\/\/www.igoriacard.com\/it\/about-us\/\" \/>\n<meta property=\"og:site_name\" content=\"IgoriaCard | IT\" \/>\n<meta property=\"article:publisher\" content=\"https:\/\/www.facebook.com\/IgoriaCard\" \/>\n<meta property=\"article:modified_time\" content=\"2017-09-06T16:03:13+00:00\" \/>\n<meta property=\"og:image\" content=\"https:\/\/www.igoriacard.com\/it\/wp-content\/uploads\/sites\/11\/2017\/02\/O-NAS.jpg\" \/>\n\t<meta property=\"og:image:width\" content=\"1719\" \/>\n\t<meta property=\"og:image:height\" content=\"841\" \/>\n\t<meta property=\"og:image:type\" content=\"image\/jpeg\" \/>\n<meta name=\"twitter:card\" content=\"summary_large_image\" \/>\n<meta name=\"twitter:label1\" content=\"Tempo di lettura stimato\" \/>\n\t<meta name=\"twitter:data1\" content=\"1 minuto\" \/>\n<script type=\"application\/ld+json\" class=\"yoast-schema-graph\">{\"@context\":\"https:\/\/schema.org\",\"@graph\":[{\"@type\":\"WebPage\",\"@id\":\"https:\/\/www.igoriacard.com\/it\/about-us\/\",\"url\":\"https:\/\/www.igoriacard.com\/it\/about-us\/\",\"name\":\"About us - IgoriaCard | IT\",\"isPartOf\":{\"@id\":\"https:\/\/www.igoriacard.com\/it\/#website\"},\"primaryImageOfPage\":{\"@id\":\"https:\/\/www.igoriacard.com\/it\/about-us\/#primaryimage\"},\"image\":{\"@id\":\"https:\/\/www.igoriacard.com\/it\/about-us\/#primaryimage\"},\"thumbnailUrl\":\"https:\/\/www.igoriacard.com\/it\/wp-content\/uploads\/sites\/11\/2017\/02\/O-NAS.jpg\",\"datePublished\":\"2017-01-20T09:34:45+00:00\",\"dateModified\":\"2017-09-06T16:03:13+00:00\",\"description\":\"IgoriaCard to najbardziej innowacyjna platforma p\u0142atnicza obs\u0142uguj\u0105ca transakcje w 17 walutach przy u\u017cyciu jednej karty p\u0142atniczej.\",\"breadcrumb\":{\"@id\":\"https:\/\/www.igoriacard.com\/it\/about-us\/#breadcrumb\"},\"inLanguage\":\"it-IT\",\"potentialAction\":[{\"@type\":\"ReadAction\",\"target\":[\"https:\/\/www.igoriacard.com\/it\/about-us\/\"]}]},{\"@type\":\"ImageObject\",\"inLanguage\":\"it-IT\",\"@id\":\"https:\/\/www.igoriacard.com\/it\/about-us\/#primaryimage\",\"url\":\"https:\/\/www.igoriacard.com\/it\/wp-content\/uploads\/sites\/11\/2017\/02\/O-NAS.jpg\",\"contentUrl\":\"https:\/\/www.igoriacard.com\/it\/wp-content\/uploads\/sites\/11\/2017\/02\/O-NAS.jpg\",\"width\":1719,\"height\":841,\"caption\":\"IgoriaCard\"},{\"@type\":\"BreadcrumbList\",\"@id\":\"https:\/\/www.igoriacard.com\/it\/about-us\/#breadcrumb\",\"itemListElement\":[{\"@type\":\"ListItem\",\"position\":1,\"name\":\"Home\",\"item\":\"https:\/\/www.igoriacard.com\/it\/\"},{\"@type\":\"ListItem\",\"position\":2,\"name\":\"About us\"}]},{\"@type\":\"WebSite\",\"@id\":\"https:\/\/www.igoriacard.com\/it\/#website\",\"url\":\"https:\/\/www.igoriacard.com\/it\/\",\"name\":\"IgoriaCard | IT\",\"description\":\"\",\"potentialAction\":[{\"@type\":\"SearchAction\",\"target\":{\"@type\":\"EntryPoint\",\"urlTemplate\":\"https:\/\/www.igoriacard.com\/it\/?s={search_term_string}\"},\"query-input\":{\"@type\":\"PropertyValueSpecification\",\"valueRequired\":true,\"valueName\":\"search_term_string\"}}],\"inLanguage\":\"it-IT\"}]}<\/script>\n<!-- \/ Yoast SEO plugin. -->","yoast_head_json":{"title":"About us - IgoriaCard | IT","description":"IgoriaCard to najbardziej innowacyjna platforma p\u0142atnicza obs\u0142uguj\u0105ca transakcje w 17 walutach przy u\u017cyciu jednej karty p\u0142atniczej.","robots":{"index":"index","follow":"follow","max-snippet":"max-snippet:-1","max-image-preview":"max-image-preview:large","max-video-preview":"max-video-preview:-1"},"canonical":"https:\/\/www.igoriacard.com\/it\/about-us\/","og_locale":"it_IT","og_type":"article","og_title":"About us - IgoriaCard | IT","og_description":"IgoriaCard to najbardziej innowacyjna platforma p\u0142atnicza obs\u0142uguj\u0105ca transakcje w 17 walutach przy u\u017cyciu jednej karty p\u0142atniczej.","og_url":"https:\/\/www.igoriacard.com\/it\/about-us\/","og_site_name":"IgoriaCard | IT","article_publisher":"https:\/\/www.facebook.com\/IgoriaCard","article_modified_time":"2017-09-06T16:03:13+00:00","og_image":[{"width":1719,"height":841,"url":"https:\/\/www.igoriacard.com\/it\/wp-content\/uploads\/sites\/11\/2017\/02\/O-NAS.jpg","type":"image\/jpeg"}],"twitter_card":"summary_large_image","twitter_misc":{"Tempo di lettura stimato":"1 minuto"},"schema":{"@context":"https:\/\/schema.org","@graph":[{"@type":"WebPage","@id":"https:\/\/www.igoriacard.com\/it\/about-us\/","url":"https:\/\/www.igoriacard.com\/it\/about-us\/","name":"About us - IgoriaCard | IT","isPartOf":{"@id":"https:\/\/www.igoriacard.com\/it\/#website"},"primaryImageOfPage":{"@id":"https:\/\/www.igoriacard.com\/it\/about-us\/#primaryimage"},"image":{"@id":"https:\/\/www.igoriacard.com\/it\/about-us\/#primaryimage"},"thumbnailUrl":"https:\/\/www.igoriacard.com\/it\/wp-content\/uploads\/sites\/11\/2017\/02\/O-NAS.jpg","datePublished":"2017-01-20T09:34:45+00:00","dateModified":"2017-09-06T16:03:13+00:00","description":"IgoriaCard to najbardziej innowacyjna platforma p\u0142atnicza obs\u0142uguj\u0105ca transakcje w 17 walutach przy u\u017cyciu jednej karty p\u0142atniczej.","breadcrumb":{"@id":"https:\/\/www.igoriacard.com\/it\/about-us\/#breadcrumb"},"inLanguage":"it-IT","potentialAction":[{"@type":"ReadAction","target":["https:\/\/www.igoriacard.com\/it\/about-us\/"]}]},{"@type":"ImageObject","inLanguage":"it-IT","@id":"https:\/\/www.igoriacard.com\/it\/about-us\/#primaryimage","url":"https:\/\/www.igoriacard.com\/it\/wp-content\/uploads\/sites\/11\/2017\/02\/O-NAS.jpg","contentUrl":"https:\/\/www.igoriacard.com\/it\/wp-content\/uploads\/sites\/11\/2017\/02\/O-NAS.jpg","width":1719,"height":841,"caption":"IgoriaCard"},{"@type":"BreadcrumbList","@id":"https:\/\/www.igoriacard.com\/it\/about-us\/#breadcrumb","itemListElement":[{"@type":"ListItem","position":1,"name":"Home","item":"https:\/\/www.igoriacard.com\/it\/"},{"@type":"ListItem","position":2,"name":"About us"}]},{"@type":"WebSite","@id":"https:\/\/www.igoriacard.com\/it\/#website","url":"https:\/\/www.igoriacard.com\/it\/","name":"IgoriaCard | IT","description":"","potentialAction":[{"@type":"SearchAction","target":{"@type":"EntryPoint","urlTemplate":"https:\/\/www.igoriacard.com\/it\/?s={search_term_string}"},"query-input":{"@type":"PropertyValueSpecification","valueRequired":true,"valueName":"search_term_string"}}],"inLanguage":"it-IT"}]}},"_links":{"self":[{"href":"https:\/\/www.igoriacard.com\/it\/wp-json\/wp\/v2\/pages\/183","targetHints":{"allow":["GET"]}}],"collection":[{"href":"https:\/\/www.igoriacard.com\/it\/wp-json\/wp\/v2\/pages"}],"about":[{"href":"https:\/\/www.igoriacard.com\/it\/wp-json\/wp\/v2\/types\/page"}],"author":[{"embeddable":true,"href":"https:\/\/www.igoriacard.com\/it\/wp-json\/wp\/v2\/users\/1"}],"replies":[{"embeddable":true,"href":"https:\/\/www.igoriacard.com\/it\/wp-json\/wp\/v2\/comments?post=183"}],"version-history":[{"count":4,"href":"https:\/\/www.igoriacard.com\/it\/wp-json\/wp\/v2\/pages\/183\/revisions"}],"predecessor-version":[{"id":1640,"href":"https:\/\/www.igoriacard.com\/it\/wp-json\/wp\/v2\/pages\/183\/revisions\/1640"}],"wp:featuredmedia":[{"embeddable":true,"href":"https:\/\/www.igoriacard.com\/it\/wp-json\/wp\/v2\/media\/491"}],"wp:attachment":[{"href":"https:\/\/www.igoriacard.com\/it\/wp-json\/wp\/v2\/media?parent=183"}],"curies":[{"name":"wp","href":"https:\/\/api.w.org\/{rel}","templated":true}]}}