{"id":191,"date":"2017-01-20T10:47:55","date_gmt":"2017-01-20T09:47:55","guid":{"rendered":"http:\/\/localhost\/var\/www\/clients\/client1\/web1\/web\/?page_id=191"},"modified":"2018-03-12T10:29:33","modified_gmt":"2018-03-12T09:29:33","slug":"partners","status":"publish","type":"page","link":"https:\/\/www.igoriacard.com\/it\/partners\/","title":{"rendered":"Our partners"},"content":{"rendered":"<div class=\"uk-container uk-container-center uk-margin-top\">\r\n<h3 class=\"ic-lato\">Our partners<\/h3>\r\n\r\n<div class=\"uk-grid uk-grid-width-small-1-2 uk-grid-width-medium-1-4 uk-margin-top\">\r\n\r\n<div class=\"uk-vertical-align uk-text-center\">\r\n<div class=\"uk-panel uk-panel-box uk-vertical-align-middle\">\r\n    <div class=\"uk-panel-teaser\">\r\n        <img loading=\"lazy\" decoding=\"async\" src=\"https:\/\/www.igoriacard.com\/it\/wp-content\/uploads\/sites\/11\/2017\/01\/sia-300x230.jpg\" alt=\"\" width=\"300\" height=\"230\" class=\"aligncenter size-medium wp-image-1485\" \/>\r\n    <\/div>\r\n<\/div>\r\n<\/div>\r\n\r\n<div class=\"uk-vertical-align uk-text-center\">\r\n<div class=\"uk-panel uk-panel-box uk-vertical-align-middle\">\r\n    <div class=\"uk-panel-teaser\">\r\n<img loading=\"lazy\" decoding=\"async\" src=\"https:\/\/www.igoriacard.com\/it\/wp-content\/uploads\/sites\/11\/2017\/01\/mastercard-300x230.jpg\" alt=\"\" width=\"300\" height=\"230\" class=\"aligncenter size-medium wp-image-1484\" \/>\r\n    <\/div>\r\n<\/div>\r\n<\/div>\r\n\r\n<div class=\"uk-vertical-align uk-text-center\">\r\n<div class=\"uk-panel uk-panel-box uk-vertical-align-middle\">\r\n    <div class=\"uk-panel-teaser\">\r\n<img loading=\"lazy\" decoding=\"async\" src=\"https:\/\/www.igoriacard.com\/wp-content\/uploads\/2017\/01\/discover-idemia-300x230.jpg\" alt=\"\" width=\"300\" height=\"230\" class=\"aligncenter size-medium wp-image-1483\" \/>\r\n    <\/div>\r\n<\/div>\r\n<\/div>\r\n\r\n<\/div>\r\n<\/div>","protected":false},"excerpt":{"rendered":"<p>Our partners<\/p>\n","protected":false},"author":1,"featured_media":0,"parent":0,"menu_order":0,"comment_status":"closed","ping_status":"closed","template":"page-no-header.php","meta":{"footnotes":""},"class_list":["post-191","page","type-page","status-publish","hentry"],"yoast_head":"<!-- This site is optimized with the Yoast SEO plugin v26.8 - https:\/\/yoast.com\/product\/yoast-seo-wordpress\/ -->\n<title>Our partners - IgoriaCard | IT<\/title>\n<meta name=\"description\" content=\"Jako jedyna na rynku platforma obs\u0142uguj\u0105ca p\u0142atno\u015bci wielowalutowe realizowane za pomoc\u0105 kart p\u0142atniczych, wsp\u00f3\u0142pracujemy z szeregiem topowych firm.\" \/>\n<meta name=\"robots\" content=\"index, follow, max-snippet:-1, max-image-preview:large, max-video-preview:-1\" \/>\n<link rel=\"canonical\" href=\"https:\/\/www.igoriacard.com\/it\/partners\/\" \/>\n<meta property=\"og:locale\" content=\"it_IT\" \/>\n<meta property=\"og:type\" content=\"article\" \/>\n<meta property=\"og:title\" content=\"Our partners - IgoriaCard | IT\" \/>\n<meta property=\"og:description\" content=\"Jako jedyna na rynku platforma obs\u0142uguj\u0105ca p\u0142atno\u015bci wielowalutowe realizowane za pomoc\u0105 kart p\u0142atniczych, wsp\u00f3\u0142pracujemy z szeregiem topowych firm.\" \/>\n<meta property=\"og:url\" content=\"https:\/\/www.igoriacard.com\/it\/partners\/\" \/>\n<meta property=\"og:site_name\" content=\"IgoriaCard | IT\" \/>\n<meta property=\"article:publisher\" content=\"https:\/\/www.facebook.com\/IgoriaCard\" \/>\n<meta property=\"article:modified_time\" content=\"2018-03-12T09:29:33+00:00\" \/>\n<meta property=\"og:image\" content=\"https:\/\/www.igoriacard.com\/it\/wp-content\/uploads\/sites\/11\/2017\/01\/sia-300x230.jpg\" \/>\n<meta name=\"twitter:card\" content=\"summary_large_image\" \/>\n<script type=\"application\/ld+json\" class=\"yoast-schema-graph\">{\"@context\":\"https:\/\/schema.org\",\"@graph\":[{\"@type\":\"WebPage\",\"@id\":\"https:\/\/www.igoriacard.com\/it\/partners\/\",\"url\":\"https:\/\/www.igoriacard.com\/it\/partners\/\",\"name\":\"Our partners - IgoriaCard | IT\",\"isPartOf\":{\"@id\":\"https:\/\/www.igoriacard.com\/it\/#website\"},\"primaryImageOfPage\":{\"@id\":\"https:\/\/www.igoriacard.com\/it\/partners\/#primaryimage\"},\"image\":{\"@id\":\"https:\/\/www.igoriacard.com\/it\/partners\/#primaryimage\"},\"thumbnailUrl\":\"https:\/\/www.igoriacard.com\/it\/wp-content\/uploads\/sites\/11\/2017\/01\/sia-300x230.jpg\",\"datePublished\":\"2017-01-20T09:47:55+00:00\",\"dateModified\":\"2018-03-12T09:29:33+00:00\",\"description\":\"Jako jedyna na rynku platforma obs\u0142uguj\u0105ca p\u0142atno\u015bci wielowalutowe realizowane za pomoc\u0105 kart p\u0142atniczych, wsp\u00f3\u0142pracujemy z szeregiem topowych firm.\",\"breadcrumb\":{\"@id\":\"https:\/\/www.igoriacard.com\/it\/partners\/#breadcrumb\"},\"inLanguage\":\"it-IT\",\"potentialAction\":[{\"@type\":\"ReadAction\",\"target\":[\"https:\/\/www.igoriacard.com\/it\/partners\/\"]}]},{\"@type\":\"ImageObject\",\"inLanguage\":\"it-IT\",\"@id\":\"https:\/\/www.igoriacard.com\/it\/partners\/#primaryimage\",\"url\":\"https:\/\/www.igoriacard.com\/it\/wp-content\/uploads\/sites\/11\/2017\/01\/sia.jpg\",\"contentUrl\":\"https:\/\/www.igoriacard.com\/it\/wp-content\/uploads\/sites\/11\/2017\/01\/sia.jpg\",\"width\":300,\"height\":230},{\"@type\":\"BreadcrumbList\",\"@id\":\"https:\/\/www.igoriacard.com\/it\/partners\/#breadcrumb\",\"itemListElement\":[{\"@type\":\"ListItem\",\"position\":1,\"name\":\"Home\",\"item\":\"https:\/\/www.igoriacard.com\/it\/\"},{\"@type\":\"ListItem\",\"position\":2,\"name\":\"Our partners\"}]},{\"@type\":\"WebSite\",\"@id\":\"https:\/\/www.igoriacard.com\/it\/#website\",\"url\":\"https:\/\/www.igoriacard.com\/it\/\",\"name\":\"IgoriaCard | IT\",\"description\":\"\",\"potentialAction\":[{\"@type\":\"SearchAction\",\"target\":{\"@type\":\"EntryPoint\",\"urlTemplate\":\"https:\/\/www.igoriacard.com\/it\/?s={search_term_string}\"},\"query-input\":{\"@type\":\"PropertyValueSpecification\",\"valueRequired\":true,\"valueName\":\"search_term_string\"}}],\"inLanguage\":\"it-IT\"}]}<\/script>\n<!-- \/ Yoast SEO plugin. -->","yoast_head_json":{"title":"Our partners - IgoriaCard | IT","description":"Jako jedyna na rynku platforma obs\u0142uguj\u0105ca p\u0142atno\u015bci wielowalutowe realizowane za pomoc\u0105 kart p\u0142atniczych, wsp\u00f3\u0142pracujemy z szeregiem topowych firm.","robots":{"index":"index","follow":"follow","max-snippet":"max-snippet:-1","max-image-preview":"max-image-preview:large","max-video-preview":"max-video-preview:-1"},"canonical":"https:\/\/www.igoriacard.com\/it\/partners\/","og_locale":"it_IT","og_type":"article","og_title":"Our partners - IgoriaCard | IT","og_description":"Jako jedyna na rynku platforma obs\u0142uguj\u0105ca p\u0142atno\u015bci wielowalutowe realizowane za pomoc\u0105 kart p\u0142atniczych, wsp\u00f3\u0142pracujemy z szeregiem topowych firm.","og_url":"https:\/\/www.igoriacard.com\/it\/partners\/","og_site_name":"IgoriaCard | IT","article_publisher":"https:\/\/www.facebook.com\/IgoriaCard","article_modified_time":"2018-03-12T09:29:33+00:00","og_image":[{"url":"https:\/\/www.igoriacard.com\/it\/wp-content\/uploads\/sites\/11\/2017\/01\/sia-300x230.jpg","type":"","width":"","height":""}],"twitter_card":"summary_large_image","schema":{"@context":"https:\/\/schema.org","@graph":[{"@type":"WebPage","@id":"https:\/\/www.igoriacard.com\/it\/partners\/","url":"https:\/\/www.igoriacard.com\/it\/partners\/","name":"Our partners - IgoriaCard | IT","isPartOf":{"@id":"https:\/\/www.igoriacard.com\/it\/#website"},"primaryImageOfPage":{"@id":"https:\/\/www.igoriacard.com\/it\/partners\/#primaryimage"},"image":{"@id":"https:\/\/www.igoriacard.com\/it\/partners\/#primaryimage"},"thumbnailUrl":"https:\/\/www.igoriacard.com\/it\/wp-content\/uploads\/sites\/11\/2017\/01\/sia-300x230.jpg","datePublished":"2017-01-20T09:47:55+00:00","dateModified":"2018-03-12T09:29:33+00:00","description":"Jako jedyna na rynku platforma obs\u0142uguj\u0105ca p\u0142atno\u015bci wielowalutowe realizowane za pomoc\u0105 kart p\u0142atniczych, wsp\u00f3\u0142pracujemy z szeregiem topowych firm.","breadcrumb":{"@id":"https:\/\/www.igoriacard.com\/it\/partners\/#breadcrumb"},"inLanguage":"it-IT","potentialAction":[{"@type":"ReadAction","target":["https:\/\/www.igoriacard.com\/it\/partners\/"]}]},{"@type":"ImageObject","inLanguage":"it-IT","@id":"https:\/\/www.igoriacard.com\/it\/partners\/#primaryimage","url":"https:\/\/www.igoriacard.com\/it\/wp-content\/uploads\/sites\/11\/2017\/01\/sia.jpg","contentUrl":"https:\/\/www.igoriacard.com\/it\/wp-content\/uploads\/sites\/11\/2017\/01\/sia.jpg","width":300,"height":230},{"@type":"BreadcrumbList","@id":"https:\/\/www.igoriacard.com\/it\/partners\/#breadcrumb","itemListElement":[{"@type":"ListItem","position":1,"name":"Home","item":"https:\/\/www.igoriacard.com\/it\/"},{"@type":"ListItem","position":2,"name":"Our partners"}]},{"@type":"WebSite","@id":"https:\/\/www.igoriacard.com\/it\/#website","url":"https:\/\/www.igoriacard.com\/it\/","name":"IgoriaCard | IT","description":"","potentialAction":[{"@type":"SearchAction","target":{"@type":"EntryPoint","urlTemplate":"https:\/\/www.igoriacard.com\/it\/?s={search_term_string}"},"query-input":{"@type":"PropertyValueSpecification","valueRequired":true,"valueName":"search_term_string"}}],"inLanguage":"it-IT"}]}},"_links":{"self":[{"href":"https:\/\/www.igoriacard.com\/it\/wp-json\/wp\/v2\/pages\/191","targetHints":{"allow":["GET"]}}],"collection":[{"href":"https:\/\/www.igoriacard.com\/it\/wp-json\/wp\/v2\/pages"}],"about":[{"href":"https:\/\/www.igoriacard.com\/it\/wp-json\/wp\/v2\/types\/page"}],"author":[{"embeddable":true,"href":"https:\/\/www.igoriacard.com\/it\/wp-json\/wp\/v2\/users\/1"}],"replies":[{"embeddable":true,"href":"https:\/\/www.igoriacard.com\/it\/wp-json\/wp\/v2\/comments?post=191"}],"version-history":[{"count":12,"href":"https:\/\/www.igoriacard.com\/it\/wp-json\/wp\/v2\/pages\/191\/revisions"}],"predecessor-version":[{"id":1670,"href":"https:\/\/www.igoriacard.com\/it\/wp-json\/wp\/v2\/pages\/191\/revisions\/1670"}],"wp:attachment":[{"href":"https:\/\/www.igoriacard.com\/it\/wp-json\/wp\/v2\/media?parent=191"}],"curies":[{"name":"wp","href":"https:\/\/api.w.org\/{rel}","templated":true}]}}