{"id":195,"date":"2017-01-20T10:48:23","date_gmt":"2017-01-20T09:48:23","guid":{"rendered":"http:\/\/localhost\/var\/www\/clients\/client1\/web1\/web\/?page_id=195"},"modified":"2024-03-01T15:08:13","modified_gmt":"2024-03-01T14:08:13","slug":"banks","status":"publish","type":"page","link":"https:\/\/www.igoriacard.com\/it\/banks\/","title":{"rendered":"Banks"},"content":{"rendered":"<div class=\"uk-container uk-container-center uk-margin-top ic-banks\">\r\n<h3 class=\"ic-lato\">We make transfers to all banks in Poland and all over the world<\/h3>\r\n<p>Banks in which we have accounts<\/p>\r\n<div class=\"uk-accordion\" data-uk-accordion=\"{collapse: false, showfirst: false}\">\r\n<h3 class=\"uk-accordion-title ic-lato\">Banks in Poland<i class=\"uk-icon-angle-down uk-h3 uk-float-right\"><\/i><\/h3>\r\n<div class=\"uk-accordion-content\">\r\n<table class=\"uk-table uk-margin-large-bottom\">\r\n<thead>\r\n<tr>\r\n<th class=\"uk-width-1-3\" colspan=\"2\" rowspan=\"2\">Bank<\/th>\r\n<th colspan=\"2\">Payments<\/th>\r\n<th colspan=\"2\">Withdrawals<\/th>\r\n<\/tr>\r\n<tr>\r\n<th>PLN<\/th>\r\n<th>other currencies<\/th>\r\n<th>PLN<\/th>\r\n<th>other currencies<\/th>\r\n<\/tr>\r\n<\/thead>\r\n<tbody>\r\n\r\n\r\n\r\n<tr>\r\n<td><img loading=\"lazy\" decoding=\"async\" class=\"alignnone size-full wp-image-1059\" src=\"https:\/\/www.igoriacard.com\/cz\/wp-content\/uploads\/sites\/5\/2024\/03\/inteligo.png\" alt=\"\" width=\"117\" height=\"42\" \/><\/td>\r\n<td>Inteligo<\/td>\r\n<td>max. 1h<\/td>\r\n<td><\/td>\r\n<td>max. 1h<\/td>\r\n<td><\/td>\r\n<\/tr>\r\n\r\n<tr>\r\n<td><img loading=\"lazy\" decoding=\"async\" class=\"alignnone size-full wp-image-1037\" src=\"\/wp-content\/uploads\/2017\/01\/PKO.jpg\" alt=\"\" width=\"103\" height=\"40\" \/><\/td>\r\n<td>PKO Bank Polski<\/td>\r\n<td>max. 1h<\/td>\r\n<td>max. 1h<\/td>\r\n<td>max. 1h<\/td>\r\n<td>max. 24h<\/td>\r\n<\/tr>\r\n<tr>\r\n<td><img decoding=\"async\" class=\"alignnone size-full wp-image-1038\" src=\"https:\/\/www.igoriacard.com\/it\/wp-content\/uploads\/sites\/11\/2024\/03\/nestbank.jpeg\" alt=\"\" width=\"100\"\/><\/td>\r\n<td>Nest Bank<\/td>\r\n<td>max. 1h<\/td>\r\n<td>max. 1h<\/td>\r\n<td>max. 1h<\/td>\r\n<td>max. 24h<\/td>\r\n<\/tr>\r\n<tr>\r\n<td><img decoding=\"async\" class=\"alignnone size-full wp-image-1038\" src=\"https:\/\/www.igoriacard.com\/wp-content\/uploads\/2024\/03\/ING_Logo_FC_RGB.png\" alt=\"\" width=\"100\" \/><\/td>\r\n<td>ING Bank \u015al\u0105ski<\/td>\r\n<td>max. 24h<\/td>\r\n<td>max. 72h<\/td>\r\n<td>max. 24h<\/td>\r\n<td>max. 72h<\/td>\r\n<\/tr>\r\n<tr>\r\n<td><\/td>\r\n<td>Other bank<\/td>\r\n<td>max. 24h<\/td>\r\n<td>max. 72h<\/td>\r\n<td>max. 24h<\/td>\r\n<td>max. 72h<\/td>\r\n<\/tr>\r\n<\/tbody>\r\n<\/table>\r\n<\/div>\r\n<h3 class=\"uk-accordion-title ic-lato\">Banks in Czech Republic<i class=\"uk-icon-angle-down uk-h3 uk-float-right\"><\/i><\/h3>\r\n<div class=\"uk-accordion-content\">\r\n<table class=\"uk-table uk-margin-large-bottom\">\r\n<thead>\r\n<tr>\r\n<th class=\"uk-width-1-3\" colspan=\"2\" rowspan=\"2\">Bank<\/th>\r\n<th colspan=\"2\">Payments<\/th>\r\n<th colspan=\"2\">Withdrawals<\/th>\r\n<\/tr>\r\n<tr>\r\n<th>CZK<\/th>\r\n<th>other currencies<\/th>\r\n<th>CZK<\/th>\r\n<th>other currencies<\/th>\r\n<\/tr>\r\n<\/thead>\r\n<tbody>\r\n<tr>\r\n<td><img loading=\"lazy\" decoding=\"async\" class=\"alignnone size-full wp-image-1039\" src=\"\/wp-content\/uploads\/2017\/01\/ceska-sporitelna.jpg\" alt=\"\" width=\"76\" height=\"40\" \/><\/td>\r\n<td>\u010cesk\u00e1 spo\u0159itelna<\/td>\r\n<td>max. 1h<\/td>\r\n<td>max. 1h<\/td>\r\n<td>max. 24h<\/td>\r\n<td>max. 24h<\/td>\r\n<\/tr>\r\n<tr>\r\n<td><\/td>\r\n<td>Other bank<\/td>\r\n<td>max. 24h<\/td>\r\n<td>max. 72h<\/td>\r\n<td>max. 24h<\/td>\r\n<td>max. 72h<\/td>\r\n<\/tr>\r\n<\/tbody>\r\n<\/table>\r\n<\/div>\r\n<h3 class=\"uk-accordion-title ic-lato\">Banks in Slovakia<i class=\"uk-icon-angle-down uk-h3 uk-float-right\"><\/i><\/h3>\r\n<div class=\"uk-accordion-content\">\r\n<table class=\"uk-table uk-margin-large-bottom\">\r\n<thead>\r\n<tr>\r\n<th class=\"uk-width-1-3\" colspan=\"2\" rowspan=\"2\">Bank<\/th>\r\n<th colspan=\"2\">Payments<\/th>\r\n<th colspan=\"2\">Withdrawals<\/th>\r\n<\/tr>\r\n<tr>\r\n<th>EUR<\/th>\r\n<th>other currencies<\/th>\r\n<th>EUR<\/th>\r\n<th>other currencies<\/th>\r\n<\/tr>\r\n<\/thead>\r\n<tbody>\r\n<tr>\r\n<td><img loading=\"lazy\" decoding=\"async\" class=\"alignnone size-full wp-image-1045\" src=\"\/wp-content\/uploads\/2017\/01\/opt-banka.jpg\" alt=\"\" width=\"204\" height=\"42\" \/><\/td>\r\n<td>OTP Banka<\/td>\r\n<td>max. 1h<\/td>\r\n<td>max. 1h<\/td>\r\n<td>max. 24h<\/td>\r\n<td>max. 24h<\/td>\r\n<\/tr>\r\n<tr>\r\n<td><\/td>\r\n<td>UniCredit<\/td>\r\n<td>max. 1h<\/td>\r\n<td>max. 1h<\/td>\r\n<td>max. 24h<\/td>\r\n<td>max. 24h<\/td>\r\n<\/tr>\r\n<tr>\r\n<td><\/td>\r\n<td>Other bank<\/td>\r\n<td>max. 24h<\/td>\r\n<td>max. 72h<\/td>\r\n<td>max. 24h<\/td>\r\n<td>max. 72h<\/td>\r\n<\/tr>\r\n<\/tbody>\r\n<\/table>\r\n<\/div>\r\n<h3 class=\"uk-accordion-title ic-lato\">Banks in Norway<i class=\"uk-icon-angle-down uk-h3 uk-float-right\"><\/i><\/h3>\r\n<div class=\"uk-accordion-content\">\r\n<table class=\"uk-table uk-margin-large-bottom\">\r\n<thead>\r\n<tr>\r\n<th class=\"uk-width-1-3\" colspan=\"2\" rowspan=\"2\">Bank<\/th>\r\n<th colspan=\"2\">Payments<\/th>\r\n<th colspan=\"2\">Withdrawals<\/th>\r\n<\/tr>\r\n<tr>\r\n<th>NOK<\/th>\r\n<th>other currencies<\/th>\r\n<th>NOK<\/th>\r\n<th>other currencies<\/th>\r\n<\/tr>\r\n<\/thead>\r\n<tbody>\r\n<tr>\r\n<td><img loading=\"lazy\" decoding=\"async\" class=\"alignnone size-full wp-image-1031\" src=\"\/wp-content\/uploads\/2017\/01\/DNB.jpg\" alt=\"\" width=\"78\" height=\"40\" \/><\/td>\r\n<td>DnB Bank ASA Norwegia<\/td>\r\n<td>max. 24h<\/td>\r\n<td>max. 72h<\/td>\r\n<td>max. 24h<\/td>\r\n<td>max. 72h<\/td>\r\n<\/tr>\r\n<tr>\r\n<td><\/td>\r\n<td>Other bank<\/td>\r\n<td>max. 24h<\/td>\r\n<td>max. 72h<\/td>\r\n<td>max. 24h<\/td>\r\n<td>max. 72h<\/td>\r\n<\/tr>\r\n<\/tbody>\r\n<\/table>\r\n<\/div>\r\n<h3 class=\"uk-accordion-title ic-lato\">Banks in other countries<i class=\"uk-icon-angle-down uk-h3 uk-float-right\"><\/i><\/h3>\r\n<div class=\"uk-accordion-content\">\r\n<table class=\"uk-table uk-margin-large-bottom\">\r\n<thead>\r\n<tr>\r\n<th class=\"uk-width-1-3\" colspan=\"2\" rowspan=\"2\">Bank<\/th>\r\n<th colspan=\"2\">Payments<\/th>\r\n<th colspan=\"2\">Withdrawals<\/th>\r\n<\/tr>\r\n<tr>\r\n<th>national currency<\/th>\r\n<th>other currencies<\/th>\r\n<th>national currency<\/th>\r\n<th>other currencies<\/th>\r\n<\/tr>\r\n<\/thead>\r\n<tbody>\r\n<tr>\r\n<td><\/td>\r\n<td>All banks<\/td>\r\n<td>max. 24h<\/td>\r\n<td>max. 72h<\/td>\r\n<td>max. 24h<\/td>\r\n<td>max. 72h<\/td>\r\n<\/tr>\r\n<\/tbody>\r\n<\/table>\r\n<\/div>\r\n<\/div>\r\n<\/div>","protected":false},"excerpt":{"rendered":"<p>We make transfers to all banks in Poland and all over the world Banks in which we have accounts Banks in Poland Bank Payments Withdrawals PLN other currencies PLN other currencies Inteligo max. 1h max. 1h PKO Bank Polski max. 1h max. 1h max. 1h max. 24h Nest Bank max. 1h max. 1h max. 1h [&hellip;]<\/p>\n","protected":false},"author":1,"featured_media":0,"parent":0,"menu_order":0,"comment_status":"closed","ping_status":"closed","template":"page-no-header.php","meta":{"footnotes":""},"class_list":["post-195","page","type-page","status-publish","hentry"],"yoast_head":"<!-- This site is optimized with the Yoast SEO plugin v26.8 - https:\/\/yoast.com\/product\/yoast-seo-wordpress\/ -->\n<title>Banks - IgoriaCard | IT<\/title>\n<meta name=\"description\" content=\"Realizujemy p\u0142atno\u015bci do bank\u00f3w w Polsce i na \u015bwiecie. Sprawd\u017a pe\u0142n\u0105 list\u0119 bank\u00f3w obs\u0142ugiwanych przez IgoriaCard oraz czas i koszt realizacji przelewu.\" \/>\n<meta name=\"robots\" content=\"index, follow, max-snippet:-1, max-image-preview:large, max-video-preview:-1\" \/>\n<link rel=\"canonical\" href=\"https:\/\/www.igoriacard.com\/it\/banks\/\" \/>\n<meta property=\"og:locale\" content=\"it_IT\" \/>\n<meta property=\"og:type\" content=\"article\" \/>\n<meta property=\"og:title\" content=\"Banks - IgoriaCard | IT\" \/>\n<meta property=\"og:description\" content=\"Realizujemy p\u0142atno\u015bci do bank\u00f3w w Polsce i na \u015bwiecie. Sprawd\u017a pe\u0142n\u0105 list\u0119 bank\u00f3w obs\u0142ugiwanych przez IgoriaCard oraz czas i koszt realizacji przelewu.\" \/>\n<meta property=\"og:url\" content=\"https:\/\/www.igoriacard.com\/it\/banks\/\" \/>\n<meta property=\"og:site_name\" content=\"IgoriaCard | IT\" \/>\n<meta property=\"article:publisher\" content=\"https:\/\/www.facebook.com\/IgoriaCard\" \/>\n<meta property=\"article:modified_time\" content=\"2024-03-01T14:08:13+00:00\" \/>\n<meta property=\"og:image\" content=\"https:\/\/www.igoriacard.com\/cz\/wp-content\/uploads\/sites\/5\/2024\/03\/inteligo.png\" \/>\n<meta name=\"twitter:card\" content=\"summary_large_image\" \/>\n<meta name=\"twitter:label1\" content=\"Tempo di lettura stimato\" \/>\n\t<meta name=\"twitter:data1\" content=\"1 minuto\" \/>\n<script type=\"application\/ld+json\" class=\"yoast-schema-graph\">{\"@context\":\"https:\/\/schema.org\",\"@graph\":[{\"@type\":\"WebPage\",\"@id\":\"https:\/\/www.igoriacard.com\/it\/banks\/\",\"url\":\"https:\/\/www.igoriacard.com\/it\/banks\/\",\"name\":\"Banks - IgoriaCard | IT\",\"isPartOf\":{\"@id\":\"https:\/\/www.igoriacard.com\/it\/#website\"},\"primaryImageOfPage\":{\"@id\":\"https:\/\/www.igoriacard.com\/it\/banks\/#primaryimage\"},\"image\":{\"@id\":\"https:\/\/www.igoriacard.com\/it\/banks\/#primaryimage\"},\"thumbnailUrl\":\"https:\/\/www.igoriacard.com\/cz\/wp-content\/uploads\/sites\/5\/2024\/03\/inteligo.png\",\"datePublished\":\"2017-01-20T09:48:23+00:00\",\"dateModified\":\"2024-03-01T14:08:13+00:00\",\"description\":\"Realizujemy p\u0142atno\u015bci do bank\u00f3w w Polsce i na \u015bwiecie. Sprawd\u017a pe\u0142n\u0105 list\u0119 bank\u00f3w obs\u0142ugiwanych przez IgoriaCard oraz czas i koszt realizacji przelewu.\",\"breadcrumb\":{\"@id\":\"https:\/\/www.igoriacard.com\/it\/banks\/#breadcrumb\"},\"inLanguage\":\"it-IT\",\"potentialAction\":[{\"@type\":\"ReadAction\",\"target\":[\"https:\/\/www.igoriacard.com\/it\/banks\/\"]}]},{\"@type\":\"ImageObject\",\"inLanguage\":\"it-IT\",\"@id\":\"https:\/\/www.igoriacard.com\/it\/banks\/#primaryimage\",\"url\":\"https:\/\/www.igoriacard.com\/cz\/wp-content\/uploads\/sites\/5\/2024\/03\/inteligo.png\",\"contentUrl\":\"https:\/\/www.igoriacard.com\/cz\/wp-content\/uploads\/sites\/5\/2024\/03\/inteligo.png\"},{\"@type\":\"BreadcrumbList\",\"@id\":\"https:\/\/www.igoriacard.com\/it\/banks\/#breadcrumb\",\"itemListElement\":[{\"@type\":\"ListItem\",\"position\":1,\"name\":\"Home\",\"item\":\"https:\/\/www.igoriacard.com\/it\/\"},{\"@type\":\"ListItem\",\"position\":2,\"name\":\"Banks\"}]},{\"@type\":\"WebSite\",\"@id\":\"https:\/\/www.igoriacard.com\/it\/#website\",\"url\":\"https:\/\/www.igoriacard.com\/it\/\",\"name\":\"IgoriaCard | IT\",\"description\":\"\",\"potentialAction\":[{\"@type\":\"SearchAction\",\"target\":{\"@type\":\"EntryPoint\",\"urlTemplate\":\"https:\/\/www.igoriacard.com\/it\/?s={search_term_string}\"},\"query-input\":{\"@type\":\"PropertyValueSpecification\",\"valueRequired\":true,\"valueName\":\"search_term_string\"}}],\"inLanguage\":\"it-IT\"}]}<\/script>\n<!-- \/ Yoast SEO plugin. -->","yoast_head_json":{"title":"Banks - IgoriaCard | IT","description":"Realizujemy p\u0142atno\u015bci do bank\u00f3w w Polsce i na \u015bwiecie. Sprawd\u017a pe\u0142n\u0105 list\u0119 bank\u00f3w obs\u0142ugiwanych przez IgoriaCard oraz czas i koszt realizacji przelewu.","robots":{"index":"index","follow":"follow","max-snippet":"max-snippet:-1","max-image-preview":"max-image-preview:large","max-video-preview":"max-video-preview:-1"},"canonical":"https:\/\/www.igoriacard.com\/it\/banks\/","og_locale":"it_IT","og_type":"article","og_title":"Banks - IgoriaCard | IT","og_description":"Realizujemy p\u0142atno\u015bci do bank\u00f3w w Polsce i na \u015bwiecie. Sprawd\u017a pe\u0142n\u0105 list\u0119 bank\u00f3w obs\u0142ugiwanych przez IgoriaCard oraz czas i koszt realizacji przelewu.","og_url":"https:\/\/www.igoriacard.com\/it\/banks\/","og_site_name":"IgoriaCard | IT","article_publisher":"https:\/\/www.facebook.com\/IgoriaCard","article_modified_time":"2024-03-01T14:08:13+00:00","og_image":[{"url":"https:\/\/www.igoriacard.com\/cz\/wp-content\/uploads\/sites\/5\/2024\/03\/inteligo.png","type":"","width":"","height":""}],"twitter_card":"summary_large_image","twitter_misc":{"Tempo di lettura stimato":"1 minuto"},"schema":{"@context":"https:\/\/schema.org","@graph":[{"@type":"WebPage","@id":"https:\/\/www.igoriacard.com\/it\/banks\/","url":"https:\/\/www.igoriacard.com\/it\/banks\/","name":"Banks - IgoriaCard | IT","isPartOf":{"@id":"https:\/\/www.igoriacard.com\/it\/#website"},"primaryImageOfPage":{"@id":"https:\/\/www.igoriacard.com\/it\/banks\/#primaryimage"},"image":{"@id":"https:\/\/www.igoriacard.com\/it\/banks\/#primaryimage"},"thumbnailUrl":"https:\/\/www.igoriacard.com\/cz\/wp-content\/uploads\/sites\/5\/2024\/03\/inteligo.png","datePublished":"2017-01-20T09:48:23+00:00","dateModified":"2024-03-01T14:08:13+00:00","description":"Realizujemy p\u0142atno\u015bci do bank\u00f3w w Polsce i na \u015bwiecie. Sprawd\u017a pe\u0142n\u0105 list\u0119 bank\u00f3w obs\u0142ugiwanych przez IgoriaCard oraz czas i koszt realizacji przelewu.","breadcrumb":{"@id":"https:\/\/www.igoriacard.com\/it\/banks\/#breadcrumb"},"inLanguage":"it-IT","potentialAction":[{"@type":"ReadAction","target":["https:\/\/www.igoriacard.com\/it\/banks\/"]}]},{"@type":"ImageObject","inLanguage":"it-IT","@id":"https:\/\/www.igoriacard.com\/it\/banks\/#primaryimage","url":"https:\/\/www.igoriacard.com\/cz\/wp-content\/uploads\/sites\/5\/2024\/03\/inteligo.png","contentUrl":"https:\/\/www.igoriacard.com\/cz\/wp-content\/uploads\/sites\/5\/2024\/03\/inteligo.png"},{"@type":"BreadcrumbList","@id":"https:\/\/www.igoriacard.com\/it\/banks\/#breadcrumb","itemListElement":[{"@type":"ListItem","position":1,"name":"Home","item":"https:\/\/www.igoriacard.com\/it\/"},{"@type":"ListItem","position":2,"name":"Banks"}]},{"@type":"WebSite","@id":"https:\/\/www.igoriacard.com\/it\/#website","url":"https:\/\/www.igoriacard.com\/it\/","name":"IgoriaCard | IT","description":"","potentialAction":[{"@type":"SearchAction","target":{"@type":"EntryPoint","urlTemplate":"https:\/\/www.igoriacard.com\/it\/?s={search_term_string}"},"query-input":{"@type":"PropertyValueSpecification","valueRequired":true,"valueName":"search_term_string"}}],"inLanguage":"it-IT"}]}},"_links":{"self":[{"href":"https:\/\/www.igoriacard.com\/it\/wp-json\/wp\/v2\/pages\/195","targetHints":{"allow":["GET"]}}],"collection":[{"href":"https:\/\/www.igoriacard.com\/it\/wp-json\/wp\/v2\/pages"}],"about":[{"href":"https:\/\/www.igoriacard.com\/it\/wp-json\/wp\/v2\/types\/page"}],"author":[{"embeddable":true,"href":"https:\/\/www.igoriacard.com\/it\/wp-json\/wp\/v2\/users\/1"}],"replies":[{"embeddable":true,"href":"https:\/\/www.igoriacard.com\/it\/wp-json\/wp\/v2\/comments?post=195"}],"version-history":[{"count":33,"href":"https:\/\/www.igoriacard.com\/it\/wp-json\/wp\/v2\/pages\/195\/revisions"}],"predecessor-version":[{"id":2447,"href":"https:\/\/www.igoriacard.com\/it\/wp-json\/wp\/v2\/pages\/195\/revisions\/2447"}],"wp:attachment":[{"href":"https:\/\/www.igoriacard.com\/it\/wp-json\/wp\/v2\/media?parent=195"}],"curies":[{"name":"wp","href":"https:\/\/api.w.org\/{rel}","templated":true}]}}