{"id":216,"date":"2017-01-23T17:41:38","date_gmt":"2017-01-23T16:41:38","guid":{"rendered":"http:\/\/localhost\/var\/www\/clients\/client1\/web1\/web\/?page_id=216"},"modified":"2018-03-12T10:25:19","modified_gmt":"2018-03-12T09:25:19","slug":"currency-exchange","status":"publish","type":"page","link":"https:\/\/www.igoriacard.com\/it\/currency-exchange\/","title":{"rendered":"Currency exchange"},"content":{"rendered":"<div class=\"uk-container uk-container-center\">\r\n<h2 class=\"ic-text-normal\">Currency rates<\/h2>\r\n<div class=\"uk-grid uk-grid-width-large-1-4 uk-grid-width-medium-1-2 uk-grid-width-small-1-2\">\r\n<div class=\"uk-margin-bottom\"><table class=\"uk-text-center uk-container-center\">\r\n\r\n<tr class=\"uk-block-muted\" style=\"border: #ccc 1px solid;\">\r\n<td colspan=\"2\">\r\n<a href=\"\/en\/eur\/\" class=\"uk-display-inline-block ic-text-black\"><span class=\"ic-flag-small-eur uk-margin-small-left uk-margin-small-right\"><\/span> EUR\/PLN <span class=\"ic-flag-small-pln uk-small-margin-left uk-margin-small-right\"><\/span><\/a>\r\n<\/td>\r\n<\/tr>\r\n\r\n<tr style=\"border-left: #ccc 1px solid;border-right: #ccc 1px solid;border-top: #ccc 1px solid;\">\r\n<td class=\"ic-padding-top uk-text-muted\">Sell<\/td>\r\n<td class=\"ic-padding-top uk-text-muted\">Buy<\/td>\r\n<\/tr>\r\n\r\n<tr style=\"border-left: #ccc 1px solid;border-right: #ccc 1px solid;border-bottom: #ccc 1px solid;\">\r\n<td id=\"ic-sell-eur\" class=\"uk-text-large ic-padding-bottom\"><\/td>\r\n<td id=\"ic-buy-eur\" class=\"uk-text-large ic-padding-bottom\"><\/td>\r\n<\/tr>\r\n\r\n<\/table><\/div>\r\n\r\n<div class=\"uk-margin-bottom\"><table class=\"uk-text-center uk-container-center\">\r\n\r\n<tr class=\"uk-block-muted\" style=\"border: #ccc 1px solid;\">\r\n<td colspan=\"2\">\r\n<a href=\"\/en\/usd\/\" class=\"uk-display-inline-block ic-text-black\"><span class=\"ic-flag-small-usd uk-margin-small-left uk-margin-small-right\"><\/span> USD\/PLN <span class=\"ic-flag-small-pln uk-margin-small-left uk-margin-small-right\"><\/span><\/a>\r\n<\/td>\r\n<\/tr>\r\n\r\n<tr style=\"border-left: #ccc 1px solid;border-right: #ccc 1px solid;border-top: #ccc 1px solid;\">\r\n<td class=\"ic-padding-top uk-text-muted\">Sell<\/td>\r\n<td class=\"ic-padding-top uk-text-muted\">Buy<\/td>\r\n<\/tr>\r\n\r\n<tr style=\"border-left: #ccc 1px solid;border-right: #ccc 1px solid;border-bottom: #ccc 1px solid;\">\r\n<td id=\"ic-sell-usd\" class=\"uk-text-large ic-paddin-bottom\"><\/td>\r\n<td id=\"ic-buy-usd\" class=\"uk-text-large ic-padding-bottom\"><\/td>\r\n<\/tr>\r\n\r\n<\/table><\/div>\r\n\r\n<div class=\"uk-margin-bottom\"><table class=\"uk-text-center uk-container-center\">\r\n\r\n<tr class=\"uk-block-muted\" style=\"border: #ccc 1px solid;\">\r\n<td colspan=\"2\">\r\n<a href=\"\/en\/gbp\/\" class=\"uk-display-inline-block ic-text-black\"><span class=\"ic-flag-small-gbp uk-margin-small-left uk-margin-small-right\"><\/span> GBP\/PLN <span class=\"ic-flag-small-pln uk-margin-small-left uk-margin-small-right\"><\/span><\/a>\r\n<\/td>\r\n<\/tr>\r\n\r\n<tr style=\"border-left: #ccc 1px solid;border-right: #ccc 1px solid;border-top: #ccc 1px solid;\">\r\n<td class=\"ic-padding-top uk-text-muted\">Sell<\/td>\r\n<td class=\"ic-padding-top uk-text-muted\">Buy<\/td>\r\n<\/tr>\r\n\r\n<tr style=\"border-left: #ccc 1px solid;border-right: #ccc 1px solid;border-bottom: #ccc 1px solid;\">\r\n<td id=\"ic-sell-gbp\" class=\"uk-text-large ic-padding-bottom\"><\/td>\r\n<td id=\"ic-buy-gbp\" class=\"uk-text-large ic-padding-bottom\"><\/td>\r\n<\/tr>\r\n\r\n<\/table><\/div>\r\n\r\n<div class=\"uk-margin-bottom\"><table class=\"uk-text-center uk-container-center\">\r\n\r\n<tr class=\"uk-block-muted\" style=\"border: #ccc 1px solid;\">\r\n<td colspan=\"2\">\r\n<a href=\"\/en\/chf\/\" class=\"uk-display-inline-block ic-text-black\"><span class=\"ic-flag-small-chf uk-margin-small-left uk-margin-small-right\"><\/span> CHF\/PLN <span class=\"ic-flag-small-pln uk-margin-small-left uk-margin-small-right\"><\/span><\/a>\r\n<\/td>\r\n<\/tr>\r\n\r\n<tr style=\"border-left: #ccc 1px solid;border-right: #ccc 1px solid;border-top: #ccc 1px solid;\">\r\n<td class=\"ic-padding-top uk-text-muted\">Sell<\/td>\r\n<td class=\"ic-padding-top uk-text-muted\">Buy<\/td>\r\n<\/tr>\r\n\r\n<tr style=\"border-left: #ccc 1px solid;border-right: #ccc 1px solid;border-bottom: #ccc 1px solid;\">\r\n<td id=\"ic-sell-chf\" class=\"uk-text-large ic-padding-bottom\"><\/td>\r\n<td id=\"ic-buy-chf\" class=\"uk-text-large ic-padding-bottom\"><\/td>\r\n<\/tr>\r\n\r\n<\/table><\/div>\r\n<\/div>\r\n<\/div>\r\n\r\n<div class=\"uk-container uk-container-center uk-text-center uk-margin-large-top uk-margin-large-bottom\">\r\n<a class=\"uk-button uk-button-large ic-button-blue\" href=\"\/en\/pln\/\">All currency rates<\/a>\r\n<\/div>\r\n\r\n<!--\r\n<div class=\"uk-block uk-badge-warning uk-text-center uk-contrast ic-padding-top uk-margin-bottom ic-padding-bottom ic-margin-huge-top uk-margin-large-bottom\">\r\n<div class=\"uk-container uk-container-center uk-flex uk-flex-top uk-flex-space-around\">\r\n<div>\r\n<h2 class=\"uk-margin-left uk-margin-top uk-margin-small-bottom\">Card for only <span class=\"ic-text-bolder\">25<\/span>,00&nbsp;PLN<\/h2>\r\n<p class=\"uk-margin-bottom uk-margin-top-remove\">Offer valid till&nbsp;30.08.2017<\/p>\r\n<\/div>\r\n<img decoding=\"async\" src=\"\/wp-content\/themes\/tm-beans-child\/img\/karta-z-bia\u0142ym-tlem.png\" alt=\"Blue card IgoriaCard\" width=\"300\" class=\"uk-float-right uk-margin-right uk-hidden-small\" style=\"margin-top: -70px; \">\r\n<\/div>\r\n<\/div>\r\n-->\r\n  <script>\r\n    jQuery(function(){\r\n\r\n      var c = Object.create(Currency);\r\n\r\n      c.loadSource().done(function() {\r\n        var currencies = new Array('EUR', 'USD', 'CHF', 'GBP');\r\n        jQuery(currencies).each(function(val, index) {\r\n            jQuery('#ic-sell-' + index.toLowerCase()).append(c.getRatesFor(index, 'sell'));\r\n            jQuery('#ic-buy-' + index.toLowerCase()).append(c.getRatesFor(index, 'buy'));\r\n        });\r\n\r\n      });\r\n    });\r\n  <\/script>\r\n\r\n<hr\/>\r\n\r\n<h2 class=\"ic-text-normal uk-text-center\">How works IgoriaCard?<\/h2>\r\n<div class=\"uk-margin-bottom\">\r\n<div class=\"uk-container uk-container-center uk-text-justify\">\r\n<p class=\"ic-text-normal uk-h3\">Example 1 &#8211; Payment at the shop<\/p>\r\n<p>You pay 5.57 EUR for shopping at grocery. The card will withdraw this amount, if it is available on your EUR account.<\/p>\r\n<p>Do you have 87.00 PLN, 20.00 USD and 17.00 GBP apart from 13.18 EUR? If the required amount in EUR is on your account, you don&#8217;t have to worry &#8211; 5.57 EUR will debit onto your acount.<\/p>\r\n<a href=\"\/en\/currency-exchange-online\/\" class=\"uk-link uk-float-right ic-transparent-back uk-text-large uk-container uk-container-center\">Check the details <i class=\"uk-icon-angle-right uk-text-large\"><\/i><\/a>\r\n<\/div>\r\n\r\n\r\n<\/div>\r\n\r\n\r\n<div class=\"uk-margin-bottom\">\r\n\r\n<div class=\"uk-container uk-container-center uk-text-justify\">\r\n<p class=\"ic-text-normal uk-h3\">Example 2 &#8211; The restaurant check<\/p>\r\n\r\n<p>Lets say you need to pay 55.00 EUR for a dinner in a restaurant in Italy. On your card you only have 10.00 EUR, but on your account there are available funds in other currencies &#8211; 500.00 PLN and 20.00 CHF. What next? The automatic currency exchange on the card will help you in any situation.<\/p>\r\n\r\n<p>In order to settle the transaction, the IgoriaCard system will use around 10.00 EUR and will automatically buy the lacking amount of 45.00 EUR, by exchanging PLN to EUR using the best rate available on IgoriaCard.<\/p>\r\n<a href=\"\/en\/exchange-the-money\/\" class=\"uk-link uk-float-right ic-transparent-back uk-text-large uk-container uk-container-center\">Check the details <i class=\"uk-icon-angle-right uk-text-large\"><\/i><\/a>\r\n<\/div>\r\n\r\n\r\n<\/div>\r\n\r\n\r\n<div class=\"uk-margin-bottom\">\r\n\r\n<div class=\"uk-container uk-container-center uk-text-justify\">\r\n<p class=\"ic-text-normal uk-h3\">Example 3 &#8211; Settlement of business trips<\/p>\r\n\r\n<p>On the last day of your business trip at USA you are settling your bill for the hotel. The amount that you need to pay is 170.00 USD. Unfortunately, you don&#8217;t have funds in USD. On your business card you have only 510.00 PLN and 250.00 EUR.<\/p>\r\n\r\n<p>At the moment of making the transaction with IgoriaCard, our system will exchange money from PLN and EUR in order to complete the transaction. Thanks to automatic exchange, IgoriaCard will get 122.83 USD from your PLN funds and 41.17 USD from your funds in EUR.<\/p>\r\n<a href=\"\/en\/payments-online\/\" class=\"uk-link uk-float-right ic-transparent-back uk-text-large uk-container uk-container-center\">Check the details <i class=\"uk-icon-angle-right uk-text-large\"><\/i><\/a>\r\n<\/div>\r\n\r\n\r\n<\/div>\r\n\r\n\r\n\r\n\r\n<div class=\"uk-container uk-container-center uk-text-center uk-margin-large-bottom\"><a class=\"uk-button uk-h3 uk-button-large ic-button-blue uk-container-center ic-text-light\" href=\"https:\/\/igoriacard.com\/registration\/create\/en-GB\">Register<\/a><\/div>\r\n<!--<p class=\"uk-container uk-container-center uk-text-center ic-text-light uk-margin-top uk-margin-bottom uk-h2\">Download the app<\/p>\r\n<div class=\"uk-grid uk-flex-center uk-margin-large-bottom\">\r\n<a href=\"[google-play]\"><div id=\"ic-google-play\"><\/div><\/a><a href=\"[itunes]\"><div id=\"ic-app-store\"><\/div><\/a>\r\n<\/div>-->\r\n\r\n","protected":false},"excerpt":{"rendered":"<p>Currency rates EUR\/PLN Sell Buy USD\/PLN Sell Buy GBP\/PLN Sell Buy CHF\/PLN Sell Buy All currency rates How works IgoriaCard? Example 1 &#8211; Payment at the shop You pay 5.57 EUR for shopping at grocery. The card will withdraw this amount, if it is available on your EUR account. Do you have 87.00 PLN, 20.00 [&hellip;]<\/p>\n","protected":false},"author":1,"featured_media":477,"parent":0,"menu_order":0,"comment_status":"closed","ping_status":"closed","template":"page-common.php","meta":{"footnotes":""},"class_list":["post-216","page","type-page","status-publish","has-post-thumbnail","hentry"],"yoast_head":"<!-- This site is optimized with the Yoast SEO plugin v26.8 - https:\/\/yoast.com\/product\/yoast-seo-wordpress\/ -->\n<title>Currency exchange on the card<\/title>\n<meta name=\"description\" content=\"Available online 24\/7 currency exchange platform makes possible to load the card directly from currency account - flexible and easy.\" \/>\n<meta name=\"robots\" content=\"index, follow, max-snippet:-1, max-image-preview:large, max-video-preview:-1\" \/>\n<link rel=\"canonical\" href=\"https:\/\/www.igoriacard.com\/it\/currency-exchange\/\" \/>\n<meta property=\"og:locale\" content=\"it_IT\" \/>\n<meta property=\"og:type\" content=\"article\" \/>\n<meta property=\"og:title\" content=\"Currency exchange on the card\" \/>\n<meta property=\"og:description\" content=\"Available online 24\/7 currency exchange platform makes possible to load the card directly from currency account - flexible and easy.\" \/>\n<meta property=\"og:url\" content=\"https:\/\/www.igoriacard.com\/it\/currency-exchange\/\" \/>\n<meta property=\"og:site_name\" content=\"IgoriaCard | IT\" \/>\n<meta property=\"article:publisher\" content=\"https:\/\/www.facebook.com\/IgoriaCard\" \/>\n<meta property=\"article:modified_time\" content=\"2018-03-12T09:25:19+00:00\" \/>\n<meta property=\"og:image\" content=\"https:\/\/www.igoriacard.com\/it\/wp-content\/uploads\/sites\/11\/2017\/02\/tania-wymiana-w-kantorze.jpg\" \/>\n\t<meta property=\"og:image:width\" content=\"1599\" \/>\n\t<meta property=\"og:image:height\" content=\"789\" \/>\n\t<meta property=\"og:image:type\" content=\"image\/jpeg\" \/>\n<meta name=\"twitter:card\" content=\"summary_large_image\" \/>\n<meta name=\"twitter:label1\" content=\"Tempo di lettura stimato\" \/>\n\t<meta name=\"twitter:data1\" content=\"1 minuto\" \/>\n<script type=\"application\/ld+json\" class=\"yoast-schema-graph\">{\"@context\":\"https:\/\/schema.org\",\"@graph\":[{\"@type\":\"WebPage\",\"@id\":\"https:\/\/www.igoriacard.com\/it\/currency-exchange\/\",\"url\":\"https:\/\/www.igoriacard.com\/it\/currency-exchange\/\",\"name\":\"Currency exchange on the card\",\"isPartOf\":{\"@id\":\"https:\/\/www.igoriacard.com\/it\/#website\"},\"primaryImageOfPage\":{\"@id\":\"https:\/\/www.igoriacard.com\/it\/currency-exchange\/#primaryimage\"},\"image\":{\"@id\":\"https:\/\/www.igoriacard.com\/it\/currency-exchange\/#primaryimage\"},\"thumbnailUrl\":\"https:\/\/www.igoriacard.com\/it\/wp-content\/uploads\/sites\/11\/2017\/02\/tania-wymiana-w-kantorze.jpg\",\"datePublished\":\"2017-01-23T16:41:38+00:00\",\"dateModified\":\"2018-03-12T09:25:19+00:00\",\"description\":\"Available online 24\/7 currency exchange platform makes possible to load the card directly from currency account - flexible and easy.\",\"breadcrumb\":{\"@id\":\"https:\/\/www.igoriacard.com\/it\/currency-exchange\/#breadcrumb\"},\"inLanguage\":\"it-IT\",\"potentialAction\":[{\"@type\":\"ReadAction\",\"target\":[\"https:\/\/www.igoriacard.com\/it\/currency-exchange\/\"]}]},{\"@type\":\"ImageObject\",\"inLanguage\":\"it-IT\",\"@id\":\"https:\/\/www.igoriacard.com\/it\/currency-exchange\/#primaryimage\",\"url\":\"https:\/\/www.igoriacard.com\/it\/wp-content\/uploads\/sites\/11\/2017\/02\/tania-wymiana-w-kantorze.jpg\",\"contentUrl\":\"https:\/\/www.igoriacard.com\/it\/wp-content\/uploads\/sites\/11\/2017\/02\/tania-wymiana-w-kantorze.jpg\",\"width\":1599,\"height\":789,\"caption\":\"IgoriaCard umo\u017cliwia bardzo korzystn\u0105 wymian\u0119 waluty\"},{\"@type\":\"BreadcrumbList\",\"@id\":\"https:\/\/www.igoriacard.com\/it\/currency-exchange\/#breadcrumb\",\"itemListElement\":[{\"@type\":\"ListItem\",\"position\":1,\"name\":\"Home\",\"item\":\"https:\/\/www.igoriacard.com\/it\/\"},{\"@type\":\"ListItem\",\"position\":2,\"name\":\"Currency exchange\"}]},{\"@type\":\"WebSite\",\"@id\":\"https:\/\/www.igoriacard.com\/it\/#website\",\"url\":\"https:\/\/www.igoriacard.com\/it\/\",\"name\":\"IgoriaCard | IT\",\"description\":\"\",\"potentialAction\":[{\"@type\":\"SearchAction\",\"target\":{\"@type\":\"EntryPoint\",\"urlTemplate\":\"https:\/\/www.igoriacard.com\/it\/?s={search_term_string}\"},\"query-input\":{\"@type\":\"PropertyValueSpecification\",\"valueRequired\":true,\"valueName\":\"search_term_string\"}}],\"inLanguage\":\"it-IT\"}]}<\/script>\n<!-- \/ Yoast SEO plugin. -->","yoast_head_json":{"title":"Currency exchange on the card","description":"Available online 24\/7 currency exchange platform makes possible to load the card directly from currency account - flexible and easy.","robots":{"index":"index","follow":"follow","max-snippet":"max-snippet:-1","max-image-preview":"max-image-preview:large","max-video-preview":"max-video-preview:-1"},"canonical":"https:\/\/www.igoriacard.com\/it\/currency-exchange\/","og_locale":"it_IT","og_type":"article","og_title":"Currency exchange on the card","og_description":"Available online 24\/7 currency exchange platform makes possible to load the card directly from currency account - flexible and easy.","og_url":"https:\/\/www.igoriacard.com\/it\/currency-exchange\/","og_site_name":"IgoriaCard | IT","article_publisher":"https:\/\/www.facebook.com\/IgoriaCard","article_modified_time":"2018-03-12T09:25:19+00:00","og_image":[{"width":1599,"height":789,"url":"https:\/\/www.igoriacard.com\/it\/wp-content\/uploads\/sites\/11\/2017\/02\/tania-wymiana-w-kantorze.jpg","type":"image\/jpeg"}],"twitter_card":"summary_large_image","twitter_misc":{"Tempo di lettura stimato":"1 minuto"},"schema":{"@context":"https:\/\/schema.org","@graph":[{"@type":"WebPage","@id":"https:\/\/www.igoriacard.com\/it\/currency-exchange\/","url":"https:\/\/www.igoriacard.com\/it\/currency-exchange\/","name":"Currency exchange on the card","isPartOf":{"@id":"https:\/\/www.igoriacard.com\/it\/#website"},"primaryImageOfPage":{"@id":"https:\/\/www.igoriacard.com\/it\/currency-exchange\/#primaryimage"},"image":{"@id":"https:\/\/www.igoriacard.com\/it\/currency-exchange\/#primaryimage"},"thumbnailUrl":"https:\/\/www.igoriacard.com\/it\/wp-content\/uploads\/sites\/11\/2017\/02\/tania-wymiana-w-kantorze.jpg","datePublished":"2017-01-23T16:41:38+00:00","dateModified":"2018-03-12T09:25:19+00:00","description":"Available online 24\/7 currency exchange platform makes possible to load the card directly from currency account - flexible and easy.","breadcrumb":{"@id":"https:\/\/www.igoriacard.com\/it\/currency-exchange\/#breadcrumb"},"inLanguage":"it-IT","potentialAction":[{"@type":"ReadAction","target":["https:\/\/www.igoriacard.com\/it\/currency-exchange\/"]}]},{"@type":"ImageObject","inLanguage":"it-IT","@id":"https:\/\/www.igoriacard.com\/it\/currency-exchange\/#primaryimage","url":"https:\/\/www.igoriacard.com\/it\/wp-content\/uploads\/sites\/11\/2017\/02\/tania-wymiana-w-kantorze.jpg","contentUrl":"https:\/\/www.igoriacard.com\/it\/wp-content\/uploads\/sites\/11\/2017\/02\/tania-wymiana-w-kantorze.jpg","width":1599,"height":789,"caption":"IgoriaCard umo\u017cliwia bardzo korzystn\u0105 wymian\u0119 waluty"},{"@type":"BreadcrumbList","@id":"https:\/\/www.igoriacard.com\/it\/currency-exchange\/#breadcrumb","itemListElement":[{"@type":"ListItem","position":1,"name":"Home","item":"https:\/\/www.igoriacard.com\/it\/"},{"@type":"ListItem","position":2,"name":"Currency exchange"}]},{"@type":"WebSite","@id":"https:\/\/www.igoriacard.com\/it\/#website","url":"https:\/\/www.igoriacard.com\/it\/","name":"IgoriaCard | IT","description":"","potentialAction":[{"@type":"SearchAction","target":{"@type":"EntryPoint","urlTemplate":"https:\/\/www.igoriacard.com\/it\/?s={search_term_string}"},"query-input":{"@type":"PropertyValueSpecification","valueRequired":true,"valueName":"search_term_string"}}],"inLanguage":"it-IT"}]}},"_links":{"self":[{"href":"https:\/\/www.igoriacard.com\/it\/wp-json\/wp\/v2\/pages\/216","targetHints":{"allow":["GET"]}}],"collection":[{"href":"https:\/\/www.igoriacard.com\/it\/wp-json\/wp\/v2\/pages"}],"about":[{"href":"https:\/\/www.igoriacard.com\/it\/wp-json\/wp\/v2\/types\/page"}],"author":[{"embeddable":true,"href":"https:\/\/www.igoriacard.com\/it\/wp-json\/wp\/v2\/users\/1"}],"replies":[{"embeddable":true,"href":"https:\/\/www.igoriacard.com\/it\/wp-json\/wp\/v2\/comments?post=216"}],"version-history":[{"count":85,"href":"https:\/\/www.igoriacard.com\/it\/wp-json\/wp\/v2\/pages\/216\/revisions"}],"predecessor-version":[{"id":1669,"href":"https:\/\/www.igoriacard.com\/it\/wp-json\/wp\/v2\/pages\/216\/revisions\/1669"}],"wp:featuredmedia":[{"embeddable":true,"href":"https:\/\/www.igoriacard.com\/it\/wp-json\/wp\/v2\/media\/477"}],"wp:attachment":[{"href":"https:\/\/www.igoriacard.com\/it\/wp-json\/wp\/v2\/media?parent=216"}],"curies":[{"name":"wp","href":"https:\/\/api.w.org\/{rel}","templated":true}]}}