{"id":13,"date":"2016-07-19T12:59:12","date_gmt":"2016-07-19T10:59:12","guid":{"rendered":"http:\/\/localhost\/projects\/var\/www\/clients\/client1\/web1\/web\/?page_id=2"},"modified":"2020-03-20T14:13:15","modified_gmt":"2020-03-20T13:13:15","slug":"strona-glowna","status":"publish","type":"page","link":"https:\/\/www.igoriacard.com\/pt\/","title":{"rendered":"Strona g\u0142\u00f3wna"},"content":{"rendered":"<!-- Stara wersja ze spotem-->\r\n<!--<h2 id=\"karta-debetowa\" class=\"uk-container uk-container-center uk-margin-large-top uk-margin-bottom\">Multicurrency payment card<\/h2>\r\n<div class=\"uk-container uk-container-center uk-text-center uk-hidden-medium uk-margin-bottom\">\r\n<img decoding=\"async\" src=\"\/wp-content\/themes\/tm-beans-child\/img\/karta-wielowalutowa.png\" class=\"uk-visible-large uk-margin-large-top\" \/>\r\n<ul class=\"uk-list ic-card-debit uk-text-muted uk-visible-large\">\r\n<li>nominative<br \/>or&nbsp;nameless<\/li>\r\n<li>card with&nbsp;chip<\/li>\r\n<li>17 currencies<br \/>on&nbsp;a&nbsp;single card<\/li>\r\n<li>M\/CHIP Advance<br \/>technology<\/li>\r\n<li>contactless payments<br \/>(NFC)<\/li>\r\n<li>magnetic stripe<\/li>\r\n<li>accepted in millions of&nbsp;locations<br \/>all around the&nbsp;world (POS and&nbsp;ATM)<\/li>\r\n<\/ul>\r\n\r\n<img loading=\"lazy\" decoding=\"async\" src=\"\/wp-content\/themes\/tm-beans-child\/img\/karta-wielowalutowa-igoriacard.png\" alt=\"B\u0142\u0119kitna karta IgoriaCard\" width=\"371\" height=\"185\" class=\"uk-hidden-large uk-hidden-medium\" align=\"center\">\r\n<\/div>\r\n<div class=\"uk-block uk-badge-warning uk-text-center uk-contrast ic-padding-top uk-margin-bottom ic-padding-bottom \">\r\n<img decoding=\"async\" src=\"\/wp-content\/themes\/tm-beans-child\/img\/karta-wielowalutowa-igoriacard.png\" alt=\"B\u0142\u0119kitna karta IgoriaCard\" width=\"300\" class=\"uk-hidden-large uk-hidden-small uk-float-right uk-margin-right\" \/>\r\n\r\n<h2 class=\"uk-margin-left uk-margin-top uk-margin-small-bottom\">Card for <span class=\"ic-text-bolder\">25<\/span>,00&nbsp;PLN&nbsp;only<\/h2>\r\n<p class=\"uk-margin-bottom uk-margin-top-remove\">Offer valid till&nbsp;30.07.2017<\/p>\r\n<\/div>\r\n\r\n<div class=\"uk-container uk-container-center uk-text-center uk-margin-bottom\">\r\n<h2 class=\"uk-text-primary\"><span>17<\/span> currencies on&nbsp;a&nbsp;single card<\/h2>\r\n<ul class=\"uk-list uk-text-large\">\r\n<li>nominative or&nbsp;nameless&nbsp;card -&nbsp;plastic or&nbsp;virtual<\/li>\r\n<li>virtual card available in&nbsp;15&nbsp;minutes<\/li>\r\n<li>plastic card available in 48h, activation in 15 minutes<\/li>\r\n<li>load a&nbsp;card through&nbsp; transfer from&nbsp;more than 40&nbsp;banks or&nbsp;by transfer from another&nbsp;card<\/li>\r\n<li>flexible transactions limits<\/li>\r\n<li>convenient cashless payments all&nbsp;over&nbsp;the&nbsp;world<\/li>\r\n<li>online and 24\/7&nbsp;access to&nbsp;funds\r\n<\/li>\r\n<\/ul>\r\n<a href=\"[register]\" class=\"uk-button uk-button-large\">Order a card<\/a>\r\n<\/div>\r\n\r\n<div class=\"uk-block-primary uk-contrast uk-margin-large\">\r\n<p class=\"uk-container uk-container-center uk-text-center uk-text-large ic-padding-bottom\">IgoriaCard allows you <strong>to pay in<\/strong>&nbsp;<span>17<\/span>&nbsp;currencies <strong>anywhere in the world<\/strong><br \/>\u2013 the&nbsp;card automatically adjusts to&nbsp;the&nbsp;local currency of&nbsp;the&nbsp;country you are&nbsp;in. Order a&nbsp;card that suits you the&nbsp;most.<\/p>\r\n<\/div>\r\n\r\n<div class=\"uk-container uk-container-center uk-text-center uk-margin-top uk-margin-large-bottom\">\r\n<p class=\"uk-h2\">How does it&nbsp;work?<\/p>\r\n<a href=\"\/en\/how-it-works\/\" class=\"uk-button uk-button-large\">Check<\/a>\r\n<\/div>\r\n\r\n<div class=\"uk-cover uk-nbfc uk-position-relative uk-text-center uk-contrast ic-video-container\">\r\n\r\n    <video preload=\"none\" id=\"ic-video-spot\" class=\"uk-cover-object ic-video-spot\" width=\"100%\" autoplay=\"\" loop=\"\" muted=\"\">\r\n    <\/video>\r\n\r\n   <div class=\"uk-position-cover uk-overlay-background uk-vertical-align\">\r\n<div class=\"uk-vertical-align-middle\">\r\n      <img loading=\"lazy\" decoding=\"async\" src=\"\/wp-content\/uploads\/2017\/02\/biale-logo-igoria-card-multicurrency-lg-300x75.png\" alt=\"\" width=\"300\" height=\"75\" class=\"aligncenter size-medium wp-image-825 uk-margin-top\" srcset=\"https:\/\/www.igoriacard.com\/pt\/wp-content\/uploads\/sites\/8\/2017\/02\/biale-logo-igoria-card-multicurrency-lg-300x75.png 300w, https:\/\/www.igoriacard.com\/pt\/wp-content\/uploads\/sites\/8\/2017\/02\/biale-logo-igoria-card-multicurrency-lg.png 378w\" sizes=\"auto, (max-width: 300px) 100vw, 300px\" \/>\r\n      <h2 class=\"ic-text-bolder uk-margin-top-remove\">Many currencies, infinite possibilities<\/h2>\r\n      <p class=\"uk-margin-large-top uk-margin-large-bottom\"><a href=\"\" data-uk-lightbox id=\"ic-button-play\" class=\"uk-contrast uk-h1 uk-text-large ic-icon-play\"><\/a><\/p>\r\n<\/div>\r\n   <\/div>\r\n    <script>\r\n    var deviceWidth = document.documentElement.clientWidth;\r\n    var source = document.createElement('source');\r\n    var preview = document.getElementById('ic-button-play');\r\n    source.type='video\/mp4';\r\n\r\n    if(deviceWidth<481) {\r\n       source.src = preview.href = '\/vendor\/Igoria_60sek_EN_480.mp4';\r\n       \r\n    }\r\n    else if(deviceWidth<769) {\r\n       source.src = preview.href = '\/vendor\/Igoria_60sek_EN_768.mp4';\r\n    }\r\n    else {\r\n       source.src = preview.href = '\/vendor\/Igoria_60sek_EN.mp4';\r\n    }\r\n\r\n    var video = document.getElementById('ic-video-spot');\r\n    video.appendChild(source);\r\n    video.addEventListener(\"loadeddata\", function(){\r\n       document.getElementsByClassName(\"uk-overlay-background\")[0].style.background = \"rgba(0,0,0,0.5)\";\r\n    });\r\n       \r\n    <\/script>\r\n<\/div>\r\n\r\n<p class=\"uk-h2 uk-text-center\">Download our app<\/p>\r\n<div class=\"uk-grid uk-flex-center\">\r\n<a id=\"ic-google-play-link\" href=\"[google-play]\"><div id=\"ic-google-play\"><\/div><\/a><a id=\"ic-app-store-link\" href=\"[itunes]\"><div id=\"ic-app-store\"><\/div><\/a>\r\n<\/div>\r\n<hr \/>\r\n<p class=\"uk-h2 uk-text-center\">Media about us<\/p>\r\n[media]\r\n\r\n-->\r\n<!-------------- END stara wersja ze spotem --------------->\r\n\r\n<div class=\"uk-block-muted ic-padding-top ic-padding-bottom\">\r\n<p class=\"uk-text-large uk-container uk-container-center uk-text-center uk-padding uk-text-muted uk-margin-top\">\r\nPagamentos sem dinheiro convenientes em todo o mundo. Acesso online 24\/7 aos seus fundos. <br\/>\r\nCarregamento por transfer\u00eancia de mais de 40 bancos em todo o mundo. Limites de transa\u00e7\u00e3o el\u00e1stica.\r\n<\/p>\r\n<\/div>\r\n\r\n<div class=\"uk-container uk-container-center\">\r\n<h2 class=\"ic-lato uk-text-center uk-text-muted uk-margin-bottom uk-margin-top\">Cart\u00e3o de pl\u00e1stico de v\u00e1rias moedas<\/h2>\r\n\r\n<div class=\"uk-flex uk-flex-center uk-flex-top uk-flex-wrap ic-padding-top\">\r\n\r\n<div class=\"uk-margin-large-bottom uk-text-center\">\r\n<div class=\"uk-position-relative\">\r\n\r\n<img loading=\"lazy\" decoding=\"async\" src=\"https:\/\/www.igoriacard.com\/wp-content\/uploads\/2018\/03\/karta-plastik-300x189.png\" alt=\"\" width=\"300\" height=\"189\" class=\"aligncenter size-medium wp-image-1507\" \/>\r\n\r\n<!-- Discount bubble -->\r\n<!--<div class=\"uk-badge-warning uk-contrast uk-border-circle uk-text-bold uk-position-absolute\" style=\"\r\n    width: 115px;\r\n    height: 115px;\r\n    top: 172px;\r\n    bottom: 0;\r\n    margin: auto;\r\n    left: -31px;\r\n    \">\r\n<p class=\"uk-margin-top\">\r\n<span class=\"uk-text-large uk-display-inline-block\" style=\"\r\n    padding-top: 31px;\r\n\">0&nbsp;PLN\/mo.<\/span><\/p>\r\n<\/div>-->\r\n<!-- End of discount bubble -->\r\n<!-- Discount bubble -->\r\n<div class=\"uk-badge-warning uk-contrast uk-border-circle uk-text-bold uk-position-absolute card-1\" style=\"\r\n    width: 130px;\r\n    height: 130px;\r\n    top: 9px;\r\n    bottom: 0;\r\n    margin: auto;\r\n    left: -65px;\r\n    \">\r\n<p class=\"uk-margin-top\">\r\nIssuance\r\n<br>\r\nof the first card<br\/>\r\n<span class=\"uk-h2\">FREE<\/span>\r\n<\/p>\r\n<\/div>\r\n<\/div>\r\n<a class=\"uk-button uk-button-large ic-button-blue uk-margin-large-top\" href=\"https:\/\/igoriacard.com\/registration\/create\/en-GB\">Order the card<\/a>\r\n\r\n<\/div>\r\n\r\n<div class=\"uk-width-medium-1-2\">\r\n<ul class=\"uk-text-muted uk-margin-top uk-margin-left\">\r\n\r\n<li>Cart\u00e3o Mastercard f\u00edsico para usu\u00e1rios individuais<\/li>\r\n<li>O cart\u00e3o \u00e9 gravado em relevo, possui moderna tecnologia M \/ Chip Advance, pagamentos NFC sem contato e faixa magn\u00e9tica tradicional &#8211; versatilidade e conveni\u00eancia completas em qualquer lugar<\/li>\r\n<li>Possibilidade de pedido de cart\u00e3o adicional para a mesma conta<\/li>\r\n<li>Conta de v\u00e1rias moedas GRATUITA, al\u00e9m do cart\u00e3o, servindo 17 moedas<\/li>\r\n<li>Gerenciamento de pedidos, pedidos e cart\u00f5es on-line<\/li>\r\n<li>Entrega de cart\u00f5es em qualquer lugar do mundo<\/li>\r\n<li>Criando a Fun\u00e7\u00e3o de Hierarquia de Subcontas<\/li>\r\n<li>Representantes da conta e cria\u00e7\u00e3o de grupos de cart\u00f5es em uma carteira IgoriaCard<\/li>\r\n<li>Acesso flex\u00edvel e gerenciamento de limites pelo administrador da conta IgoriaCard<\/li>\r\n<li>C\u00e2mbio na plataforma com acesso a 136 pares de moedas<\/li>\r\n<li>Carregando o cart\u00e3o usando BLIK<\/li>\r\n<li>Transfer\u00eancias gratuitas na maioria dos bancos poloneses<\/li>\r\n<\/ul>\r\n<\/div>\r\n\r\n<\/div>\r\n\r\n\r\n<p class=\"uk-text-large uk-text-center uk-text-muted ic-padding-large-top ic-padding-large-bottom\">O IgoriaCard oferece a possibilidade de pagar mais de 120 moedas em todo o mundo &#8211; ajusta-se automaticamente \u00e0 moeda local do pa\u00eds em que voc\u00ea est\u00e1.<\/p>\r\n<\/div>\r\n\r\n<div class=\"uk-block-muted ic-padding-large-top ic-padding-large-bottom\">\r\n<h2 class=\"ic-lato uk-text-center uk-text-muted\">Cart\u00e3o virtual de v\u00e1rias moedas<\/h2>\r\n<div class=\"uk-grid uk-grid-collapse uk-container uk-container-center ic-padding-top\">\r\n\r\n<div class=\"uk-width-medium-1-2\">\r\n<ul class=\"uk-text-muted uk-margin-top\">\r\n<li>Cart\u00e3o Mastercard virtual para usu\u00e1rios individuais<\/li>\r\n<li>Escolha perfeita para pagamentos on-line em moedas estrangeiras<\/li>\r\n<li>Seguran\u00e7a adicional gra\u00e7as \u00e0 possibilidade de bloqueio \/ desbloqueio a qualquer momento<\/li>\r\n<li>Cart\u00e3o emitido imediatamente para usu\u00e1rios registrados da plataforma IgoriaCard e pronto para ativa\u00e7\u00e3o em poucos minutos desde o pedido<\/li>\r\n<li>Possibilidade de solicitar o cart\u00e3o virtual na mesma conta que o cart\u00e3o f\u00edsico ou na conta auxiliar<\/li>\r\n<li>Carregando o cart\u00e3o usando BLIK<\/li>\r\n<li>Transfer\u00eancias gratuitas na maioria dos bancos poloneses<\/li>\r\n<li>No pacote com um cart\u00e3o GRATUITO, uma conta com v\u00e1rias moedas para 17 moedas<\/li>\r\n<li>Gerenciamento de acesso e limites de pagamento pelo administrador da conta IgoriaCard<\/li>\r\n<li>A troca de moeda na plataforma permite o acesso a 136 pares de moedas<\/li>\r\n<\/ul>\r\n<\/div>\r\n\r\n<div class=\"uk-width-medium-1-2 uk-text-center ic-flex-reverse-small\">\r\n\r\n<div class=\"uk-position-relative uk-display-inline-block uk-margin-large-bottom uk-text-center\">\r\n\r\n<img loading=\"lazy\" decoding=\"async\" src=\"https:\/\/www.igoriacard.com\/wp-content\/uploads\/2018\/03\/karta-wirtualna-300x190.png\" alt=\"\" width=\"300\" height=\"190\" class=\"aligncenter size-medium wp-image-1508\" \/>\r\n\r\n<!-- Discount bubble -->\r\n<!--<div class=\"uk-badge-warning uk-contrast uk-border-circle uk-text-bold uk-position-absolute\" style=\"\r\n    width: 115px;\r\n    height: 115px;\r\n    top: 172px;\r\n    bottom: 0;\r\n    margin: auto;\r\n    left: -31px;\r\n    \">\r\n<p class=\"uk-margin-top\">\r\n<span class=\"uk-text-large uk-display-inline-block\" style=\"\r\n    padding-top: 31px;\r\n\">0&nbsp;PLN\/mo.<\/span><\/p>\r\n<\/div>-->\r\n<!-- End of discount bubble -->\r\n<!-- Discount bubble -->\r\n<div class=\"uk-badge-warning uk-contrast uk-border-circle uk-text-bold uk-position-absolute card-1\" style=\"\r\n    width: 130px;\r\n    height: 130px;\r\n    top: 9px;\r\n    bottom: 0;\r\n    margin: auto;\r\n    left: -65px;\r\n    \">\r\n<p class=\"\" style=\"margin-top:20px;\">\r\nIssuance<br\/>\r\nof the first card<\/br>\r\n<span class=\"uk-h2\">FREE<\/span>\r\n<\/div>\r\n\r\n\r\n<\/div>\r\n<div><a class=\"uk-button uk-button-large ic-button-blue uk-margin-top\" href=\"https:\/\/igoriacard.com\/registration\/create\/en-GB\">Order the&nbsp;card<\/a><\/div>\r\n<\/div>\r\n\r\n<\/div>\r\n<\/div>\r\n<p class=\"uk-text-large uk-text-center uk-text-muted uk-container-uk-container-center ic-padding-large-top ic-padding-large-bottom\">A troca de moeda do IgoriaCard ir\u00e1 automaticamente trocar a moeda por voc\u00ea com a melhor tarifa.<\/p>\r\n\r\n<hr \/>\r\n<div class=\"ic-aktualnosci uk-grid uk-grid-small uk-grid-width-medium-1-3 uk-container uk-container-center uk-margin-large-top uk-margin-bottom\"><div class=\"uk-margin-bottom\"><a href=\"https:\/\/www.igoriacard.com\/pt\/news\/polish-fintech-map-2019\/\" class=\"uk-grid uk-grid-large\"><div class=\"uk-width-medium-1-1 uk-width-2-6 uk-width-small-3-10\"><img loading=\"lazy\" decoding=\"async\" width=\"175\" height=\"93\" src=\"https:\/\/www.igoriacard.com\/pt\/wp-content\/uploads\/sites\/8\/2019\/06\/cashless2019.jpg\" class=\"uk-display-block uk-container-center\" alt=\"\" \/><\/div><div class=\"uk-width-medium-1-1 uk-width-4-6 uk-width-small-7-10 uk-margin-top\"><time datetime=\"2019-06-05T10:07:13+02:00\">5 Junho 2019<\/time><h3 class=\"uk-margin-small-top\">Polish Fintech Map 2019<\/h3><\/div><\/a><\/div><div class=\"uk-margin-bottom\"><a href=\"https:\/\/www.igoriacard.com\/pt\/news\/fintech-taipei-2018\/\" class=\"uk-grid uk-grid-large\"><div class=\"uk-width-medium-1-1 uk-width-2-6 uk-width-small-3-10\"><img loading=\"lazy\" decoding=\"async\" width=\"200\" height=\"110\" src=\"https:\/\/www.igoriacard.com\/pt\/wp-content\/uploads\/sites\/8\/2018\/12\/miniatura-TFF18-300x164.png\" class=\"uk-display-block uk-container-center\" alt=\"Fintech Taipei 2018\" srcset=\"https:\/\/www.igoriacard.com\/pt\/wp-content\/uploads\/sites\/8\/2018\/12\/miniatura-TFF18-300x164.png 300w, https:\/\/www.igoriacard.com\/pt\/wp-content\/uploads\/sites\/8\/2018\/12\/miniatura-TFF18-768x421.png 768w, https:\/\/www.igoriacard.com\/pt\/wp-content\/uploads\/sites\/8\/2018\/12\/miniatura-TFF18.png 940w\" sizes=\"auto, (max-width: 200px) 100vw, 200px\" \/><\/div><div class=\"uk-width-medium-1-1 uk-width-4-6 uk-width-small-7-10 uk-margin-top\"><time datetime=\"2018-12-10T12:47:05+01:00\">10 Dezembro 2018<\/time><h3 class=\"uk-margin-small-top\">Fintech Taipei 2018<\/h3><\/div><\/a><\/div><div class=\"uk-margin-bottom\"><a href=\"https:\/\/www.igoriacard.com\/pt\/news\/igoriacard-as-the-premium-sponsor-of-impact-fintech18\/\" class=\"uk-grid uk-grid-large\"><div class=\"uk-width-medium-1-1 uk-width-2-6 uk-width-small-3-10\"><img loading=\"lazy\" decoding=\"async\" width=\"196\" height=\"110\" src=\"https:\/\/www.igoriacard.com\/pt\/wp-content\/uploads\/sites\/8\/2018\/12\/csm_Grafika_Impact_fintech_18_49236cc3e7.jpg\" class=\"uk-display-block uk-container-center\" alt=\"\" srcset=\"https:\/\/www.igoriacard.com\/pt\/wp-content\/uploads\/sites\/8\/2018\/12\/csm_Grafika_Impact_fintech_18_49236cc3e7.jpg 800w, https:\/\/www.igoriacard.com\/pt\/wp-content\/uploads\/sites\/8\/2018\/12\/csm_Grafika_Impact_fintech_18_49236cc3e7-300x169.jpg 300w, https:\/\/www.igoriacard.com\/pt\/wp-content\/uploads\/sites\/8\/2018\/12\/csm_Grafika_Impact_fintech_18_49236cc3e7-768x432.jpg 768w\" sizes=\"auto, (max-width: 196px) 100vw, 196px\" \/><\/div><div class=\"uk-width-medium-1-1 uk-width-4-6 uk-width-small-7-10 uk-margin-top\"><time datetime=\"2018-11-28T19:28:42+01:00\">28 Novembro 2018<\/time><h3 class=\"uk-margin-small-top\">IgoriaCard as the premium sponsor of Impact Fintech'18<\/h3><\/div><\/a><\/div><\/div>\r\n<div class=\"uk-block-primary uk-contrast\">\r\n<p class=\"uk-container uk-container-center uk-text-center uk-text-large ic-padding-bottom\">O IgoriaCard liquida as transa\u00e7\u00f5es diretamente de <span>17<\/span> contas em moeda<br \/>\r\nou faz uma transa\u00e7\u00e3o autom\u00e1tica de c\u00e2mbio com a melhor taxa poss\u00edvel.<\/p>\r\n<\/div>\r\n\r\n\r\n<div class=\"uk-container uk-container-center uk-margin-large-bottom\">\r\n<div class=\"uk-slidenav-position\" data-uk-slider=\"{autoplay: true}\">\r\n<div class=\"uk-slider-container\">\r\n        <ul class=\"uk-slider uk-grid-width-1-1 uk-text-center\">\r\n        <li>\r\n<img decoding=\"async\" src=\"\/wp-content\/uploads\/2017\/02\/opinie-facet.png\" class=\"uk-border-circle uk-margin-large-top\" \/>\r\n<p class=\"ic-text-normal uk-margin-bottom-remove\">Ad\u00e3o<\/p>\r\n\r\n\r\n<p class=\"uk-text-small uk-text-muted uk-margin-top-remove\"CEO e fundador<\/p>\r\n<p class=\"uk-text-justify uk-width-medium-2-3 uk-container-center\">\r\nO IgoriaCard tornou mais f\u00e1cil para nossa empresa liquidar pagamentos, em particular os feitos durante viagens de neg\u00f3cios. O sistema automatizado permite controlar as despesas da empresa e minimizar seus custos.\r\n<\/p>\r\n<\/li>\r\n        <li>\r\n<img decoding=\"async\" src=\"\/wp-content\/uploads\/2017\/02\/opinie-bebka.png\" class=\"uk-border-circle uk-margin-large-top\">\r\n<p class=\"ic-text-normal uk-margin-bottom-remove\">Izabela<\/p>\r\n<p class=\"uk-text-small uk-text-muted uk-margin-top-remove\">CEO<\/p>\r\n<p class=\"uk-text-justify uk-width-medium-2-3 uk-container-center\">\r\nTomei a decis\u00e3o de encomendar o IgoriaCard logo ap\u00f3s descobrir que h\u00e1 17 moedas em um cart\u00e3o. Ao ter acesso a uma carteira de v\u00e1rias moedas, posso pagar rapidamente com um cart\u00e3o, n\u00e3o apenas na Internet, mas tamb\u00e9m no exterior. Eu tenho apenas um cart\u00e3o para todos os tipos de pagamentos &#8211; \u00e9 realmente conveniente! Vale a pena recomendar o IgoriaCard a todas as pessoas que fazem transa\u00e7\u00f5es di\u00e1rias em diferentes moedas.\r\n<\/p>\r\n<\/li>\r\n<li>\r\n<img decoding=\"async\" src=\"\/wp-content\/uploads\/2017\/02\/opinie-bebka.png\" class=\"uk-border-circle uk-margin-large-top\">\r\n<p class=\"ic-text-normal uk-margin-bottom-remove\">Monika<\/p>\r\n<p class=\"uk-text-small uk-text-muted uk-margin-top-remove\">Gerente<\/p>\r\n<p class=\"uk-text-justify uk-width-medium-2-3 uk-container-center\">\r\nEstabelecemos acordos com contrapartes em uma variedade de moedas. Demorou muito tempo para encontrar uma solu\u00e7\u00e3o que ajudasse a reduzir os custos de transa\u00e7\u00f5es e c\u00e2mbio. Gra\u00e7as ao IgoriaCard, podemos fazer acordos com nossos parceiros de neg\u00f3cios em todo o mundo, trocar moedas a taxas favor\u00e1veis \u200b\u200be usar cart\u00f5es virtuais de moedas m\u00faltiplas para liquidar pagamentos di\u00e1rios.\r\n<\/p>\r\n<\/li>\r\n    <\/ul>\r\n<\/div>\r\n    <a href=\"\" class=\"uk-slidenav uk-slidenav-previous\" data-uk-slider-item=\"previous\"><\/a>\r\n    <a href=\"\" class=\"uk-slidenav uk-slidenav-next\" data-uk-slider-item=\"next\"><\/a>\r\n<\/div>\r\n<\/div>\r\n","protected":false},"excerpt":{"rendered":"<p>Pagamentos sem dinheiro convenientes em todo o mundo. Acesso online 24\/7 aos seus fundos. Carregamento por transfer\u00eancia de mais de 40 bancos em todo o mundo. Limites de transa\u00e7\u00e3o el\u00e1stica. Cart\u00e3o de pl\u00e1stico de v\u00e1rias moedas Issuance of the first card FREE Order the card Cart\u00e3o Mastercard f\u00edsico para usu\u00e1rios individuais O cart\u00e3o \u00e9 gravado [&hellip;]<\/p>\n","protected":false},"author":1,"featured_media":0,"parent":0,"menu_order":0,"comment_status":"closed","ping_status":"closed","template":"","meta":{"footnotes":""},"class_list":["post-13","page","type-page","status-publish","hentry"],"yoast_head":"<!-- This site is optimized with the Yoast SEO plugin v26.8 - https:\/\/yoast.com\/product\/yoast-seo-wordpress\/ -->\n<title>Multicurrency cards - IgoriaCard | PT<\/title>\n<meta name=\"description\" content=\"Cheap, fast and reliable payments with prepaid cards - during trips and travels all around the world!\" \/>\n<meta name=\"robots\" content=\"noindex, follow, max-snippet:-1, max-image-preview:large, max-video-preview:-1\" \/>\n<meta property=\"og:locale\" content=\"pt_PT\" \/>\n<meta property=\"og:type\" content=\"article\" \/>\n<meta property=\"og:title\" content=\"Multicurrency cards - IgoriaCard | PT\" \/>\n<meta property=\"og:description\" content=\"Cheap, fast and reliable payments with prepaid cards - during trips and travels all around the world!\" \/>\n<meta property=\"og:url\" content=\"https:\/\/www.igoriacard.com\/pt\/\" \/>\n<meta property=\"og:site_name\" content=\"IgoriaCard | PT\" \/>\n<meta property=\"article:publisher\" content=\"https:\/\/www.facebook.com\/IgoriaCard\" \/>\n<meta property=\"article:modified_time\" content=\"2020-03-20T13:13:15+00:00\" \/>\n<meta property=\"og:image\" content=\"https:\/\/www.igoriacard.com\/wp-content\/uploads\/2018\/03\/karta-plastik-300x189.png\" \/>\n<meta name=\"twitter:card\" content=\"summary_large_image\" \/>\n<meta name=\"twitter:label1\" content=\"Tempo estimado de leitura\" \/>\n\t<meta name=\"twitter:data1\" content=\"2 minutos\" \/>\n<script type=\"application\/ld+json\" class=\"yoast-schema-graph\">{\"@context\":\"https:\/\/schema.org\",\"@graph\":[{\"@type\":\"WebPage\",\"@id\":\"https:\/\/www.igoriacard.com\/pt\/\",\"url\":\"https:\/\/www.igoriacard.com\/pt\/\",\"name\":\"Multicurrency cards - IgoriaCard | PT\",\"isPartOf\":{\"@id\":\"https:\/\/www.igoriacard.com\/pt\/#website\"},\"primaryImageOfPage\":{\"@id\":\"https:\/\/www.igoriacard.com\/pt\/#primaryimage\"},\"image\":{\"@id\":\"https:\/\/www.igoriacard.com\/pt\/#primaryimage\"},\"thumbnailUrl\":\"https:\/\/www.igoriacard.com\/wp-content\/uploads\/2018\/03\/karta-plastik-300x189.png\",\"datePublished\":\"2016-07-19T10:59:12+00:00\",\"dateModified\":\"2020-03-20T13:13:15+00:00\",\"description\":\"Cheap, fast and reliable payments with prepaid cards - during trips and travels all around the world!\",\"breadcrumb\":{\"@id\":\"https:\/\/www.igoriacard.com\/pt\/#breadcrumb\"},\"inLanguage\":\"pt-PT\",\"potentialAction\":[{\"@type\":\"ReadAction\",\"target\":[\"https:\/\/www.igoriacard.com\/pt\/\"]}]},{\"@type\":\"ImageObject\",\"inLanguage\":\"pt-PT\",\"@id\":\"https:\/\/www.igoriacard.com\/pt\/#primaryimage\",\"url\":\"https:\/\/www.igoriacard.com\/wp-content\/uploads\/2018\/03\/karta-plastik-300x189.png\",\"contentUrl\":\"https:\/\/www.igoriacard.com\/wp-content\/uploads\/2018\/03\/karta-plastik-300x189.png\"},{\"@type\":\"BreadcrumbList\",\"@id\":\"https:\/\/www.igoriacard.com\/pt\/#breadcrumb\",\"itemListElement\":[{\"@type\":\"ListItem\",\"position\":1,\"name\":\"Home\",\"item\":\"https:\/\/www.igoriacard.com\/pt\/\"},{\"@type\":\"ListItem\",\"position\":2,\"name\":\"Strona g\u0142\u00f3wna\"}]},{\"@type\":\"WebSite\",\"@id\":\"https:\/\/www.igoriacard.com\/pt\/#website\",\"url\":\"https:\/\/www.igoriacard.com\/pt\/\",\"name\":\"IgoriaCard | PT\",\"description\":\"\",\"potentialAction\":[{\"@type\":\"SearchAction\",\"target\":{\"@type\":\"EntryPoint\",\"urlTemplate\":\"https:\/\/www.igoriacard.com\/pt\/?s={search_term_string}\"},\"query-input\":{\"@type\":\"PropertyValueSpecification\",\"valueRequired\":true,\"valueName\":\"search_term_string\"}}],\"inLanguage\":\"pt-PT\"}]}<\/script>\n<!-- \/ Yoast SEO plugin. -->","yoast_head_json":{"title":"Multicurrency cards - IgoriaCard | PT","description":"Cheap, fast and reliable payments with prepaid cards - during trips and travels all around the world!","robots":{"index":"noindex","follow":"follow","max-snippet":"max-snippet:-1","max-image-preview":"max-image-preview:large","max-video-preview":"max-video-preview:-1"},"og_locale":"pt_PT","og_type":"article","og_title":"Multicurrency cards - IgoriaCard | PT","og_description":"Cheap, fast and reliable payments with prepaid cards - during trips and travels all around the world!","og_url":"https:\/\/www.igoriacard.com\/pt\/","og_site_name":"IgoriaCard | PT","article_publisher":"https:\/\/www.facebook.com\/IgoriaCard","article_modified_time":"2020-03-20T13:13:15+00:00","og_image":[{"url":"https:\/\/www.igoriacard.com\/wp-content\/uploads\/2018\/03\/karta-plastik-300x189.png","type":"","width":"","height":""}],"twitter_card":"summary_large_image","twitter_misc":{"Tempo estimado de leitura":"2 minutos"},"schema":{"@context":"https:\/\/schema.org","@graph":[{"@type":"WebPage","@id":"https:\/\/www.igoriacard.com\/pt\/","url":"https:\/\/www.igoriacard.com\/pt\/","name":"Multicurrency cards - IgoriaCard | PT","isPartOf":{"@id":"https:\/\/www.igoriacard.com\/pt\/#website"},"primaryImageOfPage":{"@id":"https:\/\/www.igoriacard.com\/pt\/#primaryimage"},"image":{"@id":"https:\/\/www.igoriacard.com\/pt\/#primaryimage"},"thumbnailUrl":"https:\/\/www.igoriacard.com\/wp-content\/uploads\/2018\/03\/karta-plastik-300x189.png","datePublished":"2016-07-19T10:59:12+00:00","dateModified":"2020-03-20T13:13:15+00:00","description":"Cheap, fast and reliable payments with prepaid cards - during trips and travels all around the world!","breadcrumb":{"@id":"https:\/\/www.igoriacard.com\/pt\/#breadcrumb"},"inLanguage":"pt-PT","potentialAction":[{"@type":"ReadAction","target":["https:\/\/www.igoriacard.com\/pt\/"]}]},{"@type":"ImageObject","inLanguage":"pt-PT","@id":"https:\/\/www.igoriacard.com\/pt\/#primaryimage","url":"https:\/\/www.igoriacard.com\/wp-content\/uploads\/2018\/03\/karta-plastik-300x189.png","contentUrl":"https:\/\/www.igoriacard.com\/wp-content\/uploads\/2018\/03\/karta-plastik-300x189.png"},{"@type":"BreadcrumbList","@id":"https:\/\/www.igoriacard.com\/pt\/#breadcrumb","itemListElement":[{"@type":"ListItem","position":1,"name":"Home","item":"https:\/\/www.igoriacard.com\/pt\/"},{"@type":"ListItem","position":2,"name":"Strona g\u0142\u00f3wna"}]},{"@type":"WebSite","@id":"https:\/\/www.igoriacard.com\/pt\/#website","url":"https:\/\/www.igoriacard.com\/pt\/","name":"IgoriaCard | PT","description":"","potentialAction":[{"@type":"SearchAction","target":{"@type":"EntryPoint","urlTemplate":"https:\/\/www.igoriacard.com\/pt\/?s={search_term_string}"},"query-input":{"@type":"PropertyValueSpecification","valueRequired":true,"valueName":"search_term_string"}}],"inLanguage":"pt-PT"}]}},"_links":{"self":[{"href":"https:\/\/www.igoriacard.com\/pt\/wp-json\/wp\/v2\/pages\/13","targetHints":{"allow":["GET"]}}],"collection":[{"href":"https:\/\/www.igoriacard.com\/pt\/wp-json\/wp\/v2\/pages"}],"about":[{"href":"https:\/\/www.igoriacard.com\/pt\/wp-json\/wp\/v2\/types\/page"}],"author":[{"embeddable":true,"href":"https:\/\/www.igoriacard.com\/pt\/wp-json\/wp\/v2\/users\/1"}],"replies":[{"embeddable":true,"href":"https:\/\/www.igoriacard.com\/pt\/wp-json\/wp\/v2\/comments?post=13"}],"version-history":[{"count":56,"href":"https:\/\/www.igoriacard.com\/pt\/wp-json\/wp\/v2\/pages\/13\/revisions"}],"predecessor-version":[{"id":2003,"href":"https:\/\/www.igoriacard.com\/pt\/wp-json\/wp\/v2\/pages\/13\/revisions\/2003"}],"wp:attachment":[{"href":"https:\/\/www.igoriacard.com\/pt\/wp-json\/wp\/v2\/media?parent=13"}],"curies":[{"name":"wp","href":"https:\/\/api.w.org\/{rel}","templated":true}]}}