{"id":14,"date":"2016-07-21T13:01:14","date_gmt":"2016-07-21T11:01:14","guid":{"rendered":"http:\/\/localhost\/projects\/var\/www\/clients\/client1\/web1\/web\/?page_id=11"},"modified":"2019-12-24T12:00:24","modified_gmt":"2019-12-24T11:00:24","slug":"card-for-you","status":"publish","type":"page","link":"https:\/\/www.igoriacard.com\/pt\/card-for-you\/","title":{"rendered":"Card for You"},"content":{"rendered":"<div class=\"ic-boxes uk-text-center\">\r\n <div>\r\n\r\n  <div class=\"uk-container uk-container-center uk-grid uk-grid-width-small-1-2\">\r\n<div class=\"uk-vertical-align uk-push-1-2\"><img loading=\"lazy\" decoding=\"async\" src=\"\/wp-content\/uploads\/2017\/02\/02-najczesciej-kupowana.jpg\" alt=\"praca\" width=\"315\" height=\"222\" class=\"alignnone size-full wp-image-335\" srcset=\"https:\/\/www.igoriacard.com\/pt\/wp-content\/uploads\/sites\/8\/2017\/02\/02-najczesciej-kupowana.jpg 315w, https:\/\/www.igoriacard.com\/pt\/wp-content\/uploads\/sites\/8\/2017\/02\/02-najczesciej-kupowana-300x211.jpg 300w\" sizes=\"auto, (max-width: 315px) 100vw, 315px\" \/><\/div>\r\n  <ul class=\"uk-pull-1-2 uk-list\">\r\n   <li><h2>Mais vendidos<\/h2><\/li>\r\n<li>17 moedas em um cart\u00e3o<\/li>\r\n<li>taxas de c\u00e2mbio favor\u00e1veis \u200b\u200bsem comiss\u00e3o<\/li>\r\n<li>n\u00e3o \u00e9 necess\u00e1rio abrir uma conta em moeda no banco<\/li>\r\n<li>acesso online a fundos e hist\u00f3rico de transa\u00e7\u00f5es online 24\/7<\/li>\r\n  <\/ul>\r\n  \r\n <\/div>\r\n\r\n<\/div>\r\n<div class=\"ic-primary-background-dark\">\r\n <div class=\"uk-container uk-container-center uk-grid uk-contrast uk-grid-width-small-1-2\">\r\n  <div><a class=\"uk-button uk-button-large\" href=\"https:\/\/igoriacard.com\/registration\/create\/en-GB\">Encomendar um cart\u00e3o<\/a><\/div>\r\n  <div><h2 style=\"white-space: nowrap;\">Cart\u00e3o e entrega a partir de&nbsp;<span>15<\/span>PLN<\/h2><\/div>\r\n <\/div>\r\n<\/div>\r\n\r\n<div>\r\n <div class=\"uk-container uk-container-center uk-grid uk-grid-width-small-1-2\">\r\n<div class=\"uk-vertical-align\"><img loading=\"lazy\" decoding=\"async\" src=\"\/wp-content\/uploads\/2017\/02\/03-dla-podrozujacych.jpg\" alt=\"The multicurrency for travellers\" width=\"315\" height=\"222\" class=\"alignnone size-full wp-image-336\" srcset=\"https:\/\/www.igoriacard.com\/pt\/wp-content\/uploads\/sites\/8\/2017\/02\/03-dla-podrozujacych.jpg 315w, https:\/\/www.igoriacard.com\/pt\/wp-content\/uploads\/sites\/8\/2017\/02\/03-dla-podrozujacych-300x211.jpg 300w\" sizes=\"auto, (max-width: 315px) 100vw, 315px\" \/><\/div>\r\n\r\n  <ul class=\"uk-list uk-margin-small-bottom\">\r\n   <li><a href=\"\/en\/prepaid-cards-for-travellers\/\"><h2>Para viajantes<\/h2><\/a><\/li>\r\n<li>custos de viagem inferiores a 8%<\/li>\r\n<li>acesso conveniente a fundos<\/li>\r\n<li>sem risco de taxa de c\u00e2mbio<\/li>\r\n   <li><a class=\"uk-button uk-button-large uk-margin-small-bottom\" href=\"https:\/\/igoriacard.com\/registration\/create\/en-GB\">Encomendar um cart\u00e3o<\/a><\/li>\r\n  <\/ul>\r\n  <\/div>\r\n<\/div>\r\n\r\n<div>\r\n <div class=\"uk-container uk-container-center uk-grid uk-grid-width-small-1-2\">\r\n  <div class=\"uk-vertical-align uk-push-1-2\"><img loading=\"lazy\" decoding=\"async\" src=\"\/wp-content\/uploads\/2017\/02\/08-na-wakacje.jpg\" alt=\"Multicurrency card for holidays\" width=\"315\" height=\"222\" class=\"alignnone size-full wp-image-341\" srcset=\"https:\/\/www.igoriacard.com\/pt\/wp-content\/uploads\/sites\/8\/2017\/02\/08-na-wakacje.jpg 315w, https:\/\/www.igoriacard.com\/pt\/wp-content\/uploads\/sites\/8\/2017\/02\/08-na-wakacje-300x211.jpg 300w\" sizes=\"auto, (max-width: 315px) 100vw, 315px\" \/><\/div>\r\n  <ul class=\"uk-pull-1-2 uk-list uk-margin-small-bottom\">\r\n   <li><a href=\"\/en\/prepaid-card-for-vacations\/\"><h2>Para feriados<\/h2><\/a><\/li>\r\n<li>economia de at\u00e9 8%<\/li>\r\n<li>ajuste para moeda local<\/li>\r\n<li>pagamentos r\u00e1pidos e convenientes<\/li>\r\n   <li><a class=\"uk-button uk-button-large uk-margin-small-bottom\" href=\"https:\/\/igoriacard.com\/registration\/create\/en-GB\">Encomendar um cart\u00e3o<\/a><\/li>\r\n  <\/ul>\r\n\r\n <\/div>\r\n<\/div>\r\n\r\n<div>\r\n <div class=\"uk-container uk-container-center uk-grid uk-grid-width-small-1-2\">\r\n<div class=\"uk-vertical-align\"><img loading=\"lazy\" decoding=\"async\" src=\"\/wp-content\/uploads\/2017\/02\/04-dla-studentow.jpg\" alt=\"Prepaid cards for students\" width=\"315\" height=\"222\" class=\"alignnone size-full wp-image-337\" srcset=\"https:\/\/www.igoriacard.com\/pt\/wp-content\/uploads\/sites\/8\/2017\/02\/04-dla-studentow.jpg 315w, https:\/\/www.igoriacard.com\/pt\/wp-content\/uploads\/sites\/8\/2017\/02\/04-dla-studentow-300x211.jpg 300w\" sizes=\"auto, (max-width: 315px) 100vw, 315px\" \/><\/div>\r\n  <ul class=\"uk-list uk-margin-small-bottom\">\r\n   <li><a href=\"\/en\/nameless-card-for-students\/\"><h2>Para estudantes<\/h2><\/a><\/li>\r\n<li>17 moedas em um cart\u00e3o<\/li>\r\n<li>pagamentos r\u00e1pidos e convenientes<\/li>\r\n<li>limites de transa\u00e7\u00f5es ajust\u00e1veis<\/li>\r\n   <li><a class=\"uk-button uk-button-large uk-margin-small-bottom\" href=\"https:\/\/igoriacard.com\/registration\/create\/en-GB\">Encomendar um cart\u00e3o<\/a><\/li>\r\n  <\/ul>\r\n <\/div> \r\n<\/div>\r\n\r\n<!--<div>\r\n <div class=\"uk-container uk-container-center uk-grid uk-grid-width-small-1-2\">\r\n  <div class=\"uk-vertical-align uk-push-1-2 \"><img loading=\"lazy\" decoding=\"async\" src=\"\/wp-content\/uploads\/2017\/02\/05-dla-dzieci.jpg\" alt=\"Bezpieczna karta prepaid dla dzieci\" width=\"315\" height=\"222\" class=\"alignnone size-full wp-image-338\" srcset=\"https:\/\/www.igoriacard.com\/pt\/wp-content\/uploads\/sites\/8\/2017\/02\/05-dla-dzieci.jpg 315w, https:\/\/www.igoriacard.com\/pt\/wp-content\/uploads\/sites\/8\/2017\/02\/05-dla-dzieci-300x211.jpg 300w\" sizes=\"auto, (max-width: 315px) 100vw, 315px\" \/><\/div>\r\n  <ul class=\"uk-pull-1-2 uk-list uk-margin-small-bottom\">\r\n   <li><a href=\"\/en\/prepaid-card-pocket-money-for-kids-and-teens\"<h2>For kids and&nbsp;teens<\/h2><\/a><\/li>\r\n   <li>safe access to&nbsp;funds<\/li>\r\n   <li>full controll over your child's expenses<\/li>\r\n   <li>an&nbsp;ideal form of&nbsp;pocket-money<\/li>\r\n   <li><a class=\"uk-button uk-button-large uk-margin-small-bottom\" href=\"[register]\">Encomendar um cart\u00e3o<\/a><\/li>\r\n  <\/ul>\r\n <\/div>\r\n<\/div>-->\r\n\r\n<div>\r\n <div class=\"uk-container uk-container-center uk-grid uk-grid-width-small-1-2\">\r\n  <div class=\"uk-vertical-align uk-push-1-2\"><img loading=\"lazy\" decoding=\"async\" src=\"\/wp-content\/uploads\/2017\/02\/06-codzienne-platnosci.jpg\" alt=\"Karta wielowalutowa do codziennych p\u0142atno\u015bci\" width=\"315\" height=\"222\" class=\"alignnone size-full wp-image-339\" srcset=\"https:\/\/www.igoriacard.com\/pt\/wp-content\/uploads\/sites\/8\/2017\/02\/06-codzienne-platnosci.jpg 315w, https:\/\/www.igoriacard.com\/pt\/wp-content\/uploads\/sites\/8\/2017\/02\/06-codzienne-platnosci-300x211.jpg 300w\" sizes=\"auto, (max-width: 315px) 100vw, 315px\" \/><\/div>\r\n  <ul class=\"uk-pull-1-2 uk-list uk-margin-small-bottom\">\r\n   <li><a href=\"\/en\/daily-payments-with-prepaid-card\/\"><h2>Pagamentos di\u00e1rios<\/h2><\/a><\/li>\r\n<li>pagamentos seguros na Internet<\/li>\r\n<li>pagamentos sem dinheiro em lojas e pontos de servi\u00e7o<\/li>\r\n<li>acesso r\u00e1pido ao hist\u00f3rico de transa\u00e7\u00f5es<\/li>\r\n   <li><a class=\"uk-button uk-button-large uk-margin-small-bottom\" href=\"https:\/\/igoriacard.com\/registration\/create\/en-GB\">Encomendar um cart\u00e3o<\/a><\/li>\r\n  <\/ul>\r\n <\/div>\r\n<\/div>\r\n\r\n<!--<div>\r\n <div class=\"uk-container uk-container-center uk-grid uk-grid-width-small-1-2\">\r\n  <div class=\"uk-vertical-align uk-push-1-2\"><img loading=\"lazy\" decoding=\"async\" src=\"\/wp-content\/uploads\/2017\/02\/07-karta-podarunkowa.jpg\" alt=\"Multicurrency card for a gift\" width=\"315\" height=\"222\" class=\"alignnone size-full wp-image-340\" srcset=\"https:\/\/www.igoriacard.com\/pt\/wp-content\/uploads\/sites\/8\/2017\/02\/07-karta-podarunkowa.jpg 315w, https:\/\/www.igoriacard.com\/pt\/wp-content\/uploads\/sites\/8\/2017\/02\/07-karta-podarunkowa-300x211.jpg 300w\" sizes=\"auto, (max-width: 315px) 100vw, 315px\" \/><\/div>\r\n  <ul class=\"uk-list uk-margin-small-bottom uk-pull-1-2\">\r\n   <li><a href=\"\/en\/gift-card\/\"><h2>Gift card<\/h2><\/a><\/li>\r\n   <li>the&nbsp;perfect gift for&nbsp;anyone<\/li>\r\n   <li>no bank account<\/li>\r\n   <li>bearer card<\/li>\r\n   <li><a class=\"uk-button uk-button-large uk-margin-small-bottom\" href=\"[register]\">Encomendar um cart\u00e3o<\/a><\/li>\r\n  <\/ul>\r\n <\/div>\r\n<\/div>-->\r\n<\/div>\r\n","protected":false},"excerpt":{"rendered":"<p>Mais vendidos 17 moedas em um cart\u00e3o taxas de c\u00e2mbio favor\u00e1veis \u200b\u200bsem comiss\u00e3o n\u00e3o \u00e9 necess\u00e1rio abrir uma conta em moeda no banco acesso online a fundos e hist\u00f3rico de transa\u00e7\u00f5es online 24\/7 Encomendar um cart\u00e3o Cart\u00e3o e entrega a partir de&nbsp;15PLN Para viajantes custos de viagem inferiores a 8% acesso conveniente a fundos sem [&hellip;]<\/p>\n","protected":false},"author":1,"featured_media":334,"parent":0,"menu_order":0,"comment_status":"closed","ping_status":"closed","template":"page-common.php","meta":{"footnotes":""},"class_list":["post-14","page","type-page","status-publish","has-post-thumbnail","hentry"],"yoast_head":"<!-- This site is optimized with the Yoast SEO plugin v26.8 - https:\/\/yoast.com\/product\/yoast-seo-wordpress\/ -->\n<title>Multicurrency cards for individuals - IgoriaCard | PT<\/title>\n<meta name=\"description\" content=\"A multicurrency payment card for individuals who are traveling abroad.\" \/>\n<meta name=\"robots\" content=\"noindex, follow, max-snippet:-1, max-image-preview:large, max-video-preview:-1\" \/>\n<meta property=\"og:locale\" content=\"pt_PT\" \/>\n<meta property=\"og:type\" content=\"article\" \/>\n<meta property=\"og:title\" content=\"Multicurrency cards for individuals - IgoriaCard | PT\" \/>\n<meta property=\"og:description\" content=\"A multicurrency payment card for individuals who are traveling abroad.\" \/>\n<meta property=\"og:url\" content=\"https:\/\/www.igoriacard.com\/pt\/card-for-you\/\" \/>\n<meta property=\"og:site_name\" content=\"IgoriaCard | PT\" \/>\n<meta property=\"article:publisher\" content=\"https:\/\/www.facebook.com\/IgoriaCard\" \/>\n<meta property=\"article:modified_time\" content=\"2019-12-24T11:00:24+00:00\" \/>\n<meta property=\"og:image\" content=\"https:\/\/www.igoriacard.com\/pt\/wp-content\/uploads\/sites\/8\/2017\/02\/01-dla-ciebie.jpg\" \/>\n\t<meta property=\"og:image:width\" content=\"1722\" \/>\n\t<meta property=\"og:image:height\" content=\"784\" \/>\n\t<meta property=\"og:image:type\" content=\"image\/jpeg\" \/>\n<meta name=\"twitter:card\" content=\"summary_large_image\" \/>\n<meta name=\"twitter:label1\" content=\"Tempo estimado de leitura\" \/>\n\t<meta name=\"twitter:data1\" content=\"1 minuto\" \/>\n<script type=\"application\/ld+json\" class=\"yoast-schema-graph\">{\"@context\":\"https:\/\/schema.org\",\"@graph\":[{\"@type\":\"WebPage\",\"@id\":\"https:\/\/www.igoriacard.com\/pt\/card-for-you\/\",\"url\":\"https:\/\/www.igoriacard.com\/pt\/card-for-you\/\",\"name\":\"Multicurrency cards for individuals - IgoriaCard | PT\",\"isPartOf\":{\"@id\":\"https:\/\/www.igoriacard.com\/pt\/#website\"},\"primaryImageOfPage\":{\"@id\":\"https:\/\/www.igoriacard.com\/pt\/card-for-you\/#primaryimage\"},\"image\":{\"@id\":\"https:\/\/www.igoriacard.com\/pt\/card-for-you\/#primaryimage\"},\"thumbnailUrl\":\"https:\/\/www.igoriacard.com\/pt\/wp-content\/uploads\/sites\/8\/2017\/02\/01-dla-ciebie.jpg\",\"datePublished\":\"2016-07-21T11:01:14+00:00\",\"dateModified\":\"2019-12-24T11:00:24+00:00\",\"description\":\"A multicurrency payment card for individuals who are traveling abroad.\",\"breadcrumb\":{\"@id\":\"https:\/\/www.igoriacard.com\/pt\/card-for-you\/#breadcrumb\"},\"inLanguage\":\"pt-PT\",\"potentialAction\":[{\"@type\":\"ReadAction\",\"target\":[\"https:\/\/www.igoriacard.com\/pt\/card-for-you\/\"]}]},{\"@type\":\"ImageObject\",\"inLanguage\":\"pt-PT\",\"@id\":\"https:\/\/www.igoriacard.com\/pt\/card-for-you\/#primaryimage\",\"url\":\"https:\/\/www.igoriacard.com\/pt\/wp-content\/uploads\/sites\/8\/2017\/02\/01-dla-ciebie.jpg\",\"contentUrl\":\"https:\/\/www.igoriacard.com\/pt\/wp-content\/uploads\/sites\/8\/2017\/02\/01-dla-ciebie.jpg\",\"width\":1722,\"height\":784},{\"@type\":\"BreadcrumbList\",\"@id\":\"https:\/\/www.igoriacard.com\/pt\/card-for-you\/#breadcrumb\",\"itemListElement\":[{\"@type\":\"ListItem\",\"position\":1,\"name\":\"Home\",\"item\":\"https:\/\/www.igoriacard.com\/pt\/\"},{\"@type\":\"ListItem\",\"position\":2,\"name\":\"Card for You\"}]},{\"@type\":\"WebSite\",\"@id\":\"https:\/\/www.igoriacard.com\/pt\/#website\",\"url\":\"https:\/\/www.igoriacard.com\/pt\/\",\"name\":\"IgoriaCard | PT\",\"description\":\"\",\"potentialAction\":[{\"@type\":\"SearchAction\",\"target\":{\"@type\":\"EntryPoint\",\"urlTemplate\":\"https:\/\/www.igoriacard.com\/pt\/?s={search_term_string}\"},\"query-input\":{\"@type\":\"PropertyValueSpecification\",\"valueRequired\":true,\"valueName\":\"search_term_string\"}}],\"inLanguage\":\"pt-PT\"}]}<\/script>\n<!-- \/ Yoast SEO plugin. -->","yoast_head_json":{"title":"Multicurrency cards for individuals - IgoriaCard | PT","description":"A multicurrency payment card for individuals who are traveling abroad.","robots":{"index":"noindex","follow":"follow","max-snippet":"max-snippet:-1","max-image-preview":"max-image-preview:large","max-video-preview":"max-video-preview:-1"},"og_locale":"pt_PT","og_type":"article","og_title":"Multicurrency cards for individuals - IgoriaCard | PT","og_description":"A multicurrency payment card for individuals who are traveling abroad.","og_url":"https:\/\/www.igoriacard.com\/pt\/card-for-you\/","og_site_name":"IgoriaCard | PT","article_publisher":"https:\/\/www.facebook.com\/IgoriaCard","article_modified_time":"2019-12-24T11:00:24+00:00","og_image":[{"width":1722,"height":784,"url":"https:\/\/www.igoriacard.com\/pt\/wp-content\/uploads\/sites\/8\/2017\/02\/01-dla-ciebie.jpg","type":"image\/jpeg"}],"twitter_card":"summary_large_image","twitter_misc":{"Tempo estimado de leitura":"1 minuto"},"schema":{"@context":"https:\/\/schema.org","@graph":[{"@type":"WebPage","@id":"https:\/\/www.igoriacard.com\/pt\/card-for-you\/","url":"https:\/\/www.igoriacard.com\/pt\/card-for-you\/","name":"Multicurrency cards for individuals - IgoriaCard | PT","isPartOf":{"@id":"https:\/\/www.igoriacard.com\/pt\/#website"},"primaryImageOfPage":{"@id":"https:\/\/www.igoriacard.com\/pt\/card-for-you\/#primaryimage"},"image":{"@id":"https:\/\/www.igoriacard.com\/pt\/card-for-you\/#primaryimage"},"thumbnailUrl":"https:\/\/www.igoriacard.com\/pt\/wp-content\/uploads\/sites\/8\/2017\/02\/01-dla-ciebie.jpg","datePublished":"2016-07-21T11:01:14+00:00","dateModified":"2019-12-24T11:00:24+00:00","description":"A multicurrency payment card for individuals who are traveling abroad.","breadcrumb":{"@id":"https:\/\/www.igoriacard.com\/pt\/card-for-you\/#breadcrumb"},"inLanguage":"pt-PT","potentialAction":[{"@type":"ReadAction","target":["https:\/\/www.igoriacard.com\/pt\/card-for-you\/"]}]},{"@type":"ImageObject","inLanguage":"pt-PT","@id":"https:\/\/www.igoriacard.com\/pt\/card-for-you\/#primaryimage","url":"https:\/\/www.igoriacard.com\/pt\/wp-content\/uploads\/sites\/8\/2017\/02\/01-dla-ciebie.jpg","contentUrl":"https:\/\/www.igoriacard.com\/pt\/wp-content\/uploads\/sites\/8\/2017\/02\/01-dla-ciebie.jpg","width":1722,"height":784},{"@type":"BreadcrumbList","@id":"https:\/\/www.igoriacard.com\/pt\/card-for-you\/#breadcrumb","itemListElement":[{"@type":"ListItem","position":1,"name":"Home","item":"https:\/\/www.igoriacard.com\/pt\/"},{"@type":"ListItem","position":2,"name":"Card for You"}]},{"@type":"WebSite","@id":"https:\/\/www.igoriacard.com\/pt\/#website","url":"https:\/\/www.igoriacard.com\/pt\/","name":"IgoriaCard | PT","description":"","potentialAction":[{"@type":"SearchAction","target":{"@type":"EntryPoint","urlTemplate":"https:\/\/www.igoriacard.com\/pt\/?s={search_term_string}"},"query-input":{"@type":"PropertyValueSpecification","valueRequired":true,"valueName":"search_term_string"}}],"inLanguage":"pt-PT"}]}},"_links":{"self":[{"href":"https:\/\/www.igoriacard.com\/pt\/wp-json\/wp\/v2\/pages\/14","targetHints":{"allow":["GET"]}}],"collection":[{"href":"https:\/\/www.igoriacard.com\/pt\/wp-json\/wp\/v2\/pages"}],"about":[{"href":"https:\/\/www.igoriacard.com\/pt\/wp-json\/wp\/v2\/types\/page"}],"author":[{"embeddable":true,"href":"https:\/\/www.igoriacard.com\/pt\/wp-json\/wp\/v2\/users\/1"}],"replies":[{"embeddable":true,"href":"https:\/\/www.igoriacard.com\/pt\/wp-json\/wp\/v2\/comments?post=14"}],"version-history":[{"count":26,"href":"https:\/\/www.igoriacard.com\/pt\/wp-json\/wp\/v2\/pages\/14\/revisions"}],"predecessor-version":[{"id":1970,"href":"https:\/\/www.igoriacard.com\/pt\/wp-json\/wp\/v2\/pages\/14\/revisions\/1970"}],"wp:featuredmedia":[{"embeddable":true,"href":"https:\/\/www.igoriacard.com\/pt\/wp-json\/wp\/v2\/media\/334"}],"wp:attachment":[{"href":"https:\/\/www.igoriacard.com\/pt\/wp-json\/wp\/v2\/media?parent=14"}],"curies":[{"name":"wp","href":"https:\/\/api.w.org\/{rel}","templated":true}]}}