{"id":15,"date":"2016-07-21T13:02:17","date_gmt":"2016-07-21T11:02:17","guid":{"rendered":"http:\/\/localhost\/projects\/var\/www\/clients\/client1\/web1\/web\/?page_id=13"},"modified":"2019-12-24T12:25:38","modified_gmt":"2019-12-24T11:25:38","slug":"business","status":"publish","type":"page","link":"https:\/\/www.igoriacard.com\/pt\/business\/","title":{"rendered":"Business"},"content":{"rendered":"<div class=\"ic-boxes uk-text-center\">\r\n<div>\r\n<div class=\"uk-container uk-container-center uk-grid uk-grid-width-small-1-2\">\r\n<div class=\"uk-push-1-2 uk-vertical-align\"><img loading=\"lazy\" decoding=\"async\" src=\"\/wp-content\/uploads\/2017\/02\/02-najczesciej-kupowana-1.jpg\" alt=\"Prestigious multicurrency cards\" width=\"315\" height=\"222\" class=\"alignnone size-full wp-image-363\" srcset=\"https:\/\/www.igoriacard.com\/pt\/wp-content\/uploads\/sites\/8\/2017\/02\/02-najczesciej-kupowana-1.jpg 315w, https:\/\/www.igoriacard.com\/pt\/wp-content\/uploads\/sites\/8\/2017\/02\/02-najczesciej-kupowana-1-300x211.jpg 300w\" sizes=\"auto, (max-width: 315px) 100vw, 315px\" \/><\/div>\r\n<ul class=\"uk-list uk-margin-small-bottom uk-pull-1-2\">\r\n<li><h2>Mais vendidos<\/h2><\/li>\r\n<li>17 moedas em um cart\u00e3o<\/li>\r\n<li>taxas de c\u00e2mbio favor\u00e1veis \u200b\u200bsem comiss\u00e3o<\/li>\r\n<li>n\u00e3o \u00e9 necess\u00e1rio abrir uma conta em moeda no banco<\/li>\r\n<li>acesso on-line a fundos e hist\u00f3rico de transa\u00e7\u00f5es<\/li>\r\n<\/ul>\r\n<\/div>\r\n<\/div>\r\n\r\n<div class=\"ic-primary-background-dark\">\r\n<div class=\"uk-container uk-container-center uk-grid uk-contrast uk-grid-width-small-1-2\">\r\n<div><a class=\"uk-button uk-button-large\" href=\"https:\/\/igoriacard.com\/registration\/create\/en-GB\">Encomendar um cart\u00e3o<\/a><\/div>\r\n<div><h2>Compre um cart\u00e3o por&nbsp;<span>30<\/span>PLN<\/h2><\/div>\r\n<\/div>\r\n<\/div>\r\n\r\n<div>\r\n<div class=\"uk-container uk-container-center uk-grid uk-grid-width-small-1-2\">\r\n<div class=\"uk-vertical-align\"><img loading=\"lazy\" decoding=\"async\" src=\"\/wp-content\/uploads\/2017\/02\/03-rozliczenia-delegacji.jpg\" alt=\"Business trips settlements\" width=\"315\" height=\"222\" class=\"alignnone size-full wp-image-364\" srcset=\"https:\/\/www.igoriacard.com\/pt\/wp-content\/uploads\/sites\/8\/2017\/02\/03-rozliczenia-delegacji.jpg 315w, https:\/\/www.igoriacard.com\/pt\/wp-content\/uploads\/sites\/8\/2017\/02\/03-rozliczenia-delegacji-300x211.jpg 300w\" sizes=\"auto, (max-width: 315px) 100vw, 315px\" \/><\/div>\r\n<ul class=\"uk-list uk-margin-small-bottom\">\r\n<li><a href=\"\/en\/business-trips-settlements\/\"><h2>Pagamentos de viagens de neg\u00f3cios<\/h2><\/a><\/li>\r\n<li>anexo de faturas e confirma\u00e7\u00f5es a transa\u00e7\u00f5es<\/li>\r\n<li>c\u00e1lculo autom\u00e1tico de custos de viagens de neg\u00f3cios<\/li>\r\n<li>controle sobre despesas e relat\u00f3rios cont\u00e1beis<\/li>\r\n<li><a class=\"uk-button uk-button-large uk-margin-small-bottom\" href=\"https:\/\/igoriacard.com\/registration\/create\/en-GB\">Encomendar um cart\u00e3o<\/a><\/li>\r\n<\/ul>\r\n<\/div>\r\n<\/div>\r\n\r\n<div>\r\n<div class=\"uk-container uk-container-center uk-grid uk-grid-width-small-1-2\">\r\n<div class=\"uk-push-1-2 uk-vertical-align\"><img loading=\"lazy\" decoding=\"async\" src=\"\/wp-content\/uploads\/2017\/02\/04-paliwowe.jpg\" alt=\"Multicurrency cards allow to pay easy and fast for business travel expences\" width=\"315\" height=\"222\" class=\"alignnone size-full wp-image-365\" srcset=\"https:\/\/www.igoriacard.com\/pt\/wp-content\/uploads\/sites\/8\/2017\/02\/04-paliwowe.jpg 315w, https:\/\/www.igoriacard.com\/pt\/wp-content\/uploads\/sites\/8\/2017\/02\/04-paliwowe-300x211.jpg 300w\" sizes=\"auto, (max-width: 315px) 100vw, 315px\" \/><\/div>\r\n<ul class=\"uk-list uk-margin-small-bottom uk-pull-1-2\">\r\n<li><a href=\"\/en\/fuel-cards-for-business\/\"><h2>Cart\u00f5es de combust\u00edvel<\/h2><\/a><\/li>\r\n<li>redu\u00e7\u00e3o de custos de explora\u00e7\u00e3o<\/li>\r\n<li>limites flex\u00edveis e carregamento remoto do cart\u00e3o<\/li>\r\n<li>Retirada de dinheiro em caixas eletr\u00f4nicos em todo o mundo<\/li>\r\n<li><a class=\"uk-button uk-button-large uk-margin-small-bottom\" href=\"https:\/\/igoriacard.com\/registration\/create\/en-GB\">Encomendar um cart\u00e3o<\/a><\/li>\r\n<\/ul>\r\n<\/div>\r\n<\/div>\r\n\r\n<div>\r\n<div class=\"uk-container uk-container-center uk-grid uk-grid-width-small-1-2\">\r\n<div class=\"uk-vertical-align\"><img loading=\"lazy\" decoding=\"async\" src=\"\/wp-content\/uploads\/2017\/02\/05-\u017cywieniowe.jpg\" alt=\"Easy settle and account food expences\" width=\"315\" height=\"222\" class=\"alignnone size-full wp-image-366\" srcset=\"https:\/\/www.igoriacard.com\/pt\/wp-content\/uploads\/sites\/8\/2017\/02\/05-\u017cywieniowe.jpg 315w, https:\/\/www.igoriacard.com\/pt\/wp-content\/uploads\/sites\/8\/2017\/02\/05-\u017cywieniowe-300x211.jpg 300w\" sizes=\"auto, (max-width: 315px) 100vw, 315px\" \/><\/div>\r\n<ul class=\"uk-list uk-margin-small-bottom\">\r\n<li><a href=\"\/en\/food-cards\/\"><h2>Cart\u00f5es de comida<\/h2><\/a><\/li>\r\n<li>efici\u00eancia de tempo na contabilidade<\/li>\r\n<li>maneira f\u00e1cil de liquidar e contabilizar despesas<\/li>\r\n<li>economia real de impostos<\/li>\r\n<li><a class=\"uk-button uk-button-large uk-margin-small-bottom\" href=\"https:\/\/igoriacard.com\/registration\/create\/en-GB\">Encomendar um cart\u00e3o<\/a><\/li>\r\n<\/ul>\r\n<\/div>\r\n<\/div>\r\n\r\n<div>\r\n<div class=\"uk-container uk-container-center uk-grid uk-grid-width-small-1-2\">\r\n<div class=\"uk-push-1-2 uk-vertical-align\"><img loading=\"lazy\" decoding=\"async\" src=\"\/wp-content\/uploads\/2017\/02\/06-bonusy-dla-pracownikow.jpg\" alt=\"Multicurrency cards as emploees bonuses\" width=\"315\" height=\"222\" class=\"alignnone size-full wp-image-367\" srcset=\"https:\/\/www.igoriacard.com\/pt\/wp-content\/uploads\/sites\/8\/2017\/02\/06-bonusy-dla-pracownikow.jpg 315w, https:\/\/www.igoriacard.com\/pt\/wp-content\/uploads\/sites\/8\/2017\/02\/06-bonusy-dla-pracownikow-300x211.jpg 300w\" sizes=\"auto, (max-width: 315px) 100vw, 315px\" \/><\/div>\r\n<ul class=\"uk-list uk-margin-small-bottom uk-pull-1-2\">\r\n<li><a href=\"\/en\/vouchers-gift-cards-for-employees\/\"><h2>Vouchers para funcion\u00e1rios<\/h2><\/a><\/li>\r\n<li>um presente adequado para todas as ocasi\u00f5es<\/li>\r\n<li>uma ferramenta eficaz para motivar os funcion\u00e1rios<\/li>\r\n<li>uma maneira conveniente de distribuir benef\u00edcios<\/li>\r\n<li><a class=\"uk-button uk-button-large uk-margin-small-bottom\" href=\"https:\/\/igoriacard.com\/registration\/create\/en-GB\">Encomendar um cart\u00e3o<\/a><\/li>\r\n<\/ul>\r\n<\/div>\r\n<\/div>\r\n\r\n<div>\r\n<div class=\"uk-container uk-container-center uk-grid uk-grid-width-small-1-2\">\r\n<div class=\"uk-vertical-align\"><img loading=\"lazy\" decoding=\"async\" src=\"\/wp-content\/uploads\/2017\/02\/07-obsluga-platnosci.jpg\" alt=\"Make fast and safe payments with IgoriaCard\" width=\"315\" height=\"222\" class=\"alignnone size-full wp-image-368\" srcset=\"https:\/\/www.igoriacard.com\/pt\/wp-content\/uploads\/sites\/8\/2017\/02\/07-obsluga-platnosci.jpg 315w, https:\/\/www.igoriacard.com\/pt\/wp-content\/uploads\/sites\/8\/2017\/02\/07-obsluga-platnosci-300x211.jpg 300w\" sizes=\"auto, (max-width: 315px) 100vw, 315px\" \/><\/div>\r\n<ul class=\"uk-list uk-margin-small-bottom\">\r\n<li><a href=\"\/en\/card-for-corporate-payments\/\"><h2>Servi\u00e7o de pagamento<\/h2><\/a><\/li>\r\n<li>efici\u00eancia de tempo na contabilidade<\/li>\r\n<li>acordos r\u00e1pidos de pagamentos de empresas<\/li>\r\n<li>baixos custos de c\u00e2mbio<\/li>\r\n<li><a class=\"uk-button uk-button-large uk-margin-small-bottom\" href=\"https:\/\/igoriacard.com\/registration\/create\/en-GB\">Encomendar um cart\u00e3o<\/a><\/li>\r\n<\/ul>\r\n<\/div>\r\n<\/div>\r\n\r\n<div>\r\n<div class=\"uk-container uk-container-center uk-grid uk-grid-width-small-1-2\">\r\n<div class=\"uk-push-1-2 uk-vertical-align\"><img loading=\"lazy\" decoding=\"async\" src=\"\/wp-content\/uploads\/2017\/02\/08-nagrody-dla-pracownik\u00f3w.jpg\" alt=\"Award your employees with prepaid cards\" width=\"315\" height=\"222\" class=\"alignnone size-full wp-image-369\" srcset=\"https:\/\/www.igoriacard.com\/pt\/wp-content\/uploads\/sites\/8\/2017\/02\/08-nagrody-dla-pracownik\u00f3w.jpg 315w, https:\/\/www.igoriacard.com\/pt\/wp-content\/uploads\/sites\/8\/2017\/02\/08-nagrody-dla-pracownik\u00f3w-300x211.jpg 300w\" sizes=\"auto, (max-width: 315px) 100vw, 315px\" \/><\/div>\r\n<ul class=\"uk-list uk-margin-small-bottom uk-pull-1-2\">\r\n<li><a href=\"\/en\/vouchers-gift-cards-for-employees\/\"><h2>Presentes para funcion\u00e1rios<\/h2><\/a><\/li>\r\n<li>uma maneira f\u00e1cil de pagar b\u00f4nus e distribuir benef\u00edcios<\/li>\r\n<li>conectar-se a contas individuais de cart\u00f5es de funcion\u00e1rios<\/li>\r\n<li>isen\u00e7\u00e3o de imposto de renda pessoal<\/li>\r\n<li><a class=\"uk-button uk-button-large uk-margin-small-bottom\" href=\"https:\/\/igoriacard.com\/registration\/create\/en-GB\">Encomendar um cart\u00e3o<\/a><\/li>\r\n<\/ul>\r\n<\/div>\r\n<\/div>\r\n\r\n<div>\r\n<div class=\"uk-container uk-container-center uk-grid uk-grid-width-small-1-2\">\r\n<div class=\"uk-vertical-align\"><img loading=\"lazy\" decoding=\"async\" src=\"\/wp-content\/uploads\/2017\/02\/09-programy-lojalnosciowe.jpg\" alt=\"Multicurrency cards - loyalty programs\" width=\"315\" height=\"222\" class=\"alignnone size-full wp-image-370\" srcset=\"https:\/\/www.igoriacard.com\/pt\/wp-content\/uploads\/sites\/8\/2017\/02\/09-programy-lojalnosciowe.jpg 315w, https:\/\/www.igoriacard.com\/pt\/wp-content\/uploads\/sites\/8\/2017\/02\/09-programy-lojalnosciowe-300x211.jpg 300w\" sizes=\"auto, (max-width: 315px) 100vw, 315px\" \/><\/div>\r\n<ul class=\"uk-list uk-margin-small-bottom\">\r\n<li><a href=\"\/en\/loyalty-and-discount-programs-with-prepaid-card\/\"><h2>Programas de fidelidade e descontos<\/h2><\/a><\/li>\r\n<li>realiza\u00e7\u00e3o autom\u00e1tica de programas de fidelidade<\/li>\r\n<li>descontos exclusivos<\/li>\r\n<li>programas de incentivo<\/li>\r\n<li><a class=\"uk-button uk-button-large uk-margin-small-bottom\" href=\"https:\/\/igoriacard.com\/registration\/create\/en-GB\">Encomendar um cart\u00e3o<\/a><\/li>\r\n<\/ul>\r\n<\/div>\r\n<\/div>\r\n<\/div>","protected":false},"excerpt":{"rendered":"<p>Mais vendidos 17 moedas em um cart\u00e3o taxas de c\u00e2mbio favor\u00e1veis \u200b\u200bsem comiss\u00e3o n\u00e3o \u00e9 necess\u00e1rio abrir uma conta em moeda no banco acesso on-line a fundos e hist\u00f3rico de transa\u00e7\u00f5es Encomendar um cart\u00e3o Compre um cart\u00e3o por&nbsp;30PLN Pagamentos de viagens de neg\u00f3cios anexo de faturas e confirma\u00e7\u00f5es a transa\u00e7\u00f5es c\u00e1lculo autom\u00e1tico de custos de [&hellip;]<\/p>\n","protected":false},"author":1,"featured_media":362,"parent":0,"menu_order":0,"comment_status":"closed","ping_status":"closed","template":"page-common.php","meta":{"footnotes":""},"class_list":["post-15","page","type-page","status-publish","has-post-thumbnail","hentry"],"yoast_head":"<!-- This site is optimized with the Yoast SEO plugin v26.8 - https:\/\/yoast.com\/product\/yoast-seo-wordpress\/ -->\n<title>Small and medium companies payments - IgoriaCard | PT<\/title>\n<meta name=\"description\" content=\"The multicurrency payment card for small and medium companies is a perfect solution for business travels.\" \/>\n<meta name=\"robots\" content=\"noindex, follow, max-snippet:-1, max-image-preview:large, max-video-preview:-1\" \/>\n<meta property=\"og:locale\" content=\"pt_PT\" \/>\n<meta property=\"og:type\" content=\"article\" \/>\n<meta property=\"og:title\" content=\"Small and medium companies payments - IgoriaCard | PT\" \/>\n<meta property=\"og:description\" content=\"The multicurrency payment card for small and medium companies is a perfect solution for business travels.\" \/>\n<meta property=\"og:url\" content=\"https:\/\/www.igoriacard.com\/pt\/business\/\" \/>\n<meta property=\"og:site_name\" content=\"IgoriaCard | PT\" \/>\n<meta property=\"article:publisher\" content=\"https:\/\/www.facebook.com\/IgoriaCard\" \/>\n<meta property=\"article:modified_time\" content=\"2019-12-24T11:25:38+00:00\" \/>\n<meta property=\"og:image\" content=\"https:\/\/www.igoriacard.com\/pt\/wp-content\/uploads\/sites\/8\/2017\/02\/01-firmy.jpg\" \/>\n\t<meta property=\"og:image:width\" content=\"1722\" \/>\n\t<meta property=\"og:image:height\" content=\"784\" \/>\n\t<meta property=\"og:image:type\" content=\"image\/jpeg\" \/>\n<meta name=\"twitter:card\" content=\"summary_large_image\" \/>\n<meta name=\"twitter:label1\" content=\"Tempo estimado de leitura\" \/>\n\t<meta name=\"twitter:data1\" content=\"1 minuto\" \/>\n<script type=\"application\/ld+json\" class=\"yoast-schema-graph\">{\"@context\":\"https:\/\/schema.org\",\"@graph\":[{\"@type\":\"WebPage\",\"@id\":\"https:\/\/www.igoriacard.com\/pt\/business\/\",\"url\":\"https:\/\/www.igoriacard.com\/pt\/business\/\",\"name\":\"Small and medium companies payments - IgoriaCard | PT\",\"isPartOf\":{\"@id\":\"https:\/\/www.igoriacard.com\/pt\/#website\"},\"primaryImageOfPage\":{\"@id\":\"https:\/\/www.igoriacard.com\/pt\/business\/#primaryimage\"},\"image\":{\"@id\":\"https:\/\/www.igoriacard.com\/pt\/business\/#primaryimage\"},\"thumbnailUrl\":\"https:\/\/www.igoriacard.com\/pt\/wp-content\/uploads\/sites\/8\/2017\/02\/01-firmy.jpg\",\"datePublished\":\"2016-07-21T11:02:17+00:00\",\"dateModified\":\"2019-12-24T11:25:38+00:00\",\"description\":\"The multicurrency payment card for small and medium companies is a perfect solution for business travels.\",\"breadcrumb\":{\"@id\":\"https:\/\/www.igoriacard.com\/pt\/business\/#breadcrumb\"},\"inLanguage\":\"pt-PT\",\"potentialAction\":[{\"@type\":\"ReadAction\",\"target\":[\"https:\/\/www.igoriacard.com\/pt\/business\/\"]}]},{\"@type\":\"ImageObject\",\"inLanguage\":\"pt-PT\",\"@id\":\"https:\/\/www.igoriacard.com\/pt\/business\/#primaryimage\",\"url\":\"https:\/\/www.igoriacard.com\/pt\/wp-content\/uploads\/sites\/8\/2017\/02\/01-firmy.jpg\",\"contentUrl\":\"https:\/\/www.igoriacard.com\/pt\/wp-content\/uploads\/sites\/8\/2017\/02\/01-firmy.jpg\",\"width\":1722,\"height\":784,\"caption\":\"Karty wielowalutowe dla firm\"},{\"@type\":\"BreadcrumbList\",\"@id\":\"https:\/\/www.igoriacard.com\/pt\/business\/#breadcrumb\",\"itemListElement\":[{\"@type\":\"ListItem\",\"position\":1,\"name\":\"Home\",\"item\":\"https:\/\/www.igoriacard.com\/pt\/\"},{\"@type\":\"ListItem\",\"position\":2,\"name\":\"Business\"}]},{\"@type\":\"WebSite\",\"@id\":\"https:\/\/www.igoriacard.com\/pt\/#website\",\"url\":\"https:\/\/www.igoriacard.com\/pt\/\",\"name\":\"IgoriaCard | PT\",\"description\":\"\",\"potentialAction\":[{\"@type\":\"SearchAction\",\"target\":{\"@type\":\"EntryPoint\",\"urlTemplate\":\"https:\/\/www.igoriacard.com\/pt\/?s={search_term_string}\"},\"query-input\":{\"@type\":\"PropertyValueSpecification\",\"valueRequired\":true,\"valueName\":\"search_term_string\"}}],\"inLanguage\":\"pt-PT\"}]}<\/script>\n<!-- \/ Yoast SEO plugin. -->","yoast_head_json":{"title":"Small and medium companies payments - IgoriaCard | PT","description":"The multicurrency payment card for small and medium companies is a perfect solution for business travels.","robots":{"index":"noindex","follow":"follow","max-snippet":"max-snippet:-1","max-image-preview":"max-image-preview:large","max-video-preview":"max-video-preview:-1"},"og_locale":"pt_PT","og_type":"article","og_title":"Small and medium companies payments - IgoriaCard | PT","og_description":"The multicurrency payment card for small and medium companies is a perfect solution for business travels.","og_url":"https:\/\/www.igoriacard.com\/pt\/business\/","og_site_name":"IgoriaCard | PT","article_publisher":"https:\/\/www.facebook.com\/IgoriaCard","article_modified_time":"2019-12-24T11:25:38+00:00","og_image":[{"width":1722,"height":784,"url":"https:\/\/www.igoriacard.com\/pt\/wp-content\/uploads\/sites\/8\/2017\/02\/01-firmy.jpg","type":"image\/jpeg"}],"twitter_card":"summary_large_image","twitter_misc":{"Tempo estimado de leitura":"1 minuto"},"schema":{"@context":"https:\/\/schema.org","@graph":[{"@type":"WebPage","@id":"https:\/\/www.igoriacard.com\/pt\/business\/","url":"https:\/\/www.igoriacard.com\/pt\/business\/","name":"Small and medium companies payments - IgoriaCard | PT","isPartOf":{"@id":"https:\/\/www.igoriacard.com\/pt\/#website"},"primaryImageOfPage":{"@id":"https:\/\/www.igoriacard.com\/pt\/business\/#primaryimage"},"image":{"@id":"https:\/\/www.igoriacard.com\/pt\/business\/#primaryimage"},"thumbnailUrl":"https:\/\/www.igoriacard.com\/pt\/wp-content\/uploads\/sites\/8\/2017\/02\/01-firmy.jpg","datePublished":"2016-07-21T11:02:17+00:00","dateModified":"2019-12-24T11:25:38+00:00","description":"The multicurrency payment card for small and medium companies is a perfect solution for business travels.","breadcrumb":{"@id":"https:\/\/www.igoriacard.com\/pt\/business\/#breadcrumb"},"inLanguage":"pt-PT","potentialAction":[{"@type":"ReadAction","target":["https:\/\/www.igoriacard.com\/pt\/business\/"]}]},{"@type":"ImageObject","inLanguage":"pt-PT","@id":"https:\/\/www.igoriacard.com\/pt\/business\/#primaryimage","url":"https:\/\/www.igoriacard.com\/pt\/wp-content\/uploads\/sites\/8\/2017\/02\/01-firmy.jpg","contentUrl":"https:\/\/www.igoriacard.com\/pt\/wp-content\/uploads\/sites\/8\/2017\/02\/01-firmy.jpg","width":1722,"height":784,"caption":"Karty wielowalutowe dla firm"},{"@type":"BreadcrumbList","@id":"https:\/\/www.igoriacard.com\/pt\/business\/#breadcrumb","itemListElement":[{"@type":"ListItem","position":1,"name":"Home","item":"https:\/\/www.igoriacard.com\/pt\/"},{"@type":"ListItem","position":2,"name":"Business"}]},{"@type":"WebSite","@id":"https:\/\/www.igoriacard.com\/pt\/#website","url":"https:\/\/www.igoriacard.com\/pt\/","name":"IgoriaCard | PT","description":"","potentialAction":[{"@type":"SearchAction","target":{"@type":"EntryPoint","urlTemplate":"https:\/\/www.igoriacard.com\/pt\/?s={search_term_string}"},"query-input":{"@type":"PropertyValueSpecification","valueRequired":true,"valueName":"search_term_string"}}],"inLanguage":"pt-PT"}]}},"_links":{"self":[{"href":"https:\/\/www.igoriacard.com\/pt\/wp-json\/wp\/v2\/pages\/15","targetHints":{"allow":["GET"]}}],"collection":[{"href":"https:\/\/www.igoriacard.com\/pt\/wp-json\/wp\/v2\/pages"}],"about":[{"href":"https:\/\/www.igoriacard.com\/pt\/wp-json\/wp\/v2\/types\/page"}],"author":[{"embeddable":true,"href":"https:\/\/www.igoriacard.com\/pt\/wp-json\/wp\/v2\/users\/1"}],"replies":[{"embeddable":true,"href":"https:\/\/www.igoriacard.com\/pt\/wp-json\/wp\/v2\/comments?post=15"}],"version-history":[{"count":25,"href":"https:\/\/www.igoriacard.com\/pt\/wp-json\/wp\/v2\/pages\/15\/revisions"}],"predecessor-version":[{"id":1979,"href":"https:\/\/www.igoriacard.com\/pt\/wp-json\/wp\/v2\/pages\/15\/revisions\/1979"}],"wp:featuredmedia":[{"embeddable":true,"href":"https:\/\/www.igoriacard.com\/pt\/wp-json\/wp\/v2\/media\/362"}],"wp:attachment":[{"href":"https:\/\/www.igoriacard.com\/pt\/wp-json\/wp\/v2\/media?parent=15"}],"curies":[{"name":"wp","href":"https:\/\/api.w.org\/{rel}","templated":true}]}}