{"id":16,"date":"2016-07-21T13:03:11","date_gmt":"2016-07-21T11:03:11","guid":{"rendered":"http:\/\/localhost\/projects\/var\/www\/clients\/client1\/web1\/web\/?page_id=15"},"modified":"2019-12-24T12:58:39","modified_gmt":"2019-12-24T11:58:39","slug":"corporations","status":"publish","type":"page","link":"https:\/\/www.igoriacard.com\/pt\/corporations\/","title":{"rendered":"Corporations"},"content":{"rendered":"<div class=\"ic-boxes uk-text-center\">\r\n<div>\r\n<div class=\"uk-container uk-container-center uk-grid uk-grid-width-small-1-2\">\r\n<div class=\"uk-vertical-align uk-push-1-2\"><img loading=\"lazy\" decoding=\"async\" src=\"\/wp-content\/uploads\/2016\/07\/02-najczesciej-kupowana.jpg\" alt=\"Karta wielowalutowa IgoriaCard\" width=\"315\" height=\"240\" class=\"alignnone size-full wp-image-397\" srcset=\"https:\/\/www.igoriacard.com\/pt\/wp-content\/uploads\/sites\/8\/2016\/07\/02-najczesciej-kupowana.jpg 315w, https:\/\/www.igoriacard.com\/pt\/wp-content\/uploads\/sites\/8\/2016\/07\/02-najczesciej-kupowana-300x229.jpg 300w\" sizes=\"auto, (max-width: 315px) 100vw, 315px\" \/><\/div>\r\n<ul class=\"uk-list uk-margin-bottom-remove uk-pull-1-2\">\r\n<li><h2>Mais vendidos<\/h2><\/li>\r\n<li>17 moedas em um cart\u00e3o<\/li>\r\n<li>taxas de c\u00e2mbio favor\u00e1veis \u200b\u200bsem comiss\u00e3o<\/li>\r\n<li>n\u00e3o \u00e9 necess\u00e1rio abrir uma conta em moeda no banco<\/li>\r\n<li>acesso on-line a fundos e hist\u00f3rico de transa\u00e7\u00f5es<\/li>\r\n<\/ul>\r\n\r\n<\/div>\r\n<\/div>\r\n<div class=\"ic-primary-background-dark\">\r\n<div class=\"uk-container uk-container-center uk-grid uk-contrast uk-grid-width-small-1-2\">\r\n<div><a class=\"uk-button uk-button-large\" href=\"https:\/\/igoriacard.com\/registration\/create\/en-GB\">Encomendar um cart\u00e3o<\/a><\/div>\r\n<div><h2>Compre um cart\u00e3o por&nbsp;<span>30<\/span>PLN<\/h2><\/div>\r\n<\/div>\r\n<\/div>\r\n\r\n<div>\r\n<div class=\"uk-container uk-container-center uk-grid uk-grid-width-small-1-2\">\r\n<div class=\"uk-vertical-align\"><img loading=\"lazy\" decoding=\"async\" src=\"\/wp-content\/uploads\/2016\/07\/03-rozliczenia-zagraniczne.jpg\" alt=\"Karty prepaid u\u0142atwiaj\u0105 rozliczenia zagraniczne pracownik\u00f3w\" width=\"315\" height=\"240\" class=\"alignnone size-full wp-image-398\" srcset=\"https:\/\/www.igoriacard.com\/pt\/wp-content\/uploads\/sites\/8\/2016\/07\/03-rozliczenia-zagraniczne.jpg 315w, https:\/\/www.igoriacard.com\/pt\/wp-content\/uploads\/sites\/8\/2016\/07\/03-rozliczenia-zagraniczne-300x229.jpg 300w\" sizes=\"auto, (max-width: 315px) 100vw, 315px\" \/><\/div>\r\n<ul class=\"uk-list uk-margin-bottom-remove\">\r\n<li><a href=\"\/en\/business-trip-settlements-abroad-payment-card\/\"><h2 style=\"line-height: 27px\" class=\"uk-margin-small-bottom\">Liquida\u00e7\u00e3o de viagens<br>de neg\u00f3cios ao exterior<\/h2><\/a><\/li>\r\n<li>faturas e anexos de confirma\u00e7\u00e3o de transa\u00e7\u00f5es com cart\u00e3o<\/li>\r\n<li>c\u00e1lculos autom\u00e1ticos de custos de viagens de neg\u00f3cios<\/li>\r\n<li>controle sobre despesas e relat\u00f3rios cont\u00e1beis<\/li>\r\n<li><a class=\"uk-button uk-button-large uk-margin-small-bottom\" href=\"https:\/\/igoriacard.com\/registration\/create\/en-GB\">Encomendar um cart\u00e3o<\/a><\/li>\r\n<\/ul>\r\n<\/div>\r\n<\/div>\r\n\r\n<div>\r\n<div class=\"uk-container uk-container-center uk-grid uk-grid-width-small-1-2\">\r\n<div class=\"uk-vertical-align uk-push-1-2\"><img loading=\"lazy\" decoding=\"async\" src=\"\/en\/wp-content\/uploads\/sites\/8\/2017\/02\/korpo.jpg\" alt=\"\u0141atwe rozliczenia zagraniczne w korporacjach\" width=\"315\" height=\"240\" class=\"alignnone size-full wp-image-660\" \/><\/div>\r\n<ul class=\"uk-list uk-margin-bottom-remove uk-pull-1-2\">\r\n<li><a href=\"\/en\/settlements-abroad-with-prepaid-card\/\"><h2>Liquida\u00e7\u00e3o no exterior<\/h2><\/a><\/li>\r\n<li>c\u00e2mbio autom\u00e1tico com as melhores taxas<\/li>\r\n<li>acordos com contrapartes<\/li>\r\n<li>acesso a fundos 24\/7<\/li>\r\n<li><a class=\"uk-button uk-button-large uk-margin-small-bottom\" href=\"https:\/\/igoriacard.com\/registration\/create\/en-GB\">Encomendar um cart\u00e3o<\/a><\/li>\r\n<\/ul>\r\n<\/div>\r\n<\/div>\r\n\r\n<div>\r\n<div class=\"uk-container uk-container-center uk-grid uk-grid-width-small-1-2\">\r\n<div class=\"uk-vertical-align\"><img loading=\"lazy\" decoding=\"async\" src=\"\/wp-content\/uploads\/2016\/07\/04finanse-pracownikow.jpg\" alt=\"Kartami walutowymi IgoriaCard mo\u017cne w \u0142atwy spos\u00f3b uporz\u0105dkowa\u0107 finanse pracownik\u00f3w korporacji\" width=\"315\" height=\"240\" class=\"alignnone size-full wp-image-399\" srcset=\"https:\/\/www.igoriacard.com\/pt\/wp-content\/uploads\/sites\/8\/2016\/07\/04finanse-pracownikow.jpg 315w, https:\/\/www.igoriacard.com\/pt\/wp-content\/uploads\/sites\/8\/2016\/07\/04finanse-pracownikow-300x229.jpg 300w\" sizes=\"auto, (max-width: 315px) 100vw, 315px\" \/><\/div>\r\n<ul class=\"uk-list uk-margin-bottom-remove\">\r\n<li><a href=\"\/en\/managing-finances-of-group-of-employees-by-paying-prepaid-card\/\"><h2 style=\"line-height: 27px\" class=\"uk-margin-small-bottom\">\r\nGerenciando finan\u00e7as<br>do grupo de funcion\u00e1rios\r\n<\/h2><\/a><\/li>\r\n<li>gest\u00e3o eficaz da liquidez financeira<\/li>\r\n<li>liquida\u00e7\u00f5es f\u00e1ceis de transa\u00e7\u00f5es com v\u00e1rias moedas<\/li>\r\n<li>carregamento remoto de cart\u00e3o de v\u00e1rias moedas<\/li>\r\n<li><a class=\"uk-button uk-button-large uk-margin-small-bottom\" href=\"https:\/\/igoriacard.com\/registration\/create\/en-GB\">Encomendar um cart\u00e3o<\/a><\/li>\r\n<\/ul>\r\n<\/div>\r\n<\/div>\r\n\r\n<div>\r\n<div class=\"uk-container uk-container-center uk-grid uk-grid-width-small-1-2\">\r\n<div class=\"uk-vertical-align uk-push-1-2\"><img loading=\"lazy\" decoding=\"async\" src=\"\/wp-content\/uploads\/2016\/07\/05platnosci-wielowalutowe.jpg\" alt=\"P\u0142atno\u015bci w wielu walutach jedn\u0105 kart\u0105 walutow\u0105\" width=\"315\" height=\"240\" class=\"alignnone size-full wp-image-400\" srcset=\"https:\/\/www.igoriacard.com\/pt\/wp-content\/uploads\/sites\/8\/2016\/07\/05platnosci-wielowalutowe.jpg 315w, https:\/\/www.igoriacard.com\/pt\/wp-content\/uploads\/sites\/8\/2016\/07\/05platnosci-wielowalutowe-300x229.jpg 300w\" sizes=\"auto, (max-width: 315px) 100vw, 315px\" \/><\/div>\r\n<ul class=\"uk-list uk-margin-bottom-remove uk-pull-1-2\">\r\n<li><a href=\"\/en\/card-providing-multicurrency-payment-support\/\"><h2 style=\"line-height: 27px\" class=\"uk-margin-small-bottom\">\r\nSuporte para pagamento<br>em v\u00e1rias moedas\r\n<\/h2><\/a><\/li>\r\n<li>liquida\u00e7\u00f5es de transa\u00e7\u00f5es estrangeiras e locais<\/li>\r\n<li>pagamentos online<\/li>\r\n<li>retirada segura de dinheiro em caixas eletr\u00f4nicos em todo o mundo<\/li>\r\n<li><a class=\"uk-button uk-button-large uk-margin-small-bottom\" href=\"https:\/\/igoriacard.com\/registration\/create\/en-GB\">Encomendar um cart\u00e3o<\/a><\/li>\r\n<\/ul>\r\n<\/div>\r\n<\/div>\r\n\r\n<div>\r\n<div class=\"uk-container uk-container-center uk-grid uk-grid-width-small-1-2\">\r\n<div class=\"uk-vertical-align\"><img loading=\"lazy\" decoding=\"async\" src=\"\/wp-content\/uploads\/2016\/07\/06-programy-lojalnosciowe.jpg\" alt=\"Incentive programs can be realised with IgoriaCard multicurrency cards\" width=\"340\" height=\"240\" class=\"alignnone size-full wp-image-401\" srcset=\"https:\/\/www.igoriacard.com\/pt\/wp-content\/uploads\/sites\/8\/2016\/07\/06-programy-lojalnosciowe.jpg 340w, https:\/\/www.igoriacard.com\/pt\/wp-content\/uploads\/sites\/8\/2016\/07\/06-programy-lojalnosciowe-300x212.jpg 300w\" sizes=\"auto, (max-width: 340px) 100vw, 340px\" \/><\/div>\r\n<ul class=\"uk-list uk-margin-bottom-remove\">\r\n<li><a href=\"\/en\/loyalty-programs-with-prepaid-card\/\"><h2>Programas de fidelidade<\/h2><\/a><\/li>\r\n<li>suporte autom\u00e1tico ao programa de fidelidade<\/li>\r\n<li>descontos exclusivos<\/li>\r\n<li>programas de incentivo<\/li>\r\n<li><a class=\"uk-button uk-button-large uk-margin-small-bottom\" href=\"https:\/\/igoriacard.com\/registration\/create\/en-GB\">Encomendar um cart\u00e3o<\/a><\/li>\r\n<\/ul>\r\n<\/div>\r\n<\/div>\r\n\r\n<div>\r\n<div class=\"uk-container uk-container-center uk-grid uk-grid-width-small-1-2\">\r\n<div class=\"uk-vertical-align uk-push-1-2\"><img loading=\"lazy\" decoding=\"async\" src=\"\/wp-content\/uploads\/2016\/07\/07-nagrody-dla-prcownikow.jpg\" alt=\"Employees benefits may be distributed with IgoriaCard multicurrency cards\" width=\"315\" height=\"240\" class=\"alignnone size-full wp-image-402\" srcset=\"https:\/\/www.igoriacard.com\/pt\/wp-content\/uploads\/sites\/8\/2016\/07\/07-nagrody-dla-prcownikow.jpg 315w, https:\/\/www.igoriacard.com\/pt\/wp-content\/uploads\/sites\/8\/2016\/07\/07-nagrody-dla-prcownikow-300x229.jpg 300w\" sizes=\"auto, (max-width: 315px) 100vw, 315px\" \/><\/div>\r\n<ul class=\"uk-list uk-margin-bottom-remove uk-pull-1-2\">\r\n<li><a href=\"\/en\/gift-card-for-employees\/\"><h2>Benef\u00edcios para funcion\u00e1rios<\/h2><\/a><\/li>\r\n<li>maneira f\u00e1cil de desembolsar benef\u00edcios<\/li>\r\n<li>conex\u00e3o conveniente \u00e0 conta individual do cart\u00e3o de funcion\u00e1rio<\/li>\r\n<li>isen\u00e7\u00e3o de imposto de renda pessoal<\/li>\r\n<li><a class=\"uk-button uk-button-large uk-margin-small-bottom\" href=\"https:\/\/igoriacard.com\/registration\/create\/en-GB\">Encomendar um cart\u00e3o<\/a><\/li>\r\n<\/ul>\r\n<\/div>\r\n<\/div>\r\n\r\n<\/div>","protected":false},"excerpt":{"rendered":"<p>Mais vendidos 17 moedas em um cart\u00e3o taxas de c\u00e2mbio favor\u00e1veis \u200b\u200bsem comiss\u00e3o n\u00e3o \u00e9 necess\u00e1rio abrir uma conta em moeda no banco acesso on-line a fundos e hist\u00f3rico de transa\u00e7\u00f5es Encomendar um cart\u00e3o Compre um cart\u00e3o por&nbsp;30PLN Liquida\u00e7\u00e3o de viagensde neg\u00f3cios ao exterior faturas e anexos de confirma\u00e7\u00e3o de transa\u00e7\u00f5es com cart\u00e3o c\u00e1lculos autom\u00e1ticos [&hellip;]<\/p>\n","protected":false},"author":1,"featured_media":373,"parent":0,"menu_order":0,"comment_status":"closed","ping_status":"closed","template":"page-common.php","meta":{"footnotes":""},"class_list":["post-16","page","type-page","status-publish","has-post-thumbnail","hentry"],"yoast_head":"<!-- This site is optimized with the Yoast SEO plugin v26.8 - https:\/\/yoast.com\/product\/yoast-seo-wordpress\/ -->\n<title>Multicurrency cards for corporations and large business - IgoriaCard | PT<\/title>\n<meta name=\"description\" content=\"Perfect card for business trips purposes with full easy to use management panel.\" \/>\n<meta name=\"robots\" content=\"noindex, follow, max-snippet:-1, max-image-preview:large, max-video-preview:-1\" \/>\n<meta property=\"og:locale\" content=\"pt_PT\" \/>\n<meta property=\"og:type\" content=\"article\" \/>\n<meta property=\"og:title\" content=\"Multicurrency cards for corporations and large business - IgoriaCard | PT\" \/>\n<meta property=\"og:description\" content=\"Perfect card for business trips purposes with full easy to use management panel.\" \/>\n<meta property=\"og:url\" content=\"https:\/\/www.igoriacard.com\/pt\/corporations\/\" \/>\n<meta property=\"og:site_name\" content=\"IgoriaCard | PT\" \/>\n<meta property=\"article:publisher\" content=\"https:\/\/www.facebook.com\/IgoriaCard\" \/>\n<meta property=\"article:modified_time\" content=\"2019-12-24T11:58:39+00:00\" \/>\n<meta property=\"og:image\" content=\"https:\/\/www.igoriacard.com\/pt\/wp-content\/uploads\/sites\/8\/2017\/02\/01-korpo.jpg\" \/>\n\t<meta property=\"og:image:width\" content=\"1722\" \/>\n\t<meta property=\"og:image:height\" content=\"784\" \/>\n\t<meta property=\"og:image:type\" content=\"image\/jpeg\" \/>\n<meta name=\"twitter:card\" content=\"summary_large_image\" \/>\n<meta name=\"twitter:label1\" content=\"Tempo estimado de leitura\" \/>\n\t<meta name=\"twitter:data1\" content=\"1 minuto\" \/>\n<script type=\"application\/ld+json\" class=\"yoast-schema-graph\">{\"@context\":\"https:\/\/schema.org\",\"@graph\":[{\"@type\":\"WebPage\",\"@id\":\"https:\/\/www.igoriacard.com\/pt\/corporations\/\",\"url\":\"https:\/\/www.igoriacard.com\/pt\/corporations\/\",\"name\":\"Multicurrency cards for corporations and large business - IgoriaCard | PT\",\"isPartOf\":{\"@id\":\"https:\/\/www.igoriacard.com\/pt\/#website\"},\"primaryImageOfPage\":{\"@id\":\"https:\/\/www.igoriacard.com\/pt\/corporations\/#primaryimage\"},\"image\":{\"@id\":\"https:\/\/www.igoriacard.com\/pt\/corporations\/#primaryimage\"},\"thumbnailUrl\":\"https:\/\/www.igoriacard.com\/pt\/wp-content\/uploads\/sites\/8\/2017\/02\/01-korpo.jpg\",\"datePublished\":\"2016-07-21T11:03:11+00:00\",\"dateModified\":\"2019-12-24T11:58:39+00:00\",\"description\":\"Perfect card for business trips purposes with full easy to use management panel.\",\"breadcrumb\":{\"@id\":\"https:\/\/www.igoriacard.com\/pt\/corporations\/#breadcrumb\"},\"inLanguage\":\"pt-PT\",\"potentialAction\":[{\"@type\":\"ReadAction\",\"target\":[\"https:\/\/www.igoriacard.com\/pt\/corporations\/\"]}]},{\"@type\":\"ImageObject\",\"inLanguage\":\"pt-PT\",\"@id\":\"https:\/\/www.igoriacard.com\/pt\/corporations\/#primaryimage\",\"url\":\"https:\/\/www.igoriacard.com\/pt\/wp-content\/uploads\/sites\/8\/2017\/02\/01-korpo.jpg\",\"contentUrl\":\"https:\/\/www.igoriacard.com\/pt\/wp-content\/uploads\/sites\/8\/2017\/02\/01-korpo.jpg\",\"width\":1722,\"height\":784,\"caption\":\"Systemy rozwi\u0105za\u0144 kart prepaid dla korporacji\"},{\"@type\":\"BreadcrumbList\",\"@id\":\"https:\/\/www.igoriacard.com\/pt\/corporations\/#breadcrumb\",\"itemListElement\":[{\"@type\":\"ListItem\",\"position\":1,\"name\":\"Home\",\"item\":\"https:\/\/www.igoriacard.com\/pt\/\"},{\"@type\":\"ListItem\",\"position\":2,\"name\":\"Corporations\"}]},{\"@type\":\"WebSite\",\"@id\":\"https:\/\/www.igoriacard.com\/pt\/#website\",\"url\":\"https:\/\/www.igoriacard.com\/pt\/\",\"name\":\"IgoriaCard | PT\",\"description\":\"\",\"potentialAction\":[{\"@type\":\"SearchAction\",\"target\":{\"@type\":\"EntryPoint\",\"urlTemplate\":\"https:\/\/www.igoriacard.com\/pt\/?s={search_term_string}\"},\"query-input\":{\"@type\":\"PropertyValueSpecification\",\"valueRequired\":true,\"valueName\":\"search_term_string\"}}],\"inLanguage\":\"pt-PT\"}]}<\/script>\n<!-- \/ Yoast SEO plugin. -->","yoast_head_json":{"title":"Multicurrency cards for corporations and large business - IgoriaCard | PT","description":"Perfect card for business trips purposes with full easy to use management panel.","robots":{"index":"noindex","follow":"follow","max-snippet":"max-snippet:-1","max-image-preview":"max-image-preview:large","max-video-preview":"max-video-preview:-1"},"og_locale":"pt_PT","og_type":"article","og_title":"Multicurrency cards for corporations and large business - IgoriaCard | PT","og_description":"Perfect card for business trips purposes with full easy to use management panel.","og_url":"https:\/\/www.igoriacard.com\/pt\/corporations\/","og_site_name":"IgoriaCard | PT","article_publisher":"https:\/\/www.facebook.com\/IgoriaCard","article_modified_time":"2019-12-24T11:58:39+00:00","og_image":[{"width":1722,"height":784,"url":"https:\/\/www.igoriacard.com\/pt\/wp-content\/uploads\/sites\/8\/2017\/02\/01-korpo.jpg","type":"image\/jpeg"}],"twitter_card":"summary_large_image","twitter_misc":{"Tempo estimado de leitura":"1 minuto"},"schema":{"@context":"https:\/\/schema.org","@graph":[{"@type":"WebPage","@id":"https:\/\/www.igoriacard.com\/pt\/corporations\/","url":"https:\/\/www.igoriacard.com\/pt\/corporations\/","name":"Multicurrency cards for corporations and large business - IgoriaCard | PT","isPartOf":{"@id":"https:\/\/www.igoriacard.com\/pt\/#website"},"primaryImageOfPage":{"@id":"https:\/\/www.igoriacard.com\/pt\/corporations\/#primaryimage"},"image":{"@id":"https:\/\/www.igoriacard.com\/pt\/corporations\/#primaryimage"},"thumbnailUrl":"https:\/\/www.igoriacard.com\/pt\/wp-content\/uploads\/sites\/8\/2017\/02\/01-korpo.jpg","datePublished":"2016-07-21T11:03:11+00:00","dateModified":"2019-12-24T11:58:39+00:00","description":"Perfect card for business trips purposes with full easy to use management panel.","breadcrumb":{"@id":"https:\/\/www.igoriacard.com\/pt\/corporations\/#breadcrumb"},"inLanguage":"pt-PT","potentialAction":[{"@type":"ReadAction","target":["https:\/\/www.igoriacard.com\/pt\/corporations\/"]}]},{"@type":"ImageObject","inLanguage":"pt-PT","@id":"https:\/\/www.igoriacard.com\/pt\/corporations\/#primaryimage","url":"https:\/\/www.igoriacard.com\/pt\/wp-content\/uploads\/sites\/8\/2017\/02\/01-korpo.jpg","contentUrl":"https:\/\/www.igoriacard.com\/pt\/wp-content\/uploads\/sites\/8\/2017\/02\/01-korpo.jpg","width":1722,"height":784,"caption":"Systemy rozwi\u0105za\u0144 kart prepaid dla korporacji"},{"@type":"BreadcrumbList","@id":"https:\/\/www.igoriacard.com\/pt\/corporations\/#breadcrumb","itemListElement":[{"@type":"ListItem","position":1,"name":"Home","item":"https:\/\/www.igoriacard.com\/pt\/"},{"@type":"ListItem","position":2,"name":"Corporations"}]},{"@type":"WebSite","@id":"https:\/\/www.igoriacard.com\/pt\/#website","url":"https:\/\/www.igoriacard.com\/pt\/","name":"IgoriaCard | PT","description":"","potentialAction":[{"@type":"SearchAction","target":{"@type":"EntryPoint","urlTemplate":"https:\/\/www.igoriacard.com\/pt\/?s={search_term_string}"},"query-input":{"@type":"PropertyValueSpecification","valueRequired":true,"valueName":"search_term_string"}}],"inLanguage":"pt-PT"}]}},"_links":{"self":[{"href":"https:\/\/www.igoriacard.com\/pt\/wp-json\/wp\/v2\/pages\/16","targetHints":{"allow":["GET"]}}],"collection":[{"href":"https:\/\/www.igoriacard.com\/pt\/wp-json\/wp\/v2\/pages"}],"about":[{"href":"https:\/\/www.igoriacard.com\/pt\/wp-json\/wp\/v2\/types\/page"}],"author":[{"embeddable":true,"href":"https:\/\/www.igoriacard.com\/pt\/wp-json\/wp\/v2\/users\/1"}],"replies":[{"embeddable":true,"href":"https:\/\/www.igoriacard.com\/pt\/wp-json\/wp\/v2\/comments?post=16"}],"version-history":[{"count":18,"href":"https:\/\/www.igoriacard.com\/pt\/wp-json\/wp\/v2\/pages\/16\/revisions"}],"predecessor-version":[{"id":1989,"href":"https:\/\/www.igoriacard.com\/pt\/wp-json\/wp\/v2\/pages\/16\/revisions\/1989"}],"wp:featuredmedia":[{"embeddable":true,"href":"https:\/\/www.igoriacard.com\/pt\/wp-json\/wp\/v2\/media\/373"}],"wp:attachment":[{"href":"https:\/\/www.igoriacard.com\/pt\/wp-json\/wp\/v2\/media?parent=16"}],"curies":[{"name":"wp","href":"https:\/\/api.w.org\/{rel}","templated":true}]}}